{"id":2601,"date":"2024-06-05T10:51:44","date_gmt":"2024-06-05T07:51:44","guid":{"rendered":"https:\/\/inaxmetal.com\/produits\/construction-en-acier\/produits-plats\/bobines-et-feuilles-laminees-a-chaud\/"},"modified":"2024-12-24T15:40:55","modified_gmt":"2024-12-24T12:40:55","slug":"bobines-et-feuilles-laminees-a-chaud","status":"publish","type":"page","link":"https:\/\/inaxmetal.com\/fr\/produits\/construction-en-acier\/produits-plats\/bobines-et-feuilles-laminees-a-chaud\/","title":{"rendered":"Bobines et feuilles lamin\u00e9es \u00e0 chaud"},"content":{"rendered":"\t\t<div data-elementor-type=\"wp-page\" data-elementor-id=\"2601\" class=\"elementor elementor-2601 elementor-1653\" data-elementor-post-type=\"page\">\n\t\t\t\t<div class=\"elementor-element elementor-element-7753df0 e-flex e-con-boxed e-con e-parent\" data-id=\"7753df0\" data-element_type=\"container\">\n\t\t\t\t\t<div class=\"e-con-inner\">\n\t\t<div class=\"elementor-element elementor-element-ce850e9 e-con-full e-flex e-con e-child\" data-id=\"ce850e9\" data-element_type=\"container\">\n\t\t\t\t<div class=\"elementor-element elementor-element-833c738 elementor-widget elementor-widget-image\" data-id=\"833c738\" data-element_type=\"widget\" data-widget_type=\"image.default\">\n\t\t\t\t<div class=\"elementor-widget-container\">\n\t\t\t\t\t\t\t\t\t\t\t\t\t\t\t<img fetchpriority=\"high\" decoding=\"async\" width=\"600\" height=\"600\" src=\"https:\/\/inaxmetal.com\/wp-content\/uploads\/2024\/05\/hot-rolled-products.webp\" class=\"attachment-large size-large wp-image-2133\" alt=\"\" srcset=\"https:\/\/inaxmetal.com\/wp-content\/uploads\/2024\/05\/hot-rolled-products.webp 600w, https:\/\/inaxmetal.com\/wp-content\/uploads\/2024\/05\/hot-rolled-products-300x300.webp 300w, https:\/\/inaxmetal.com\/wp-content\/uploads\/2024\/05\/hot-rolled-products-150x150.webp 150w\" sizes=\"(max-width: 600px) 100vw, 600px\" \/>\t\t\t\t\t\t\t\t\t\t\t\t\t\t\t<\/div>\n\t\t\t\t<\/div>\n\t\t\t\t<\/div>\n\t\t<div class=\"elementor-element elementor-element-31b5a11 e-con-full e-flex e-con e-child\" data-id=\"31b5a11\" data-element_type=\"container\">\n\t\t\t\t<div class=\"elementor-element elementor-element-571760b elementor-widget elementor-widget-text-editor\" data-id=\"571760b\" data-element_type=\"widget\" data-widget_type=\"text-editor.default\">\n\t\t\t\t<div class=\"elementor-widget-container\">\n\t\t\t\t\t\t\t\t\t<table dir=\"ltr\" border=\"1\" cellspacing=\"0\" cellpadding=\"0\" data-sheets-root=\"1\"><colgroup> <col width=\"136\"> <col width=\"357\"><\/colgroup>\n<tbody>\n<tr>\n<th colspan=\"2\" rowspan=\"1\" data-sheets-value=\"{\"1\":2,\"2\":\"Hot Rolled Coils &amp; Sheets\"}\">Bobines lamin\u00e9es \u00e0 chaud &amp; Feuilles<\/th>\n<\/tr>\n<tr>\n<td data-sheets-value=\"{\"1\":2,\"2\":\"Thickness \"}\">\u00c9paisseur<\/td>\n<td data-sheets-value=\"{\"1\":2,\"2\":\"From 1,00 mm to 25,4 mm\"}\">De 1,00 mm \u00e0 25,4 mm<\/td>\n<\/tr>\n<tr>\n<td data-sheets-value=\"{\"1\":2,\"2\":\"Width \"}\">Largeur<\/td>\n<td data-sheets-value=\"{\"1\":2,\"2\":\"From 30 mm to 4500 mm\"}\">De 30 mm \u00e0 4500 mm<\/td>\n<\/tr>\n<tr>\n<td data-sheets-value=\"{\"1\":2,\"2\":\"Coil Inner Diameter\"}\">Diam\u00e8tre int\u00e9rieur de la bobine<\/td>\n<td data-sheets-value=\"{\"1\":2,\"2\":\"762mm\"}\">762mm<\/td>\n<\/tr>\n<tr>\n<td data-sheets-value=\"{\"1\":2,\"2\":\"Coil Weight \"}\">Poids de la bobine<\/td>\n<td data-sheets-value=\"{\"1\":2,\"2\":\"10 - 25mtons\"}\">10 &#8211; 25smtonnes<\/td><br><br>\n<\/tr>\n<tr>\n<td data-sheets-value=\"{\"1\":2,\"2\":\"Forms\"}\">Formulaires<\/td>\n<td data-sheets-value=\"{\"1\":2,\"2\":\"Coils, Strips, Sheets (cut-to-length), Corrugated, Trapezoid\"}\">Bobines, bandes, feuilles (coup\u00e9es \u00e0 longueur), ondul\u00e9es, trap\u00e8ze<\/td><br><br><br>\n<\/tr>\n<tr>\n<td data-sheets-value=\"{\"1\":2,\"2\":\"Standard &amp; Grade\"}\">Norme et amp; Grade<\/td>\n<td data-sheets-value=\"{\"1\":2,\"2\":\"JIS G3131 SPHC\\nEN 10111 DD11\\nASTM A569\/A635\/A659 A1011 CS Type A, B, C \\nSAE 1006 - 1025\"}\">JIS G3131 SPHC\nEN 10111 DD11\nASTM A569\/A635\/A659 A1011 CS Type A, B, C\nSAE1006 &#8211; 1025<\/td>\n<\/tr>\n<\/tbody>\n<\/table>\t\t\t\t\t\t\t\t<\/div>\n\t\t\t\t<\/div>\n\t\t\t\t<\/div>\n\t\t\t\t\t<\/div>\n\t\t\t\t<\/div>\n\t\t\t\t<\/div>\n\t\t","protected":false},"excerpt":{"rendered":"<p>Bobines lamin\u00e9es \u00e0 chaud &amp; Feuilles \u00c9paisseur De 1,00 mm \u00e0 25,4 mm Largeur De 30 mm \u00e0 4500 mm Diam\u00e8tre int\u00e9rieur de la bobine 762mm Poids de la bobine 10 &#8211; 25smtonnes Formulaires Bobines, bandes, feuilles (coup\u00e9es \u00e0 longueur), ondul\u00e9es, trap\u00e8ze Norme et amp; Grade JIS G3131 SPHC EN 10111 DD11 ASTM A569\/A635\/A659 A1011 [&hellip;]<\/p>\n","protected":false},"author":3,"featured_media":2133,"parent":2593,"menu_order":0,"comment_status":"closed","ping_status":"closed","template":"","meta":{"footnotes":""},"class_list":["post-2601","page","type-page","status-publish","has-post-thumbnail","hentry"],"yoast_head":"<!-- This site is optimized with the Yoast SEO plugin v26.7 - https:\/\/yoast.com\/wordpress\/plugins\/seo\/ -->\n<title>Bobines et feuilles lamin\u00e9es \u00e0 chaud - \u0130nax Metal<\/title>\n<meta name=\"robots\" content=\"index, follow, max-snippet:-1, max-image-preview:large, max-video-preview:-1\" \/>\n<link rel=\"canonical\" href=\"https:\/\/inaxmetal.com\/fr\/produits\/construction-en-acier\/produits-plats\/bobines-et-feuilles-laminees-a-chaud\/\" \/>\n<meta property=\"og:locale\" content=\"fr_FR\" \/>\n<meta property=\"og:type\" content=\"article\" \/>\n<meta property=\"og:title\" content=\"Bobines et feuilles lamin\u00e9es \u00e0 chaud - \u0130nax Metal\" \/>\n<meta property=\"og:description\" content=\"Bobines lamin\u00e9es \u00e0 chaud &amp; Feuilles \u00c9paisseur De 1,00 mm \u00e0 25,4 mm Largeur De 30 mm \u00e0 4500 mm Diam\u00e8tre int\u00e9rieur de la bobine 762mm Poids de la bobine 10 &#8211; 25smtonnes Formulaires Bobines, bandes, feuilles (coup\u00e9es \u00e0 longueur), ondul\u00e9es, trap\u00e8ze Norme et amp; Grade JIS G3131 SPHC EN 10111 DD11 ASTM A569\/A635\/A659 A1011 [&hellip;]\" \/>\n<meta property=\"og:url\" content=\"https:\/\/inaxmetal.com\/fr\/produits\/construction-en-acier\/produits-plats\/bobines-et-feuilles-laminees-a-chaud\/\" \/>\n<meta property=\"og:site_name\" content=\"\u0130nax Metal\" \/>\n<meta property=\"article:modified_time\" content=\"2024-12-24T12:40:55+00:00\" \/>\n<meta property=\"og:image\" content=\"https:\/\/inaxmetal.com\/wp-content\/uploads\/2024\/05\/hot-rolled-products.webp\" \/>\n\t<meta property=\"og:image:width\" content=\"600\" \/>\n\t<meta property=\"og:image:height\" content=\"600\" \/>\n\t<meta property=\"og:image:type\" content=\"image\/webp\" \/>\n<meta name=\"twitter:card\" content=\"summary_large_image\" \/>\n<script type=\"application\/ld+json\" class=\"yoast-schema-graph\">{\"@context\":\"https:\/\/schema.org\",\"@graph\":[{\"@type\":\"WebPage\",\"@id\":\"https:\/\/inaxmetal.com\/fr\/produits\/construction-en-acier\/produits-plats\/bobines-et-feuilles-laminees-a-chaud\/\",\"url\":\"https:\/\/inaxmetal.com\/fr\/produits\/construction-en-acier\/produits-plats\/bobines-et-feuilles-laminees-a-chaud\/\",\"name\":\"Bobines et feuilles lamin\u00e9es \u00e0 chaud - \u0130nax Metal\",\"isPartOf\":{\"@id\":\"https:\/\/inaxmetal.com\/fr\/#website\"},\"primaryImageOfPage\":{\"@id\":\"https:\/\/inaxmetal.com\/fr\/produits\/construction-en-acier\/produits-plats\/bobines-et-feuilles-laminees-a-chaud\/#primaryimage\"},\"image\":{\"@id\":\"https:\/\/inaxmetal.com\/fr\/produits\/construction-en-acier\/produits-plats\/bobines-et-feuilles-laminees-a-chaud\/#primaryimage\"},\"thumbnailUrl\":\"https:\/\/inaxmetal.com\/wp-content\/uploads\/2024\/05\/hot-rolled-products.webp\",\"datePublished\":\"2024-06-05T07:51:44+00:00\",\"dateModified\":\"2024-12-24T12:40:55+00:00\",\"breadcrumb\":{\"@id\":\"https:\/\/inaxmetal.com\/fr\/produits\/construction-en-acier\/produits-plats\/bobines-et-feuilles-laminees-a-chaud\/#breadcrumb\"},\"inLanguage\":\"fr-FR\",\"potentialAction\":[{\"@type\":\"ReadAction\",\"target\":[\"https:\/\/inaxmetal.com\/fr\/produits\/construction-en-acier\/produits-plats\/bobines-et-feuilles-laminees-a-chaud\/\"]}]},{\"@type\":\"ImageObject\",\"inLanguage\":\"fr-FR\",\"@id\":\"https:\/\/inaxmetal.com\/fr\/produits\/construction-en-acier\/produits-plats\/bobines-et-feuilles-laminees-a-chaud\/#primaryimage\",\"url\":\"https:\/\/inaxmetal.com\/wp-content\/uploads\/2024\/05\/hot-rolled-products.webp\",\"contentUrl\":\"https:\/\/inaxmetal.com\/wp-content\/uploads\/2024\/05\/hot-rolled-products.webp\",\"width\":600,\"height\":600},{\"@type\":\"BreadcrumbList\",\"@id\":\"https:\/\/inaxmetal.com\/fr\/produits\/construction-en-acier\/produits-plats\/bobines-et-feuilles-laminees-a-chaud\/#breadcrumb\",\"itemListElement\":[{\"@type\":\"ListItem\",\"position\":1,\"name\":\"Home\",\"item\":\"https:\/\/inaxmetal.com\/fr\/\"},{\"@type\":\"ListItem\",\"position\":2,\"name\":\"Produits\",\"item\":\"https:\/\/inaxmetal.com\/fr\/produits\/\"},{\"@type\":\"ListItem\",\"position\":3,\"name\":\"Construction en acier\",\"item\":\"https:\/\/inaxmetal.com\/fr\/produits\/construction-en-acier\/\"},{\"@type\":\"ListItem\",\"position\":4,\"name\":\"Produits plats\",\"item\":\"https:\/\/inaxmetal.com\/fr\/produits\/construction-en-acier\/produits-plats\/\"},{\"@type\":\"ListItem\",\"position\":5,\"name\":\"Bobines et feuilles lamin\u00e9es \u00e0 chaud\"}]},{\"@type\":\"WebSite\",\"@id\":\"https:\/\/inaxmetal.com\/fr\/#website\",\"url\":\"https:\/\/inaxmetal.com\/fr\/\",\"name\":\"\u0130nax Metal\",\"description\":\"\",\"potentialAction\":[{\"@type\":\"SearchAction\",\"target\":{\"@type\":\"EntryPoint\",\"urlTemplate\":\"https:\/\/inaxmetal.com\/fr\/?s={search_term_string}\"},\"query-input\":{\"@type\":\"PropertyValueSpecification\",\"valueRequired\":true,\"valueName\":\"search_term_string\"}}],\"inLanguage\":\"fr-FR\"}]}<\/script>\n<!-- \/ Yoast SEO plugin. -->","yoast_head_json":{"title":"Bobines et feuilles lamin\u00e9es \u00e0 chaud - \u0130nax Metal","robots":{"index":"index","follow":"follow","max-snippet":"max-snippet:-1","max-image-preview":"max-image-preview:large","max-video-preview":"max-video-preview:-1"},"canonical":"https:\/\/inaxmetal.com\/fr\/produits\/construction-en-acier\/produits-plats\/bobines-et-feuilles-laminees-a-chaud\/","og_locale":"fr_FR","og_type":"article","og_title":"Bobines et feuilles lamin\u00e9es \u00e0 chaud - \u0130nax Metal","og_description":"Bobines lamin\u00e9es \u00e0 chaud &amp; Feuilles \u00c9paisseur De 1,00 mm \u00e0 25,4 mm Largeur De 30 mm \u00e0 4500 mm Diam\u00e8tre int\u00e9rieur de la bobine 762mm Poids de la bobine 10 &#8211; 25smtonnes Formulaires Bobines, bandes, feuilles (coup\u00e9es \u00e0 longueur), ondul\u00e9es, trap\u00e8ze Norme et amp; Grade JIS G3131 SPHC EN 10111 DD11 ASTM A569\/A635\/A659 A1011 [&hellip;]","og_url":"https:\/\/inaxmetal.com\/fr\/produits\/construction-en-acier\/produits-plats\/bobines-et-feuilles-laminees-a-chaud\/","og_site_name":"\u0130nax Metal","article_modified_time":"2024-12-24T12:40:55+00:00","og_image":[{"width":600,"height":600,"url":"https:\/\/inaxmetal.com\/wp-content\/uploads\/2024\/05\/hot-rolled-products.webp","type":"image\/webp"}],"twitter_card":"summary_large_image","schema":{"@context":"https:\/\/schema.org","@graph":[{"@type":"WebPage","@id":"https:\/\/inaxmetal.com\/fr\/produits\/construction-en-acier\/produits-plats\/bobines-et-feuilles-laminees-a-chaud\/","url":"https:\/\/inaxmetal.com\/fr\/produits\/construction-en-acier\/produits-plats\/bobines-et-feuilles-laminees-a-chaud\/","name":"Bobines et feuilles lamin\u00e9es \u00e0 chaud - \u0130nax Metal","isPartOf":{"@id":"https:\/\/inaxmetal.com\/fr\/#website"},"primaryImageOfPage":{"@id":"https:\/\/inaxmetal.com\/fr\/produits\/construction-en-acier\/produits-plats\/bobines-et-feuilles-laminees-a-chaud\/#primaryimage"},"image":{"@id":"https:\/\/inaxmetal.com\/fr\/produits\/construction-en-acier\/produits-plats\/bobines-et-feuilles-laminees-a-chaud\/#primaryimage"},"thumbnailUrl":"https:\/\/inaxmetal.com\/wp-content\/uploads\/2024\/05\/hot-rolled-products.webp","datePublished":"2024-06-05T07:51:44+00:00","dateModified":"2024-12-24T12:40:55+00:00","breadcrumb":{"@id":"https:\/\/inaxmetal.com\/fr\/produits\/construction-en-acier\/produits-plats\/bobines-et-feuilles-laminees-a-chaud\/#breadcrumb"},"inLanguage":"fr-FR","potentialAction":[{"@type":"ReadAction","target":["https:\/\/inaxmetal.com\/fr\/produits\/construction-en-acier\/produits-plats\/bobines-et-feuilles-laminees-a-chaud\/"]}]},{"@type":"ImageObject","inLanguage":"fr-FR","@id":"https:\/\/inaxmetal.com\/fr\/produits\/construction-en-acier\/produits-plats\/bobines-et-feuilles-laminees-a-chaud\/#primaryimage","url":"https:\/\/inaxmetal.com\/wp-content\/uploads\/2024\/05\/hot-rolled-products.webp","contentUrl":"https:\/\/inaxmetal.com\/wp-content\/uploads\/2024\/05\/hot-rolled-products.webp","width":600,"height":600},{"@type":"BreadcrumbList","@id":"https:\/\/inaxmetal.com\/fr\/produits\/construction-en-acier\/produits-plats\/bobines-et-feuilles-laminees-a-chaud\/#breadcrumb","itemListElement":[{"@type":"ListItem","position":1,"name":"Home","item":"https:\/\/inaxmetal.com\/fr\/"},{"@type":"ListItem","position":2,"name":"Produits","item":"https:\/\/inaxmetal.com\/fr\/produits\/"},{"@type":"ListItem","position":3,"name":"Construction en acier","item":"https:\/\/inaxmetal.com\/fr\/produits\/construction-en-acier\/"},{"@type":"ListItem","position":4,"name":"Produits plats","item":"https:\/\/inaxmetal.com\/fr\/produits\/construction-en-acier\/produits-plats\/"},{"@type":"ListItem","position":5,"name":"Bobines et feuilles lamin\u00e9es \u00e0 chaud"}]},{"@type":"WebSite","@id":"https:\/\/inaxmetal.com\/fr\/#website","url":"https:\/\/inaxmetal.com\/fr\/","name":"\u0130nax Metal","description":"","potentialAction":[{"@type":"SearchAction","target":{"@type":"EntryPoint","urlTemplate":"https:\/\/inaxmetal.com\/fr\/?s={search_term_string}"},"query-input":{"@type":"PropertyValueSpecification","valueRequired":true,"valueName":"search_term_string"}}],"inLanguage":"fr-FR"}]}},"_links":{"self":[{"href":"https:\/\/inaxmetal.com\/fr\/wp-json\/wp\/v2\/pages\/2601","targetHints":{"allow":["GET"]}}],"collection":[{"href":"https:\/\/inaxmetal.com\/fr\/wp-json\/wp\/v2\/pages"}],"about":[{"href":"https:\/\/inaxmetal.com\/fr\/wp-json\/wp\/v2\/types\/page"}],"author":[{"embeddable":true,"href":"https:\/\/inaxmetal.com\/fr\/wp-json\/wp\/v2\/users\/3"}],"replies":[{"embeddable":true,"href":"https:\/\/inaxmetal.com\/fr\/wp-json\/wp\/v2\/comments?post=2601"}],"version-history":[{"count":1,"href":"https:\/\/inaxmetal.com\/fr\/wp-json\/wp\/v2\/pages\/2601\/revisions"}],"predecessor-version":[{"id":2602,"href":"https:\/\/inaxmetal.com\/fr\/wp-json\/wp\/v2\/pages\/2601\/revisions\/2602"}],"up":[{"embeddable":true,"href":"https:\/\/inaxmetal.com\/fr\/wp-json\/wp\/v2\/pages\/2593"}],"wp:featuredmedia":[{"embeddable":true,"href":"https:\/\/inaxmetal.com\/fr\/wp-json\/wp\/v2\/media\/2133"}],"wp:attachment":[{"href":"https:\/\/inaxmetal.com\/fr\/wp-json\/wp\/v2\/media?parent=2601"}],"curies":[{"name":"wp","href":"https:\/\/api.w.org\/{rel}","templated":true}]}}