{"id":2972,"date":"2024-06-04T15:06:07","date_gmt":"2024-06-04T12:06:07","guid":{"rendered":"https:\/\/inaxmetal.com\/produits\/construction-en-acier\/produits-longs\/barres-darmature\/"},"modified":"2025-01-04T14:44:47","modified_gmt":"2025-01-04T11:44:47","slug":"barres-darmature","status":"publish","type":"page","link":"https:\/\/inaxmetal.com\/fr\/produits\/construction-en-acier\/produits-longs\/barres-darmature\/","title":{"rendered":"Barres d&rsquo;armature"},"content":{"rendered":"\t\t<div data-elementor-type=\"wp-page\" data-elementor-id=\"2972\" class=\"elementor elementor-2972 elementor-1555\" data-elementor-post-type=\"page\">\n\t\t\t\t<div class=\"elementor-element elementor-element-7753df0 e-flex e-con-boxed e-con e-parent\" data-id=\"7753df0\" data-element_type=\"container\">\n\t\t\t\t\t<div class=\"e-con-inner\">\n\t\t<div class=\"elementor-element elementor-element-ce850e9 e-con-full e-flex e-con e-child\" data-id=\"ce850e9\" data-element_type=\"container\">\n\t\t\t\t<div class=\"elementor-element elementor-element-833c738 elementor-widget elementor-widget-image\" data-id=\"833c738\" data-element_type=\"widget\" data-widget_type=\"image.default\">\n\t\t\t\t<div class=\"elementor-widget-container\">\n\t\t\t\t\t\t\t\t\t\t\t\t\t\t\t<img fetchpriority=\"high\" decoding=\"async\" width=\"600\" height=\"600\" src=\"https:\/\/inaxmetal.com\/wp-content\/uploads\/2024\/05\/rebars.webp\" class=\"attachment-large size-large wp-image-2145\" alt=\"\" srcset=\"https:\/\/inaxmetal.com\/wp-content\/uploads\/2024\/05\/rebars.webp 600w, https:\/\/inaxmetal.com\/wp-content\/uploads\/2024\/05\/rebars-300x300.webp 300w, https:\/\/inaxmetal.com\/wp-content\/uploads\/2024\/05\/rebars-150x150.webp 150w\" sizes=\"(max-width: 600px) 100vw, 600px\" \/>\t\t\t\t\t\t\t\t\t\t\t\t\t\t\t<\/div>\n\t\t\t\t<\/div>\n\t\t\t\t<\/div>\n\t\t<div class=\"elementor-element elementor-element-31b5a11 e-con-full e-flex e-con e-child\" data-id=\"31b5a11\" data-element_type=\"container\">\n\t\t\t\t<div class=\"elementor-element elementor-element-f1203e9 elementor-widget elementor-widget-heading\" data-id=\"f1203e9\" data-element_type=\"widget\" data-widget_type=\"heading.default\">\n\t\t\t\t<div class=\"elementor-widget-container\">\n\t\t\t\t\t<h2 class=\"elementor-heading-title elementor-size-default\">Zones d'utilisation<\/h2>\t\t\t\t<\/div>\n\t\t\t\t<\/div>\n\t\t\t\t<div class=\"elementor-element elementor-element-571760b elementor-widget elementor-widget-text-editor\" data-id=\"571760b\" data-element_type=\"widget\" data-widget_type=\"text-editor.default\">\n\t\t\t\t<div class=\"elementor-widget-container\">\n\t\t\t\t\t\t\t\t\t<ul>\n<li>B\u00e2timents Construction<\/li>\n<li>Infrastructure Projets<\/li>\n<li>B\u00e2timents industriels<\/li>\n<li>Route et Trottoir<\/li>\n<li>Construction<\/li>\n<li>R\u00e9sidentiellesConstruction<\/li>\n<\/ul>\n\t\t\t\t\t\t\t\t<\/div>\n\t\t\t\t<\/div>\n\t\t\t\t<\/div>\n\t\t\t\t\t<\/div>\n\t\t\t\t<\/div>\n\t\t<div class=\"elementor-element elementor-element-7063bfc e-flex e-con-boxed e-con e-parent\" data-id=\"7063bfc\" data-element_type=\"container\">\n\t\t\t\t\t<div class=\"e-con-inner\">\n\t\t<div class=\"elementor-element elementor-element-032528f e-con-full e-flex e-con e-child\" data-id=\"032528f\" data-element_type=\"container\">\n\t\t\t\t<div class=\"elementor-element elementor-element-a138cc1 elementor-widget elementor-widget-heading\" data-id=\"a138cc1\" data-element_type=\"widget\" data-widget_type=\"heading.default\">\n\t\t\t\t<div class=\"elementor-widget-container\">\n\t\t\t\t\t<h3 class=\"elementor-heading-title elementor-size-default\">Barres d'armature Dimension<\/h3>\t\t\t\t<\/div>\n\t\t\t\t<\/div>\n\t\t\t\t<div class=\"elementor-element elementor-element-fa0302c elementor-widget elementor-widget-text-editor\" data-id=\"fa0302c\" data-element_type=\"widget\" data-widget_type=\"text-editor.default\">\n\t\t\t\t<div class=\"elementor-widget-container\">\n\t\t\t\t\t\t\t\t\t<table dir=\"ltr\" border=\"1\" cellspacing=\"0\" cellpadding=\"0\" data-sheets-root=\"1\"><colgroup> <col width=\"86\"> <col width=\"52\"> <col width=\"265\"><\/colgroup>\n<tbody>\n<tr>\n<th data-sheets-value=\"{\"1\":2,\"2\":\"Dimension (mm)\"}\">Dimension (mm)<\/th>\n<th data-sheets-value=\"{\"1\":2,\"2\":\"Unit Weight (kg\/m)\"}\">Poids unitaire (kg\/m)<\/th>\n<th data-sheets-value=\"{\"1\":2,\"2\":\"Length &amp; Packing\"}\">Longueur&amp; Emballage<\/th>\n<\/tr>\n<tr>\n<td data-sheets-value=\"{\"1\":2,\"2\":\" 8\"}\" data-sheets-numberformat=\"{\"1\":1}\">  8<\/td>\n<td data-sheets-value=\"{\"1\":3,\"3\":0.395}\">0,395<\/td>\n<td colspan=\"1\" rowspan=\"16\" data-sheets-value=\"{\"1\":2,\"2\":\" 6 or 12 meters \/ cut to length \/ In bundles or Coils \"}\">\n<div>6 ou 12 m\u00e8tres \/ coup\u00e9 \u00e0 longueur \/ En paquets ou en bobines<br><\/div><\/td>\n<\/tr>\n<tr>\n<td data-sheets-value=\"{\"1\":3,\"3\":10}\">10<\/td>\n<td data-sheets-value=\"{\"1\":3,\"3\":0.617}\">0,617<\/td>\n<\/tr>\n<tr>\n<td data-sheets-value=\"{\"1\":3,\"3\":12}\">12<\/td>\n<td data-sheets-value=\"{\"1\":3,\"3\":0.888}\">0,888<\/td>\n<\/tr>\n<tr>\n<td data-sheets-value=\"{\"1\":3,\"3\":14}\">14<\/td>\n<td data-sheets-value=\"{\"1\":3,\"3\":1.208}\">1,208<\/td>\n<\/tr>\n<tr>\n<td data-sheets-value=\"{\"1\":3,\"3\":16}\">16<\/td>\n<td data-sheets-value=\"{\"1\":3,\"3\":1.578}\">1,578<\/td>\n<\/tr>\n<tr>\n<td data-sheets-value=\"{\"1\":3,\"3\":18}\">18<\/td>\n<td data-sheets-value=\"{\"1\":3,\"3\":1.998}\">1,998<\/td>\n<\/tr>\n<tr>\n<td data-sheets-value=\"{\"1\":3,\"3\":20}\">20<\/td>\n<td data-sheets-value=\"{\"1\":2,\"2\":\" 2,466\"}\"> 2,466<\/td>\n<\/tr>\n<tr>\n<td data-sheets-value=\"{\"1\":3,\"3\":22}\">22<\/td>\n<td data-sheets-value=\"{\"1\":3,\"3\":2.984}\">2,984<\/td>\n<\/tr>\n<tr>\n<td data-sheets-value=\"{\"1\":3,\"3\":24}\">24<\/td>\n<td data-sheets-value=\"{\"1\":3,\"3\":3.551}\">3,551<\/td>\n<\/tr>\n<tr>\n<td data-sheets-value=\"{\"1\":3,\"3\":25}\">25<\/td>\n<td data-sheets-value=\"{\"1\":3,\"3\":3.853}\">3,853<\/td>\n<\/tr>\n<tr>\n<td data-sheets-value=\"{\"1\":3,\"3\":26}\">26<\/td>\n<td data-sheets-value=\"{\"1\":3,\"3\":4.168}\">4,168<\/td>\n<\/tr>\n<tr>\n<td data-sheets-value=\"{\"1\":3,\"3\":28}\">28<\/td>\n<td data-sheets-value=\"{\"1\":3,\"3\":4.834}\">4,834<\/td>\n<\/tr>\n<tr>\n<td data-sheets-value=\"{\"1\":3,\"3\":30}\">30<\/td>\n<td data-sheets-value=\"{\"1\":3,\"3\":5.549}\">5,549<\/td>\n<\/tr>\n<tr>\n<td data-sheets-value=\"{\"1\":3,\"3\":32}\">32<\/td>\n<td data-sheets-value=\"{\"1\":3,\"3\":6.313}\">6,313<\/td>\n<\/tr>\n<tr>\n<td data-sheets-value=\"{\"1\":3,\"3\":26}\">26<\/td>\n<td data-sheets-value=\"{\"1\":3,\"3\":7.99}\">7,99<\/td>\n<\/tr>\n<tr>\n<td data-sheets-value=\"{\"1\":3,\"3\":40}\">40<\/td>\n<td data-sheets-value=\"{\"1\":3,\"3\":9.865}\">9,865<\/td>\n<\/tr>\n<\/tbody>\n<\/table>\t\t\t\t\t\t\t\t<\/div>\n\t\t\t\t<\/div>\n\t\t\t\t<\/div>\n\t\t\t\t\t<\/div>\n\t\t\t\t<\/div>\n\t\t\t\t<\/div>\n\t\t","protected":false},"excerpt":{"rendered":"<p>Zones d&rsquo;utilisation B\u00e2timents Construction Infrastructure Projets B\u00e2timents industriels Route et Trottoir Construction R\u00e9sidentiellesConstruction Barres d&rsquo;armature Dimension Dimension (mm) Poids unitaire (kg\/m) Longueur&amp; Emballage 8 0,395 6 ou 12 m\u00e8tres \/ coup\u00e9 \u00e0 longueur \/ En paquets ou en bobines 10 0,617 12 0,888 14 1,208 16 1,578 18 1,998 20 2,466 22 2,984 24 3,551 [&hellip;]<\/p>\n","protected":false},"author":3,"featured_media":2145,"parent":2952,"menu_order":0,"comment_status":"closed","ping_status":"closed","template":"","meta":{"footnotes":""},"class_list":["post-2972","page","type-page","status-publish","has-post-thumbnail","hentry"],"yoast_head":"<!-- This site is optimized with the Yoast SEO plugin v26.7 - https:\/\/yoast.com\/wordpress\/plugins\/seo\/ -->\n<title>Barres d&#039;armature - \u0130nax Metal<\/title>\n<meta name=\"robots\" content=\"index, follow, max-snippet:-1, max-image-preview:large, max-video-preview:-1\" \/>\n<link rel=\"canonical\" href=\"https:\/\/inaxmetal.com\/fr\/produits\/construction-en-acier\/produits-longs\/barres-darmature\/\" \/>\n<meta property=\"og:locale\" content=\"fr_FR\" \/>\n<meta property=\"og:type\" content=\"article\" \/>\n<meta property=\"og:title\" content=\"Barres d&#039;armature - \u0130nax Metal\" \/>\n<meta property=\"og:description\" content=\"Zones d&rsquo;utilisation B\u00e2timents Construction Infrastructure Projets B\u00e2timents industriels Route et Trottoir Construction R\u00e9sidentiellesConstruction Barres d&rsquo;armature Dimension Dimension (mm) Poids unitaire (kg\/m) Longueur&amp; Emballage 8 0,395 6 ou 12 m\u00e8tres \/ coup\u00e9 \u00e0 longueur \/ En paquets ou en bobines 10 0,617 12 0,888 14 1,208 16 1,578 18 1,998 20 2,466 22 2,984 24 3,551 [&hellip;]\" \/>\n<meta property=\"og:url\" content=\"https:\/\/inaxmetal.com\/fr\/produits\/construction-en-acier\/produits-longs\/barres-darmature\/\" \/>\n<meta property=\"og:site_name\" content=\"\u0130nax Metal\" \/>\n<meta property=\"article:modified_time\" content=\"2025-01-04T11:44:47+00:00\" \/>\n<meta property=\"og:image\" content=\"https:\/\/inaxmetal.com\/wp-content\/uploads\/2024\/05\/rebars.webp\" \/>\n\t<meta property=\"og:image:width\" content=\"600\" \/>\n\t<meta property=\"og:image:height\" content=\"600\" \/>\n\t<meta property=\"og:image:type\" content=\"image\/webp\" \/>\n<meta name=\"twitter:card\" content=\"summary_large_image\" \/>\n<script type=\"application\/ld+json\" class=\"yoast-schema-graph\">{\"@context\":\"https:\/\/schema.org\",\"@graph\":[{\"@type\":\"WebPage\",\"@id\":\"https:\/\/inaxmetal.com\/fr\/produits\/construction-en-acier\/produits-longs\/barres-darmature\/\",\"url\":\"https:\/\/inaxmetal.com\/fr\/produits\/construction-en-acier\/produits-longs\/barres-darmature\/\",\"name\":\"Barres d'armature - \u0130nax Metal\",\"isPartOf\":{\"@id\":\"https:\/\/inaxmetal.com\/fr\/#website\"},\"primaryImageOfPage\":{\"@id\":\"https:\/\/inaxmetal.com\/fr\/produits\/construction-en-acier\/produits-longs\/barres-darmature\/#primaryimage\"},\"image\":{\"@id\":\"https:\/\/inaxmetal.com\/fr\/produits\/construction-en-acier\/produits-longs\/barres-darmature\/#primaryimage\"},\"thumbnailUrl\":\"https:\/\/inaxmetal.com\/wp-content\/uploads\/2024\/05\/rebars.webp\",\"datePublished\":\"2024-06-04T12:06:07+00:00\",\"dateModified\":\"2025-01-04T11:44:47+00:00\",\"breadcrumb\":{\"@id\":\"https:\/\/inaxmetal.com\/fr\/produits\/construction-en-acier\/produits-longs\/barres-darmature\/#breadcrumb\"},\"inLanguage\":\"fr-FR\",\"potentialAction\":[{\"@type\":\"ReadAction\",\"target\":[\"https:\/\/inaxmetal.com\/fr\/produits\/construction-en-acier\/produits-longs\/barres-darmature\/\"]}]},{\"@type\":\"ImageObject\",\"inLanguage\":\"fr-FR\",\"@id\":\"https:\/\/inaxmetal.com\/fr\/produits\/construction-en-acier\/produits-longs\/barres-darmature\/#primaryimage\",\"url\":\"https:\/\/inaxmetal.com\/wp-content\/uploads\/2024\/05\/rebars.webp\",\"contentUrl\":\"https:\/\/inaxmetal.com\/wp-content\/uploads\/2024\/05\/rebars.webp\",\"width\":600,\"height\":600},{\"@type\":\"BreadcrumbList\",\"@id\":\"https:\/\/inaxmetal.com\/fr\/produits\/construction-en-acier\/produits-longs\/barres-darmature\/#breadcrumb\",\"itemListElement\":[{\"@type\":\"ListItem\",\"position\":1,\"name\":\"Home\",\"item\":\"https:\/\/inaxmetal.com\/fr\/\"},{\"@type\":\"ListItem\",\"position\":2,\"name\":\"Produits\",\"item\":\"https:\/\/inaxmetal.com\/fr\/produits\/\"},{\"@type\":\"ListItem\",\"position\":3,\"name\":\"Construction en acier\",\"item\":\"https:\/\/inaxmetal.com\/fr\/produits\/construction-en-acier\/\"},{\"@type\":\"ListItem\",\"position\":4,\"name\":\"Produits Longs\",\"item\":\"https:\/\/inaxmetal.com\/fr\/products\/steel-construction\/long-products\/\"},{\"@type\":\"ListItem\",\"position\":5,\"name\":\"Barres d&rsquo;armature\"}]},{\"@type\":\"WebSite\",\"@id\":\"https:\/\/inaxmetal.com\/fr\/#website\",\"url\":\"https:\/\/inaxmetal.com\/fr\/\",\"name\":\"\u0130nax Metal\",\"description\":\"\",\"potentialAction\":[{\"@type\":\"SearchAction\",\"target\":{\"@type\":\"EntryPoint\",\"urlTemplate\":\"https:\/\/inaxmetal.com\/fr\/?s={search_term_string}\"},\"query-input\":{\"@type\":\"PropertyValueSpecification\",\"valueRequired\":true,\"valueName\":\"search_term_string\"}}],\"inLanguage\":\"fr-FR\"}]}<\/script>\n<!-- \/ Yoast SEO plugin. -->","yoast_head_json":{"title":"Barres d'armature - \u0130nax Metal","robots":{"index":"index","follow":"follow","max-snippet":"max-snippet:-1","max-image-preview":"max-image-preview:large","max-video-preview":"max-video-preview:-1"},"canonical":"https:\/\/inaxmetal.com\/fr\/produits\/construction-en-acier\/produits-longs\/barres-darmature\/","og_locale":"fr_FR","og_type":"article","og_title":"Barres d'armature - \u0130nax Metal","og_description":"Zones d&rsquo;utilisation B\u00e2timents Construction Infrastructure Projets B\u00e2timents industriels Route et Trottoir Construction R\u00e9sidentiellesConstruction Barres d&rsquo;armature Dimension Dimension (mm) Poids unitaire (kg\/m) Longueur&amp; Emballage 8 0,395 6 ou 12 m\u00e8tres \/ coup\u00e9 \u00e0 longueur \/ En paquets ou en bobines 10 0,617 12 0,888 14 1,208 16 1,578 18 1,998 20 2,466 22 2,984 24 3,551 [&hellip;]","og_url":"https:\/\/inaxmetal.com\/fr\/produits\/construction-en-acier\/produits-longs\/barres-darmature\/","og_site_name":"\u0130nax Metal","article_modified_time":"2025-01-04T11:44:47+00:00","og_image":[{"width":600,"height":600,"url":"https:\/\/inaxmetal.com\/wp-content\/uploads\/2024\/05\/rebars.webp","type":"image\/webp"}],"twitter_card":"summary_large_image","schema":{"@context":"https:\/\/schema.org","@graph":[{"@type":"WebPage","@id":"https:\/\/inaxmetal.com\/fr\/produits\/construction-en-acier\/produits-longs\/barres-darmature\/","url":"https:\/\/inaxmetal.com\/fr\/produits\/construction-en-acier\/produits-longs\/barres-darmature\/","name":"Barres d'armature - \u0130nax Metal","isPartOf":{"@id":"https:\/\/inaxmetal.com\/fr\/#website"},"primaryImageOfPage":{"@id":"https:\/\/inaxmetal.com\/fr\/produits\/construction-en-acier\/produits-longs\/barres-darmature\/#primaryimage"},"image":{"@id":"https:\/\/inaxmetal.com\/fr\/produits\/construction-en-acier\/produits-longs\/barres-darmature\/#primaryimage"},"thumbnailUrl":"https:\/\/inaxmetal.com\/wp-content\/uploads\/2024\/05\/rebars.webp","datePublished":"2024-06-04T12:06:07+00:00","dateModified":"2025-01-04T11:44:47+00:00","breadcrumb":{"@id":"https:\/\/inaxmetal.com\/fr\/produits\/construction-en-acier\/produits-longs\/barres-darmature\/#breadcrumb"},"inLanguage":"fr-FR","potentialAction":[{"@type":"ReadAction","target":["https:\/\/inaxmetal.com\/fr\/produits\/construction-en-acier\/produits-longs\/barres-darmature\/"]}]},{"@type":"ImageObject","inLanguage":"fr-FR","@id":"https:\/\/inaxmetal.com\/fr\/produits\/construction-en-acier\/produits-longs\/barres-darmature\/#primaryimage","url":"https:\/\/inaxmetal.com\/wp-content\/uploads\/2024\/05\/rebars.webp","contentUrl":"https:\/\/inaxmetal.com\/wp-content\/uploads\/2024\/05\/rebars.webp","width":600,"height":600},{"@type":"BreadcrumbList","@id":"https:\/\/inaxmetal.com\/fr\/produits\/construction-en-acier\/produits-longs\/barres-darmature\/#breadcrumb","itemListElement":[{"@type":"ListItem","position":1,"name":"Home","item":"https:\/\/inaxmetal.com\/fr\/"},{"@type":"ListItem","position":2,"name":"Produits","item":"https:\/\/inaxmetal.com\/fr\/produits\/"},{"@type":"ListItem","position":3,"name":"Construction en acier","item":"https:\/\/inaxmetal.com\/fr\/produits\/construction-en-acier\/"},{"@type":"ListItem","position":4,"name":"Produits Longs","item":"https:\/\/inaxmetal.com\/fr\/products\/steel-construction\/long-products\/"},{"@type":"ListItem","position":5,"name":"Barres d&rsquo;armature"}]},{"@type":"WebSite","@id":"https:\/\/inaxmetal.com\/fr\/#website","url":"https:\/\/inaxmetal.com\/fr\/","name":"\u0130nax Metal","description":"","potentialAction":[{"@type":"SearchAction","target":{"@type":"EntryPoint","urlTemplate":"https:\/\/inaxmetal.com\/fr\/?s={search_term_string}"},"query-input":{"@type":"PropertyValueSpecification","valueRequired":true,"valueName":"search_term_string"}}],"inLanguage":"fr-FR"}]}},"_links":{"self":[{"href":"https:\/\/inaxmetal.com\/fr\/wp-json\/wp\/v2\/pages\/2972","targetHints":{"allow":["GET"]}}],"collection":[{"href":"https:\/\/inaxmetal.com\/fr\/wp-json\/wp\/v2\/pages"}],"about":[{"href":"https:\/\/inaxmetal.com\/fr\/wp-json\/wp\/v2\/types\/page"}],"author":[{"embeddable":true,"href":"https:\/\/inaxmetal.com\/fr\/wp-json\/wp\/v2\/users\/3"}],"replies":[{"embeddable":true,"href":"https:\/\/inaxmetal.com\/fr\/wp-json\/wp\/v2\/comments?post=2972"}],"version-history":[{"count":1,"href":"https:\/\/inaxmetal.com\/fr\/wp-json\/wp\/v2\/pages\/2972\/revisions"}],"predecessor-version":[{"id":2973,"href":"https:\/\/inaxmetal.com\/fr\/wp-json\/wp\/v2\/pages\/2972\/revisions\/2973"}],"up":[{"embeddable":true,"href":"https:\/\/inaxmetal.com\/fr\/wp-json\/wp\/v2\/pages\/2952"}],"wp:featuredmedia":[{"embeddable":true,"href":"https:\/\/inaxmetal.com\/fr\/wp-json\/wp\/v2\/media\/2145"}],"wp:attachment":[{"href":"https:\/\/inaxmetal.com\/fr\/wp-json\/wp\/v2\/media?parent=2972"}],"curies":[{"name":"wp","href":"https:\/\/api.w.org\/{rel}","templated":true}]}}