{"id":2980,"date":"2024-06-05T11:23:54","date_gmt":"2024-06-05T08:23:54","guid":{"rendered":"https:\/\/inaxmetal.com\/produits\/construction-en-acier\/produits-longs\/sections-creuses-carrees\/"},"modified":"2025-01-04T15:07:11","modified_gmt":"2025-01-04T12:07:11","slug":"sections-creuses-carrees","status":"publish","type":"page","link":"https:\/\/inaxmetal.com\/fr\/produits\/construction-en-acier\/produits-longs\/sections-creuses-carrees\/","title":{"rendered":"Sections creuses carr\u00e9es"},"content":{"rendered":"\t\t<div data-elementor-type=\"wp-page\" data-elementor-id=\"2980\" class=\"elementor elementor-2980 elementor-1665\" data-elementor-post-type=\"page\">\n\t\t\t\t<div class=\"elementor-element elementor-element-7753df0 e-flex e-con-boxed e-con e-parent\" data-id=\"7753df0\" data-element_type=\"container\">\n\t\t\t\t\t<div class=\"e-con-inner\">\n\t\t<div class=\"elementor-element elementor-element-ce850e9 e-con-full e-flex e-con e-child\" data-id=\"ce850e9\" data-element_type=\"container\">\n\t\t\t\t<div class=\"elementor-element elementor-element-833c738 elementor-widget elementor-widget-image\" data-id=\"833c738\" data-element_type=\"widget\" data-widget_type=\"image.default\">\n\t\t\t\t<div class=\"elementor-widget-container\">\n\t\t\t\t\t\t\t\t\t\t\t\t\t\t\t<img fetchpriority=\"high\" decoding=\"async\" width=\"600\" height=\"600\" src=\"https:\/\/inaxmetal.com\/wp-content\/uploads\/2024\/06\/square-hollow-sections.webp\" class=\"attachment-large size-large wp-image-2195\" alt=\"\" srcset=\"https:\/\/inaxmetal.com\/wp-content\/uploads\/2024\/06\/square-hollow-sections.webp 600w, https:\/\/inaxmetal.com\/wp-content\/uploads\/2024\/06\/square-hollow-sections-300x300.webp 300w\" sizes=\"(max-width: 600px) 100vw, 600px\" \/>\t\t\t\t\t\t\t\t\t\t\t\t\t\t\t<\/div>\n\t\t\t\t<\/div>\n\t\t\t\t<\/div>\n\t\t\t\t\t<\/div>\n\t\t\t\t<\/div>\n\t\t<div class=\"elementor-element elementor-element-7063bfc e-flex e-con-boxed e-con e-parent\" data-id=\"7063bfc\" data-element_type=\"container\">\n\t\t\t\t\t<div class=\"e-con-inner\">\n\t\t<div class=\"elementor-element elementor-element-032528f e-con-full e-flex e-con e-child\" data-id=\"032528f\" data-element_type=\"container\">\n\t\t\t\t<div class=\"elementor-element elementor-element-fa0302c elementor-widget elementor-widget-text-editor\" data-id=\"fa0302c\" data-element_type=\"widget\" data-widget_type=\"text-editor.default\">\n\t\t\t\t<div class=\"elementor-widget-container\">\n\t\t\t\t\t\t\t\t\t<table dir=\"ltr\" border=\"1\" cellspacing=\"0\" cellpadding=\"0\" data-sheets-root=\"1\"><colgroup> <col width=\"170\"> <col width=\"60\"> <col width=\"60\"> <col width=\"60\"> <col width=\"60\"> <col width=\"60\"> <col width=\"60\"> <col width=\"60\"> <col width=\"60\"> <col width=\"60\"> <col width=\"60\"> <col width=\"60\"><\/colgroup>\n<tbody>\n<tr>\n<th data-sheets-value=\"{\"1\":2,\"2\":\"Dimensions\"}\">Dimensions<\/th>\n<th colspan=\"11\" rowspan=\"1\" data-sheets-value=\"{\"1\":2,\"2\":\"Wall thickness (mm) Weight (kg\/m)\"}\">Murs \u00c9paisseur (mm) Poids(kg\/m)<\/th>\n<\/tr>\n<tr>\n<td data-sheets-value=\"{\"1\":2,\"2\":\"(mm)\"}\">(mm)<\/td>\n<td data-sheets-value=\"{\"1\":3,\"3\":1.5}\">1,5<\/td>\n<td data-sheets-value=\"{\"1\":3,\"3\":2}\">2<\/td>\n<td data-sheets-value=\"{\"1\":3,\"3\":2.5}\">2,5<\/td>\n<td data-sheets-value=\"{\"1\":3,\"3\":3}\">3<\/td>\n<td data-sheets-value=\"{\"1\":3,\"3\":4}\">4<\/td>\n<td data-sheets-value=\"{\"1\":3,\"3\":5}\">5<\/td>\n<td data-sheets-value=\"{\"1\":3,\"3\":6}\">6<\/td>\n<td data-sheets-value=\"{\"1\":3,\"3\":8}\">8<\/td>\n<td data-sheets-value=\"{\"1\":3,\"3\":10}\">10<\/td>\n<td data-sheets-value=\"{\"1\":3,\"3\":12}\">12<\/td>\n<td data-sheets-value=\"{\"1\":3,\"3\":16}\">16<\/td>\n<\/tr>\n<tr>\n<td data-sheets-value=\"{\"1\":2,\"2\":\"15 x 15\"}\">15 x 15<\/td>\n<td data-sheets-value=\"{\"1\":3,\"3\":0.61}\">0,61<\/td>\n<td data-sheets-value=\"{\"1\":3,\"3\":0.76}\">0,76<\/td>\n<td><\/td>\n<td><\/td>\n<td><\/td>\n<td><\/td>\n<td><\/td>\n<td><\/td>\n<td><\/td>\n<td><\/td>\n<td><\/td>\n<\/tr>\n<tr>\n<td data-sheets-value=\"{\"1\":2,\"2\":\"20 x 20\"}\">20 x 20<\/td>\n<td data-sheets-value=\"{\"1\":3,\"3\":0.84}\">0,84<\/td>\n<td data-sheets-value=\"{\"1\":3,\"3\":1.05}\">1,05<\/td>\n<td data-sheets-value=\"{\"1\":3,\"3\":1.29}\">1,29<\/td>\n<td data-sheets-value=\"{\"1\":3,\"3\":1.48}\">1,48<\/td>\n<td><\/td>\n<td><\/td>\n<td><\/td>\n<td><\/td>\n<td><\/td>\n<td><\/td>\n<td><\/td>\n<\/tr>\n<tr>\n<td data-sheets-value=\"{\"1\":2,\"2\":\"25 x 25\"}\">25 x 25<\/td>\n<td data-sheets-value=\"{\"1\":3,\"3\":1.07}\">1,07<\/td>\n<td data-sheets-value=\"{\"1\":3,\"3\":1.36}\">1,36<\/td>\n<td data-sheets-value=\"{\"1\":3,\"3\":1.64}\">1,64<\/td>\n<td data-sheets-value=\"{\"1\":3,\"3\":1.89}\">1,89<\/td>\n<td><\/td>\n<td><\/td>\n<td><\/td>\n<td><\/td>\n<td><\/td>\n<td><\/td>\n<td><\/td>\n<\/tr>\n<tr>\n<td data-sheets-value=\"{\"1\":2,\"2\":\"30 x 30\"}\">30 x 30<\/td>\n<td data-sheets-value=\"{\"1\":3,\"3\":1.31}\">1,31<\/td>\n<td data-sheets-value=\"{\"1\":3,\"3\":1.68}\">1,68<\/td>\n<td data-sheets-value=\"{\"1\":3,\"3\":2.03}\">2,03<\/td>\n<td data-sheets-value=\"{\"1\":3,\"3\":2.36}\">2,36<\/td>\n<td><\/td>\n<td><\/td>\n<td><\/td>\n<td><\/td>\n<td><\/td>\n<td><\/td>\n<td><\/td>\n<\/tr>\n<tr>\n<td data-sheets-value=\"{\"1\":2,\"2\":\"40 x 40\"}\">40 x 40<\/td>\n<td data-sheets-value=\"{\"1\":3,\"3\":1.78}\">1,78<\/td>\n<td data-sheets-value=\"{\"1\":3,\"3\":2.31}\">2,31<\/td>\n<td data-sheets-value=\"{\"1\":3,\"3\":2.82}\">2,82<\/td>\n<td data-sheets-value=\"{\"1\":3,\"3\":3.3}\">3,3<\/td>\n<td data-sheets-value=\"{\"1\":3,\"3\":4.2}\">4,2<\/td>\n<td><\/td>\n<td><\/td>\n<td><\/td>\n<td><\/td>\n<td><\/td>\n<td><\/td>\n<\/tr>\n<tr>\n<td data-sheets-value=\"{\"1\":2,\"2\":\"50 x 50\"}\">50 x 50<\/td>\n<td><\/td>\n<td data-sheets-value=\"{\"1\":3,\"3\":2.93}\">2,93<\/td>\n<td data-sheets-value=\"{\"1\":3,\"3\":3.6}\">3,6<\/td>\n<td data-sheets-value=\"{\"1\":3,\"3\":4.25}\">4,25<\/td>\n<td data-sheets-value=\"{\"1\":3,\"3\":5.45}\">5,45<\/td>\n<td data-sheets-value=\"{\"1\":3,\"3\":6.56}\">6,56<\/td>\n<td><\/td>\n<td><\/td>\n<td><\/td>\n<td><\/td>\n<td><\/td>\n<\/tr>\n<tr>\n<td data-sheets-value=\"{\"1\":2,\"2\":\"60 x 60\"}\">60 x 60<\/td>\n<td><\/td>\n<td data-sheets-value=\"{\"1\":3,\"3\":3.56}\">3,56<\/td>\n<td data-sheets-value=\"{\"1\":3,\"3\":4.39}\">4,39<\/td>\n<td data-sheets-value=\"{\"1\":3,\"3\":5.19}\">5,19<\/td>\n<td data-sheets-value=\"{\"1\":3,\"3\":6.71}\">6,71<\/td>\n<td data-sheets-value=\"{\"1\":3,\"3\":8.13}\">8,13<\/td>\n<td data-sheets-value=\"{\"1\":3,\"3\":9.45}\">9,45<\/td>\n<td><\/td>\n<td><\/td>\n<td><\/td>\n<td><\/td>\n<\/tr>\n<tr>\n<td data-sheets-value=\"{\"1\":2,\"2\":\"70 x 70\"}\">70 x 70<\/td>\n<td><\/td>\n<td><\/td>\n<td data-sheets-value=\"{\"1\":3,\"3\":5.17}\">5,17<\/td>\n<td data-sheets-value=\"{\"1\":3,\"3\":6.13}\">6,13<\/td>\n<td data-sheets-value=\"{\"1\":3,\"3\":7.97}\">7,97<\/td>\n<td data-sheets-value=\"{\"1\":3,\"3\":9.7}\">9,7<\/td>\n<td data-sheets-value=\"{\"1\":3,\"3\":11.3}\">11,3<\/td>\n<td><\/td>\n<td><\/td>\n<td><\/td>\n<td><\/td>\n<\/tr>\n<tr>\n<td data-sheets-value=\"{\"1\":2,\"2\":\"80 x 80\"}\">80 x 80<\/td>\n<td><\/td>\n<td><\/td>\n<td><\/td>\n<td data-sheets-value=\"{\"1\":3,\"3\":7.07}\">7,07<\/td>\n<td data-sheets-value=\"{\"1\":3,\"3\":9.22}\">9,22<\/td>\n<td data-sheets-value=\"{\"1\":3,\"3\":11.3}\">11,3<\/td>\n<td data-sheets-value=\"{\"1\":3,\"3\":13.2}\">13,2<\/td>\n<td data-sheets-value=\"{\"1\":3,\"3\":16.4}\">16,4<\/td>\n<td><\/td>\n<td><\/td>\n<td><\/td>\n<\/tr>\n<tr>\n<td data-sheets-value=\"{\"1\":2,\"2\":\"90 x 90\"}\">90 x 90<\/td>\n<td><\/td>\n<td><\/td>\n<td><\/td>\n<td data-sheets-value=\"{\"1\":3,\"3\":8.01}\">8,01<\/td>\n<td data-sheets-value=\"{\"1\":3,\"3\":10.5}\">10,5<\/td>\n<td data-sheets-value=\"{\"1\":3,\"3\":12.8}\">12,8<\/td>\n<td data-sheets-value=\"{\"1\":3,\"3\":15.1}\">15,1<\/td>\n<td data-sheets-value=\"{\"1\":3,\"3\":18.9}\">18,9<\/td>\n<td><\/td>\n<td><\/td>\n<td><\/td>\n<\/tr>\n<tr>\n<td data-sheets-value=\"{\"1\":2,\"2\":\"100 x 100\"}\">100 x 100<\/td>\n<td><\/td>\n<td><\/td>\n<td><\/td>\n<td data-sheets-value=\"{\"1\":3,\"3\":8.96}\">8,96<\/td>\n<td data-sheets-value=\"{\"1\":3,\"3\":11.7}\">11,7<\/td>\n<td data-sheets-value=\"{\"1\":3,\"3\":14.4}\">14,4<\/td>\n<td data-sheets-value=\"{\"1\":3,\"3\":17}\">17<\/td>\n<td data-sheets-value=\"{\"1\":3,\"3\":21.4}\">21,4<\/td>\n<td data-sheets-value=\"{\"1\":3,\"3\":25.6}\">25,6<\/td>\n<td><\/td>\n<td><\/td>\n<\/tr>\n<tr>\n<td data-sheets-value=\"{\"1\":2,\"2\":\"120 x 120\"}\">120 x 120<\/td>\n<td><\/td>\n<td><\/td>\n<td><\/td>\n<td data-sheets-value=\"{\"1\":3,\"3\":10.8}\">10,8<\/td>\n<td data-sheets-value=\"{\"1\":3,\"3\":14.2}\">14,2<\/td>\n<td data-sheets-value=\"{\"1\":3,\"3\":17.5}\">17,5<\/td>\n<td data-sheets-value=\"{\"1\":3,\"3\":20.7}\">20,7<\/td>\n<td data-sheets-value=\"{\"1\":3,\"3\":26.4}\">26,4<\/td>\n<td data-sheets-value=\"{\"1\":3,\"3\":31.8}\">31,8<\/td>\n<td><\/td>\n<td><\/td>\n<\/tr>\n<tr>\n<td data-sheets-value=\"{\"1\":2,\"2\":\"140 x 140\"}\">140 x 140<\/td>\n<td><\/td>\n<td><\/td>\n<td><\/td>\n<td><\/td>\n<td data-sheets-value=\"{\"1\":3,\"3\":16.8}\">16,8<\/td>\n<td data-sheets-value=\"{\"1\":3,\"3\":20.7}\">20,7<\/td>\n<td data-sheets-value=\"{\"1\":3,\"3\":24.5}\">24,5<\/td>\n<td data-sheets-value=\"{\"1\":3,\"3\":31.4}\">31,4<\/td>\n<td data-sheets-value=\"{\"1\":3,\"3\":38.1}\">38,1<\/td>\n<td><\/td>\n<td><\/td>\n<\/tr>\n<tr>\n<td data-sheets-value=\"{\"1\":2,\"2\":\"150 x 150\"}\">150 x 150<\/td>\n<td><\/td>\n<td><\/td>\n<td><\/td>\n<td><\/td>\n<td data-sheets-value=\"{\"1\":3,\"3\":18}\">18<\/td>\n<td data-sheets-value=\"{\"1\":3,\"3\":22.3}\">22,3<\/td>\n<td data-sheets-value=\"{\"1\":3,\"3\":26.4}\">26,4<\/td>\n<td data-sheets-value=\"{\"1\":3,\"3\":33.9}\">33,9<\/td>\n<td data-sheets-value=\"{\"1\":3,\"3\":41.3}\">41,3<\/td>\n<td data-sheets-value=\"{\"1\":3,\"3\":47.1}\">47,1<\/td>\n<td><\/td>\n<\/tr>\n<tr>\n<td data-sheets-value=\"{\"1\":2,\"2\":\"160 x 160\"}\">160 x 160<\/td>\n<td><\/td>\n<td><\/td>\n<td><\/td>\n<td><\/td>\n<td data-sheets-value=\"{\"1\":3,\"3\":19.3}\">19,3<\/td>\n<td data-sheets-value=\"{\"1\":3,\"3\":23.8}\">23,8<\/td>\n<td data-sheets-value=\"{\"1\":3,\"3\":28.3}\">28,3<\/td>\n<td data-sheets-value=\"{\"1\":3,\"3\":36.5}\">36,5<\/td>\n<td data-sheets-value=\"{\"1\":3,\"3\":44.4}\">44,4<\/td>\n<td data-sheets-value=\"{\"1\":3,\"3\":50.9}\">50,9<\/td>\n<td><\/td>\n<\/tr>\n<tr>\n<td data-sheets-value=\"{\"1\":2,\"2\":\"180 x 180\"}\">180 x 180<\/td>\n<td><\/td>\n<td><\/td>\n<td><\/td>\n<td><\/td>\n<td data-sheets-value=\"{\"1\":3,\"3\":21.8}\">21,8<\/td>\n<td data-sheets-value=\"{\"1\":3,\"3\":27}\">27<\/td>\n<td data-sheets-value=\"{\"1\":3,\"3\":32.1}\">32,1<\/td>\n<td data-sheets-value=\"{\"1\":3,\"3\":41.5}\">41,5<\/td>\n<td data-sheets-value=\"{\"1\":3,\"3\":50.7}\">50,7<\/td>\n<td data-sheets-value=\"{\"1\":3,\"3\":58.5}\">58,5<\/td>\n<td><\/td>\n<\/tr>\n<tr>\n<td data-sheets-value=\"{\"1\":2,\"2\":\"200 x 200\"}\">200 x 200<\/td>\n<td><\/td>\n<td><\/td>\n<td><\/td>\n<td><\/td>\n<td data-sheets-value=\"{\"1\":3,\"3\":24.3}\">24,3<\/td>\n<td data-sheets-value=\"{\"1\":3,\"3\":30.1}\">30,1<\/td>\n<td data-sheets-value=\"{\"1\":3,\"3\":35.8}\">35,8<\/td>\n<td data-sheets-value=\"{\"1\":3,\"3\":46.5}\">46,5<\/td>\n<td data-sheets-value=\"{\"1\":3,\"3\":57}\">57<\/td>\n<td data-sheets-value=\"{\"1\":3,\"3\":66}\">66<\/td>\n<td data-sheets-value=\"{\"1\":3,\"3\":83.8}\">83,8<\/td>\n<\/tr>\n<tr>\n<td data-sheets-value=\"{\"1\":2,\"2\":\"220 x 220\"}\">220 x 220<\/td>\n<td><\/td>\n<td><\/td>\n<td><\/td>\n<td><\/td>\n<td><\/td>\n<td data-sheets-value=\"{\"1\":3,\"3\":33.2}\">33,2<\/td>\n<td data-sheets-value=\"{\"1\":3,\"3\":39.6}\">39,6<\/td>\n<td data-sheets-value=\"{\"1\":3,\"3\":51.5}\">51,5<\/td>\n<td data-sheets-value=\"{\"1\":3,\"3\":63.2}\">63,2<\/td>\n<td data-sheets-value=\"{\"1\":3,\"3\":73.5}\">73,5<\/td>\n<td data-sheets-value=\"{\"1\":3,\"3\":93.9}\">93,9<\/td>\n<\/tr>\n<tr>\n<td data-sheets-value=\"{\"1\":2,\"2\":\"250 x 250\"}\">250 x 250<\/td>\n<td><\/td>\n<td><\/td>\n<td><\/td>\n<td><\/td>\n<td><\/td>\n<td data-sheets-value=\"{\"1\":3,\"3\":38}\">38<\/td>\n<td data-sheets-value=\"{\"1\":3,\"3\":45.2}\">45,2<\/td>\n<td data-sheets-value=\"{\"1\":3,\"3\":59.1}\">59,1<\/td>\n<td data-sheets-value=\"{\"1\":3,\"3\":72.7}\">72,7<\/td>\n<td data-sheets-value=\"{\"1\":3,\"3\":84.8}\">84,8<\/td>\n<td data-sheets-value=\"{\"1\":3,\"3\":109}\">109<\/td>\n<\/tr>\n<tr>\n<td data-sheets-value=\"{\"1\":2,\"2\":\"260 x 260\"}\">260 x 260<\/td>\n<td><\/td>\n<td><\/td>\n<td><\/td>\n<td><\/td>\n<td><\/td>\n<td><\/td>\n<td data-sheets-value=\"{\"1\":3,\"3\":47.1}\">47,1<\/td>\n<td data-sheets-value=\"{\"1\":3,\"3\":61.6}\">61,6<\/td>\n<td data-sheets-value=\"{\"1\":3,\"3\":75.8}\">75,8<\/td>\n<td data-sheets-value=\"{\"1\":3,\"3\":88.6}\">88,6<\/td>\n<td data-sheets-value=\"{\"1\":3,\"3\":114}\">114<\/td>\n<\/tr>\n<tr>\n<td data-sheets-value=\"{\"1\":2,\"2\":\"300 x 300\"}\">300 x 300<\/td>\n<td><\/td>\n<td><\/td>\n<td><\/td>\n<td><\/td>\n<td><\/td>\n<td><\/td>\n<td data-sheets-value=\"{\"1\":3,\"3\":54.7}\">54,7<\/td>\n<td data-sheets-value=\"{\"1\":3,\"3\":71.6}\">71,6<\/td>\n<td data-sheets-value=\"{\"1\":3,\"3\":88.4}\">88,4<\/td>\n<td data-sheets-value=\"{\"1\":3,\"3\":104}\">104<\/td>\n<td data-sheets-value=\"{\"1\":3,\"3\":134}\">134<\/td>\n<\/tr>\n<tr>\n<td data-sheets-value=\"{\"1\":2,\"2\":\"350 x 350\"}\">350 x 350<\/td>\n<td><\/td>\n<td><\/td>\n<td><\/td>\n<td><\/td>\n<td><\/td>\n<td><\/td>\n<td><\/td>\n<td data-sheets-value=\"{\"1\":3,\"3\":84.2}\">84,2<\/td>\n<td data-sheets-value=\"{\"1\":3,\"3\":104}\">104<\/td>\n<td data-sheets-value=\"{\"1\":3,\"3\":123}\">123<\/td>\n<td data-sheets-value=\"{\"1\":3,\"3\":159}\">159<\/td>\n<\/tr>\n<tr>\n<td data-sheets-value=\"{\"1\":2,\"2\":\"400 x 400\"}\">400 x 400<\/td>\n<td><\/td>\n<td><\/td>\n<td><\/td>\n<td><\/td>\n<td><\/td>\n<td><\/td>\n<td><\/td>\n<td><\/td>\n<td data-sheets-value=\"{\"1\":3,\"3\":120}\">120<\/td>\n<td data-sheets-value=\"{\"1\":3,\"3\":141}\">141<\/td>\n<td data-sheets-value=\"{\"1\":3,\"3\":189.5}\">189,5<\/td>\n<\/tr>\n<\/tbody>\n<\/table>\t\t\t\t\t\t\t\t<\/div>\n\t\t\t\t<\/div>\n\t\t\t\t<\/div>\n\t\t\t\t\t<\/div>\n\t\t\t\t<\/div>\n\t\t\t\t<\/div>\n\t\t","protected":false},"excerpt":{"rendered":"<p>Dimensions Murs \u00c9paisseur (mm) Poids(kg\/m) (mm) 1,5 2 2,5 3 4 5 6 8 10 12 16 15 x 15 0,61 0,76 20 x 20 0,84 1,05 1,29 1,48 25 x 25 1,07 1,36 1,64 1,89 30 x 30 1,31 1,68 2,03 2,36 40 x 40 1,78 2,31 2,82 3,3 4,2 50 x 50 2,93 [&hellip;]<\/p>\n","protected":false},"author":3,"featured_media":2195,"parent":2952,"menu_order":0,"comment_status":"closed","ping_status":"closed","template":"","meta":{"footnotes":""},"class_list":["post-2980","page","type-page","status-publish","has-post-thumbnail","hentry"],"yoast_head":"<!-- This site is optimized with the Yoast SEO plugin v26.7 - https:\/\/yoast.com\/wordpress\/plugins\/seo\/ -->\n<title>Sections creuses carr\u00e9es - \u0130nax Metal<\/title>\n<meta name=\"robots\" content=\"index, follow, max-snippet:-1, max-image-preview:large, max-video-preview:-1\" \/>\n<link rel=\"canonical\" href=\"https:\/\/inaxmetal.com\/fr\/produits\/construction-en-acier\/produits-longs\/sections-creuses-carrees\/\" \/>\n<meta property=\"og:locale\" content=\"fr_FR\" \/>\n<meta property=\"og:type\" content=\"article\" \/>\n<meta property=\"og:title\" content=\"Sections creuses carr\u00e9es - \u0130nax Metal\" \/>\n<meta property=\"og:description\" content=\"Dimensions Murs \u00c9paisseur (mm) Poids(kg\/m) (mm) 1,5 2 2,5 3 4 5 6 8 10 12 16 15 x 15 0,61 0,76 20 x 20 0,84 1,05 1,29 1,48 25 x 25 1,07 1,36 1,64 1,89 30 x 30 1,31 1,68 2,03 2,36 40 x 40 1,78 2,31 2,82 3,3 4,2 50 x 50 2,93 [&hellip;]\" \/>\n<meta property=\"og:url\" content=\"https:\/\/inaxmetal.com\/fr\/produits\/construction-en-acier\/produits-longs\/sections-creuses-carrees\/\" \/>\n<meta property=\"og:site_name\" content=\"\u0130nax Metal\" \/>\n<meta property=\"article:modified_time\" content=\"2025-01-04T12:07:11+00:00\" \/>\n<meta property=\"og:image\" content=\"https:\/\/inaxmetal.com\/wp-content\/uploads\/2024\/06\/square-hollow-sections.webp\" \/>\n\t<meta property=\"og:image:width\" content=\"600\" \/>\n\t<meta property=\"og:image:height\" content=\"600\" \/>\n\t<meta property=\"og:image:type\" content=\"image\/webp\" \/>\n<meta name=\"twitter:card\" content=\"summary_large_image\" \/>\n<script type=\"application\/ld+json\" class=\"yoast-schema-graph\">{\"@context\":\"https:\/\/schema.org\",\"@graph\":[{\"@type\":\"WebPage\",\"@id\":\"https:\/\/inaxmetal.com\/fr\/produits\/construction-en-acier\/produits-longs\/sections-creuses-carrees\/\",\"url\":\"https:\/\/inaxmetal.com\/fr\/produits\/construction-en-acier\/produits-longs\/sections-creuses-carrees\/\",\"name\":\"Sections creuses carr\u00e9es - \u0130nax Metal\",\"isPartOf\":{\"@id\":\"https:\/\/inaxmetal.com\/fr\/#website\"},\"primaryImageOfPage\":{\"@id\":\"https:\/\/inaxmetal.com\/fr\/produits\/construction-en-acier\/produits-longs\/sections-creuses-carrees\/#primaryimage\"},\"image\":{\"@id\":\"https:\/\/inaxmetal.com\/fr\/produits\/construction-en-acier\/produits-longs\/sections-creuses-carrees\/#primaryimage\"},\"thumbnailUrl\":\"https:\/\/inaxmetal.com\/wp-content\/uploads\/2024\/06\/square-hollow-sections.webp\",\"datePublished\":\"2024-06-05T08:23:54+00:00\",\"dateModified\":\"2025-01-04T12:07:11+00:00\",\"breadcrumb\":{\"@id\":\"https:\/\/inaxmetal.com\/fr\/produits\/construction-en-acier\/produits-longs\/sections-creuses-carrees\/#breadcrumb\"},\"inLanguage\":\"fr-FR\",\"potentialAction\":[{\"@type\":\"ReadAction\",\"target\":[\"https:\/\/inaxmetal.com\/fr\/produits\/construction-en-acier\/produits-longs\/sections-creuses-carrees\/\"]}]},{\"@type\":\"ImageObject\",\"inLanguage\":\"fr-FR\",\"@id\":\"https:\/\/inaxmetal.com\/fr\/produits\/construction-en-acier\/produits-longs\/sections-creuses-carrees\/#primaryimage\",\"url\":\"https:\/\/inaxmetal.com\/wp-content\/uploads\/2024\/06\/square-hollow-sections.webp\",\"contentUrl\":\"https:\/\/inaxmetal.com\/wp-content\/uploads\/2024\/06\/square-hollow-sections.webp\",\"width\":600,\"height\":600},{\"@type\":\"BreadcrumbList\",\"@id\":\"https:\/\/inaxmetal.com\/fr\/produits\/construction-en-acier\/produits-longs\/sections-creuses-carrees\/#breadcrumb\",\"itemListElement\":[{\"@type\":\"ListItem\",\"position\":1,\"name\":\"Home\",\"item\":\"https:\/\/inaxmetal.com\/fr\/\"},{\"@type\":\"ListItem\",\"position\":2,\"name\":\"Produits\",\"item\":\"https:\/\/inaxmetal.com\/fr\/produits\/\"},{\"@type\":\"ListItem\",\"position\":3,\"name\":\"Construction en acier\",\"item\":\"https:\/\/inaxmetal.com\/fr\/produits\/construction-en-acier\/\"},{\"@type\":\"ListItem\",\"position\":4,\"name\":\"Produits Longs\",\"item\":\"https:\/\/inaxmetal.com\/fr\/products\/steel-construction\/long-products\/\"},{\"@type\":\"ListItem\",\"position\":5,\"name\":\"Sections creuses carr\u00e9es\"}]},{\"@type\":\"WebSite\",\"@id\":\"https:\/\/inaxmetal.com\/fr\/#website\",\"url\":\"https:\/\/inaxmetal.com\/fr\/\",\"name\":\"\u0130nax Metal\",\"description\":\"\",\"potentialAction\":[{\"@type\":\"SearchAction\",\"target\":{\"@type\":\"EntryPoint\",\"urlTemplate\":\"https:\/\/inaxmetal.com\/fr\/?s={search_term_string}\"},\"query-input\":{\"@type\":\"PropertyValueSpecification\",\"valueRequired\":true,\"valueName\":\"search_term_string\"}}],\"inLanguage\":\"fr-FR\"}]}<\/script>\n<!-- \/ Yoast SEO plugin. -->","yoast_head_json":{"title":"Sections creuses carr\u00e9es - \u0130nax Metal","robots":{"index":"index","follow":"follow","max-snippet":"max-snippet:-1","max-image-preview":"max-image-preview:large","max-video-preview":"max-video-preview:-1"},"canonical":"https:\/\/inaxmetal.com\/fr\/produits\/construction-en-acier\/produits-longs\/sections-creuses-carrees\/","og_locale":"fr_FR","og_type":"article","og_title":"Sections creuses carr\u00e9es - \u0130nax Metal","og_description":"Dimensions Murs \u00c9paisseur (mm) Poids(kg\/m) (mm) 1,5 2 2,5 3 4 5 6 8 10 12 16 15 x 15 0,61 0,76 20 x 20 0,84 1,05 1,29 1,48 25 x 25 1,07 1,36 1,64 1,89 30 x 30 1,31 1,68 2,03 2,36 40 x 40 1,78 2,31 2,82 3,3 4,2 50 x 50 2,93 [&hellip;]","og_url":"https:\/\/inaxmetal.com\/fr\/produits\/construction-en-acier\/produits-longs\/sections-creuses-carrees\/","og_site_name":"\u0130nax Metal","article_modified_time":"2025-01-04T12:07:11+00:00","og_image":[{"width":600,"height":600,"url":"https:\/\/inaxmetal.com\/wp-content\/uploads\/2024\/06\/square-hollow-sections.webp","type":"image\/webp"}],"twitter_card":"summary_large_image","schema":{"@context":"https:\/\/schema.org","@graph":[{"@type":"WebPage","@id":"https:\/\/inaxmetal.com\/fr\/produits\/construction-en-acier\/produits-longs\/sections-creuses-carrees\/","url":"https:\/\/inaxmetal.com\/fr\/produits\/construction-en-acier\/produits-longs\/sections-creuses-carrees\/","name":"Sections creuses carr\u00e9es - \u0130nax Metal","isPartOf":{"@id":"https:\/\/inaxmetal.com\/fr\/#website"},"primaryImageOfPage":{"@id":"https:\/\/inaxmetal.com\/fr\/produits\/construction-en-acier\/produits-longs\/sections-creuses-carrees\/#primaryimage"},"image":{"@id":"https:\/\/inaxmetal.com\/fr\/produits\/construction-en-acier\/produits-longs\/sections-creuses-carrees\/#primaryimage"},"thumbnailUrl":"https:\/\/inaxmetal.com\/wp-content\/uploads\/2024\/06\/square-hollow-sections.webp","datePublished":"2024-06-05T08:23:54+00:00","dateModified":"2025-01-04T12:07:11+00:00","breadcrumb":{"@id":"https:\/\/inaxmetal.com\/fr\/produits\/construction-en-acier\/produits-longs\/sections-creuses-carrees\/#breadcrumb"},"inLanguage":"fr-FR","potentialAction":[{"@type":"ReadAction","target":["https:\/\/inaxmetal.com\/fr\/produits\/construction-en-acier\/produits-longs\/sections-creuses-carrees\/"]}]},{"@type":"ImageObject","inLanguage":"fr-FR","@id":"https:\/\/inaxmetal.com\/fr\/produits\/construction-en-acier\/produits-longs\/sections-creuses-carrees\/#primaryimage","url":"https:\/\/inaxmetal.com\/wp-content\/uploads\/2024\/06\/square-hollow-sections.webp","contentUrl":"https:\/\/inaxmetal.com\/wp-content\/uploads\/2024\/06\/square-hollow-sections.webp","width":600,"height":600},{"@type":"BreadcrumbList","@id":"https:\/\/inaxmetal.com\/fr\/produits\/construction-en-acier\/produits-longs\/sections-creuses-carrees\/#breadcrumb","itemListElement":[{"@type":"ListItem","position":1,"name":"Home","item":"https:\/\/inaxmetal.com\/fr\/"},{"@type":"ListItem","position":2,"name":"Produits","item":"https:\/\/inaxmetal.com\/fr\/produits\/"},{"@type":"ListItem","position":3,"name":"Construction en acier","item":"https:\/\/inaxmetal.com\/fr\/produits\/construction-en-acier\/"},{"@type":"ListItem","position":4,"name":"Produits Longs","item":"https:\/\/inaxmetal.com\/fr\/products\/steel-construction\/long-products\/"},{"@type":"ListItem","position":5,"name":"Sections creuses carr\u00e9es"}]},{"@type":"WebSite","@id":"https:\/\/inaxmetal.com\/fr\/#website","url":"https:\/\/inaxmetal.com\/fr\/","name":"\u0130nax Metal","description":"","potentialAction":[{"@type":"SearchAction","target":{"@type":"EntryPoint","urlTemplate":"https:\/\/inaxmetal.com\/fr\/?s={search_term_string}"},"query-input":{"@type":"PropertyValueSpecification","valueRequired":true,"valueName":"search_term_string"}}],"inLanguage":"fr-FR"}]}},"_links":{"self":[{"href":"https:\/\/inaxmetal.com\/fr\/wp-json\/wp\/v2\/pages\/2980","targetHints":{"allow":["GET"]}}],"collection":[{"href":"https:\/\/inaxmetal.com\/fr\/wp-json\/wp\/v2\/pages"}],"about":[{"href":"https:\/\/inaxmetal.com\/fr\/wp-json\/wp\/v2\/types\/page"}],"author":[{"embeddable":true,"href":"https:\/\/inaxmetal.com\/fr\/wp-json\/wp\/v2\/users\/3"}],"replies":[{"embeddable":true,"href":"https:\/\/inaxmetal.com\/fr\/wp-json\/wp\/v2\/comments?post=2980"}],"version-history":[{"count":1,"href":"https:\/\/inaxmetal.com\/fr\/wp-json\/wp\/v2\/pages\/2980\/revisions"}],"predecessor-version":[{"id":2981,"href":"https:\/\/inaxmetal.com\/fr\/wp-json\/wp\/v2\/pages\/2980\/revisions\/2981"}],"up":[{"embeddable":true,"href":"https:\/\/inaxmetal.com\/fr\/wp-json\/wp\/v2\/pages\/2952"}],"wp:featuredmedia":[{"embeddable":true,"href":"https:\/\/inaxmetal.com\/fr\/wp-json\/wp\/v2\/media\/2195"}],"wp:attachment":[{"href":"https:\/\/inaxmetal.com\/fr\/wp-json\/wp\/v2\/media?parent=2980"}],"curies":[{"name":"wp","href":"https:\/\/api.w.org\/{rel}","templated":true}]}}