{"id":2986,"date":"2024-06-04T13:37:12","date_gmt":"2024-06-04T10:37:12","guid":{"rendered":"https:\/\/inaxmetal.com\/produits\/construction-en-acier\/produits-longs\/profils-en-u\/"},"modified":"2025-01-04T15:28:46","modified_gmt":"2025-01-04T12:28:46","slug":"profils-en-u","status":"publish","type":"page","link":"https:\/\/inaxmetal.com\/fr\/produits\/construction-en-acier\/produits-longs\/profils-en-u\/","title":{"rendered":"Profils en U"},"content":{"rendered":"\t\t<div data-elementor-type=\"wp-page\" data-elementor-id=\"2986\" class=\"elementor elementor-2986 elementor-1517\" data-elementor-post-type=\"page\">\n\t\t\t\t<div class=\"elementor-element elementor-element-7753df0 e-flex e-con-boxed e-con e-parent\" data-id=\"7753df0\" data-element_type=\"container\">\n\t\t\t\t\t<div class=\"e-con-inner\">\n\t\t<div class=\"elementor-element elementor-element-ce850e9 e-con-full e-flex e-con e-child\" data-id=\"ce850e9\" data-element_type=\"container\">\n\t\t\t\t<div class=\"elementor-element elementor-element-833c738 elementor-widget elementor-widget-image\" data-id=\"833c738\" data-element_type=\"widget\" data-widget_type=\"image.default\">\n\t\t\t\t<div class=\"elementor-widget-container\">\n\t\t\t\t\t\t\t\t\t\t\t\t\t\t\t<img fetchpriority=\"high\" decoding=\"async\" width=\"600\" height=\"600\" src=\"https:\/\/inaxmetal.com\/wp-content\/uploads\/2024\/05\/u-profiles.webp\" class=\"attachment-large size-large wp-image-2141\" alt=\"\" srcset=\"https:\/\/inaxmetal.com\/wp-content\/uploads\/2024\/05\/u-profiles.webp 600w, https:\/\/inaxmetal.com\/wp-content\/uploads\/2024\/05\/u-profiles-300x300.webp 300w, https:\/\/inaxmetal.com\/wp-content\/uploads\/2024\/05\/u-profiles-150x150.webp 150w\" sizes=\"(max-width: 600px) 100vw, 600px\" \/>\t\t\t\t\t\t\t\t\t\t\t\t\t\t\t<\/div>\n\t\t\t\t<\/div>\n\t\t\t\t<\/div>\n\t\t<div class=\"elementor-element elementor-element-31b5a11 e-con-full e-flex e-con e-child\" data-id=\"31b5a11\" data-element_type=\"container\">\n\t\t\t\t<div class=\"elementor-element elementor-element-f1203e9 elementor-widget elementor-widget-heading\" data-id=\"f1203e9\" data-element_type=\"widget\" data-widget_type=\"heading.default\">\n\t\t\t\t<div class=\"elementor-widget-container\">\n\t\t\t\t\t<h2 class=\"elementor-heading-title elementor-size-default\">Zones d'utilisation<\/h2>\t\t\t\t<\/div>\n\t\t\t\t<\/div>\n\t\t\t\t<div class=\"elementor-element elementor-element-571760b elementor-widget elementor-widget-text-editor\" data-id=\"571760b\" data-element_type=\"widget\" data-widget_type=\"text-editor.default\">\n\t\t\t\t<div class=\"elementor-widget-container\">\n\t\t\t\t\t\t\t\t\t<ul>\n<li>B\u00e2timents Construction<\/li>\n<li>Infrastructure Projets<\/li>\n<li>Architecturale Applications<\/li>\n<li>Machinerie et \u00c9quipement<\/li>\n<li>Ferme \u00c9quipement<\/li>\n<li>Mat\u00e9riau Manutention<\/li>\n<li>\u00c9quipement<\/li>\n<\/ul>\n\t\t\t\t\t\t\t\t<\/div>\n\t\t\t\t<\/div>\n\t\t\t\t<\/div>\n\t\t\t\t\t<\/div>\n\t\t\t\t<\/div>\n\t\t<div class=\"elementor-element elementor-element-7063bfc e-flex e-con-boxed e-con e-parent\" data-id=\"7063bfc\" data-element_type=\"container\">\n\t\t\t\t\t<div class=\"e-con-inner\">\n\t\t<div class=\"elementor-element elementor-element-032528f e-con-full e-flex e-con e-child\" data-id=\"032528f\" data-element_type=\"container\">\n\t\t\t\t<div class=\"elementor-element elementor-element-a138cc1 elementor-widget elementor-widget-heading\" data-id=\"a138cc1\" data-element_type=\"widget\" data-widget_type=\"heading.default\">\n\t\t\t\t<div class=\"elementor-widget-container\">\n\t\t\t\t\t<h3 class=\"elementor-heading-title elementor-size-default\">Profils en U Dimension<\/h3>\t\t\t\t<\/div>\n\t\t\t\t<\/div>\n\t\t\t\t<div class=\"elementor-element elementor-element-4c59d07 elementor-widget elementor-widget-image\" data-id=\"4c59d07\" data-element_type=\"widget\" data-widget_type=\"image.default\">\n\t\t\t\t<div class=\"elementor-widget-container\">\n\t\t\t\t\t\t\t\t\t\t\t\t\t\t\t<img decoding=\"async\" width=\"119\" height=\"192\" src=\"https:\/\/inaxmetal.com\/wp-content\/uploads\/2024\/06\/u-profiles-detail.png\" class=\"attachment-large size-large wp-image-2171\" alt=\"\" \/>\t\t\t\t\t\t\t\t\t\t\t\t\t\t\t<\/div>\n\t\t\t\t<\/div>\n\t\t\t\t<div class=\"elementor-element elementor-element-fa0302c elementor-widget elementor-widget-text-editor\" data-id=\"fa0302c\" data-element_type=\"widget\" data-widget_type=\"text-editor.default\">\n\t\t\t\t<div class=\"elementor-widget-container\">\n\t\t\t\t\t\t\t\t\t<table dir=\"ltr\" border=\"1\" cellspacing=\"0\" cellpadding=\"0\" data-sheets-root=\"1\"><colgroup> <col width=\"67\"> <col width=\"60\"> <col width=\"60\"> <col width=\"60\"> <col width=\"60\"> <col width=\"60\"><\/colgroup>\n<tbody>\n<tr>\n<th colspan=\"5\" rowspan=\"1\" data-sheets-value=\"{&quot;1&quot;:2,&quot;2&quot;:&quot;Dimension&quot;}\">Dimension<\/td>\n<th data-sheets-value=\"{&quot;1&quot;:2,&quot;2&quot;:&quot;Weight&quot;}\">Poids<\/td>\n<\/tr>\n<tr>\n<td data-sheets-value=\"{\"1\":2,\"2\":\"Profile\"}\">Profil<\/td>\n<td data-sheets-value=\"{\"1\":2,\"2\":\"h (mm)\"}\">h (mm)<\/td>\n<td data-sheets-value=\"{\"1\":2,\"2\":\"b (mm)\"}\">b (mm)<\/td>\n<td data-sheets-value=\"{\"1\":2,\"2\":\"s (mm)\"}\">s (mm)<\/td>\n<td data-sheets-value=\"{\"1\":2,\"2\":\"t (mm)\"}\">t (mm)<\/td>\n<td data-sheets-value=\"{\"1\":2,\"2\":\"kg \/m\"}\">kg \/m<\/td>\n<\/tr>\n<tr>\n<td data-sheets-value=\"{\"1\":2,\"2\":\"UPN 50x25\"}\">UPN 50&#215;25<\/td>\n<td data-sheets-value=\"{\"1\":3,\"3\":50}\">50<\/td>\n<td data-sheets-value=\"{\"1\":3,\"3\":25}\">25<\/td>\n<td data-sheets-value=\"{\"1\":3,\"3\":5}\">5<\/td>\n<td data-sheets-value=\"{\"1\":3,\"3\":6}\">6<\/td>\n<td data-sheets-value=\"{\"1\":3,\"3\":3.86}\">3,86<\/td>\n<\/tr>\n<tr>\n<td data-sheets-value=\"{\"1\":2,\"2\":\"UPN 50x38\"}\">UPN 50&#215;38<\/td>\n<td data-sheets-value=\"{\"1\":3,\"3\":50}\">50<\/td>\n<td data-sheets-value=\"{\"1\":3,\"3\":38}\">38<\/td>\n<td data-sheets-value=\"{\"1\":3,\"3\":5}\">5<\/td>\n<td data-sheets-value=\"{\"1\":3,\"3\":7}\">7<\/td>\n<td data-sheets-value=\"{\"1\":3,\"3\":5.59}\">5,59<\/td>\n<\/tr>\n<tr>\n<td data-sheets-value=\"{\"1\":2,\"2\":\"UPN 60\"}\">UPN 60<\/td>\n<td data-sheets-value=\"{\"1\":3,\"3\":60}\">60<\/td>\n<td data-sheets-value=\"{\"1\":3,\"3\":30}\">30<\/td>\n<td data-sheets-value=\"{\"1\":3,\"3\":6}\">6<\/td>\n<td data-sheets-value=\"{\"1\":3,\"3\":6}\">6<\/td>\n<td data-sheets-value=\"{\"1\":3,\"3\":5.07}\">5,07<\/td>\n<\/tr>\n<tr>\n<td data-sheets-value=\"{\"1\":2,\"2\":\"UPN 65\"}\">UPN 65<\/td>\n<td data-sheets-value=\"{\"1\":3,\"3\":65}\">65<\/td>\n<td data-sheets-value=\"{\"1\":3,\"3\":42}\">42<\/td>\n<td data-sheets-value=\"{\"1\":3,\"3\":5.5}\">5,5<\/td>\n<td data-sheets-value=\"{\"1\":3,\"3\":7.5}\">7,5<\/td>\n<td data-sheets-value=\"{\"1\":3,\"3\":7.09}\">7,09<\/td>\n<\/tr>\n<tr>\n<td data-sheets-value=\"{\"1\":2,\"2\":\"UPN 80\"}\">UPN 80<\/td>\n<td data-sheets-value=\"{\"1\":3,\"3\":80}\">80<\/td>\n<td data-sheets-value=\"{\"1\":3,\"3\":45}\">45<\/td>\n<td data-sheets-value=\"{\"1\":3,\"3\":6}\">6<\/td>\n<td data-sheets-value=\"{\"1\":3,\"3\":8}\">8<\/td>\n<td data-sheets-value=\"{\"1\":3,\"3\":8.64}\">8,64<\/td>\n<\/tr>\n<tr>\n<td data-sheets-value=\"{\"1\":2,\"2\":\"UPN 100\"}\">UPN 100<\/td>\n<td data-sheets-value=\"{\"1\":3,\"3\":100}\">100<\/td>\n<td data-sheets-value=\"{\"1\":3,\"3\":50}\">50<\/td>\n<td data-sheets-value=\"{\"1\":3,\"3\":6}\">6<\/td>\n<td data-sheets-value=\"{\"1\":3,\"3\":8.5}\">8,5<\/td>\n<td data-sheets-value=\"{\"1\":3,\"3\":10.6}\">10,6<\/td>\n<\/tr>\n<tr>\n<td data-sheets-value=\"{\"1\":2,\"2\":\"UPN 120\"}\">UPN 120<\/td>\n<td data-sheets-value=\"{\"1\":3,\"3\":120}\">120<\/td>\n<td data-sheets-value=\"{\"1\":3,\"3\":55}\">55<\/td>\n<td data-sheets-value=\"{\"1\":3,\"3\":7}\">7<\/td>\n<td data-sheets-value=\"{\"1\":3,\"3\":9}\">9<\/td>\n<td data-sheets-value=\"{\"1\":3,\"3\":13.4}\">13,4<\/td>\n<\/tr>\n<tr>\n<td data-sheets-value=\"{\"1\":2,\"2\":\"UPN 140\"}\">UPN 140<\/td>\n<td data-sheets-value=\"{\"1\":3,\"3\":140}\">140<\/td>\n<td data-sheets-value=\"{\"1\":3,\"3\":60}\">60<\/td>\n<td data-sheets-value=\"{\"1\":3,\"3\":7}\">7<\/td>\n<td data-sheets-value=\"{\"1\":3,\"3\":10}\">10<\/td>\n<td data-sheets-value=\"{\"1\":3,\"3\":16}\">16<\/td>\n<\/tr>\n<tr>\n<td data-sheets-value=\"{\"1\":2,\"2\":\"UPN 160\"}\">UPN 160<\/td>\n<td data-sheets-value=\"{\"1\":3,\"3\":160}\">160<\/td>\n<td data-sheets-value=\"{\"1\":3,\"3\":65}\">65<\/td>\n<td data-sheets-value=\"{\"1\":3,\"3\":7.5}\">7,5<\/td>\n<td data-sheets-value=\"{\"1\":3,\"3\":10.5}\">10,5<\/td>\n<td data-sheets-value=\"{\"1\":3,\"3\":18.8}\">18,8<\/td>\n<\/tr>\n<tr>\n<td data-sheets-value=\"{\"1\":2,\"2\":\"UPN 180\"}\">UPN 180<\/td>\n<td data-sheets-value=\"{\"1\":3,\"3\":180}\">180<\/td>\n<td data-sheets-value=\"{\"1\":3,\"3\":70}\">70<\/td>\n<td data-sheets-value=\"{\"1\":3,\"3\":8}\">8<\/td>\n<td data-sheets-value=\"{\"1\":3,\"3\":11}\">11<\/td>\n<td data-sheets-value=\"{\"1\":3,\"3\":22}\">22<\/td>\n<\/tr>\n<tr>\n<td data-sheets-value=\"{\"1\":2,\"2\":\"UPN 200\"}\">UPN 200<\/td>\n<td data-sheets-value=\"{\"1\":3,\"3\":200}\">200<\/td>\n<td data-sheets-value=\"{\"1\":3,\"3\":75}\">75<\/td>\n<td data-sheets-value=\"{\"1\":3,\"3\":8.5}\">8,5<\/td>\n<td data-sheets-value=\"{\"1\":3,\"3\":11.5}\">11,5<\/td>\n<td data-sheets-value=\"{\"1\":3,\"3\":25.3}\">25,3<\/td>\n<\/tr>\n<tr>\n<td data-sheets-value=\"{\"1\":2,\"2\":\"UPN 220\"}\">UPN 220<\/td>\n<td data-sheets-value=\"{\"1\":3,\"3\":220}\">220<\/td>\n<td data-sheets-value=\"{\"1\":3,\"3\":80}\">80<\/td>\n<td data-sheets-value=\"{\"1\":3,\"3\":9}\">9<\/td>\n<td data-sheets-value=\"{\"1\":3,\"3\":12.5}\">12,5<\/td>\n<td data-sheets-value=\"{\"1\":3,\"3\":29.4}\">29,4<\/td>\n<\/tr>\n<tr>\n<td data-sheets-value=\"{\"1\":2,\"2\":\"UPN 240\"}\">UPN 240<\/td>\n<td data-sheets-value=\"{\"1\":3,\"3\":240}\">240<\/td>\n<td data-sheets-value=\"{\"1\":3,\"3\":85}\">85<\/td>\n<td data-sheets-value=\"{\"1\":3,\"3\":9.5}\">9,5<\/td>\n<td data-sheets-value=\"{\"1\":3,\"3\":13}\">13<\/td>\n<td data-sheets-value=\"{\"1\":3,\"3\":33.2}\">33,2<\/td>\n<\/tr>\n<tr>\n<td data-sheets-value=\"{\"1\":2,\"2\":\"UPN 260\"}\">UPN 260<\/td>\n<td data-sheets-value=\"{\"1\":3,\"3\":260}\">260<\/td>\n<td data-sheets-value=\"{\"1\":3,\"3\":90}\">90<\/td>\n<td data-sheets-value=\"{\"1\":3,\"3\":10}\">10<\/td>\n<td data-sheets-value=\"{\"1\":3,\"3\":14}\">14<\/td>\n<td data-sheets-value=\"{\"1\":3,\"3\":37.9}\">37,9<\/td>\n<\/tr>\n<tr>\n<td data-sheets-value=\"{\"1\":2,\"2\":\"UPN 280\"}\">UPN 280<\/td>\n<td data-sheets-value=\"{\"1\":3,\"3\":280}\">280<\/td>\n<td data-sheets-value=\"{\"1\":3,\"3\":95}\">95<\/td>\n<td data-sheets-value=\"{\"1\":3,\"3\":10}\">10<\/td>\n<td data-sheets-value=\"{\"1\":3,\"3\":15}\">15<\/td>\n<td data-sheets-value=\"{\"1\":3,\"3\":41.8}\">41,8<\/td>\n<\/tr>\n<tr>\n<td data-sheets-value=\"{\"1\":2,\"2\":\"UPN 300\"}\">UPN 300<\/td>\n<td data-sheets-value=\"{\"1\":3,\"3\":300}\">300<\/td>\n<td data-sheets-value=\"{\"1\":3,\"3\":100}\">100<\/td>\n<td data-sheets-value=\"{\"1\":3,\"3\":10}\">10<\/td>\n<td data-sheets-value=\"{\"1\":3,\"3\":16}\">16<\/td>\n<td data-sheets-value=\"{\"1\":3,\"3\":46.2}\">46,2<\/td>\n<\/tr>\n<tr>\n<td data-sheets-value=\"{\"1\":2,\"2\":\"UPN 320\"}\">UPN 320<\/td>\n<td data-sheets-value=\"{\"1\":3,\"3\":320}\">320<\/td>\n<td data-sheets-value=\"{\"1\":3,\"3\":100}\">100<\/td>\n<td data-sheets-value=\"{\"1\":3,\"3\":14}\">14<\/td>\n<td data-sheets-value=\"{\"1\":3,\"3\":17.5}\">17,5<\/td>\n<td data-sheets-value=\"{\"1\":3,\"3\":59.5}\">59,5<\/td>\n<\/tr>\n<tr>\n<td data-sheets-value=\"{\"1\":2,\"2\":\"UPN 350\"}\">UPN 350<\/td>\n<td data-sheets-value=\"{\"1\":3,\"3\":350}\">350<\/td>\n<td data-sheets-value=\"{\"1\":3,\"3\":100}\">100<\/td>\n<td data-sheets-value=\"{\"1\":3,\"3\":14}\">14<\/td>\n<td data-sheets-value=\"{\"1\":3,\"3\":16}\">16<\/td>\n<td data-sheets-value=\"{\"1\":3,\"3\":60.6}\">60,6<\/td>\n<\/tr>\n<tr>\n<td data-sheets-value=\"{\"1\":2,\"2\":\"UPN 380\"}\">UPN 380<\/td>\n<td data-sheets-value=\"{\"1\":3,\"3\":380}\">380<\/td>\n<td data-sheets-value=\"{\"1\":3,\"3\":102}\">102<\/td>\n<td data-sheets-value=\"{\"1\":3,\"3\":13.5}\">13,5<\/td>\n<td data-sheets-value=\"{\"1\":3,\"3\":16}\">16<\/td>\n<td data-sheets-value=\"{\"1\":3,\"3\":63.1}\">63,1<\/td>\n<\/tr>\n<tr>\n<td data-sheets-value=\"{\"1\":2,\"2\":\"UPN 400\"}\">UPN 400<\/td>\n<td data-sheets-value=\"{\"1\":3,\"3\":400}\">400<\/td>\n<td data-sheets-value=\"{\"1\":3,\"3\":110}\">110<\/td>\n<td data-sheets-value=\"{\"1\":3,\"3\":14}\">14<\/td>\n<td data-sheets-value=\"{\"1\":3,\"3\":16}\">16<\/td>\n<td data-sheets-value=\"{\"1\":3,\"3\":71.8}\">71,8<\/td>\n<\/tr>\n<\/tbody>\n<\/table>\t\t\t\t\t\t\t\t<\/div>\n\t\t\t\t<\/div>\n\t\t\t\t<\/div>\n\t\t\t\t\t<\/div>\n\t\t\t\t<\/div>\n\t\t\t\t<\/div>\n\t\t","protected":false},"excerpt":{"rendered":"<p>Zones d&rsquo;utilisation B\u00e2timents Construction Infrastructure Projets Architecturale Applications Machinerie et \u00c9quipement Ferme \u00c9quipement Mat\u00e9riau Manutention \u00c9quipement Profils en U Dimension Dimension Poids Profil h (mm) b (mm) s (mm) t (mm) kg \/m UPN 50&#215;25 50 25 5 6 3,86 UPN 50&#215;38 50 38 5 7 5,59 UPN 60 60 30 6 6 5,07 UPN [&hellip;]<\/p>\n","protected":false},"author":3,"featured_media":2153,"parent":2952,"menu_order":0,"comment_status":"closed","ping_status":"closed","template":"","meta":{"footnotes":""},"class_list":["post-2986","page","type-page","status-publish","has-post-thumbnail","hentry"],"yoast_head":"<!-- This site is optimized with the Yoast SEO plugin v26.7 - https:\/\/yoast.com\/wordpress\/plugins\/seo\/ -->\n<title>Profils en U - \u0130nax Metal<\/title>\n<meta name=\"robots\" content=\"index, follow, max-snippet:-1, max-image-preview:large, max-video-preview:-1\" \/>\n<link rel=\"canonical\" href=\"https:\/\/inaxmetal.com\/fr\/produits\/construction-en-acier\/produits-longs\/profils-en-u\/\" \/>\n<meta property=\"og:locale\" content=\"fr_FR\" \/>\n<meta property=\"og:type\" content=\"article\" \/>\n<meta property=\"og:title\" content=\"Profils en U - \u0130nax Metal\" \/>\n<meta property=\"og:description\" content=\"Zones d&rsquo;utilisation B\u00e2timents Construction Infrastructure Projets Architecturale Applications Machinerie et \u00c9quipement Ferme \u00c9quipement Mat\u00e9riau Manutention \u00c9quipement Profils en U Dimension Dimension Poids Profil h (mm) b (mm) s (mm) t (mm) kg \/m UPN 50&#215;25 50 25 5 6 3,86 UPN 50&#215;38 50 38 5 7 5,59 UPN 60 60 30 6 6 5,07 UPN [&hellip;]\" \/>\n<meta property=\"og:url\" content=\"https:\/\/inaxmetal.com\/fr\/produits\/construction-en-acier\/produits-longs\/profils-en-u\/\" \/>\n<meta property=\"og:site_name\" content=\"\u0130nax Metal\" \/>\n<meta property=\"article:modified_time\" content=\"2025-01-04T12:28:46+00:00\" \/>\n<meta property=\"og:image\" content=\"https:\/\/inaxmetal.com\/wp-content\/uploads\/2024\/05\/square-bars.webp\" \/>\n\t<meta property=\"og:image:width\" content=\"600\" \/>\n\t<meta property=\"og:image:height\" content=\"600\" \/>\n\t<meta property=\"og:image:type\" content=\"image\/webp\" \/>\n<meta name=\"twitter:card\" content=\"summary_large_image\" \/>\n<script type=\"application\/ld+json\" class=\"yoast-schema-graph\">{\"@context\":\"https:\/\/schema.org\",\"@graph\":[{\"@type\":\"WebPage\",\"@id\":\"https:\/\/inaxmetal.com\/fr\/produits\/construction-en-acier\/produits-longs\/profils-en-u\/\",\"url\":\"https:\/\/inaxmetal.com\/fr\/produits\/construction-en-acier\/produits-longs\/profils-en-u\/\",\"name\":\"Profils en U - \u0130nax Metal\",\"isPartOf\":{\"@id\":\"https:\/\/inaxmetal.com\/fr\/#website\"},\"primaryImageOfPage\":{\"@id\":\"https:\/\/inaxmetal.com\/fr\/produits\/construction-en-acier\/produits-longs\/profils-en-u\/#primaryimage\"},\"image\":{\"@id\":\"https:\/\/inaxmetal.com\/fr\/produits\/construction-en-acier\/produits-longs\/profils-en-u\/#primaryimage\"},\"thumbnailUrl\":\"https:\/\/inaxmetal.com\/wp-content\/uploads\/2024\/05\/square-bars.webp\",\"datePublished\":\"2024-06-04T10:37:12+00:00\",\"dateModified\":\"2025-01-04T12:28:46+00:00\",\"breadcrumb\":{\"@id\":\"https:\/\/inaxmetal.com\/fr\/produits\/construction-en-acier\/produits-longs\/profils-en-u\/#breadcrumb\"},\"inLanguage\":\"fr-FR\",\"potentialAction\":[{\"@type\":\"ReadAction\",\"target\":[\"https:\/\/inaxmetal.com\/fr\/produits\/construction-en-acier\/produits-longs\/profils-en-u\/\"]}]},{\"@type\":\"ImageObject\",\"inLanguage\":\"fr-FR\",\"@id\":\"https:\/\/inaxmetal.com\/fr\/produits\/construction-en-acier\/produits-longs\/profils-en-u\/#primaryimage\",\"url\":\"https:\/\/inaxmetal.com\/wp-content\/uploads\/2024\/05\/square-bars.webp\",\"contentUrl\":\"https:\/\/inaxmetal.com\/wp-content\/uploads\/2024\/05\/square-bars.webp\",\"width\":600,\"height\":600},{\"@type\":\"BreadcrumbList\",\"@id\":\"https:\/\/inaxmetal.com\/fr\/produits\/construction-en-acier\/produits-longs\/profils-en-u\/#breadcrumb\",\"itemListElement\":[{\"@type\":\"ListItem\",\"position\":1,\"name\":\"Home\",\"item\":\"https:\/\/inaxmetal.com\/fr\/\"},{\"@type\":\"ListItem\",\"position\":2,\"name\":\"Produits\",\"item\":\"https:\/\/inaxmetal.com\/fr\/produits\/\"},{\"@type\":\"ListItem\",\"position\":3,\"name\":\"Construction en acier\",\"item\":\"https:\/\/inaxmetal.com\/fr\/produits\/construction-en-acier\/\"},{\"@type\":\"ListItem\",\"position\":4,\"name\":\"Produits Longs\",\"item\":\"https:\/\/inaxmetal.com\/fr\/products\/steel-construction\/long-products\/\"},{\"@type\":\"ListItem\",\"position\":5,\"name\":\"Profils en U\"}]},{\"@type\":\"WebSite\",\"@id\":\"https:\/\/inaxmetal.com\/fr\/#website\",\"url\":\"https:\/\/inaxmetal.com\/fr\/\",\"name\":\"\u0130nax Metal\",\"description\":\"\",\"potentialAction\":[{\"@type\":\"SearchAction\",\"target\":{\"@type\":\"EntryPoint\",\"urlTemplate\":\"https:\/\/inaxmetal.com\/fr\/?s={search_term_string}\"},\"query-input\":{\"@type\":\"PropertyValueSpecification\",\"valueRequired\":true,\"valueName\":\"search_term_string\"}}],\"inLanguage\":\"fr-FR\"}]}<\/script>\n<!-- \/ Yoast SEO plugin. -->","yoast_head_json":{"title":"Profils en U - \u0130nax Metal","robots":{"index":"index","follow":"follow","max-snippet":"max-snippet:-1","max-image-preview":"max-image-preview:large","max-video-preview":"max-video-preview:-1"},"canonical":"https:\/\/inaxmetal.com\/fr\/produits\/construction-en-acier\/produits-longs\/profils-en-u\/","og_locale":"fr_FR","og_type":"article","og_title":"Profils en U - \u0130nax Metal","og_description":"Zones d&rsquo;utilisation B\u00e2timents Construction Infrastructure Projets Architecturale Applications Machinerie et \u00c9quipement Ferme \u00c9quipement Mat\u00e9riau Manutention \u00c9quipement Profils en U Dimension Dimension Poids Profil h (mm) b (mm) s (mm) t (mm) kg \/m UPN 50&#215;25 50 25 5 6 3,86 UPN 50&#215;38 50 38 5 7 5,59 UPN 60 60 30 6 6 5,07 UPN [&hellip;]","og_url":"https:\/\/inaxmetal.com\/fr\/produits\/construction-en-acier\/produits-longs\/profils-en-u\/","og_site_name":"\u0130nax Metal","article_modified_time":"2025-01-04T12:28:46+00:00","og_image":[{"width":600,"height":600,"url":"https:\/\/inaxmetal.com\/wp-content\/uploads\/2024\/05\/square-bars.webp","type":"image\/webp"}],"twitter_card":"summary_large_image","schema":{"@context":"https:\/\/schema.org","@graph":[{"@type":"WebPage","@id":"https:\/\/inaxmetal.com\/fr\/produits\/construction-en-acier\/produits-longs\/profils-en-u\/","url":"https:\/\/inaxmetal.com\/fr\/produits\/construction-en-acier\/produits-longs\/profils-en-u\/","name":"Profils en U - \u0130nax Metal","isPartOf":{"@id":"https:\/\/inaxmetal.com\/fr\/#website"},"primaryImageOfPage":{"@id":"https:\/\/inaxmetal.com\/fr\/produits\/construction-en-acier\/produits-longs\/profils-en-u\/#primaryimage"},"image":{"@id":"https:\/\/inaxmetal.com\/fr\/produits\/construction-en-acier\/produits-longs\/profils-en-u\/#primaryimage"},"thumbnailUrl":"https:\/\/inaxmetal.com\/wp-content\/uploads\/2024\/05\/square-bars.webp","datePublished":"2024-06-04T10:37:12+00:00","dateModified":"2025-01-04T12:28:46+00:00","breadcrumb":{"@id":"https:\/\/inaxmetal.com\/fr\/produits\/construction-en-acier\/produits-longs\/profils-en-u\/#breadcrumb"},"inLanguage":"fr-FR","potentialAction":[{"@type":"ReadAction","target":["https:\/\/inaxmetal.com\/fr\/produits\/construction-en-acier\/produits-longs\/profils-en-u\/"]}]},{"@type":"ImageObject","inLanguage":"fr-FR","@id":"https:\/\/inaxmetal.com\/fr\/produits\/construction-en-acier\/produits-longs\/profils-en-u\/#primaryimage","url":"https:\/\/inaxmetal.com\/wp-content\/uploads\/2024\/05\/square-bars.webp","contentUrl":"https:\/\/inaxmetal.com\/wp-content\/uploads\/2024\/05\/square-bars.webp","width":600,"height":600},{"@type":"BreadcrumbList","@id":"https:\/\/inaxmetal.com\/fr\/produits\/construction-en-acier\/produits-longs\/profils-en-u\/#breadcrumb","itemListElement":[{"@type":"ListItem","position":1,"name":"Home","item":"https:\/\/inaxmetal.com\/fr\/"},{"@type":"ListItem","position":2,"name":"Produits","item":"https:\/\/inaxmetal.com\/fr\/produits\/"},{"@type":"ListItem","position":3,"name":"Construction en acier","item":"https:\/\/inaxmetal.com\/fr\/produits\/construction-en-acier\/"},{"@type":"ListItem","position":4,"name":"Produits Longs","item":"https:\/\/inaxmetal.com\/fr\/products\/steel-construction\/long-products\/"},{"@type":"ListItem","position":5,"name":"Profils en U"}]},{"@type":"WebSite","@id":"https:\/\/inaxmetal.com\/fr\/#website","url":"https:\/\/inaxmetal.com\/fr\/","name":"\u0130nax Metal","description":"","potentialAction":[{"@type":"SearchAction","target":{"@type":"EntryPoint","urlTemplate":"https:\/\/inaxmetal.com\/fr\/?s={search_term_string}"},"query-input":{"@type":"PropertyValueSpecification","valueRequired":true,"valueName":"search_term_string"}}],"inLanguage":"fr-FR"}]}},"_links":{"self":[{"href":"https:\/\/inaxmetal.com\/fr\/wp-json\/wp\/v2\/pages\/2986","targetHints":{"allow":["GET"]}}],"collection":[{"href":"https:\/\/inaxmetal.com\/fr\/wp-json\/wp\/v2\/pages"}],"about":[{"href":"https:\/\/inaxmetal.com\/fr\/wp-json\/wp\/v2\/types\/page"}],"author":[{"embeddable":true,"href":"https:\/\/inaxmetal.com\/fr\/wp-json\/wp\/v2\/users\/3"}],"replies":[{"embeddable":true,"href":"https:\/\/inaxmetal.com\/fr\/wp-json\/wp\/v2\/comments?post=2986"}],"version-history":[{"count":1,"href":"https:\/\/inaxmetal.com\/fr\/wp-json\/wp\/v2\/pages\/2986\/revisions"}],"predecessor-version":[{"id":2987,"href":"https:\/\/inaxmetal.com\/fr\/wp-json\/wp\/v2\/pages\/2986\/revisions\/2987"}],"up":[{"embeddable":true,"href":"https:\/\/inaxmetal.com\/fr\/wp-json\/wp\/v2\/pages\/2952"}],"wp:featuredmedia":[{"embeddable":true,"href":"https:\/\/inaxmetal.com\/fr\/wp-json\/wp\/v2\/media\/2153"}],"wp:attachment":[{"href":"https:\/\/inaxmetal.com\/fr\/wp-json\/wp\/v2\/media?parent=2986"}],"curies":[{"name":"wp","href":"https:\/\/api.w.org\/{rel}","templated":true}]}}