{"id":3266,"date":"2024-05-13T14:15:19","date_gmt":"2024-05-13T11:15:19","guid":{"rendered":"https:\/\/inaxmetal.com\/proizvodi\/ostali\/dodatna-oprema\/"},"modified":"2025-02-20T14:17:49","modified_gmt":"2025-02-20T11:17:49","slug":"dodatna-oprema","status":"publish","type":"page","link":"https:\/\/inaxmetal.com\/sr\/proizvodi\/ostali\/dodatna-oprema\/","title":{"rendered":"Dodatna oprema"},"content":{"rendered":"\t\t<div data-elementor-type=\"wp-page\" data-elementor-id=\"3266\" class=\"elementor elementor-3266 elementor-372\" data-elementor-post-type=\"page\">\n\t\t\t\t<div class=\"elementor-element elementor-element-ac00254 e-flex e-con-boxed e-con e-parent\" data-id=\"ac00254\" data-element_type=\"container\">\n\t\t\t\t\t<div class=\"e-con-inner\">\n\t\t\t\t<div class=\"elementor-element elementor-element-220bbde elementor-widget elementor-widget-heading\" data-id=\"220bbde\" data-element_type=\"widget\" data-widget_type=\"heading.default\">\n\t\t\t\t<div class=\"elementor-widget-container\">\n\t\t\t\t\t<h2 class=\"elementor-heading-title elementor-size-default\">Dodatna oprema<\/h2>\t\t\t\t<\/div>\n\t\t\t\t<\/div>\n\t\t\t\t<div class=\"elementor-element elementor-element-89ceb6d elementor-widget elementor-widget-text-editor\" data-id=\"89ceb6d\" data-element_type=\"widget\" data-widget_type=\"text-editor.default\">\n\t\t\t\t<div class=\"elementor-widget-container\">\n\t\t\t\t\t\t\t\t\t<p>Nudimo komplementarnu dodatnu opremu za sve proizvode koje prodajemo<\/p>\n\t\t\t\t\t\t\t\t<\/div>\n\t\t\t\t<\/div>\n\t\t<div class=\"elementor-element elementor-element-d3beba6 e-grid e-con-boxed e-con e-child\" data-id=\"d3beba6\" data-element_type=\"container\">\n\t\t\t\t\t<div class=\"e-con-inner\">\n\t\t<div class=\"elementor-element elementor-element-7a1ff9a e-flex e-con-boxed e-con e-child\" data-id=\"7a1ff9a\" data-element_type=\"container\">\n\t\t\t\t\t<div class=\"e-con-inner\">\n\t\t\t\t<div class=\"elementor-element elementor-element-0d7e978 elementor-widget elementor-widget-image\" data-id=\"0d7e978\" data-element_type=\"widget\" data-widget_type=\"image.default\">\n\t\t\t\t<div class=\"elementor-widget-container\">\n\t\t\t\t\t\t\t\t\t\t\t\t\t\t\t<img fetchpriority=\"high\" decoding=\"async\" width=\"640\" height=\"640\" src=\"https:\/\/inaxmetal.com\/wp-content\/uploads\/2024\/05\/sandwich-panel-roof-exit-window_1-1024x1024.webp\" class=\"attachment-large size-large wp-image-3267\" alt=\"\" srcset=\"https:\/\/inaxmetal.com\/wp-content\/uploads\/2024\/05\/sandwich-panel-roof-exit-window_1-1024x1024.webp 1024w, https:\/\/inaxmetal.com\/wp-content\/uploads\/2024\/05\/sandwich-panel-roof-exit-window_1-300x300.webp 300w, https:\/\/inaxmetal.com\/wp-content\/uploads\/2024\/05\/sandwich-panel-roof-exit-window_1-150x150.webp 150w, https:\/\/inaxmetal.com\/wp-content\/uploads\/2024\/05\/sandwich-panel-roof-exit-window_1-768x768.webp 768w, https:\/\/inaxmetal.com\/wp-content\/uploads\/2024\/05\/sandwich-panel-roof-exit-window_1.webp 1280w\" sizes=\"(max-width: 640px) 100vw, 640px\" \/>\t\t\t\t\t\t\t\t\t\t\t\t\t\t\t<\/div>\n\t\t\t\t<\/div>\n\t\t\t\t<div class=\"elementor-element elementor-element-f9f0716 elementor-widget elementor-widget-heading\" data-id=\"f9f0716\" data-element_type=\"widget\" data-widget_type=\"heading.default\">\n\t\t\t\t<div class=\"elementor-widget-container\">\n\t\t\t\t\t<h3 class=\"elementor-heading-title elementor-size-default\">Krovni prozori<\/h3>\t\t\t\t<\/div>\n\t\t\t\t<\/div>\n\t\t\t\t\t<\/div>\n\t\t\t\t<\/div>\n\t\t<div class=\"elementor-element elementor-element-0b62f7f e-flex e-con-boxed e-con e-child\" data-id=\"0b62f7f\" data-element_type=\"container\">\n\t\t\t\t\t<div class=\"e-con-inner\">\n\t\t\t\t<div class=\"elementor-element elementor-element-19ccc7d elementor-widget elementor-widget-image\" data-id=\"19ccc7d\" data-element_type=\"widget\" data-widget_type=\"image.default\">\n\t\t\t\t<div class=\"elementor-widget-container\">\n\t\t\t\t\t\t\t\t\t\t\t\t\t\t\t<img decoding=\"async\" width=\"600\" height=\"600\" src=\"https:\/\/inaxmetal.com\/wp-content\/uploads\/2024\/05\/ridges.webp\" class=\"attachment-large size-large wp-image-3271\" alt=\"\" srcset=\"https:\/\/inaxmetal.com\/wp-content\/uploads\/2024\/05\/ridges.webp 600w, https:\/\/inaxmetal.com\/wp-content\/uploads\/2024\/05\/ridges-300x300.webp 300w, https:\/\/inaxmetal.com\/wp-content\/uploads\/2024\/05\/ridges-150x150.webp 150w\" sizes=\"(max-width: 600px) 100vw, 600px\" \/>\t\t\t\t\t\t\t\t\t\t\t\t\t\t\t<\/div>\n\t\t\t\t<\/div>\n\t\t\t\t<div class=\"elementor-element elementor-element-60a76ce elementor-widget elementor-widget-heading\" data-id=\"60a76ce\" data-element_type=\"widget\" data-widget_type=\"heading.default\">\n\t\t\t\t<div class=\"elementor-widget-container\">\n\t\t\t\t\t<h3 class=\"elementor-heading-title elementor-size-default\">Grebeni<\/h3>\t\t\t\t<\/div>\n\t\t\t\t<\/div>\n\t\t\t\t\t<\/div>\n\t\t\t\t<\/div>\n\t\t<div class=\"elementor-element elementor-element-5e79704 e-flex e-con-boxed e-con e-child\" data-id=\"5e79704\" data-element_type=\"container\">\n\t\t\t\t\t<div class=\"e-con-inner\">\n\t\t\t\t<div class=\"elementor-element elementor-element-a0ca6b3 elementor-widget elementor-widget-image\" data-id=\"a0ca6b3\" data-element_type=\"widget\" data-widget_type=\"image.default\">\n\t\t\t\t<div class=\"elementor-widget-container\">\n\t\t\t\t\t\t\t\t\t\t\t\t\t\t\t<img decoding=\"async\" width=\"600\" height=\"600\" src=\"https:\/\/inaxmetal.com\/wp-content\/uploads\/2024\/05\/screws.webp\" class=\"attachment-large size-large wp-image-3270\" alt=\"\" srcset=\"https:\/\/inaxmetal.com\/wp-content\/uploads\/2024\/05\/screws.webp 600w, https:\/\/inaxmetal.com\/wp-content\/uploads\/2024\/05\/screws-300x300.webp 300w, https:\/\/inaxmetal.com\/wp-content\/uploads\/2024\/05\/screws-150x150.webp 150w\" sizes=\"(max-width: 600px) 100vw, 600px\" \/>\t\t\t\t\t\t\t\t\t\t\t\t\t\t\t<\/div>\n\t\t\t\t<\/div>\n\t\t\t\t<div class=\"elementor-element elementor-element-a2f326b elementor-widget elementor-widget-heading\" data-id=\"a2f326b\" data-element_type=\"widget\" data-widget_type=\"heading.default\">\n\t\t\t\t<div class=\"elementor-widget-container\">\n\t\t\t\t\t<h3 class=\"elementor-heading-title elementor-size-default\">\u0160rafovi<\/h3>\t\t\t\t<\/div>\n\t\t\t\t<\/div>\n\t\t\t\t\t<\/div>\n\t\t\t\t<\/div>\n\t\t<div class=\"elementor-element elementor-element-0d762e1 e-flex e-con-boxed e-con e-child\" data-id=\"0d762e1\" data-element_type=\"container\">\n\t\t\t\t\t<div class=\"e-con-inner\">\n\t\t\t\t<div class=\"elementor-element elementor-element-0a85234 elementor-widget elementor-widget-image\" data-id=\"0a85234\" data-element_type=\"widget\" data-widget_type=\"image.default\">\n\t\t\t\t<div class=\"elementor-widget-container\">\n\t\t\t\t\t\t\t\t\t\t\t\t\t\t\t<img loading=\"lazy\" decoding=\"async\" width=\"600\" height=\"600\" src=\"https:\/\/inaxmetal.com\/wp-content\/uploads\/2024\/05\/flashing-products.webp\" class=\"attachment-large size-large wp-image-3268\" alt=\"\" srcset=\"https:\/\/inaxmetal.com\/wp-content\/uploads\/2024\/05\/flashing-products.webp 600w, https:\/\/inaxmetal.com\/wp-content\/uploads\/2024\/05\/flashing-products-300x300.webp 300w, https:\/\/inaxmetal.com\/wp-content\/uploads\/2024\/05\/flashing-products-150x150.webp 150w\" sizes=\"(max-width: 600px) 100vw, 600px\" \/>\t\t\t\t\t\t\t\t\t\t\t\t\t\t\t<\/div>\n\t\t\t\t<\/div>\n\t\t\t\t<div class=\"elementor-element elementor-element-d26b1fa elementor-widget elementor-widget-heading\" data-id=\"d26b1fa\" data-element_type=\"widget\" data-widget_type=\"heading.default\">\n\t\t\t\t<div class=\"elementor-widget-container\">\n\t\t\t\t\t<h3 class=\"elementor-heading-title elementor-size-default\">Podlo\u0161ke<\/h3>\t\t\t\t<\/div>\n\t\t\t\t<\/div>\n\t\t\t\t\t<\/div>\n\t\t\t\t<\/div>\n\t\t<div class=\"elementor-element elementor-element-b7e7b6d e-flex e-con-boxed e-con e-child\" data-id=\"b7e7b6d\" data-element_type=\"container\">\n\t\t\t\t\t<div class=\"e-con-inner\">\n\t\t\t\t<div class=\"elementor-element elementor-element-a9d33d9 elementor-widget elementor-widget-image\" data-id=\"a9d33d9\" data-element_type=\"widget\" data-widget_type=\"image.default\">\n\t\t\t\t<div class=\"elementor-widget-container\">\n\t\t\t\t\t\t\t\t\t\t\t\t\t\t\t<img loading=\"lazy\" decoding=\"async\" width=\"600\" height=\"600\" src=\"https:\/\/inaxmetal.com\/wp-content\/uploads\/2024\/05\/corner-panel.webp\" class=\"attachment-large size-large wp-image-3269\" alt=\"\" srcset=\"https:\/\/inaxmetal.com\/wp-content\/uploads\/2024\/05\/corner-panel.webp 600w, https:\/\/inaxmetal.com\/wp-content\/uploads\/2024\/05\/corner-panel-300x300.webp 300w, https:\/\/inaxmetal.com\/wp-content\/uploads\/2024\/05\/corner-panel-150x150.webp 150w\" sizes=\"(max-width: 600px) 100vw, 600px\" \/>\t\t\t\t\t\t\t\t\t\t\t\t\t\t\t<\/div>\n\t\t\t\t<\/div>\n\t\t\t\t<div class=\"elementor-element elementor-element-12e07e1 elementor-widget elementor-widget-heading\" data-id=\"12e07e1\" data-element_type=\"widget\" data-widget_type=\"heading.default\">\n\t\t\t\t<div class=\"elementor-widget-container\">\n\t\t\t\t\t<h3 class=\"elementor-heading-title elementor-size-default\">Ugaoni paneli<\/h3>\t\t\t\t<\/div>\n\t\t\t\t<\/div>\n\t\t\t\t\t<\/div>\n\t\t\t\t<\/div>\n\t\t<div class=\"elementor-element elementor-element-e401cab e-flex e-con-boxed e-con e-child\" data-id=\"e401cab\" data-element_type=\"container\">\n\t\t\t\t\t<div class=\"e-con-inner\">\n\t\t\t\t<div class=\"elementor-element elementor-element-09d2a3f elementor-widget elementor-widget-image\" data-id=\"09d2a3f\" data-element_type=\"widget\" data-widget_type=\"image.default\">\n\t\t\t\t<div class=\"elementor-widget-container\">\n\t\t\t\t\t\t\t\t\t\t\t\t\t\t\t<img loading=\"lazy\" decoding=\"async\" width=\"640\" height=\"640\" src=\"https:\/\/inaxmetal.com\/wp-content\/uploads\/2024\/05\/mahya-group.webp\" class=\"attachment-large size-large wp-image-3428\" alt=\"\" srcset=\"https:\/\/inaxmetal.com\/wp-content\/uploads\/2024\/05\/mahya-group.webp 1000w, https:\/\/inaxmetal.com\/wp-content\/uploads\/2024\/05\/mahya-group-300x300.webp 300w, https:\/\/inaxmetal.com\/wp-content\/uploads\/2024\/05\/mahya-group-150x150.webp 150w, https:\/\/inaxmetal.com\/wp-content\/uploads\/2024\/05\/mahya-group-768x768.webp 768w\" sizes=\"(max-width: 640px) 100vw, 640px\" \/>\t\t\t\t\t\t\t\t\t\t\t\t\t\t\t<\/div>\n\t\t\t\t<\/div>\n\t\t\t\t<div class=\"elementor-element elementor-element-21cc599 elementor-widget elementor-widget-heading\" data-id=\"21cc599\" data-element_type=\"widget\" data-widget_type=\"heading.default\">\n\t\t\t\t<div class=\"elementor-widget-container\">\n\t\t\t\t\t<h3 class=\"elementor-heading-title elementor-size-default\">\u0160rafovske kape<\/h3>\t\t\t\t<\/div>\n\t\t\t\t<\/div>\n\t\t\t\t\t<\/div>\n\t\t\t\t<\/div>\n\t\t\t\t\t<\/div>\n\t\t\t\t<\/div>\n\t\t\t\t\t<\/div>\n\t\t\t\t<\/div>\n\t\t\t\t<\/div>\n\t\t","protected":false},"excerpt":{"rendered":"<p>Dodatna oprema Nudimo komplementarnu dodatnu opremu za sve proizvode koje prodajemo Krovni prozori Grebeni \u0160rafovi Podlo\u0161ke Ugaoni paneli \u0160rafovske kape<\/p>\n","protected":false},"author":3,"featured_media":3267,"parent":3263,"menu_order":0,"comment_status":"closed","ping_status":"closed","template":"","meta":{"footnotes":""},"class_list":["post-3266","page","type-page","status-publish","has-post-thumbnail","hentry"],"yoast_head":"<!-- This site is optimized with the Yoast SEO plugin v26.7 - https:\/\/yoast.com\/wordpress\/plugins\/seo\/ -->\n<title>Dodatna oprema - \u0130nax Metal<\/title>\n<meta name=\"description\" content=\"Nudimo komplementarnu dodatnu opremu za sve proizvode koje prodajemo. Izlazni prozori na krovu, grebeni, zavrtnji, op\u0161ivke, ugaone plo\u010de i jo\u0161 mnogo toga.\" \/>\n<meta name=\"robots\" content=\"index, follow, max-snippet:-1, max-image-preview:large, max-video-preview:-1\" \/>\n<link rel=\"canonical\" href=\"https:\/\/inaxmetal.com\/sr\/proizvodi\/ostali\/dodatna-oprema\/\" \/>\n<meta property=\"og:locale\" content=\"sr_RS\" \/>\n<meta property=\"og:type\" content=\"article\" \/>\n<meta property=\"og:title\" content=\"Dodatna oprema - \u0130nax Metal\" \/>\n<meta property=\"og:description\" content=\"Nudimo komplementarnu dodatnu opremu za sve proizvode koje prodajemo. Izlazni prozori na krovu, grebeni, zavrtnji, op\u0161ivke, ugaone plo\u010de i jo\u0161 mnogo toga.\" \/>\n<meta property=\"og:url\" content=\"https:\/\/inaxmetal.com\/sr\/proizvodi\/ostali\/dodatna-oprema\/\" \/>\n<meta property=\"og:site_name\" content=\"\u0130nax Metal\" \/>\n<meta property=\"article:modified_time\" content=\"2025-02-20T11:17:49+00:00\" \/>\n<meta property=\"og:image\" content=\"https:\/\/inaxmetal.com\/wp-content\/uploads\/2024\/05\/sandwich-panel-roof-exit-window_1.webp\" \/>\n\t<meta property=\"og:image:width\" content=\"1280\" \/>\n\t<meta property=\"og:image:height\" content=\"1280\" \/>\n\t<meta property=\"og:image:type\" content=\"image\/webp\" \/>\n<meta name=\"twitter:card\" content=\"summary_large_image\" \/>\n<script type=\"application\/ld+json\" class=\"yoast-schema-graph\">{\"@context\":\"https:\/\/schema.org\",\"@graph\":[{\"@type\":\"WebPage\",\"@id\":\"https:\/\/inaxmetal.com\/sr\/proizvodi\/ostali\/dodatna-oprema\/\",\"url\":\"https:\/\/inaxmetal.com\/sr\/proizvodi\/ostali\/dodatna-oprema\/\",\"name\":\"Dodatna oprema - \u0130nax Metal\",\"isPartOf\":{\"@id\":\"https:\/\/inaxmetal.com\/sr\/#website\"},\"primaryImageOfPage\":{\"@id\":\"https:\/\/inaxmetal.com\/sr\/proizvodi\/ostali\/dodatna-oprema\/#primaryimage\"},\"image\":{\"@id\":\"https:\/\/inaxmetal.com\/sr\/proizvodi\/ostali\/dodatna-oprema\/#primaryimage\"},\"thumbnailUrl\":\"https:\/\/inaxmetal.com\/wp-content\/uploads\/2024\/05\/sandwich-panel-roof-exit-window_1.webp\",\"datePublished\":\"2024-05-13T11:15:19+00:00\",\"dateModified\":\"2025-02-20T11:17:49+00:00\",\"description\":\"Nudimo komplementarnu dodatnu opremu za sve proizvode koje prodajemo. Izlazni prozori na krovu, grebeni, zavrtnji, op\u0161ivke, ugaone plo\u010de i jo\u0161 mnogo toga.\",\"breadcrumb\":{\"@id\":\"https:\/\/inaxmetal.com\/sr\/proizvodi\/ostali\/dodatna-oprema\/#breadcrumb\"},\"inLanguage\":\"sr-RS\",\"potentialAction\":[{\"@type\":\"ReadAction\",\"target\":[\"https:\/\/inaxmetal.com\/sr\/proizvodi\/ostali\/dodatna-oprema\/\"]}]},{\"@type\":\"ImageObject\",\"inLanguage\":\"sr-RS\",\"@id\":\"https:\/\/inaxmetal.com\/sr\/proizvodi\/ostali\/dodatna-oprema\/#primaryimage\",\"url\":\"https:\/\/inaxmetal.com\/wp-content\/uploads\/2024\/05\/sandwich-panel-roof-exit-window_1.webp\",\"contentUrl\":\"https:\/\/inaxmetal.com\/wp-content\/uploads\/2024\/05\/sandwich-panel-roof-exit-window_1.webp\",\"width\":1280,\"height\":1280},{\"@type\":\"BreadcrumbList\",\"@id\":\"https:\/\/inaxmetal.com\/sr\/proizvodi\/ostali\/dodatna-oprema\/#breadcrumb\",\"itemListElement\":[{\"@type\":\"ListItem\",\"position\":1,\"name\":\"Home\",\"item\":\"https:\/\/inaxmetal.com\/sr\/\"},{\"@type\":\"ListItem\",\"position\":2,\"name\":\"Proizvodi\",\"item\":\"https:\/\/inaxmetal.com\/sr\/proizvodi\/\"},{\"@type\":\"ListItem\",\"position\":3,\"name\":\"Ostali\",\"item\":\"https:\/\/inaxmetal.com\/sr\/proizvodi\/ostali\/\"},{\"@type\":\"ListItem\",\"position\":4,\"name\":\"Dodatna oprema\"}]},{\"@type\":\"WebSite\",\"@id\":\"https:\/\/inaxmetal.com\/sr\/#website\",\"url\":\"https:\/\/inaxmetal.com\/sr\/\",\"name\":\"\u0130nax Metal\",\"description\":\"\",\"potentialAction\":[{\"@type\":\"SearchAction\",\"target\":{\"@type\":\"EntryPoint\",\"urlTemplate\":\"https:\/\/inaxmetal.com\/sr\/?s={search_term_string}\"},\"query-input\":{\"@type\":\"PropertyValueSpecification\",\"valueRequired\":true,\"valueName\":\"search_term_string\"}}],\"inLanguage\":\"sr-RS\"}]}<\/script>\n<!-- \/ Yoast SEO plugin. -->","yoast_head_json":{"title":"Dodatna oprema - \u0130nax Metal","description":"Nudimo komplementarnu dodatnu opremu za sve proizvode koje prodajemo. Izlazni prozori na krovu, grebeni, zavrtnji, op\u0161ivke, ugaone plo\u010de i jo\u0161 mnogo toga.","robots":{"index":"index","follow":"follow","max-snippet":"max-snippet:-1","max-image-preview":"max-image-preview:large","max-video-preview":"max-video-preview:-1"},"canonical":"https:\/\/inaxmetal.com\/sr\/proizvodi\/ostali\/dodatna-oprema\/","og_locale":"sr_RS","og_type":"article","og_title":"Dodatna oprema - \u0130nax Metal","og_description":"Nudimo komplementarnu dodatnu opremu za sve proizvode koje prodajemo. Izlazni prozori na krovu, grebeni, zavrtnji, op\u0161ivke, ugaone plo\u010de i jo\u0161 mnogo toga.","og_url":"https:\/\/inaxmetal.com\/sr\/proizvodi\/ostali\/dodatna-oprema\/","og_site_name":"\u0130nax Metal","article_modified_time":"2025-02-20T11:17:49+00:00","og_image":[{"width":1280,"height":1280,"url":"https:\/\/inaxmetal.com\/wp-content\/uploads\/2024\/05\/sandwich-panel-roof-exit-window_1.webp","type":"image\/webp"}],"twitter_card":"summary_large_image","schema":{"@context":"https:\/\/schema.org","@graph":[{"@type":"WebPage","@id":"https:\/\/inaxmetal.com\/sr\/proizvodi\/ostali\/dodatna-oprema\/","url":"https:\/\/inaxmetal.com\/sr\/proizvodi\/ostali\/dodatna-oprema\/","name":"Dodatna oprema - \u0130nax Metal","isPartOf":{"@id":"https:\/\/inaxmetal.com\/sr\/#website"},"primaryImageOfPage":{"@id":"https:\/\/inaxmetal.com\/sr\/proizvodi\/ostali\/dodatna-oprema\/#primaryimage"},"image":{"@id":"https:\/\/inaxmetal.com\/sr\/proizvodi\/ostali\/dodatna-oprema\/#primaryimage"},"thumbnailUrl":"https:\/\/inaxmetal.com\/wp-content\/uploads\/2024\/05\/sandwich-panel-roof-exit-window_1.webp","datePublished":"2024-05-13T11:15:19+00:00","dateModified":"2025-02-20T11:17:49+00:00","description":"Nudimo komplementarnu dodatnu opremu za sve proizvode koje prodajemo. Izlazni prozori na krovu, grebeni, zavrtnji, op\u0161ivke, ugaone plo\u010de i jo\u0161 mnogo toga.","breadcrumb":{"@id":"https:\/\/inaxmetal.com\/sr\/proizvodi\/ostali\/dodatna-oprema\/#breadcrumb"},"inLanguage":"sr-RS","potentialAction":[{"@type":"ReadAction","target":["https:\/\/inaxmetal.com\/sr\/proizvodi\/ostali\/dodatna-oprema\/"]}]},{"@type":"ImageObject","inLanguage":"sr-RS","@id":"https:\/\/inaxmetal.com\/sr\/proizvodi\/ostali\/dodatna-oprema\/#primaryimage","url":"https:\/\/inaxmetal.com\/wp-content\/uploads\/2024\/05\/sandwich-panel-roof-exit-window_1.webp","contentUrl":"https:\/\/inaxmetal.com\/wp-content\/uploads\/2024\/05\/sandwich-panel-roof-exit-window_1.webp","width":1280,"height":1280},{"@type":"BreadcrumbList","@id":"https:\/\/inaxmetal.com\/sr\/proizvodi\/ostali\/dodatna-oprema\/#breadcrumb","itemListElement":[{"@type":"ListItem","position":1,"name":"Home","item":"https:\/\/inaxmetal.com\/sr\/"},{"@type":"ListItem","position":2,"name":"Proizvodi","item":"https:\/\/inaxmetal.com\/sr\/proizvodi\/"},{"@type":"ListItem","position":3,"name":"Ostali","item":"https:\/\/inaxmetal.com\/sr\/proizvodi\/ostali\/"},{"@type":"ListItem","position":4,"name":"Dodatna oprema"}]},{"@type":"WebSite","@id":"https:\/\/inaxmetal.com\/sr\/#website","url":"https:\/\/inaxmetal.com\/sr\/","name":"\u0130nax Metal","description":"","potentialAction":[{"@type":"SearchAction","target":{"@type":"EntryPoint","urlTemplate":"https:\/\/inaxmetal.com\/sr\/?s={search_term_string}"},"query-input":{"@type":"PropertyValueSpecification","valueRequired":true,"valueName":"search_term_string"}}],"inLanguage":"sr-RS"}]}},"_links":{"self":[{"href":"https:\/\/inaxmetal.com\/sr\/wp-json\/wp\/v2\/pages\/3266","targetHints":{"allow":["GET"]}}],"collection":[{"href":"https:\/\/inaxmetal.com\/sr\/wp-json\/wp\/v2\/pages"}],"about":[{"href":"https:\/\/inaxmetal.com\/sr\/wp-json\/wp\/v2\/types\/page"}],"author":[{"embeddable":true,"href":"https:\/\/inaxmetal.com\/sr\/wp-json\/wp\/v2\/users\/3"}],"replies":[{"embeddable":true,"href":"https:\/\/inaxmetal.com\/sr\/wp-json\/wp\/v2\/comments?post=3266"}],"version-history":[{"count":1,"href":"https:\/\/inaxmetal.com\/sr\/wp-json\/wp\/v2\/pages\/3266\/revisions"}],"predecessor-version":[{"id":3272,"href":"https:\/\/inaxmetal.com\/sr\/wp-json\/wp\/v2\/pages\/3266\/revisions\/3272"}],"up":[{"embeddable":true,"href":"https:\/\/inaxmetal.com\/sr\/wp-json\/wp\/v2\/pages\/3263"}],"wp:featuredmedia":[{"embeddable":true,"href":"https:\/\/inaxmetal.com\/sr\/wp-json\/wp\/v2\/media\/3267"}],"wp:attachment":[{"href":"https:\/\/inaxmetal.com\/sr\/wp-json\/wp\/v2\/media?parent=3266"}],"curies":[{"name":"wp","href":"https:\/\/api.w.org\/{rel}","templated":true}]}}