{"id":3316,"date":"2024-05-13T13:32:23","date_gmt":"2024-05-13T10:32:23","guid":{"rendered":"https:\/\/inaxmetal.com\/proizvodi\/celicna-konstrukcija\/ravni-proizvodi\/"},"modified":"2025-03-07T22:23:09","modified_gmt":"2025-03-07T19:23:09","slug":"ravni-proizvodi","status":"publish","type":"page","link":"https:\/\/inaxmetal.com\/sr\/proizvodi\/celicna-konstrukcija\/ravni-proizvodi\/","title":{"rendered":"Ravni proizvodi"},"content":{"rendered":"\t\t<div data-elementor-type=\"wp-page\" data-elementor-id=\"3316\" class=\"elementor elementor-3316 elementor-340\" data-elementor-post-type=\"page\">\n\t\t\t\t<div class=\"elementor-element elementor-element-ba791a7 e-flex e-con-boxed e-con e-parent\" data-id=\"ba791a7\" data-element_type=\"container\">\n\t\t\t\t\t<div class=\"e-con-inner\">\n\t\t\t\t<div class=\"elementor-element elementor-element-3bc1d0e elementor-widget elementor-widget-heading\" data-id=\"3bc1d0e\" data-element_type=\"widget\" data-widget_type=\"heading.default\">\n\t\t\t\t<div class=\"elementor-widget-container\">\n\t\t\t\t\t<h2 class=\"elementor-heading-title elementor-size-default\">Ravni proizvodi<\/h2>\t\t\t\t<\/div>\n\t\t\t\t<\/div>\n\t\t\t\t<div class=\"elementor-element elementor-element-d192b8a elementor-widget elementor-widget-text-editor\" data-id=\"d192b8a\" data-element_type=\"widget\" data-widget_type=\"text-editor.default\">\n\t\t\t\t<div class=\"elementor-widget-container\">\n\t\t\t\t\t\t\t\t\t<p>Plosnati proizvodi pogodni za va\u0161e potrebe<\/p>\n\t\t\t\t\t\t\t\t<\/div>\n\t\t\t\t<\/div>\n\t\t<div class=\"elementor-element elementor-element-556a9d7 e-grid e-con-boxed e-con e-child\" data-id=\"556a9d7\" data-element_type=\"container\">\n\t\t\t\t\t<div class=\"e-con-inner\">\n\t\t<a class=\"elementor-element elementor-element-0494ab0 e-flex e-con-boxed e-con e-child\" data-id=\"0494ab0\" data-element_type=\"container\" href=\"https:\/\/inaxmetal.com\/sr\/proizvodi\/celicna-konstrukcija\/ravni-proizvodi\/unapred-ofarbani-pocinkovani-koturovi-i-limovi\/\">\n\t\t\t\t\t<div class=\"e-con-inner\">\n\t\t\t\t<div class=\"elementor-element elementor-element-fab1e75 elementor-widget elementor-widget-image\" data-id=\"fab1e75\" data-element_type=\"widget\" data-widget_type=\"image.default\">\n\t\t\t\t<div class=\"elementor-widget-container\">\n\t\t\t\t\t\t\t\t\t\t\t\t\t\t\t<img fetchpriority=\"high\" decoding=\"async\" width=\"600\" height=\"600\" src=\"https:\/\/inaxmetal.com\/wp-content\/uploads\/2024\/05\/prepainted-galvanized-products.webp\" class=\"attachment-large size-large wp-image-3317\" alt=\"\" srcset=\"https:\/\/inaxmetal.com\/wp-content\/uploads\/2024\/05\/prepainted-galvanized-products.webp 600w, https:\/\/inaxmetal.com\/wp-content\/uploads\/2024\/05\/prepainted-galvanized-products-300x300.webp 300w, https:\/\/inaxmetal.com\/wp-content\/uploads\/2024\/05\/prepainted-galvanized-products-150x150.webp 150w\" sizes=\"(max-width: 600px) 100vw, 600px\" \/>\t\t\t\t\t\t\t\t\t\t\t\t\t\t\t<\/div>\n\t\t\t\t<\/div>\n\t\t\t\t<div class=\"elementor-element elementor-element-c8c4a46 elementor-widget elementor-widget-heading\" data-id=\"c8c4a46\" data-element_type=\"widget\" data-widget_type=\"heading.default\">\n\t\t\t\t<div class=\"elementor-widget-container\">\n\t\t\t\t\t<h3 class=\"elementor-heading-title elementor-size-default\">Prebojani Pocinkovani Proizvodi (PPGI) <\/h3>\t\t\t\t<\/div>\n\t\t\t\t<\/div>\n\t\t\t\t\t<\/div>\n\t\t\t\t<\/a>\n\t\t<a class=\"elementor-element elementor-element-75836c8 e-flex e-con-boxed e-con e-child\" data-id=\"75836c8\" data-element_type=\"container\" href=\"https:\/\/inaxmetal.com\/sr\/proizvodi\/celicna-konstrukcija\/ravni-proizvodi\/pocinkovani-koturovi-i-limovi\/\">\n\t\t\t\t\t<div class=\"e-con-inner\">\n\t\t\t\t<div class=\"elementor-element elementor-element-1ea3cd4 elementor-widget elementor-widget-image\" data-id=\"1ea3cd4\" data-element_type=\"widget\" data-widget_type=\"image.default\">\n\t\t\t\t<div class=\"elementor-widget-container\">\n\t\t\t\t\t\t\t\t\t\t\t\t\t\t\t<img decoding=\"async\" width=\"600\" height=\"600\" src=\"https:\/\/inaxmetal.com\/wp-content\/uploads\/2024\/06\/metal-galvanized-products.webp\" class=\"attachment-large size-large wp-image-3331\" alt=\"\" srcset=\"https:\/\/inaxmetal.com\/wp-content\/uploads\/2024\/06\/metal-galvanized-products.webp 600w, https:\/\/inaxmetal.com\/wp-content\/uploads\/2024\/06\/metal-galvanized-products-300x300.webp 300w\" sizes=\"(max-width: 600px) 100vw, 600px\" \/>\t\t\t\t\t\t\t\t\t\t\t\t\t\t\t<\/div>\n\t\t\t\t<\/div>\n\t\t\t\t<div class=\"elementor-element elementor-element-bbcf97a elementor-widget elementor-widget-heading\" data-id=\"bbcf97a\" data-element_type=\"widget\" data-widget_type=\"heading.default\">\n\t\t\t\t<div class=\"elementor-widget-container\">\n\t\t\t\t\t<h3 class=\"elementor-heading-title elementor-size-default\">Pocinkovani proizvodi<\/h3>\t\t\t\t<\/div>\n\t\t\t\t<\/div>\n\t\t\t\t\t<\/div>\n\t\t\t\t<\/a>\n\t\t<a class=\"elementor-element elementor-element-4e863dd e-flex e-con-boxed e-con e-child\" data-id=\"4e863dd\" data-element_type=\"container\" href=\"https:\/\/inaxmetal.com\/sr\/proizvodi\/celicna-konstrukcija\/ravni-proizvodi\/toplo-valjani-koturovi-i-limovi\/\">\n\t\t\t\t\t<div class=\"e-con-inner\">\n\t\t\t\t<div class=\"elementor-element elementor-element-4b73917 elementor-widget elementor-widget-image\" data-id=\"4b73917\" data-element_type=\"widget\" data-widget_type=\"image.default\">\n\t\t\t\t<div class=\"elementor-widget-container\">\n\t\t\t\t\t\t\t\t\t\t\t\t\t\t\t<img decoding=\"async\" width=\"600\" height=\"600\" src=\"https:\/\/inaxmetal.com\/wp-content\/uploads\/2024\/05\/hot-rolled-products.webp\" class=\"attachment-large size-large wp-image-3319\" alt=\"\" srcset=\"https:\/\/inaxmetal.com\/wp-content\/uploads\/2024\/05\/hot-rolled-products.webp 600w, https:\/\/inaxmetal.com\/wp-content\/uploads\/2024\/05\/hot-rolled-products-300x300.webp 300w, https:\/\/inaxmetal.com\/wp-content\/uploads\/2024\/05\/hot-rolled-products-150x150.webp 150w\" sizes=\"(max-width: 600px) 100vw, 600px\" \/>\t\t\t\t\t\t\t\t\t\t\t\t\t\t\t<\/div>\n\t\t\t\t<\/div>\n\t\t\t\t<div class=\"elementor-element elementor-element-4c83f89 elementor-widget elementor-widget-heading\" data-id=\"4c83f89\" data-element_type=\"widget\" data-widget_type=\"heading.default\">\n\t\t\t\t<div class=\"elementor-widget-container\">\n\t\t\t\t\t<h3 class=\"elementor-heading-title elementor-size-default\">Toplo Valjani Proizvodi<\/h3>\t\t\t\t<\/div>\n\t\t\t\t<\/div>\n\t\t\t\t\t<\/div>\n\t\t\t\t<\/a>\n\t\t<a class=\"elementor-element elementor-element-8b9a431 e-flex e-con-boxed e-con e-child\" data-id=\"8b9a431\" data-element_type=\"container\" href=\"https:\/\/inaxmetal.com\/sr\/proizvodi\/celicna-konstrukcija\/ravni-proizvodi\/hladno-valjani-koturovi-i-limovi\/\">\n\t\t\t\t\t<div class=\"e-con-inner\">\n\t\t\t\t<div class=\"elementor-element elementor-element-84cd268 elementor-widget elementor-widget-image\" data-id=\"84cd268\" data-element_type=\"widget\" data-widget_type=\"image.default\">\n\t\t\t\t<div class=\"elementor-widget-container\">\n\t\t\t\t\t\t\t\t\t\t\t\t\t\t\t<img loading=\"lazy\" decoding=\"async\" width=\"600\" height=\"600\" src=\"https:\/\/inaxmetal.com\/wp-content\/uploads\/2024\/05\/cold-rolled-products.webp\" class=\"attachment-large size-large wp-image-3320\" alt=\"\" srcset=\"https:\/\/inaxmetal.com\/wp-content\/uploads\/2024\/05\/cold-rolled-products.webp 600w, https:\/\/inaxmetal.com\/wp-content\/uploads\/2024\/05\/cold-rolled-products-300x300.webp 300w, https:\/\/inaxmetal.com\/wp-content\/uploads\/2024\/05\/cold-rolled-products-150x150.webp 150w\" sizes=\"(max-width: 600px) 100vw, 600px\" \/>\t\t\t\t\t\t\t\t\t\t\t\t\t\t\t<\/div>\n\t\t\t\t<\/div>\n\t\t\t\t<div class=\"elementor-element elementor-element-0d4e940 elementor-widget elementor-widget-heading\" data-id=\"0d4e940\" data-element_type=\"widget\" data-widget_type=\"heading.default\">\n\t\t\t\t<div class=\"elementor-widget-container\">\n\t\t\t\t\t<h3 class=\"elementor-heading-title elementor-size-default\">Hladno Valjani Proizvodi<\/h3>\t\t\t\t<\/div>\n\t\t\t\t<\/div>\n\t\t\t\t\t<\/div>\n\t\t\t\t<\/a>\n\t\t<a class=\"elementor-element elementor-element-9620fc3 e-flex e-con-boxed e-con e-child\" data-id=\"9620fc3\" data-element_type=\"container\" href=\"https:\/\/inaxmetal.com\/sr\/proizvodi\/celicna-konstrukcija\/ravni-proizvodi\/limovi-od-nerdjajuceg-celika\/\">\n\t\t\t\t\t<div class=\"e-con-inner\">\n\t\t\t\t<div class=\"elementor-element elementor-element-8653ec3 elementor-widget elementor-widget-image\" data-id=\"8653ec3\" data-element_type=\"widget\" data-widget_type=\"image.default\">\n\t\t\t\t<div class=\"elementor-widget-container\">\n\t\t\t\t\t\t\t\t\t\t\t\t\t\t\t<img loading=\"lazy\" decoding=\"async\" width=\"600\" height=\"600\" src=\"https:\/\/inaxmetal.com\/wp-content\/uploads\/2024\/06\/stainless-steel-sheets.webp\" class=\"attachment-large size-large wp-image-3323\" alt=\"\" srcset=\"https:\/\/inaxmetal.com\/wp-content\/uploads\/2024\/06\/stainless-steel-sheets.webp 600w, https:\/\/inaxmetal.com\/wp-content\/uploads\/2024\/06\/stainless-steel-sheets-300x300.webp 300w\" sizes=\"(max-width: 600px) 100vw, 600px\" \/>\t\t\t\t\t\t\t\t\t\t\t\t\t\t\t<\/div>\n\t\t\t\t<\/div>\n\t\t\t\t<div class=\"elementor-element elementor-element-8f18613 elementor-widget elementor-widget-heading\" data-id=\"8f18613\" data-element_type=\"widget\" data-widget_type=\"heading.default\">\n\t\t\t\t<div class=\"elementor-widget-container\">\n\t\t\t\t\t<h3 class=\"elementor-heading-title elementor-size-default\">Limovi Od Ner\u0111aju\u0107eg \u010celika<\/h3>\t\t\t\t<\/div>\n\t\t\t\t<\/div>\n\t\t\t\t\t<\/div>\n\t\t\t\t<\/a>\n\t\t<a class=\"elementor-element elementor-element-d63595b e-flex e-con-boxed e-con e-child\" data-id=\"d63595b\" data-element_type=\"container\" href=\"https:\/\/inaxmetal.com\/sr\/proizvodi\/celicna-konstrukcija\/ravni-proizvodi\/rebraste-ploce\/\">\n\t\t\t\t\t<div class=\"e-con-inner\">\n\t\t\t\t<div class=\"elementor-element elementor-element-f5c0075 elementor-widget elementor-widget-image\" data-id=\"f5c0075\" data-element_type=\"widget\" data-widget_type=\"image.default\">\n\t\t\t\t<div class=\"elementor-widget-container\">\n\t\t\t\t\t\t\t\t\t\t\t\t\t\t\t<img loading=\"lazy\" decoding=\"async\" width=\"600\" height=\"600\" src=\"https:\/\/inaxmetal.com\/wp-content\/uploads\/2024\/05\/chequered-sheets.webp\" class=\"attachment-large size-large wp-image-3322\" alt=\"\" srcset=\"https:\/\/inaxmetal.com\/wp-content\/uploads\/2024\/05\/chequered-sheets.webp 600w, https:\/\/inaxmetal.com\/wp-content\/uploads\/2024\/05\/chequered-sheets-300x300.webp 300w, https:\/\/inaxmetal.com\/wp-content\/uploads\/2024\/05\/chequered-sheets-150x150.webp 150w\" sizes=\"(max-width: 600px) 100vw, 600px\" \/>\t\t\t\t\t\t\t\t\t\t\t\t\t\t\t<\/div>\n\t\t\t\t<\/div>\n\t\t\t\t<div class=\"elementor-element elementor-element-778008a elementor-widget elementor-widget-heading\" data-id=\"778008a\" data-element_type=\"widget\" data-widget_type=\"heading.default\">\n\t\t\t\t<div class=\"elementor-widget-container\">\n\t\t\t\t\t<h3 class=\"elementor-heading-title elementor-size-default\">Rebraste Plo\u010de<\/h3>\t\t\t\t<\/div>\n\t\t\t\t<\/div>\n\t\t\t\t\t<\/div>\n\t\t\t\t<\/a>\n\t\t\t\t\t<\/div>\n\t\t\t\t<\/div>\n\t\t\t\t\t<\/div>\n\t\t\t\t<\/div>\n\t\t\t\t<\/div>\n\t\t","protected":false},"excerpt":{"rendered":"<p>Ravni proizvodi Plosnati proizvodi pogodni za va\u0161e potrebe Prebojani Pocinkovani Proizvodi (PPGI) Pocinkovani proizvodi Toplo Valjani Proizvodi Hladno Valjani Proizvodi Limovi Od Ner\u0111aju\u0107eg \u010celika Rebraste Plo\u010de<\/p>\n","protected":false},"author":3,"featured_media":3251,"parent":3309,"menu_order":0,"comment_status":"closed","ping_status":"closed","template":"","meta":{"footnotes":""},"class_list":["post-3316","page","type-page","status-publish","has-post-thumbnail","hentry"],"yoast_head":"<!-- This site is optimized with the Yoast SEO plugin v26.7 - https:\/\/yoast.com\/wordpress\/plugins\/seo\/ -->\n<title>Ravni proizvodi - \u0130nax Metal<\/title>\n<meta name=\"description\" content=\"Ravni proizvodi pogodni za va\u0161e potrebe, kao \u0161to su galvanizovani proizvodi, toplo valjani proizvodi, hladno valjani proizvodi i jo\u0161 mnogo toga.\" \/>\n<meta name=\"robots\" content=\"index, follow, max-snippet:-1, max-image-preview:large, max-video-preview:-1\" \/>\n<link rel=\"canonical\" href=\"https:\/\/inaxmetal.com\/sr\/proizvodi\/celicna-konstrukcija\/ravni-proizvodi\/\" \/>\n<meta property=\"og:locale\" content=\"sr_RS\" \/>\n<meta property=\"og:type\" content=\"article\" \/>\n<meta property=\"og:title\" content=\"Ravni proizvodi - \u0130nax Metal\" \/>\n<meta property=\"og:description\" content=\"Ravni proizvodi pogodni za va\u0161e potrebe, kao \u0161to su galvanizovani proizvodi, toplo valjani proizvodi, hladno valjani proizvodi i jo\u0161 mnogo toga.\" \/>\n<meta property=\"og:url\" content=\"https:\/\/inaxmetal.com\/sr\/proizvodi\/celicna-konstrukcija\/ravni-proizvodi\/\" \/>\n<meta property=\"og:site_name\" content=\"\u0130nax Metal\" \/>\n<meta property=\"article:modified_time\" content=\"2025-03-07T19:23:09+00:00\" \/>\n<meta property=\"og:image\" content=\"https:\/\/inaxmetal.com\/wp-content\/uploads\/2024\/05\/rolled-sheet.webp\" \/>\n\t<meta property=\"og:image:width\" content=\"600\" \/>\n\t<meta property=\"og:image:height\" content=\"600\" \/>\n\t<meta property=\"og:image:type\" content=\"image\/webp\" \/>\n<meta name=\"twitter:card\" content=\"summary_large_image\" \/>\n<meta name=\"twitter:label1\" content=\"\u041f\u0440\u043e\u0446\u0435\u045a\u0435\u043d\u043e \u0432\u0440\u0435\u043c\u0435 \u0447\u0438\u0442\u0430\u045a\u0430\" \/>\n\t<meta name=\"twitter:data1\" content=\"2 \u043c\u0438\u043d\u0443\u0442\u0430\" \/>\n<script type=\"application\/ld+json\" class=\"yoast-schema-graph\">{\"@context\":\"https:\/\/schema.org\",\"@graph\":[{\"@type\":\"WebPage\",\"@id\":\"https:\/\/inaxmetal.com\/sr\/proizvodi\/celicna-konstrukcija\/ravni-proizvodi\/\",\"url\":\"https:\/\/inaxmetal.com\/sr\/proizvodi\/celicna-konstrukcija\/ravni-proizvodi\/\",\"name\":\"Ravni proizvodi - \u0130nax Metal\",\"isPartOf\":{\"@id\":\"https:\/\/inaxmetal.com\/sr\/#website\"},\"primaryImageOfPage\":{\"@id\":\"https:\/\/inaxmetal.com\/sr\/proizvodi\/celicna-konstrukcija\/ravni-proizvodi\/#primaryimage\"},\"image\":{\"@id\":\"https:\/\/inaxmetal.com\/sr\/proizvodi\/celicna-konstrukcija\/ravni-proizvodi\/#primaryimage\"},\"thumbnailUrl\":\"https:\/\/inaxmetal.com\/wp-content\/uploads\/2024\/05\/rolled-sheet.webp\",\"datePublished\":\"2024-05-13T10:32:23+00:00\",\"dateModified\":\"2025-03-07T19:23:09+00:00\",\"description\":\"Ravni proizvodi pogodni za va\u0161e potrebe, kao \u0161to su galvanizovani proizvodi, toplo valjani proizvodi, hladno valjani proizvodi i jo\u0161 mnogo toga.\",\"breadcrumb\":{\"@id\":\"https:\/\/inaxmetal.com\/sr\/proizvodi\/celicna-konstrukcija\/ravni-proizvodi\/#breadcrumb\"},\"inLanguage\":\"sr-RS\",\"potentialAction\":[{\"@type\":\"ReadAction\",\"target\":[\"https:\/\/inaxmetal.com\/sr\/proizvodi\/celicna-konstrukcija\/ravni-proizvodi\/\"]}]},{\"@type\":\"ImageObject\",\"inLanguage\":\"sr-RS\",\"@id\":\"https:\/\/inaxmetal.com\/sr\/proizvodi\/celicna-konstrukcija\/ravni-proizvodi\/#primaryimage\",\"url\":\"https:\/\/inaxmetal.com\/wp-content\/uploads\/2024\/05\/rolled-sheet.webp\",\"contentUrl\":\"https:\/\/inaxmetal.com\/wp-content\/uploads\/2024\/05\/rolled-sheet.webp\",\"width\":600,\"height\":600},{\"@type\":\"BreadcrumbList\",\"@id\":\"https:\/\/inaxmetal.com\/sr\/proizvodi\/celicna-konstrukcija\/ravni-proizvodi\/#breadcrumb\",\"itemListElement\":[{\"@type\":\"ListItem\",\"position\":1,\"name\":\"Home\",\"item\":\"https:\/\/inaxmetal.com\/sr\/\"},{\"@type\":\"ListItem\",\"position\":2,\"name\":\"Proizvodi\",\"item\":\"https:\/\/inaxmetal.com\/sr\/proizvodi\/\"},{\"@type\":\"ListItem\",\"position\":3,\"name\":\"\u010celi\u010dna konstrukcija\",\"item\":\"https:\/\/inaxmetal.com\/sr\/proizvodi\/celicna-konstrukcija\/\"},{\"@type\":\"ListItem\",\"position\":4,\"name\":\"Ravni proizvodi\"}]},{\"@type\":\"WebSite\",\"@id\":\"https:\/\/inaxmetal.com\/sr\/#website\",\"url\":\"https:\/\/inaxmetal.com\/sr\/\",\"name\":\"\u0130nax Metal\",\"description\":\"\",\"potentialAction\":[{\"@type\":\"SearchAction\",\"target\":{\"@type\":\"EntryPoint\",\"urlTemplate\":\"https:\/\/inaxmetal.com\/sr\/?s={search_term_string}\"},\"query-input\":{\"@type\":\"PropertyValueSpecification\",\"valueRequired\":true,\"valueName\":\"search_term_string\"}}],\"inLanguage\":\"sr-RS\"}]}<\/script>\n<!-- \/ Yoast SEO plugin. -->","yoast_head_json":{"title":"Ravni proizvodi - \u0130nax Metal","description":"Ravni proizvodi pogodni za va\u0161e potrebe, kao \u0161to su galvanizovani proizvodi, toplo valjani proizvodi, hladno valjani proizvodi i jo\u0161 mnogo toga.","robots":{"index":"index","follow":"follow","max-snippet":"max-snippet:-1","max-image-preview":"max-image-preview:large","max-video-preview":"max-video-preview:-1"},"canonical":"https:\/\/inaxmetal.com\/sr\/proizvodi\/celicna-konstrukcija\/ravni-proizvodi\/","og_locale":"sr_RS","og_type":"article","og_title":"Ravni proizvodi - \u0130nax Metal","og_description":"Ravni proizvodi pogodni za va\u0161e potrebe, kao \u0161to su galvanizovani proizvodi, toplo valjani proizvodi, hladno valjani proizvodi i jo\u0161 mnogo toga.","og_url":"https:\/\/inaxmetal.com\/sr\/proizvodi\/celicna-konstrukcija\/ravni-proizvodi\/","og_site_name":"\u0130nax Metal","article_modified_time":"2025-03-07T19:23:09+00:00","og_image":[{"width":600,"height":600,"url":"https:\/\/inaxmetal.com\/wp-content\/uploads\/2024\/05\/rolled-sheet.webp","type":"image\/webp"}],"twitter_card":"summary_large_image","twitter_misc":{"\u041f\u0440\u043e\u0446\u0435\u045a\u0435\u043d\u043e \u0432\u0440\u0435\u043c\u0435 \u0447\u0438\u0442\u0430\u045a\u0430":"2 \u043c\u0438\u043d\u0443\u0442\u0430"},"schema":{"@context":"https:\/\/schema.org","@graph":[{"@type":"WebPage","@id":"https:\/\/inaxmetal.com\/sr\/proizvodi\/celicna-konstrukcija\/ravni-proizvodi\/","url":"https:\/\/inaxmetal.com\/sr\/proizvodi\/celicna-konstrukcija\/ravni-proizvodi\/","name":"Ravni proizvodi - \u0130nax Metal","isPartOf":{"@id":"https:\/\/inaxmetal.com\/sr\/#website"},"primaryImageOfPage":{"@id":"https:\/\/inaxmetal.com\/sr\/proizvodi\/celicna-konstrukcija\/ravni-proizvodi\/#primaryimage"},"image":{"@id":"https:\/\/inaxmetal.com\/sr\/proizvodi\/celicna-konstrukcija\/ravni-proizvodi\/#primaryimage"},"thumbnailUrl":"https:\/\/inaxmetal.com\/wp-content\/uploads\/2024\/05\/rolled-sheet.webp","datePublished":"2024-05-13T10:32:23+00:00","dateModified":"2025-03-07T19:23:09+00:00","description":"Ravni proizvodi pogodni za va\u0161e potrebe, kao \u0161to su galvanizovani proizvodi, toplo valjani proizvodi, hladno valjani proizvodi i jo\u0161 mnogo toga.","breadcrumb":{"@id":"https:\/\/inaxmetal.com\/sr\/proizvodi\/celicna-konstrukcija\/ravni-proizvodi\/#breadcrumb"},"inLanguage":"sr-RS","potentialAction":[{"@type":"ReadAction","target":["https:\/\/inaxmetal.com\/sr\/proizvodi\/celicna-konstrukcija\/ravni-proizvodi\/"]}]},{"@type":"ImageObject","inLanguage":"sr-RS","@id":"https:\/\/inaxmetal.com\/sr\/proizvodi\/celicna-konstrukcija\/ravni-proizvodi\/#primaryimage","url":"https:\/\/inaxmetal.com\/wp-content\/uploads\/2024\/05\/rolled-sheet.webp","contentUrl":"https:\/\/inaxmetal.com\/wp-content\/uploads\/2024\/05\/rolled-sheet.webp","width":600,"height":600},{"@type":"BreadcrumbList","@id":"https:\/\/inaxmetal.com\/sr\/proizvodi\/celicna-konstrukcija\/ravni-proizvodi\/#breadcrumb","itemListElement":[{"@type":"ListItem","position":1,"name":"Home","item":"https:\/\/inaxmetal.com\/sr\/"},{"@type":"ListItem","position":2,"name":"Proizvodi","item":"https:\/\/inaxmetal.com\/sr\/proizvodi\/"},{"@type":"ListItem","position":3,"name":"\u010celi\u010dna konstrukcija","item":"https:\/\/inaxmetal.com\/sr\/proizvodi\/celicna-konstrukcija\/"},{"@type":"ListItem","position":4,"name":"Ravni proizvodi"}]},{"@type":"WebSite","@id":"https:\/\/inaxmetal.com\/sr\/#website","url":"https:\/\/inaxmetal.com\/sr\/","name":"\u0130nax Metal","description":"","potentialAction":[{"@type":"SearchAction","target":{"@type":"EntryPoint","urlTemplate":"https:\/\/inaxmetal.com\/sr\/?s={search_term_string}"},"query-input":{"@type":"PropertyValueSpecification","valueRequired":true,"valueName":"search_term_string"}}],"inLanguage":"sr-RS"}]}},"_links":{"self":[{"href":"https:\/\/inaxmetal.com\/sr\/wp-json\/wp\/v2\/pages\/3316","targetHints":{"allow":["GET"]}}],"collection":[{"href":"https:\/\/inaxmetal.com\/sr\/wp-json\/wp\/v2\/pages"}],"about":[{"href":"https:\/\/inaxmetal.com\/sr\/wp-json\/wp\/v2\/types\/page"}],"author":[{"embeddable":true,"href":"https:\/\/inaxmetal.com\/sr\/wp-json\/wp\/v2\/users\/3"}],"replies":[{"embeddable":true,"href":"https:\/\/inaxmetal.com\/sr\/wp-json\/wp\/v2\/comments?post=3316"}],"version-history":[{"count":4,"href":"https:\/\/inaxmetal.com\/sr\/wp-json\/wp\/v2\/pages\/3316\/revisions"}],"predecessor-version":[{"id":3448,"href":"https:\/\/inaxmetal.com\/sr\/wp-json\/wp\/v2\/pages\/3316\/revisions\/3448"}],"up":[{"embeddable":true,"href":"https:\/\/inaxmetal.com\/sr\/wp-json\/wp\/v2\/pages\/3309"}],"wp:featuredmedia":[{"embeddable":true,"href":"https:\/\/inaxmetal.com\/sr\/wp-json\/wp\/v2\/media\/3251"}],"wp:attachment":[{"href":"https:\/\/inaxmetal.com\/sr\/wp-json\/wp\/v2\/media?parent=3316"}],"curies":[{"name":"wp","href":"https:\/\/api.w.org\/{rel}","templated":true}]}}