{"id":3333,"date":"2024-06-05T10:51:44","date_gmt":"2024-06-05T07:51:44","guid":{"rendered":"https:\/\/inaxmetal.com\/proizvodi\/celicna-konstrukcija\/ravni-proizvodi\/toplo-valjani-koturovi-i-limovi\/"},"modified":"2025-02-27T23:18:26","modified_gmt":"2025-02-27T20:18:26","slug":"toplo-valjani-koturovi-i-limovi","status":"publish","type":"page","link":"https:\/\/inaxmetal.com\/sr\/proizvodi\/celicna-konstrukcija\/ravni-proizvodi\/toplo-valjani-koturovi-i-limovi\/","title":{"rendered":"Toplo Valjani Koturovi i Limovi"},"content":{"rendered":"\t\t<div data-elementor-type=\"wp-page\" data-elementor-id=\"3333\" class=\"elementor elementor-3333 elementor-1653\" data-elementor-post-type=\"page\">\n\t\t\t\t<div class=\"elementor-element elementor-element-7753df0 e-flex e-con-boxed e-con e-parent\" data-id=\"7753df0\" data-element_type=\"container\">\n\t\t\t\t\t<div class=\"e-con-inner\">\n\t\t<div class=\"elementor-element elementor-element-ce850e9 e-con-full e-flex e-con e-child\" data-id=\"ce850e9\" data-element_type=\"container\">\n\t\t\t\t<div class=\"elementor-element elementor-element-833c738 elementor-widget elementor-widget-image\" data-id=\"833c738\" data-element_type=\"widget\" data-widget_type=\"image.default\">\n\t\t\t\t<div class=\"elementor-widget-container\">\n\t\t\t\t\t\t\t\t\t\t\t\t\t\t\t<img fetchpriority=\"high\" decoding=\"async\" width=\"600\" height=\"600\" src=\"https:\/\/inaxmetal.com\/wp-content\/uploads\/2024\/05\/hot-rolled-products.webp\" class=\"attachment-large size-large wp-image-3319\" alt=\"\" srcset=\"https:\/\/inaxmetal.com\/wp-content\/uploads\/2024\/05\/hot-rolled-products.webp 600w, https:\/\/inaxmetal.com\/wp-content\/uploads\/2024\/05\/hot-rolled-products-300x300.webp 300w, https:\/\/inaxmetal.com\/wp-content\/uploads\/2024\/05\/hot-rolled-products-150x150.webp 150w\" sizes=\"(max-width: 600px) 100vw, 600px\" \/>\t\t\t\t\t\t\t\t\t\t\t\t\t\t\t<\/div>\n\t\t\t\t<\/div>\n\t\t\t\t<\/div>\n\t\t<div class=\"elementor-element elementor-element-31b5a11 e-con-full e-flex e-con e-child\" data-id=\"31b5a11\" data-element_type=\"container\">\n\t\t\t\t<div class=\"elementor-element elementor-element-571760b elementor-widget elementor-widget-text-editor\" data-id=\"571760b\" data-element_type=\"widget\" data-widget_type=\"text-editor.default\">\n\t\t\t\t<div class=\"elementor-widget-container\">\n\t\t\t\t\t\t\t\t\t<table dir=\"ltr\" border=\"1\" cellspacing=\"0\" cellpadding=\"0\" data-sheets-root=\"1\"><colgroup> <col width=\"136\"> <col width=\"357\"><\/colgroup>\n<tbody>\n<tr>\n<th colspan=\"2\" rowspan=\"1\" data-sheets-value=\"{\"1\":2,\"2\":\"Hot Rolled Coils &amp; Sheets\"}\">Toplo Valjani Koturovi &amp; Limovi<\/th>\n<\/tr>\n<tr>\n<td data-sheets-value=\"{\"1\":2,\"2\":\"Thickness \"}\">Debljina<\/td>\n<td data-sheets-value=\"{\"1\":2,\"2\":\"From 1,00 mm to 25,4 mm\"}\">Od 1,00 mm do 25,4 mm<\/td>\n<\/tr>\n<tr>\n<td data-sheets-value=\"{\"1\":2,\"2\":\"Width \"}\">\u0160irina\n<\/td><td data-sheets-value=\"{\"1\":2,\"2\":\"From 30 mm to 4500 mm\"}\">Od 30 mm do 4500 mm<\/td>\n<\/tr>\n<tr>\n<td data-sheets-value=\"{\"1\":2,\"2\":\"Coil Inner Diameter\"}\">Unutra\u0161nji Pre\u010dnik Kotura<\/td>\n<td data-sheets-value=\"{\"1\":2,\"2\":\"762mm\"}\">762mm<\/td>\n<\/tr>\n<tr>\n<td data-sheets-value=\"{\"1\":2,\"2\":\"Coil Weight \"}\">Te\u017eina kotura<\/td>\n<td data-sheets-value=\"{\"1\":2,\"2\":\"10 - 25mtons\"}\">10 &#8211; 25metri\u010dkih tona<\/td>\n<\/tr>\n<tr>\n<td data-sheets-value=\"{\"1\":2,\"2\":\"Forms\"}\">Oblici<\/td>\n<td data-sheets-value=\"{\"1\":2,\"2\":\"Coils, Strips, Sheets (cut-to-length), Corrugated, Trapezoid\"}\">Koturovi, Trake, Limovi (se\u010deni na du\u017einu), Talasasti, Trapezoidni<\/td>\n<\/tr>\n<tr>\n<td data-sheets-value=\"{\"1\":2,\"2\":\"Standard &amp; Grade\"}\">Standard &amp; Klasa<\/td>\n<td data-sheets-value=\"{\"1\":2,\"2\":\"JIS G3131 SPHC\\nEN 10111 DD11\\nASTM A569\/A635\/A659 A1011 CS Type A, B, C \\nSAE 1006 - 1025\"}\">JIS G3131 SPHC\nEN 10111 DD11\nASTM A569\/A635\/A659 A1011 CS Type A, B, C\nSAE 1006 &#8211; 1025<\/td>\n<\/tr>\n<\/tbody>\n<\/table>\t\t\t\t\t\t\t\t<\/div>\n\t\t\t\t<\/div>\n\t\t\t\t<\/div>\n\t\t\t\t\t<\/div>\n\t\t\t\t<\/div>\n\t\t\t\t<\/div>\n\t\t","protected":false},"excerpt":{"rendered":"<p>Toplo Valjani Koturovi &amp; Limovi Debljina Od 1,00 mm do 25,4 mm \u0160irina Od 30 mm do 4500 mm Unutra\u0161nji Pre\u010dnik Kotura 762mm Te\u017eina kotura 10 &#8211; 25metri\u010dkih tona Oblici Koturovi, Trake, Limovi (se\u010deni na du\u017einu), Talasasti, Trapezoidni Standard &amp; Klasa JIS G3131 SPHC EN 10111 DD11 ASTM A569\/A635\/A659 A1011 CS Type A, B, C [&hellip;]<\/p>\n","protected":false},"author":3,"featured_media":3319,"parent":3316,"menu_order":0,"comment_status":"closed","ping_status":"closed","template":"","meta":{"footnotes":""},"class_list":["post-3333","page","type-page","status-publish","has-post-thumbnail","hentry"],"yoast_head":"<!-- This site is optimized with the Yoast SEO plugin v26.7 - https:\/\/yoast.com\/wordpress\/plugins\/seo\/ -->\n<title>Toplo Valjani Koturovi i Limovi - \u0130nax Metal<\/title>\n<meta name=\"robots\" content=\"index, follow, max-snippet:-1, max-image-preview:large, max-video-preview:-1\" \/>\n<link rel=\"canonical\" href=\"https:\/\/inaxmetal.com\/sr\/proizvodi\/celicna-konstrukcija\/ravni-proizvodi\/toplo-valjani-koturovi-i-limovi\/\" \/>\n<meta property=\"og:locale\" content=\"sr_RS\" \/>\n<meta property=\"og:type\" content=\"article\" \/>\n<meta property=\"og:title\" content=\"Toplo Valjani Koturovi i Limovi - \u0130nax Metal\" \/>\n<meta property=\"og:description\" content=\"Toplo Valjani Koturovi &amp; Limovi Debljina Od 1,00 mm do 25,4 mm \u0160irina Od 30 mm do 4500 mm Unutra\u0161nji Pre\u010dnik Kotura 762mm Te\u017eina kotura 10 &#8211; 25metri\u010dkih tona Oblici Koturovi, Trake, Limovi (se\u010deni na du\u017einu), Talasasti, Trapezoidni Standard &amp; Klasa JIS G3131 SPHC EN 10111 DD11 ASTM A569\/A635\/A659 A1011 CS Type A, B, C [&hellip;]\" \/>\n<meta property=\"og:url\" content=\"https:\/\/inaxmetal.com\/sr\/proizvodi\/celicna-konstrukcija\/ravni-proizvodi\/toplo-valjani-koturovi-i-limovi\/\" \/>\n<meta property=\"og:site_name\" content=\"\u0130nax Metal\" \/>\n<meta property=\"article:modified_time\" content=\"2025-02-27T20:18:26+00:00\" \/>\n<meta property=\"og:image\" content=\"https:\/\/inaxmetal.com\/wp-content\/uploads\/2024\/05\/hot-rolled-products.webp\" \/>\n\t<meta property=\"og:image:width\" content=\"600\" \/>\n\t<meta property=\"og:image:height\" content=\"600\" \/>\n\t<meta property=\"og:image:type\" content=\"image\/webp\" \/>\n<meta name=\"twitter:card\" content=\"summary_large_image\" \/>\n<script type=\"application\/ld+json\" class=\"yoast-schema-graph\">{\"@context\":\"https:\/\/schema.org\",\"@graph\":[{\"@type\":\"WebPage\",\"@id\":\"https:\/\/inaxmetal.com\/sr\/proizvodi\/celicna-konstrukcija\/ravni-proizvodi\/toplo-valjani-koturovi-i-limovi\/\",\"url\":\"https:\/\/inaxmetal.com\/sr\/proizvodi\/celicna-konstrukcija\/ravni-proizvodi\/toplo-valjani-koturovi-i-limovi\/\",\"name\":\"Toplo Valjani Koturovi i Limovi - \u0130nax Metal\",\"isPartOf\":{\"@id\":\"https:\/\/inaxmetal.com\/sr\/#website\"},\"primaryImageOfPage\":{\"@id\":\"https:\/\/inaxmetal.com\/sr\/proizvodi\/celicna-konstrukcija\/ravni-proizvodi\/toplo-valjani-koturovi-i-limovi\/#primaryimage\"},\"image\":{\"@id\":\"https:\/\/inaxmetal.com\/sr\/proizvodi\/celicna-konstrukcija\/ravni-proizvodi\/toplo-valjani-koturovi-i-limovi\/#primaryimage\"},\"thumbnailUrl\":\"https:\/\/inaxmetal.com\/wp-content\/uploads\/2024\/05\/hot-rolled-products.webp\",\"datePublished\":\"2024-06-05T07:51:44+00:00\",\"dateModified\":\"2025-02-27T20:18:26+00:00\",\"breadcrumb\":{\"@id\":\"https:\/\/inaxmetal.com\/sr\/proizvodi\/celicna-konstrukcija\/ravni-proizvodi\/toplo-valjani-koturovi-i-limovi\/#breadcrumb\"},\"inLanguage\":\"sr-RS\",\"potentialAction\":[{\"@type\":\"ReadAction\",\"target\":[\"https:\/\/inaxmetal.com\/sr\/proizvodi\/celicna-konstrukcija\/ravni-proizvodi\/toplo-valjani-koturovi-i-limovi\/\"]}]},{\"@type\":\"ImageObject\",\"inLanguage\":\"sr-RS\",\"@id\":\"https:\/\/inaxmetal.com\/sr\/proizvodi\/celicna-konstrukcija\/ravni-proizvodi\/toplo-valjani-koturovi-i-limovi\/#primaryimage\",\"url\":\"https:\/\/inaxmetal.com\/wp-content\/uploads\/2024\/05\/hot-rolled-products.webp\",\"contentUrl\":\"https:\/\/inaxmetal.com\/wp-content\/uploads\/2024\/05\/hot-rolled-products.webp\",\"width\":600,\"height\":600},{\"@type\":\"BreadcrumbList\",\"@id\":\"https:\/\/inaxmetal.com\/sr\/proizvodi\/celicna-konstrukcija\/ravni-proizvodi\/toplo-valjani-koturovi-i-limovi\/#breadcrumb\",\"itemListElement\":[{\"@type\":\"ListItem\",\"position\":1,\"name\":\"Home\",\"item\":\"https:\/\/inaxmetal.com\/sr\/\"},{\"@type\":\"ListItem\",\"position\":2,\"name\":\"Proizvodi\",\"item\":\"https:\/\/inaxmetal.com\/sr\/proizvodi\/\"},{\"@type\":\"ListItem\",\"position\":3,\"name\":\"\u010celi\u010dna konstrukcija\",\"item\":\"https:\/\/inaxmetal.com\/sr\/proizvodi\/celicna-konstrukcija\/\"},{\"@type\":\"ListItem\",\"position\":4,\"name\":\"Ravni proizvodi\",\"item\":\"https:\/\/inaxmetal.com\/sr\/proizvodi\/celicna-konstrukcija\/ravni-proizvodi\/\"},{\"@type\":\"ListItem\",\"position\":5,\"name\":\"Toplo Valjani Koturovi i Limovi\"}]},{\"@type\":\"WebSite\",\"@id\":\"https:\/\/inaxmetal.com\/sr\/#website\",\"url\":\"https:\/\/inaxmetal.com\/sr\/\",\"name\":\"\u0130nax Metal\",\"description\":\"\",\"potentialAction\":[{\"@type\":\"SearchAction\",\"target\":{\"@type\":\"EntryPoint\",\"urlTemplate\":\"https:\/\/inaxmetal.com\/sr\/?s={search_term_string}\"},\"query-input\":{\"@type\":\"PropertyValueSpecification\",\"valueRequired\":true,\"valueName\":\"search_term_string\"}}],\"inLanguage\":\"sr-RS\"}]}<\/script>\n<!-- \/ Yoast SEO plugin. -->","yoast_head_json":{"title":"Toplo Valjani Koturovi i Limovi - \u0130nax Metal","robots":{"index":"index","follow":"follow","max-snippet":"max-snippet:-1","max-image-preview":"max-image-preview:large","max-video-preview":"max-video-preview:-1"},"canonical":"https:\/\/inaxmetal.com\/sr\/proizvodi\/celicna-konstrukcija\/ravni-proizvodi\/toplo-valjani-koturovi-i-limovi\/","og_locale":"sr_RS","og_type":"article","og_title":"Toplo Valjani Koturovi i Limovi - \u0130nax Metal","og_description":"Toplo Valjani Koturovi &amp; Limovi Debljina Od 1,00 mm do 25,4 mm \u0160irina Od 30 mm do 4500 mm Unutra\u0161nji Pre\u010dnik Kotura 762mm Te\u017eina kotura 10 &#8211; 25metri\u010dkih tona Oblici Koturovi, Trake, Limovi (se\u010deni na du\u017einu), Talasasti, Trapezoidni Standard &amp; Klasa JIS G3131 SPHC EN 10111 DD11 ASTM A569\/A635\/A659 A1011 CS Type A, B, C [&hellip;]","og_url":"https:\/\/inaxmetal.com\/sr\/proizvodi\/celicna-konstrukcija\/ravni-proizvodi\/toplo-valjani-koturovi-i-limovi\/","og_site_name":"\u0130nax Metal","article_modified_time":"2025-02-27T20:18:26+00:00","og_image":[{"width":600,"height":600,"url":"https:\/\/inaxmetal.com\/wp-content\/uploads\/2024\/05\/hot-rolled-products.webp","type":"image\/webp"}],"twitter_card":"summary_large_image","schema":{"@context":"https:\/\/schema.org","@graph":[{"@type":"WebPage","@id":"https:\/\/inaxmetal.com\/sr\/proizvodi\/celicna-konstrukcija\/ravni-proizvodi\/toplo-valjani-koturovi-i-limovi\/","url":"https:\/\/inaxmetal.com\/sr\/proizvodi\/celicna-konstrukcija\/ravni-proizvodi\/toplo-valjani-koturovi-i-limovi\/","name":"Toplo Valjani Koturovi i Limovi - \u0130nax Metal","isPartOf":{"@id":"https:\/\/inaxmetal.com\/sr\/#website"},"primaryImageOfPage":{"@id":"https:\/\/inaxmetal.com\/sr\/proizvodi\/celicna-konstrukcija\/ravni-proizvodi\/toplo-valjani-koturovi-i-limovi\/#primaryimage"},"image":{"@id":"https:\/\/inaxmetal.com\/sr\/proizvodi\/celicna-konstrukcija\/ravni-proizvodi\/toplo-valjani-koturovi-i-limovi\/#primaryimage"},"thumbnailUrl":"https:\/\/inaxmetal.com\/wp-content\/uploads\/2024\/05\/hot-rolled-products.webp","datePublished":"2024-06-05T07:51:44+00:00","dateModified":"2025-02-27T20:18:26+00:00","breadcrumb":{"@id":"https:\/\/inaxmetal.com\/sr\/proizvodi\/celicna-konstrukcija\/ravni-proizvodi\/toplo-valjani-koturovi-i-limovi\/#breadcrumb"},"inLanguage":"sr-RS","potentialAction":[{"@type":"ReadAction","target":["https:\/\/inaxmetal.com\/sr\/proizvodi\/celicna-konstrukcija\/ravni-proizvodi\/toplo-valjani-koturovi-i-limovi\/"]}]},{"@type":"ImageObject","inLanguage":"sr-RS","@id":"https:\/\/inaxmetal.com\/sr\/proizvodi\/celicna-konstrukcija\/ravni-proizvodi\/toplo-valjani-koturovi-i-limovi\/#primaryimage","url":"https:\/\/inaxmetal.com\/wp-content\/uploads\/2024\/05\/hot-rolled-products.webp","contentUrl":"https:\/\/inaxmetal.com\/wp-content\/uploads\/2024\/05\/hot-rolled-products.webp","width":600,"height":600},{"@type":"BreadcrumbList","@id":"https:\/\/inaxmetal.com\/sr\/proizvodi\/celicna-konstrukcija\/ravni-proizvodi\/toplo-valjani-koturovi-i-limovi\/#breadcrumb","itemListElement":[{"@type":"ListItem","position":1,"name":"Home","item":"https:\/\/inaxmetal.com\/sr\/"},{"@type":"ListItem","position":2,"name":"Proizvodi","item":"https:\/\/inaxmetal.com\/sr\/proizvodi\/"},{"@type":"ListItem","position":3,"name":"\u010celi\u010dna konstrukcija","item":"https:\/\/inaxmetal.com\/sr\/proizvodi\/celicna-konstrukcija\/"},{"@type":"ListItem","position":4,"name":"Ravni proizvodi","item":"https:\/\/inaxmetal.com\/sr\/proizvodi\/celicna-konstrukcija\/ravni-proizvodi\/"},{"@type":"ListItem","position":5,"name":"Toplo Valjani Koturovi i Limovi"}]},{"@type":"WebSite","@id":"https:\/\/inaxmetal.com\/sr\/#website","url":"https:\/\/inaxmetal.com\/sr\/","name":"\u0130nax Metal","description":"","potentialAction":[{"@type":"SearchAction","target":{"@type":"EntryPoint","urlTemplate":"https:\/\/inaxmetal.com\/sr\/?s={search_term_string}"},"query-input":{"@type":"PropertyValueSpecification","valueRequired":true,"valueName":"search_term_string"}}],"inLanguage":"sr-RS"}]}},"_links":{"self":[{"href":"https:\/\/inaxmetal.com\/sr\/wp-json\/wp\/v2\/pages\/3333","targetHints":{"allow":["GET"]}}],"collection":[{"href":"https:\/\/inaxmetal.com\/sr\/wp-json\/wp\/v2\/pages"}],"about":[{"href":"https:\/\/inaxmetal.com\/sr\/wp-json\/wp\/v2\/types\/page"}],"author":[{"embeddable":true,"href":"https:\/\/inaxmetal.com\/sr\/wp-json\/wp\/v2\/users\/3"}],"replies":[{"embeddable":true,"href":"https:\/\/inaxmetal.com\/sr\/wp-json\/wp\/v2\/comments?post=3333"}],"version-history":[{"count":1,"href":"https:\/\/inaxmetal.com\/sr\/wp-json\/wp\/v2\/pages\/3333\/revisions"}],"predecessor-version":[{"id":3334,"href":"https:\/\/inaxmetal.com\/sr\/wp-json\/wp\/v2\/pages\/3333\/revisions\/3334"}],"up":[{"embeddable":true,"href":"https:\/\/inaxmetal.com\/sr\/wp-json\/wp\/v2\/pages\/3316"}],"wp:featuredmedia":[{"embeddable":true,"href":"https:\/\/inaxmetal.com\/sr\/wp-json\/wp\/v2\/media\/3319"}],"wp:attachment":[{"href":"https:\/\/inaxmetal.com\/sr\/wp-json\/wp\/v2\/media?parent=3333"}],"curies":[{"name":"wp","href":"https:\/\/api.w.org\/{rel}","templated":true}]}}