{"id":3369,"date":"2024-06-04T15:30:41","date_gmt":"2024-06-04T12:30:41","guid":{"rendered":"https:\/\/inaxmetal.com\/proizvodi\/celicna-konstrukcija\/dugi-proizvodi\/rails\/"},"modified":"2025-03-04T20:29:58","modified_gmt":"2025-03-04T17:29:58","slug":"rails","status":"publish","type":"page","link":"https:\/\/inaxmetal.com\/sr\/proizvodi\/celicna-konstrukcija\/dugi-proizvodi\/rails\/","title":{"rendered":"Rails"},"content":{"rendered":"\t\t<div data-elementor-type=\"wp-page\" data-elementor-id=\"3369\" class=\"elementor elementor-3369 elementor-1559\" data-elementor-post-type=\"page\">\n\t\t\t\t<div class=\"elementor-element elementor-element-7753df0 e-flex e-con-boxed e-con e-parent\" data-id=\"7753df0\" data-element_type=\"container\">\n\t\t\t\t\t<div class=\"e-con-inner\">\n\t\t<div class=\"elementor-element elementor-element-ce850e9 e-con-full e-flex e-con e-child\" data-id=\"ce850e9\" data-element_type=\"container\">\n\t\t\t\t<div class=\"elementor-element elementor-element-833c738 elementor-widget elementor-widget-image\" data-id=\"833c738\" data-element_type=\"widget\" data-widget_type=\"image.default\">\n\t\t\t\t<div class=\"elementor-widget-container\">\n\t\t\t\t\t\t\t\t\t\t\t\t\t\t\t<img fetchpriority=\"high\" decoding=\"async\" width=\"600\" height=\"600\" src=\"https:\/\/inaxmetal.com\/wp-content\/uploads\/2024\/05\/rails.webp\" class=\"attachment-large size-large wp-image-3352\" alt=\"\" srcset=\"https:\/\/inaxmetal.com\/wp-content\/uploads\/2024\/05\/rails.webp 600w, https:\/\/inaxmetal.com\/wp-content\/uploads\/2024\/05\/rails-300x300.webp 300w, https:\/\/inaxmetal.com\/wp-content\/uploads\/2024\/05\/rails-150x150.webp 150w\" sizes=\"(max-width: 600px) 100vw, 600px\" \/>\t\t\t\t\t\t\t\t\t\t\t\t\t\t\t<\/div>\n\t\t\t\t<\/div>\n\t\t\t\t<\/div>\n\t\t<div class=\"elementor-element elementor-element-31b5a11 e-con-full e-flex e-con e-child\" data-id=\"31b5a11\" data-element_type=\"container\">\n\t\t\t\t<div class=\"elementor-element elementor-element-f1203e9 elementor-widget elementor-widget-heading\" data-id=\"f1203e9\" data-element_type=\"widget\" data-widget_type=\"heading.default\">\n\t\t\t\t<div class=\"elementor-widget-container\">\n\t\t\t\t\t<h2 class=\"elementor-heading-title elementor-size-default\">Podru\u010dja upotrebe<\/h2>\t\t\t\t<\/div>\n\t\t\t\t<\/div>\n\t\t\t\t<div class=\"elementor-element elementor-element-571760b elementor-widget elementor-widget-text-editor\" data-id=\"571760b\" data-element_type=\"widget\" data-widget_type=\"text-editor.default\">\n\t\t\t\t<div class=\"elementor-widget-container\">\n\t\t\t\t\t\t\t\t\t<ul>\n<li>\u017deleznica<\/li>\n<li>Metro<\/li>\n<li>Transportna staza<\/li>\n<li>Ekspres<\/li>\n<li>Zakrivljena pruga<\/li>\n<li>Tunnel Vai<\/li>\n<\/ul>\n\t\t\t\t\t\t\t\t<\/div>\n\t\t\t\t<\/div>\n\t\t\t\t<\/div>\n\t\t\t\t\t<\/div>\n\t\t\t\t<\/div>\n\t\t<div class=\"elementor-element elementor-element-7063bfc e-flex e-con-boxed e-con e-parent\" data-id=\"7063bfc\" data-element_type=\"container\">\n\t\t\t\t\t<div class=\"e-con-inner\">\n\t\t<div class=\"elementor-element elementor-element-032528f e-con-full e-flex e-con e-child\" data-id=\"032528f\" data-element_type=\"container\">\n\t\t\t\t<div class=\"elementor-element elementor-element-a138cc1 elementor-widget elementor-widget-heading\" data-id=\"a138cc1\" data-element_type=\"widget\" data-widget_type=\"heading.default\">\n\t\t\t\t<div class=\"elementor-widget-container\">\n\t\t\t\t\t<h3 class=\"elementor-heading-title elementor-size-default\">Dimenzije \u0161ina<\/h3>\t\t\t\t<\/div>\n\t\t\t\t<\/div>\n\t\t\t\t<div class=\"elementor-element elementor-element-fa0302c elementor-widget elementor-widget-text-editor\" data-id=\"fa0302c\" data-element_type=\"widget\" data-widget_type=\"text-editor.default\">\n\t\t\t\t<div class=\"elementor-widget-container\">\n\t\t\t\t\t\t\t\t\t<table dir=\"ltr\" border=\"1\" cellspacing=\"0\" cellpadding=\"0\" data-sheets-root=\"1\"><colgroup> <col width=\"60\"> <col width=\"60\"> <col width=\"60\"> <col width=\"60\"> <col width=\"60\"> <col width=\"60\"> <col width=\"60\"> <col width=\"60\"> <col width=\"60\"> <col width=\"60\"><\/colgroup>\n<tbody>\n<tr>\n<th colspan=\"1\" rowspan=\"2\" data-sheets-value=\"{\"1\":2,\"2\":\"Section\"}\">\n<div>Sekcija<\/div><\/th>\n<th colspan=\"7\" rowspan=\"1\" data-sheets-value=\"{\"1\":2,\"2\":\"Standard Sectional Dimension\"}\">Standardna Sekciona Dimenzija<\/th>\n<th colspan=\"1\" rowspan=\"2\" data-sheets-value=\"{\"1\":2,\"2\":\"Sectional cm2\"}\">\n<div>Sekcioni cm\u00b2<\/div><\/th>\n<th colspan=\"1\" rowspan=\"2\" data-sheets-value=\"{\"1\":2,\"2\":\"Mass (kg\/m)\"}\">\n<div>Masa (kg\/m)<\/div><\/th>\n<\/tr>\n<tr>\n<th data-sheets-value=\"{\"1\":2,\"2\":\"Height (mm)\"}\">Visina (mm)<\/th>\n<th data-sheets-value=\"{\"1\":2,\"2\":\"Bottom Width (mm)\"}\">\u0160irina Donjeg Dela (mm)<\/th>\n<th data-sheets-value=\"{\"1\":2,\"2\":\"Head Width (mm)\"}\">\u0160irina Glave (mm)<\/th>\n<th data-sheets-value=\"{\"1\":2,\"2\":\"Head Height (mm)\"}\">Visina Glave (mm)<\/th>\n<th data-sheets-value=\"{\"1\":2,\"2\":\"Waist Height (mm)\"}\">Visina Struka (mm)<\/th>\n<th data-sheets-value=\"{\"1\":2,\"2\":\"Bottom Height (mm)\"}\">Visina Donjeg Dela (mm)<\/th>\n<th data-sheets-value=\"{\"1\":2,\"2\":\"Waist Thickness (mm)\"}\">Debljina Struka (mm)<\/th>\n<\/tr>\n<tr>\n<td data-sheets-value=\"{\"1\":3,\"3\":9}\">9<\/td>\n<td data-sheets-value=\"{\"1\":3,\"3\":63.5}\">63,5<\/td>\n<td data-sheets-value=\"{\"1\":3,\"3\":63.5}\">63,5<\/td>\n<td data-sheets-value=\"{\"1\":3,\"3\":32.1}\">32,1<\/td>\n<td data-sheets-value=\"{\"1\":3,\"3\":17.48}\">17,48<\/td>\n<td data-sheets-value=\"{\"1\":3,\"3\":35.72}\">35,72<\/td>\n<td data-sheets-value=\"{\"1\":3,\"3\":10.3}\">10,3<\/td>\n<td data-sheets-value=\"{\"1\":3,\"3\":5.9}\">5,9<\/td>\n<td data-sheets-value=\"{\"1\":3,\"3\":11.3}\">11,3<\/td>\n<td data-sheets-value=\"{\"1\":3,\"3\":8.94}\">8,94<\/td>\n<\/tr>\n<tr>\n<td data-sheets-value=\"{\"1\":3,\"3\":12}\">12<\/td>\n<td data-sheets-value=\"{\"1\":3,\"3\":69.85}\">69,85<\/td>\n<td data-sheets-value=\"{\"1\":3,\"3\":69.85}\">69,85<\/td>\n<td data-sheets-value=\"{\"1\":3,\"3\":38.1}\">38,1<\/td>\n<td data-sheets-value=\"{\"1\":3,\"3\":19.85}\">19,85<\/td>\n<td data-sheets-value=\"{\"1\":3,\"3\":37.7}\">37,7<\/td>\n<td data-sheets-value=\"{\"1\":3,\"3\":12.3}\">12,3<\/td>\n<td data-sheets-value=\"{\"1\":3,\"3\":7.54}\">7,54<\/td>\n<td data-sheets-value=\"{\"1\":3,\"3\":15.54}\">15,54<\/td>\n<td data-sheets-value=\"{\"1\":3,\"3\":12.2}\">12,2<\/td>\n<\/tr>\n<tr>\n<td data-sheets-value=\"{\"1\":3,\"3\":15}\">15<\/td>\n<td data-sheets-value=\"{\"1\":3,\"3\":79.37}\">79,37<\/td>\n<td data-sheets-value=\"{\"1\":3,\"3\":79.37}\">79,37<\/td>\n<td data-sheets-value=\"{\"1\":3,\"3\":42.86}\">42,86<\/td>\n<td data-sheets-value=\"{\"1\":3,\"3\":22.22}\">22,22<\/td>\n<td data-sheets-value=\"{\"1\":3,\"3\":43.65}\">43,65<\/td>\n<td data-sheets-value=\"{\"1\":3,\"3\":13.5}\">13,5<\/td>\n<td data-sheets-value=\"{\"1\":3,\"3\":8.33}\">8,33<\/td>\n<td data-sheets-value=\"{\"1\":3,\"3\":19.33}\">19,33<\/td>\n<td data-sheets-value=\"{\"1\":3,\"3\":15.2}\">15,2<\/td>\n<\/tr>\n<tr>\n<td data-sheets-value=\"{\"1\":3,\"3\":22}\">22<\/td>\n<td data-sheets-value=\"{\"1\":3,\"3\":93.66}\">93,66<\/td>\n<td data-sheets-value=\"{\"1\":3,\"3\":93.66}\">93,66<\/td>\n<td data-sheets-value=\"{\"1\":3,\"3\":50.8}\">50,8<\/td>\n<td data-sheets-value=\"{\"1\":3,\"3\":26.99}\">26,99<\/td>\n<td data-sheets-value=\"{\"1\":3,\"3\":50}\">50<\/td>\n<td data-sheets-value=\"{\"1\":3,\"3\":16.67}\">16,67<\/td>\n<td data-sheets-value=\"{\"1\":3,\"3\":10.72}\">10,72<\/td>\n<td data-sheets-value=\"{\"1\":3,\"3\":28.39}\">28,39<\/td>\n<td data-sheets-value=\"{\"1\":3,\"3\":22.3}\">22,3<\/td>\n<\/tr>\n<tr>\n<td data-sheets-value=\"{\"1\":3,\"3\":30}\">30<\/td>\n<td data-sheets-value=\"{\"1\":3,\"3\":107.95}\">107,95<\/td>\n<td data-sheets-value=\"{\"1\":3,\"3\":107.95}\">107,95<\/td>\n<td data-sheets-value=\"{\"1\":3,\"3\":60.33}\">60,33<\/td>\n<td data-sheets-value=\"{\"1\":3,\"3\":30.95}\">30,95<\/td>\n<td data-sheets-value=\"{\"1\":3,\"3\":57.55}\">57,55<\/td>\n<td data-sheets-value=\"{\"1\":3,\"3\":19.45}\">19,45<\/td>\n<td data-sheets-value=\"{\"1\":3,\"3\":12.3}\">12,3<\/td>\n<td data-sheets-value=\"{\"1\":3,\"3\":38.32}\">38,32<\/td>\n<td data-sheets-value=\"{\"1\":3,\"3\":30.1}\">30,1<\/td>\n<\/tr>\n<\/tbody>\n<\/table>\n<table dir=\"ltr\" border=\"1\" cellspacing=\"0\" cellpadding=\"0\" data-sheets-root=\"1\"><colgroup> <col width=\"60\"> <col width=\"60\"> <col width=\"60\"> <col width=\"60\"> <col width=\"60\"> <col width=\"60\"> <col width=\"60\"> <col width=\"60\"><\/colgroup>\n<tbody>\n<tr>\n<th colspan=\"1\" rowspan=\"2\" data-sheets-value=\"{\"1\":2,\"2\":\"Section\"}\">\n<div>Sekcija<\/div><\/th>\n<th colspan=\"4\" rowspan=\"1\" data-sheets-value=\"{\"1\":2,\"2\":\"Standard Sectional Dimension\"}\">Standardna Sekciona Dimenzija<\/th>\n<th colspan=\"1\" rowspan=\"2\" data-sheets-value=\"{\"1\":2,\"2\":\"Sectional cm2\"}\">\n<div>Sekcioni cm\u00b2<\/div><\/th>\n<th colspan=\"1\" rowspan=\"2\" data-sheets-value=\"{\"1\":2,\"2\":\"Length (m)\"}\">\n<div>Du\u017eina (m)<\/div><\/th>\n<th colspan=\"1\" rowspan=\"2\" data-sheets-value=\"{\"1\":2,\"2\":\"Mass (kg\/m)\"}\">\n<div>Masa (kg\/m)<\/div><\/th>\n<\/tr>\n<tr>\n<th data-sheets-value=\"{\"1\":2,\"2\":\"Height (mm)\"}\">Visina (mm)\n<\/th><th data-sheets-value=\"{\"1\":2,\"2\":\"Bottom Width (mm)\"}\">\u0160irina donjeg dela (mm)\n<\/th><th data-sheets-value=\"{\"1\":2,\"2\":\"Head Width (mm)\"}\">\u0160irina glave (mm)\n<\/th><th data-sheets-value=\"{\"1\":2,\"2\":\"Waist Thickness (mm)\"}\">Debljina struka (mm)<\/th>\n<\/tr>\n<tr>\n<td data-sheets-value=\"{\"1\":3,\"3\":38}\">38<\/td>\n<td data-sheets-value=\"{\"1\":3,\"3\":134}\">134<\/td>\n<td data-sheets-value=\"{\"1\":3,\"3\":114}\">114<\/td>\n<td data-sheets-value=\"{\"1\":3,\"3\":68}\">68<\/td>\n<td data-sheets-value=\"{\"1\":3,\"3\":13}\">13<\/td>\n<td data-sheets-value=\"{\"1\":3,\"3\":49.5}\">49,5<\/td>\n<td data-sheets-value=\"{\"1\":2,\"2\":\"9-12,5 \/ 25\"}\">9-12,5 \/ 25<\/td>\n<td><\/td>\n<\/tr>\n<tr>\n<td data-sheets-value=\"{\"1\":3,\"3\":43}\">43<\/td>\n<td data-sheets-value=\"{\"1\":3,\"3\":140}\">140<\/td>\n<td data-sheets-value=\"{\"1\":3,\"3\":114}\">114<\/td>\n<td data-sheets-value=\"{\"1\":3,\"3\":70}\">70<\/td>\n<td data-sheets-value=\"{\"1\":3,\"3\":14.5}\">14,5<\/td>\n<td data-sheets-value=\"{\"1\":3,\"3\":57}\">57<\/td>\n<td data-sheets-value=\"{\"1\":2,\"2\":\"12,5 - 25\"}\">12,5 &#8211; 25<\/td>\n<td data-sheets-value=\"{\"1\":3,\"3\":51.514}\">51,514<\/td>\n<\/tr>\n<tr>\n<td data-sheets-value=\"{\"1\":3,\"3\":45}\">45<\/td>\n<td data-sheets-value=\"{\"1\":3,\"3\":145}\">145<\/td>\n<td data-sheets-value=\"{\"1\":3,\"3\":126}\">126<\/td>\n<td data-sheets-value=\"{\"1\":3,\"3\":67}\">67<\/td>\n<td data-sheets-value=\"{\"1\":3,\"3\":14.5}\">14,5<\/td>\n<td><\/td>\n<td data-sheets-value=\"{\"1\":2,\"2\":\"12,5 - 25\"}\">12,5 &#8211; 25<\/td>\n<td data-sheets-value=\"{\"1\":3,\"3\":45.546}\">45,546<\/td>\n<\/tr>\n<tr>\n<td data-sheets-value=\"{\"1\":3,\"3\":50}\">50<\/td>\n<td data-sheets-value=\"{\"1\":3,\"3\":152}\">152<\/td>\n<td data-sheets-value=\"{\"1\":3,\"3\":132}\">132<\/td>\n<td data-sheets-value=\"{\"1\":3,\"3\":70}\">70<\/td>\n<td data-sheets-value=\"{\"1\":3,\"3\":15.5}\">15,5<\/td>\n<td data-sheets-value=\"{\"1\":3,\"3\":65.8}\">65,8<\/td>\n<td data-sheets-value=\"{\"1\":2,\"2\":\"12,5 - 25\"}\">12,5 &#8211; 25<\/td>\n<td data-sheets-value=\"{\"1\":3,\"3\":44.653}\">44,653<\/td>\n<\/tr>\n<tr>\n<td data-sheets-value=\"{\"1\":3,\"3\":60}\">60<\/td>\n<td data-sheets-value=\"{\"1\":3,\"3\":176}\">176<\/td>\n<td data-sheets-value=\"{\"1\":3,\"3\":150}\">150<\/td>\n<td data-sheets-value=\"{\"1\":3,\"3\":73}\">73<\/td>\n<td data-sheets-value=\"{\"1\":3,\"3\":16.5}\">16,5<\/td>\n<td><\/td>\n<td data-sheets-value=\"{\"1\":2,\"2\":\"12,5 - 25\"}\">12,5 &#8211; 25<\/td>\n<td data-sheets-value=\"{\"1\":3,\"3\":38.733}\">38,733<\/td>\n<\/tr>\n<\/tbody>\n<\/table>\t\t\t\t\t\t\t\t<\/div>\n\t\t\t\t<\/div>\n\t\t\t\t<\/div>\n\t\t\t\t\t<\/div>\n\t\t\t\t<\/div>\n\t\t\t\t<\/div>\n\t\t","protected":false},"excerpt":{"rendered":"<p>Podru\u010dja upotrebe \u017deleznica Metro Transportna staza Ekspres Zakrivljena pruga Tunnel Vai Dimenzije \u0161ina Sekcija Standardna Sekciona Dimenzija Sekcioni cm\u00b2 Masa (kg\/m) Visina (mm) \u0160irina Donjeg Dela (mm) \u0160irina Glave (mm) Visina Glave (mm) Visina Struka (mm) Visina Donjeg Dela (mm) Debljina Struka (mm) 9 63,5 63,5 32,1 17,48 35,72 10,3 5,9 11,3 8,94 12 69,85 [&hellip;]<\/p>\n","protected":false},"author":3,"featured_media":3347,"parent":3340,"menu_order":0,"comment_status":"closed","ping_status":"closed","template":"","meta":{"footnotes":""},"class_list":["post-3369","page","type-page","status-publish","has-post-thumbnail","hentry"],"yoast_head":"<!-- This site is optimized with the Yoast SEO plugin v26.7 - https:\/\/yoast.com\/wordpress\/plugins\/seo\/ -->\n<title>Rails - \u0130nax Metal<\/title>\n<meta name=\"robots\" content=\"index, follow, max-snippet:-1, max-image-preview:large, max-video-preview:-1\" \/>\n<link rel=\"canonical\" href=\"https:\/\/inaxmetal.com\/sr\/proizvodi\/celicna-konstrukcija\/dugi-proizvodi\/rails\/\" \/>\n<meta property=\"og:locale\" content=\"sr_RS\" \/>\n<meta property=\"og:type\" content=\"article\" \/>\n<meta property=\"og:title\" content=\"Rails - \u0130nax Metal\" \/>\n<meta property=\"og:description\" content=\"Podru\u010dja upotrebe \u017deleznica Metro Transportna staza Ekspres Zakrivljena pruga Tunnel Vai Dimenzije \u0161ina Sekcija Standardna Sekciona Dimenzija Sekcioni cm\u00b2 Masa (kg\/m) Visina (mm) \u0160irina Donjeg Dela (mm) \u0160irina Glave (mm) Visina Glave (mm) Visina Struka (mm) Visina Donjeg Dela (mm) Debljina Struka (mm) 9 63,5 63,5 32,1 17,48 35,72 10,3 5,9 11,3 8,94 12 69,85 [&hellip;]\" \/>\n<meta property=\"og:url\" content=\"https:\/\/inaxmetal.com\/sr\/proizvodi\/celicna-konstrukcija\/dugi-proizvodi\/rails\/\" \/>\n<meta property=\"og:site_name\" content=\"\u0130nax Metal\" \/>\n<meta property=\"article:modified_time\" content=\"2025-03-04T17:29:58+00:00\" \/>\n<meta property=\"og:image\" content=\"https:\/\/inaxmetal.com\/wp-content\/uploads\/2024\/05\/square-bars.webp\" \/>\n\t<meta property=\"og:image:width\" content=\"600\" \/>\n\t<meta property=\"og:image:height\" content=\"600\" \/>\n\t<meta property=\"og:image:type\" content=\"image\/webp\" \/>\n<meta name=\"twitter:card\" content=\"summary_large_image\" \/>\n<script type=\"application\/ld+json\" class=\"yoast-schema-graph\">{\"@context\":\"https:\/\/schema.org\",\"@graph\":[{\"@type\":\"WebPage\",\"@id\":\"https:\/\/inaxmetal.com\/sr\/proizvodi\/celicna-konstrukcija\/dugi-proizvodi\/rails\/\",\"url\":\"https:\/\/inaxmetal.com\/sr\/proizvodi\/celicna-konstrukcija\/dugi-proizvodi\/rails\/\",\"name\":\"Rails - \u0130nax Metal\",\"isPartOf\":{\"@id\":\"https:\/\/inaxmetal.com\/sr\/#website\"},\"primaryImageOfPage\":{\"@id\":\"https:\/\/inaxmetal.com\/sr\/proizvodi\/celicna-konstrukcija\/dugi-proizvodi\/rails\/#primaryimage\"},\"image\":{\"@id\":\"https:\/\/inaxmetal.com\/sr\/proizvodi\/celicna-konstrukcija\/dugi-proizvodi\/rails\/#primaryimage\"},\"thumbnailUrl\":\"https:\/\/inaxmetal.com\/wp-content\/uploads\/2024\/05\/square-bars.webp\",\"datePublished\":\"2024-06-04T12:30:41+00:00\",\"dateModified\":\"2025-03-04T17:29:58+00:00\",\"breadcrumb\":{\"@id\":\"https:\/\/inaxmetal.com\/sr\/proizvodi\/celicna-konstrukcija\/dugi-proizvodi\/rails\/#breadcrumb\"},\"inLanguage\":\"sr-RS\",\"potentialAction\":[{\"@type\":\"ReadAction\",\"target\":[\"https:\/\/inaxmetal.com\/sr\/proizvodi\/celicna-konstrukcija\/dugi-proizvodi\/rails\/\"]}]},{\"@type\":\"ImageObject\",\"inLanguage\":\"sr-RS\",\"@id\":\"https:\/\/inaxmetal.com\/sr\/proizvodi\/celicna-konstrukcija\/dugi-proizvodi\/rails\/#primaryimage\",\"url\":\"https:\/\/inaxmetal.com\/wp-content\/uploads\/2024\/05\/square-bars.webp\",\"contentUrl\":\"https:\/\/inaxmetal.com\/wp-content\/uploads\/2024\/05\/square-bars.webp\",\"width\":600,\"height\":600},{\"@type\":\"BreadcrumbList\",\"@id\":\"https:\/\/inaxmetal.com\/sr\/proizvodi\/celicna-konstrukcija\/dugi-proizvodi\/rails\/#breadcrumb\",\"itemListElement\":[{\"@type\":\"ListItem\",\"position\":1,\"name\":\"Home\",\"item\":\"https:\/\/inaxmetal.com\/sr\/\"},{\"@type\":\"ListItem\",\"position\":2,\"name\":\"Proizvodi\",\"item\":\"https:\/\/inaxmetal.com\/sr\/proizvodi\/\"},{\"@type\":\"ListItem\",\"position\":3,\"name\":\"\u010celi\u010dna konstrukcija\",\"item\":\"https:\/\/inaxmetal.com\/sr\/proizvodi\/celicna-konstrukcija\/\"},{\"@type\":\"ListItem\",\"position\":4,\"name\":\"Dugi proizvodi\",\"item\":\"https:\/\/inaxmetal.com\/sr\/proizvodi\/celicna-konstrukcija\/dugi-proizvodi\/\"},{\"@type\":\"ListItem\",\"position\":5,\"name\":\"Rails\"}]},{\"@type\":\"WebSite\",\"@id\":\"https:\/\/inaxmetal.com\/sr\/#website\",\"url\":\"https:\/\/inaxmetal.com\/sr\/\",\"name\":\"\u0130nax Metal\",\"description\":\"\",\"potentialAction\":[{\"@type\":\"SearchAction\",\"target\":{\"@type\":\"EntryPoint\",\"urlTemplate\":\"https:\/\/inaxmetal.com\/sr\/?s={search_term_string}\"},\"query-input\":{\"@type\":\"PropertyValueSpecification\",\"valueRequired\":true,\"valueName\":\"search_term_string\"}}],\"inLanguage\":\"sr-RS\"}]}<\/script>\n<!-- \/ Yoast SEO plugin. -->","yoast_head_json":{"title":"Rails - \u0130nax Metal","robots":{"index":"index","follow":"follow","max-snippet":"max-snippet:-1","max-image-preview":"max-image-preview:large","max-video-preview":"max-video-preview:-1"},"canonical":"https:\/\/inaxmetal.com\/sr\/proizvodi\/celicna-konstrukcija\/dugi-proizvodi\/rails\/","og_locale":"sr_RS","og_type":"article","og_title":"Rails - \u0130nax Metal","og_description":"Podru\u010dja upotrebe \u017deleznica Metro Transportna staza Ekspres Zakrivljena pruga Tunnel Vai Dimenzije \u0161ina Sekcija Standardna Sekciona Dimenzija Sekcioni cm\u00b2 Masa (kg\/m) Visina (mm) \u0160irina Donjeg Dela (mm) \u0160irina Glave (mm) Visina Glave (mm) Visina Struka (mm) Visina Donjeg Dela (mm) Debljina Struka (mm) 9 63,5 63,5 32,1 17,48 35,72 10,3 5,9 11,3 8,94 12 69,85 [&hellip;]","og_url":"https:\/\/inaxmetal.com\/sr\/proizvodi\/celicna-konstrukcija\/dugi-proizvodi\/rails\/","og_site_name":"\u0130nax Metal","article_modified_time":"2025-03-04T17:29:58+00:00","og_image":[{"width":600,"height":600,"url":"https:\/\/inaxmetal.com\/wp-content\/uploads\/2024\/05\/square-bars.webp","type":"image\/webp"}],"twitter_card":"summary_large_image","schema":{"@context":"https:\/\/schema.org","@graph":[{"@type":"WebPage","@id":"https:\/\/inaxmetal.com\/sr\/proizvodi\/celicna-konstrukcija\/dugi-proizvodi\/rails\/","url":"https:\/\/inaxmetal.com\/sr\/proizvodi\/celicna-konstrukcija\/dugi-proizvodi\/rails\/","name":"Rails - \u0130nax Metal","isPartOf":{"@id":"https:\/\/inaxmetal.com\/sr\/#website"},"primaryImageOfPage":{"@id":"https:\/\/inaxmetal.com\/sr\/proizvodi\/celicna-konstrukcija\/dugi-proizvodi\/rails\/#primaryimage"},"image":{"@id":"https:\/\/inaxmetal.com\/sr\/proizvodi\/celicna-konstrukcija\/dugi-proizvodi\/rails\/#primaryimage"},"thumbnailUrl":"https:\/\/inaxmetal.com\/wp-content\/uploads\/2024\/05\/square-bars.webp","datePublished":"2024-06-04T12:30:41+00:00","dateModified":"2025-03-04T17:29:58+00:00","breadcrumb":{"@id":"https:\/\/inaxmetal.com\/sr\/proizvodi\/celicna-konstrukcija\/dugi-proizvodi\/rails\/#breadcrumb"},"inLanguage":"sr-RS","potentialAction":[{"@type":"ReadAction","target":["https:\/\/inaxmetal.com\/sr\/proizvodi\/celicna-konstrukcija\/dugi-proizvodi\/rails\/"]}]},{"@type":"ImageObject","inLanguage":"sr-RS","@id":"https:\/\/inaxmetal.com\/sr\/proizvodi\/celicna-konstrukcija\/dugi-proizvodi\/rails\/#primaryimage","url":"https:\/\/inaxmetal.com\/wp-content\/uploads\/2024\/05\/square-bars.webp","contentUrl":"https:\/\/inaxmetal.com\/wp-content\/uploads\/2024\/05\/square-bars.webp","width":600,"height":600},{"@type":"BreadcrumbList","@id":"https:\/\/inaxmetal.com\/sr\/proizvodi\/celicna-konstrukcija\/dugi-proizvodi\/rails\/#breadcrumb","itemListElement":[{"@type":"ListItem","position":1,"name":"Home","item":"https:\/\/inaxmetal.com\/sr\/"},{"@type":"ListItem","position":2,"name":"Proizvodi","item":"https:\/\/inaxmetal.com\/sr\/proizvodi\/"},{"@type":"ListItem","position":3,"name":"\u010celi\u010dna konstrukcija","item":"https:\/\/inaxmetal.com\/sr\/proizvodi\/celicna-konstrukcija\/"},{"@type":"ListItem","position":4,"name":"Dugi proizvodi","item":"https:\/\/inaxmetal.com\/sr\/proizvodi\/celicna-konstrukcija\/dugi-proizvodi\/"},{"@type":"ListItem","position":5,"name":"Rails"}]},{"@type":"WebSite","@id":"https:\/\/inaxmetal.com\/sr\/#website","url":"https:\/\/inaxmetal.com\/sr\/","name":"\u0130nax Metal","description":"","potentialAction":[{"@type":"SearchAction","target":{"@type":"EntryPoint","urlTemplate":"https:\/\/inaxmetal.com\/sr\/?s={search_term_string}"},"query-input":{"@type":"PropertyValueSpecification","valueRequired":true,"valueName":"search_term_string"}}],"inLanguage":"sr-RS"}]}},"_links":{"self":[{"href":"https:\/\/inaxmetal.com\/sr\/wp-json\/wp\/v2\/pages\/3369","targetHints":{"allow":["GET"]}}],"collection":[{"href":"https:\/\/inaxmetal.com\/sr\/wp-json\/wp\/v2\/pages"}],"about":[{"href":"https:\/\/inaxmetal.com\/sr\/wp-json\/wp\/v2\/types\/page"}],"author":[{"embeddable":true,"href":"https:\/\/inaxmetal.com\/sr\/wp-json\/wp\/v2\/users\/3"}],"replies":[{"embeddable":true,"href":"https:\/\/inaxmetal.com\/sr\/wp-json\/wp\/v2\/comments?post=3369"}],"version-history":[{"count":1,"href":"https:\/\/inaxmetal.com\/sr\/wp-json\/wp\/v2\/pages\/3369\/revisions"}],"predecessor-version":[{"id":3370,"href":"https:\/\/inaxmetal.com\/sr\/wp-json\/wp\/v2\/pages\/3369\/revisions\/3370"}],"up":[{"embeddable":true,"href":"https:\/\/inaxmetal.com\/sr\/wp-json\/wp\/v2\/pages\/3340"}],"wp:featuredmedia":[{"embeddable":true,"href":"https:\/\/inaxmetal.com\/sr\/wp-json\/wp\/v2\/media\/3347"}],"wp:attachment":[{"href":"https:\/\/inaxmetal.com\/sr\/wp-json\/wp\/v2\/media?parent=3369"}],"curies":[{"name":"wp","href":"https:\/\/api.w.org\/{rel}","templated":true}]}}