{"id":3374,"date":"2024-06-04T15:06:07","date_gmt":"2024-06-04T12:06:07","guid":{"rendered":"https:\/\/inaxmetal.com\/proizvodi\/celicna-konstrukcija\/dugi-proizvodi\/armaturno-gvozdje\/"},"modified":"2025-03-04T20:42:30","modified_gmt":"2025-03-04T17:42:30","slug":"armaturno-gvozdje","status":"publish","type":"page","link":"https:\/\/inaxmetal.com\/sr\/proizvodi\/celicna-konstrukcija\/dugi-proizvodi\/armaturno-gvozdje\/","title":{"rendered":"Armaturno gvo\u017edje"},"content":{"rendered":"\t\t<div data-elementor-type=\"wp-page\" data-elementor-id=\"3374\" class=\"elementor elementor-3374 elementor-1555\" data-elementor-post-type=\"page\">\n\t\t\t\t<div class=\"elementor-element elementor-element-7753df0 e-flex e-con-boxed e-con e-parent\" data-id=\"7753df0\" data-element_type=\"container\">\n\t\t\t\t\t<div class=\"e-con-inner\">\n\t\t<div class=\"elementor-element elementor-element-ce850e9 e-con-full e-flex e-con e-child\" data-id=\"ce850e9\" data-element_type=\"container\">\n\t\t\t\t<div class=\"elementor-element elementor-element-833c738 elementor-widget elementor-widget-image\" data-id=\"833c738\" data-element_type=\"widget\" data-widget_type=\"image.default\">\n\t\t\t\t<div class=\"elementor-widget-container\">\n\t\t\t\t\t\t\t\t\t\t\t\t\t\t\t<img fetchpriority=\"high\" decoding=\"async\" width=\"600\" height=\"600\" src=\"https:\/\/inaxmetal.com\/wp-content\/uploads\/2024\/05\/rebars.webp\" class=\"attachment-large size-large wp-image-3343\" alt=\"\" srcset=\"https:\/\/inaxmetal.com\/wp-content\/uploads\/2024\/05\/rebars.webp 600w, https:\/\/inaxmetal.com\/wp-content\/uploads\/2024\/05\/rebars-300x300.webp 300w, https:\/\/inaxmetal.com\/wp-content\/uploads\/2024\/05\/rebars-150x150.webp 150w\" sizes=\"(max-width: 600px) 100vw, 600px\" \/>\t\t\t\t\t\t\t\t\t\t\t\t\t\t\t<\/div>\n\t\t\t\t<\/div>\n\t\t\t\t<\/div>\n\t\t<div class=\"elementor-element elementor-element-31b5a11 e-con-full e-flex e-con e-child\" data-id=\"31b5a11\" data-element_type=\"container\">\n\t\t\t\t<div class=\"elementor-element elementor-element-f1203e9 elementor-widget elementor-widget-heading\" data-id=\"f1203e9\" data-element_type=\"widget\" data-widget_type=\"heading.default\">\n\t\t\t\t<div class=\"elementor-widget-container\">\n\t\t\t\t\t<h2 class=\"elementor-heading-title elementor-size-default\">Podru\u010dja upotrebe<\/h2>\t\t\t\t<\/div>\n\t\t\t\t<\/div>\n\t\t\t\t<div class=\"elementor-element elementor-element-571760b elementor-widget elementor-widget-text-editor\" data-id=\"571760b\" data-element_type=\"widget\" data-widget_type=\"text-editor.default\">\n\t\t\t\t<div class=\"elementor-widget-container\">\n\t\t\t\t\t\t\t\t\t<ul>\n<li>Izgradnja zgrada<\/li>\n<li>Infrastrukturni Projekti<\/li>\n<li>Industrijske zgrade<\/li>\n<li>Put i trotoar<\/li>\n<li>Izgradnja<\/li>\n<li>Stambena izgradnja<\/li>\n<\/ul>\n\t\t\t\t\t\t\t\t<\/div>\n\t\t\t\t<\/div>\n\t\t\t\t<\/div>\n\t\t\t\t\t<\/div>\n\t\t\t\t<\/div>\n\t\t<div class=\"elementor-element elementor-element-7063bfc e-flex e-con-boxed e-con e-parent\" data-id=\"7063bfc\" data-element_type=\"container\">\n\t\t\t\t\t<div class=\"e-con-inner\">\n\t\t<div class=\"elementor-element elementor-element-032528f e-con-full e-flex e-con e-child\" data-id=\"032528f\" data-element_type=\"container\">\n\t\t\t\t<div class=\"elementor-element elementor-element-a138cc1 elementor-widget elementor-widget-heading\" data-id=\"a138cc1\" data-element_type=\"widget\" data-widget_type=\"heading.default\">\n\t\t\t\t<div class=\"elementor-widget-container\">\n\t\t\t\t\t<h3 class=\"elementor-heading-title elementor-size-default\">Dimenzije Armature<\/h3>\t\t\t\t<\/div>\n\t\t\t\t<\/div>\n\t\t\t\t<div class=\"elementor-element elementor-element-fa0302c elementor-widget elementor-widget-text-editor\" data-id=\"fa0302c\" data-element_type=\"widget\" data-widget_type=\"text-editor.default\">\n\t\t\t\t<div class=\"elementor-widget-container\">\n\t\t\t\t\t\t\t\t\t<table dir=\"ltr\" border=\"1\" cellspacing=\"0\" cellpadding=\"0\" data-sheets-root=\"1\"><colgroup> <col width=\"86\"> <col width=\"52\"> <col width=\"265\"><\/colgroup>\n<tbody>\n<tr>\n<th data-sheets-value=\"{\"1\":2,\"2\":\"Dimension (mm)\"}\">Dimenzija (mm)<\/th>\n<th data-sheets-value=\"{\"1\":2,\"2\":\"Unit Weight (kg\/m)\"}\">Jedin\u010dna te\u017eina (kg\/m)<\/th>\n<th data-sheets-value=\"{\"1\":2,\"2\":\"Length &amp; Packing\"}\">Du\u017eina i Pakovanje<\/th>\n<\/tr>\n<tr>\n<td data-sheets-value=\"{\"1\":2,\"2\":\" 8\"}\" data-sheets-numberformat=\"{\"1\":1}\">  8<\/td>\n<td data-sheets-value=\"{\"1\":3,\"3\":0.395}\">0,395<\/td>\n<td colspan=\"1\" rowspan=\"16\" data-sheets-value=\"{\"1\":2,\"2\":\" 6 or 12 meters \/ cut to length \/ In bundles or Coils \"}\">\n<div>6 ili 12 metara \/ se\u010deno na du\u017einu \/ u snopovima ili koturima<\/div><\/td>\n<\/tr>\n<tr>\n<td data-sheets-value=\"{\"1\":3,\"3\":10}\">10<\/td>\n<td data-sheets-value=\"{\"1\":3,\"3\":0.617}\">0,617<\/td>\n<\/tr>\n<tr>\n<td data-sheets-value=\"{\"1\":3,\"3\":12}\">12<\/td>\n<td data-sheets-value=\"{\"1\":3,\"3\":0.888}\">0,888<\/td>\n<\/tr>\n<tr>\n<td data-sheets-value=\"{\"1\":3,\"3\":14}\">14<\/td>\n<td data-sheets-value=\"{\"1\":3,\"3\":1.208}\">1,208<\/td>\n<\/tr>\n<tr>\n<td data-sheets-value=\"{\"1\":3,\"3\":16}\">16<\/td>\n<td data-sheets-value=\"{\"1\":3,\"3\":1.578}\">1,578<\/td>\n<\/tr>\n<tr>\n<td data-sheets-value=\"{\"1\":3,\"3\":18}\">18<\/td>\n<td data-sheets-value=\"{\"1\":3,\"3\":1.998}\">1,998<\/td>\n<\/tr>\n<tr>\n<td data-sheets-value=\"{\"1\":3,\"3\":20}\">20<\/td>\n<td data-sheets-value=\"{\"1\":2,\"2\":\" 2,466\"}\"> 2,466<\/td>\n<\/tr>\n<tr>\n<td data-sheets-value=\"{\"1\":3,\"3\":22}\">22<\/td>\n<td data-sheets-value=\"{\"1\":3,\"3\":2.984}\">2,984<\/td>\n<\/tr>\n<tr>\n<td data-sheets-value=\"{\"1\":3,\"3\":24}\">24<\/td>\n<td data-sheets-value=\"{\"1\":3,\"3\":3.551}\">3,551<\/td>\n<\/tr>\n<tr>\n<td data-sheets-value=\"{\"1\":3,\"3\":25}\">25<\/td>\n<td data-sheets-value=\"{\"1\":3,\"3\":3.853}\">3,853<\/td>\n<\/tr>\n<tr>\n<td data-sheets-value=\"{\"1\":3,\"3\":26}\">26<\/td>\n<td data-sheets-value=\"{\"1\":3,\"3\":4.168}\">4,168<\/td>\n<\/tr>\n<tr>\n<td data-sheets-value=\"{\"1\":3,\"3\":28}\">28<\/td>\n<td data-sheets-value=\"{\"1\":3,\"3\":4.834}\">4,834<\/td>\n<\/tr>\n<tr>\n<td data-sheets-value=\"{\"1\":3,\"3\":30}\">30<\/td>\n<td data-sheets-value=\"{\"1\":3,\"3\":5.549}\">5,549<\/td>\n<\/tr>\n<tr>\n<td data-sheets-value=\"{\"1\":3,\"3\":32}\">32<\/td>\n<td data-sheets-value=\"{\"1\":3,\"3\":6.313}\">6,313<\/td>\n<\/tr>\n<tr>\n<td data-sheets-value=\"{\"1\":3,\"3\":26}\">26<\/td>\n<td data-sheets-value=\"{\"1\":3,\"3\":7.99}\">7,99<\/td>\n<\/tr>\n<tr>\n<td data-sheets-value=\"{\"1\":3,\"3\":40}\">40<\/td>\n<td data-sheets-value=\"{\"1\":3,\"3\":9.865}\">9,865<\/td>\n<\/tr>\n<\/tbody>\n<\/table>\t\t\t\t\t\t\t\t<\/div>\n\t\t\t\t<\/div>\n\t\t\t\t<\/div>\n\t\t\t\t\t<\/div>\n\t\t\t\t<\/div>\n\t\t\t\t<\/div>\n\t\t","protected":false},"excerpt":{"rendered":"<p>Podru\u010dja upotrebe Izgradnja zgrada Infrastrukturni Projekti Industrijske zgrade Put i trotoar Izgradnja Stambena izgradnja Dimenzije Armature Dimenzija (mm) Jedin\u010dna te\u017eina (kg\/m) Du\u017eina i Pakovanje 8 0,395 6 ili 12 metara \/ se\u010deno na du\u017einu \/ u snopovima ili koturima 10 0,617 12 0,888 14 1,208 16 1,578 18 1,998 20 2,466 22 2,984 24 3,551 [&hellip;]<\/p>\n","protected":false},"author":3,"featured_media":3343,"parent":3340,"menu_order":0,"comment_status":"closed","ping_status":"closed","template":"","meta":{"footnotes":""},"class_list":["post-3374","page","type-page","status-publish","has-post-thumbnail","hentry"],"yoast_head":"<!-- This site is optimized with the Yoast SEO plugin v26.7 - https:\/\/yoast.com\/wordpress\/plugins\/seo\/ -->\n<title>Armaturno gvo\u017edje - \u0130nax Metal<\/title>\n<meta name=\"robots\" content=\"index, follow, max-snippet:-1, max-image-preview:large, max-video-preview:-1\" \/>\n<link rel=\"canonical\" href=\"https:\/\/inaxmetal.com\/sr\/proizvodi\/celicna-konstrukcija\/dugi-proizvodi\/armaturno-gvozdje\/\" \/>\n<meta property=\"og:locale\" content=\"sr_RS\" \/>\n<meta property=\"og:type\" content=\"article\" \/>\n<meta property=\"og:title\" content=\"Armaturno gvo\u017edje - \u0130nax Metal\" \/>\n<meta property=\"og:description\" content=\"Podru\u010dja upotrebe Izgradnja zgrada Infrastrukturni Projekti Industrijske zgrade Put i trotoar Izgradnja Stambena izgradnja Dimenzije Armature Dimenzija (mm) Jedin\u010dna te\u017eina (kg\/m) Du\u017eina i Pakovanje 8 0,395 6 ili 12 metara \/ se\u010deno na du\u017einu \/ u snopovima ili koturima 10 0,617 12 0,888 14 1,208 16 1,578 18 1,998 20 2,466 22 2,984 24 3,551 [&hellip;]\" \/>\n<meta property=\"og:url\" content=\"https:\/\/inaxmetal.com\/sr\/proizvodi\/celicna-konstrukcija\/dugi-proizvodi\/armaturno-gvozdje\/\" \/>\n<meta property=\"og:site_name\" content=\"\u0130nax Metal\" \/>\n<meta property=\"article:modified_time\" content=\"2025-03-04T17:42:30+00:00\" \/>\n<meta property=\"og:image\" content=\"https:\/\/inaxmetal.com\/wp-content\/uploads\/2024\/05\/rebars.webp\" \/>\n\t<meta property=\"og:image:width\" content=\"600\" \/>\n\t<meta property=\"og:image:height\" content=\"600\" \/>\n\t<meta property=\"og:image:type\" content=\"image\/webp\" \/>\n<meta name=\"twitter:card\" content=\"summary_large_image\" \/>\n<script type=\"application\/ld+json\" class=\"yoast-schema-graph\">{\"@context\":\"https:\/\/schema.org\",\"@graph\":[{\"@type\":\"WebPage\",\"@id\":\"https:\/\/inaxmetal.com\/sr\/proizvodi\/celicna-konstrukcija\/dugi-proizvodi\/armaturno-gvozdje\/\",\"url\":\"https:\/\/inaxmetal.com\/sr\/proizvodi\/celicna-konstrukcija\/dugi-proizvodi\/armaturno-gvozdje\/\",\"name\":\"Armaturno gvo\u017edje - \u0130nax Metal\",\"isPartOf\":{\"@id\":\"https:\/\/inaxmetal.com\/sr\/#website\"},\"primaryImageOfPage\":{\"@id\":\"https:\/\/inaxmetal.com\/sr\/proizvodi\/celicna-konstrukcija\/dugi-proizvodi\/armaturno-gvozdje\/#primaryimage\"},\"image\":{\"@id\":\"https:\/\/inaxmetal.com\/sr\/proizvodi\/celicna-konstrukcija\/dugi-proizvodi\/armaturno-gvozdje\/#primaryimage\"},\"thumbnailUrl\":\"https:\/\/inaxmetal.com\/wp-content\/uploads\/2024\/05\/rebars.webp\",\"datePublished\":\"2024-06-04T12:06:07+00:00\",\"dateModified\":\"2025-03-04T17:42:30+00:00\",\"breadcrumb\":{\"@id\":\"https:\/\/inaxmetal.com\/sr\/proizvodi\/celicna-konstrukcija\/dugi-proizvodi\/armaturno-gvozdje\/#breadcrumb\"},\"inLanguage\":\"sr-RS\",\"potentialAction\":[{\"@type\":\"ReadAction\",\"target\":[\"https:\/\/inaxmetal.com\/sr\/proizvodi\/celicna-konstrukcija\/dugi-proizvodi\/armaturno-gvozdje\/\"]}]},{\"@type\":\"ImageObject\",\"inLanguage\":\"sr-RS\",\"@id\":\"https:\/\/inaxmetal.com\/sr\/proizvodi\/celicna-konstrukcija\/dugi-proizvodi\/armaturno-gvozdje\/#primaryimage\",\"url\":\"https:\/\/inaxmetal.com\/wp-content\/uploads\/2024\/05\/rebars.webp\",\"contentUrl\":\"https:\/\/inaxmetal.com\/wp-content\/uploads\/2024\/05\/rebars.webp\",\"width\":600,\"height\":600},{\"@type\":\"BreadcrumbList\",\"@id\":\"https:\/\/inaxmetal.com\/sr\/proizvodi\/celicna-konstrukcija\/dugi-proizvodi\/armaturno-gvozdje\/#breadcrumb\",\"itemListElement\":[{\"@type\":\"ListItem\",\"position\":1,\"name\":\"Home\",\"item\":\"https:\/\/inaxmetal.com\/sr\/\"},{\"@type\":\"ListItem\",\"position\":2,\"name\":\"Proizvodi\",\"item\":\"https:\/\/inaxmetal.com\/sr\/proizvodi\/\"},{\"@type\":\"ListItem\",\"position\":3,\"name\":\"\u010celi\u010dna konstrukcija\",\"item\":\"https:\/\/inaxmetal.com\/sr\/proizvodi\/celicna-konstrukcija\/\"},{\"@type\":\"ListItem\",\"position\":4,\"name\":\"Dugi proizvodi\",\"item\":\"https:\/\/inaxmetal.com\/sr\/proizvodi\/celicna-konstrukcija\/dugi-proizvodi\/\"},{\"@type\":\"ListItem\",\"position\":5,\"name\":\"Armaturno gvo\u017edje\"}]},{\"@type\":\"WebSite\",\"@id\":\"https:\/\/inaxmetal.com\/sr\/#website\",\"url\":\"https:\/\/inaxmetal.com\/sr\/\",\"name\":\"\u0130nax Metal\",\"description\":\"\",\"potentialAction\":[{\"@type\":\"SearchAction\",\"target\":{\"@type\":\"EntryPoint\",\"urlTemplate\":\"https:\/\/inaxmetal.com\/sr\/?s={search_term_string}\"},\"query-input\":{\"@type\":\"PropertyValueSpecification\",\"valueRequired\":true,\"valueName\":\"search_term_string\"}}],\"inLanguage\":\"sr-RS\"}]}<\/script>\n<!-- \/ Yoast SEO plugin. -->","yoast_head_json":{"title":"Armaturno gvo\u017edje - \u0130nax Metal","robots":{"index":"index","follow":"follow","max-snippet":"max-snippet:-1","max-image-preview":"max-image-preview:large","max-video-preview":"max-video-preview:-1"},"canonical":"https:\/\/inaxmetal.com\/sr\/proizvodi\/celicna-konstrukcija\/dugi-proizvodi\/armaturno-gvozdje\/","og_locale":"sr_RS","og_type":"article","og_title":"Armaturno gvo\u017edje - \u0130nax Metal","og_description":"Podru\u010dja upotrebe Izgradnja zgrada Infrastrukturni Projekti Industrijske zgrade Put i trotoar Izgradnja Stambena izgradnja Dimenzije Armature Dimenzija (mm) Jedin\u010dna te\u017eina (kg\/m) Du\u017eina i Pakovanje 8 0,395 6 ili 12 metara \/ se\u010deno na du\u017einu \/ u snopovima ili koturima 10 0,617 12 0,888 14 1,208 16 1,578 18 1,998 20 2,466 22 2,984 24 3,551 [&hellip;]","og_url":"https:\/\/inaxmetal.com\/sr\/proizvodi\/celicna-konstrukcija\/dugi-proizvodi\/armaturno-gvozdje\/","og_site_name":"\u0130nax Metal","article_modified_time":"2025-03-04T17:42:30+00:00","og_image":[{"width":600,"height":600,"url":"https:\/\/inaxmetal.com\/wp-content\/uploads\/2024\/05\/rebars.webp","type":"image\/webp"}],"twitter_card":"summary_large_image","schema":{"@context":"https:\/\/schema.org","@graph":[{"@type":"WebPage","@id":"https:\/\/inaxmetal.com\/sr\/proizvodi\/celicna-konstrukcija\/dugi-proizvodi\/armaturno-gvozdje\/","url":"https:\/\/inaxmetal.com\/sr\/proizvodi\/celicna-konstrukcija\/dugi-proizvodi\/armaturno-gvozdje\/","name":"Armaturno gvo\u017edje - \u0130nax Metal","isPartOf":{"@id":"https:\/\/inaxmetal.com\/sr\/#website"},"primaryImageOfPage":{"@id":"https:\/\/inaxmetal.com\/sr\/proizvodi\/celicna-konstrukcija\/dugi-proizvodi\/armaturno-gvozdje\/#primaryimage"},"image":{"@id":"https:\/\/inaxmetal.com\/sr\/proizvodi\/celicna-konstrukcija\/dugi-proizvodi\/armaturno-gvozdje\/#primaryimage"},"thumbnailUrl":"https:\/\/inaxmetal.com\/wp-content\/uploads\/2024\/05\/rebars.webp","datePublished":"2024-06-04T12:06:07+00:00","dateModified":"2025-03-04T17:42:30+00:00","breadcrumb":{"@id":"https:\/\/inaxmetal.com\/sr\/proizvodi\/celicna-konstrukcija\/dugi-proizvodi\/armaturno-gvozdje\/#breadcrumb"},"inLanguage":"sr-RS","potentialAction":[{"@type":"ReadAction","target":["https:\/\/inaxmetal.com\/sr\/proizvodi\/celicna-konstrukcija\/dugi-proizvodi\/armaturno-gvozdje\/"]}]},{"@type":"ImageObject","inLanguage":"sr-RS","@id":"https:\/\/inaxmetal.com\/sr\/proizvodi\/celicna-konstrukcija\/dugi-proizvodi\/armaturno-gvozdje\/#primaryimage","url":"https:\/\/inaxmetal.com\/wp-content\/uploads\/2024\/05\/rebars.webp","contentUrl":"https:\/\/inaxmetal.com\/wp-content\/uploads\/2024\/05\/rebars.webp","width":600,"height":600},{"@type":"BreadcrumbList","@id":"https:\/\/inaxmetal.com\/sr\/proizvodi\/celicna-konstrukcija\/dugi-proizvodi\/armaturno-gvozdje\/#breadcrumb","itemListElement":[{"@type":"ListItem","position":1,"name":"Home","item":"https:\/\/inaxmetal.com\/sr\/"},{"@type":"ListItem","position":2,"name":"Proizvodi","item":"https:\/\/inaxmetal.com\/sr\/proizvodi\/"},{"@type":"ListItem","position":3,"name":"\u010celi\u010dna konstrukcija","item":"https:\/\/inaxmetal.com\/sr\/proizvodi\/celicna-konstrukcija\/"},{"@type":"ListItem","position":4,"name":"Dugi proizvodi","item":"https:\/\/inaxmetal.com\/sr\/proizvodi\/celicna-konstrukcija\/dugi-proizvodi\/"},{"@type":"ListItem","position":5,"name":"Armaturno gvo\u017edje"}]},{"@type":"WebSite","@id":"https:\/\/inaxmetal.com\/sr\/#website","url":"https:\/\/inaxmetal.com\/sr\/","name":"\u0130nax Metal","description":"","potentialAction":[{"@type":"SearchAction","target":{"@type":"EntryPoint","urlTemplate":"https:\/\/inaxmetal.com\/sr\/?s={search_term_string}"},"query-input":{"@type":"PropertyValueSpecification","valueRequired":true,"valueName":"search_term_string"}}],"inLanguage":"sr-RS"}]}},"_links":{"self":[{"href":"https:\/\/inaxmetal.com\/sr\/wp-json\/wp\/v2\/pages\/3374","targetHints":{"allow":["GET"]}}],"collection":[{"href":"https:\/\/inaxmetal.com\/sr\/wp-json\/wp\/v2\/pages"}],"about":[{"href":"https:\/\/inaxmetal.com\/sr\/wp-json\/wp\/v2\/types\/page"}],"author":[{"embeddable":true,"href":"https:\/\/inaxmetal.com\/sr\/wp-json\/wp\/v2\/users\/3"}],"replies":[{"embeddable":true,"href":"https:\/\/inaxmetal.com\/sr\/wp-json\/wp\/v2\/comments?post=3374"}],"version-history":[{"count":1,"href":"https:\/\/inaxmetal.com\/sr\/wp-json\/wp\/v2\/pages\/3374\/revisions"}],"predecessor-version":[{"id":3375,"href":"https:\/\/inaxmetal.com\/sr\/wp-json\/wp\/v2\/pages\/3374\/revisions\/3375"}],"up":[{"embeddable":true,"href":"https:\/\/inaxmetal.com\/sr\/wp-json\/wp\/v2\/pages\/3340"}],"wp:featuredmedia":[{"embeddable":true,"href":"https:\/\/inaxmetal.com\/sr\/wp-json\/wp\/v2\/media\/3343"}],"wp:attachment":[{"href":"https:\/\/inaxmetal.com\/sr\/wp-json\/wp\/v2\/media?parent=3374"}],"curies":[{"name":"wp","href":"https:\/\/api.w.org\/{rel}","templated":true}]}}