{"id":3378,"date":"2024-06-04T15:04:06","date_gmt":"2024-06-04T12:04:06","guid":{"rendered":"https:\/\/inaxmetal.com\/proizvodi\/celicna-konstrukcija\/dugi-proizvodi\/okrugli-celici\/"},"modified":"2025-03-04T22:10:56","modified_gmt":"2025-03-04T19:10:56","slug":"okrugli-celici","status":"publish","type":"page","link":"https:\/\/inaxmetal.com\/sr\/proizvodi\/celicna-konstrukcija\/dugi-proizvodi\/okrugli-celici\/","title":{"rendered":"Okrugli \u010delici"},"content":{"rendered":"\t\t<div data-elementor-type=\"wp-page\" data-elementor-id=\"3378\" class=\"elementor elementor-3378 elementor-1537\" data-elementor-post-type=\"page\">\n\t\t\t\t<div class=\"elementor-element elementor-element-7753df0 e-flex e-con-boxed e-con e-parent\" data-id=\"7753df0\" data-element_type=\"container\">\n\t\t\t\t\t<div class=\"e-con-inner\">\n\t\t<div class=\"elementor-element elementor-element-ce850e9 e-con-full e-flex e-con e-child\" data-id=\"ce850e9\" data-element_type=\"container\">\n\t\t\t\t<div class=\"elementor-element elementor-element-833c738 elementor-widget elementor-widget-image\" data-id=\"833c738\" data-element_type=\"widget\" data-widget_type=\"image.default\">\n\t\t\t\t<div class=\"elementor-widget-container\">\n\t\t\t\t\t\t\t\t\t\t\t\t\t\t\t<img fetchpriority=\"high\" decoding=\"async\" width=\"600\" height=\"600\" src=\"https:\/\/inaxmetal.com\/wp-content\/uploads\/2024\/05\/round-bars.webp\" class=\"attachment-large size-large wp-image-3346\" alt=\"\" srcset=\"https:\/\/inaxmetal.com\/wp-content\/uploads\/2024\/05\/round-bars.webp 600w, https:\/\/inaxmetal.com\/wp-content\/uploads\/2024\/05\/round-bars-300x300.webp 300w, https:\/\/inaxmetal.com\/wp-content\/uploads\/2024\/05\/round-bars-150x150.webp 150w\" sizes=\"(max-width: 600px) 100vw, 600px\" \/>\t\t\t\t\t\t\t\t\t\t\t\t\t\t\t<\/div>\n\t\t\t\t<\/div>\n\t\t\t\t<\/div>\n\t\t<div class=\"elementor-element elementor-element-31b5a11 e-con-full e-flex e-con e-child\" data-id=\"31b5a11\" data-element_type=\"container\">\n\t\t\t\t<div class=\"elementor-element elementor-element-f1203e9 elementor-widget elementor-widget-heading\" data-id=\"f1203e9\" data-element_type=\"widget\" data-widget_type=\"heading.default\">\n\t\t\t\t<div class=\"elementor-widget-container\">\n\t\t\t\t\t<h2 class=\"elementor-heading-title elementor-size-default\">Podru\u010dja upotrebe<\/h2>\t\t\t\t<\/div>\n\t\t\t\t<\/div>\n\t\t\t\t<div class=\"elementor-element elementor-element-571760b elementor-widget elementor-widget-text-editor\" data-id=\"571760b\" data-element_type=\"widget\" data-widget_type=\"text-editor.default\">\n\t\t\t\t<div class=\"elementor-widget-container\">\n\t\t\t\t\t\t\t\t\t<ul>\n<li>Proizvodnja Metala<\/li>\n<li>Izgradnja<\/li>\n<li>Proizvodnja i<\/li>\n<li>Ma\u0161inerija<\/li>\n<li>Automobilska industrija i<\/li>\n<li>Transport<\/li>\n<li>Izrada Alata i Kalupa<\/li>\n<\/ul>\n\t\t\t\t\t\t\t\t<\/div>\n\t\t\t\t<\/div>\n\t\t\t\t<\/div>\n\t\t\t\t\t<\/div>\n\t\t\t\t<\/div>\n\t\t<div class=\"elementor-element elementor-element-7063bfc e-flex e-con-boxed e-con e-parent\" data-id=\"7063bfc\" data-element_type=\"container\">\n\t\t\t\t\t<div class=\"e-con-inner\">\n\t\t<div class=\"elementor-element elementor-element-032528f e-con-full e-flex e-con e-child\" data-id=\"032528f\" data-element_type=\"container\">\n\t\t\t\t<div class=\"elementor-element elementor-element-a138cc1 elementor-widget elementor-widget-heading\" data-id=\"a138cc1\" data-element_type=\"widget\" data-widget_type=\"heading.default\">\n\t\t\t\t<div class=\"elementor-widget-container\">\n\t\t\t\t\t<h3 class=\"elementor-heading-title elementor-size-default\">Dimenzije Okruglih \u0161ipki<\/h3>\t\t\t\t<\/div>\n\t\t\t\t<\/div>\n\t\t\t\t<div class=\"elementor-element elementor-element-4c59d07 elementor-widget elementor-widget-image\" data-id=\"4c59d07\" data-element_type=\"widget\" data-widget_type=\"image.default\">\n\t\t\t\t<div class=\"elementor-widget-container\">\n\t\t\t\t\t\t\t\t\t\t\t\t\t\t\t<img decoding=\"async\" width=\"292\" height=\"298\" src=\"https:\/\/inaxmetal.com\/wp-content\/uploads\/2024\/06\/Round-Bars.png\" class=\"attachment-large size-large wp-image-3379\" alt=\"\" \/>\t\t\t\t\t\t\t\t\t\t\t\t\t\t\t<\/div>\n\t\t\t\t<\/div>\n\t\t\t\t<div class=\"elementor-element elementor-element-fa0302c elementor-widget elementor-widget-text-editor\" data-id=\"fa0302c\" data-element_type=\"widget\" data-widget_type=\"text-editor.default\">\n\t\t\t\t<div class=\"elementor-widget-container\">\n\t\t\t\t\t\t\t\t\t<table dir=\"ltr\" border=\"1\" cellspacing=\"0\" cellpadding=\"0\" data-sheets-root=\"1\"><colgroup> <col width=\"60\"> <col width=\"60\"> <col width=\"60\"> <col width=\"60\"> <col width=\"60\"> <col width=\"60\"> <col width=\"60\"> <col width=\"60\"><\/colgroup>\n<tbody>\n<tr>\n<th colspan=\"8\" rowspan=\"1\" data-sheets-value=\"{\"1\":2,\"2\":\"Dimension D (mm) Weight (kg\/m)\"}\" data-sheets-textstyleruns=\"{\"1\":0}\uee10{\"1\":131,\"2\":{\"2\":{\"1\":3,\"3\":1},\"3\":\"Calibri\",\"4\":11,\"5\":0}}\">Dimenzija D (mm) Te\u017eina (kg\/m)<\/th>\n<\/tr>\n<tr>\n<td data-sheets-value=\"{\"1\":3,\"3\":8}\">8<\/td>\n<td data-sheets-value=\"{\"1\":3,\"3\":0.39}\" data-sheets-numberformat=\"{\"1\":2,\"2\":\"0.00\",\"3\":1}\">0,39<\/td>\n<td data-sheets-value=\"{\"1\":3,\"3\":30}\">30<\/td>\n<td data-sheets-value=\"{\"1\":3,\"3\":5.55}\" data-sheets-numberformat=\"{\"1\":2,\"2\":\"0.00\",\"3\":1}\">5,55<\/td>\n<td data-sheets-value=\"{\"1\":3,\"3\":90}\">90<\/td>\n<td data-sheets-value=\"{\"1\":3,\"3\":49.94}\" data-sheets-numberformat=\"{\"1\":2,\"2\":\"0.00\",\"3\":1}\">49,94<\/td>\n<td data-sheets-value=\"{\"1\":3,\"3\":190}\">190<\/td>\n<td data-sheets-value=\"{\"1\":3,\"3\":222.6}\" data-sheets-numberformat=\"{\"1\":2,\"2\":\"0.00\",\"3\":1}\">222,60<\/td>\n<\/tr>\n<tr>\n<td data-sheets-value=\"{\"1\":3,\"3\":10}\">10<\/td>\n<td data-sheets-value=\"{\"1\":3,\"3\":0.62}\" data-sheets-numberformat=\"{\"1\":2,\"2\":\"0.00\",\"3\":1}\">0,62<\/td>\n<td data-sheets-value=\"{\"1\":3,\"3\":32}\">32<\/td>\n<td data-sheets-value=\"{\"1\":3,\"3\":6.31}\" data-sheets-numberformat=\"{\"1\":2,\"2\":\"0.00\",\"3\":1}\">6,31<\/td>\n<td data-sheets-value=\"{\"1\":3,\"3\":95}\">95<\/td>\n<td data-sheets-value=\"{\"1\":3,\"3\":55.64}\" data-sheets-numberformat=\"{\"1\":2,\"2\":\"0.00\",\"3\":1}\">55,64<\/td>\n<td data-sheets-value=\"{\"1\":3,\"3\":200}\">200<\/td>\n<td data-sheets-value=\"{\"1\":3,\"3\":246.6}\" data-sheets-numberformat=\"{\"1\":2,\"2\":\"0.00\",\"3\":1}\">246,60<\/td>\n<\/tr>\n<tr>\n<td data-sheets-value=\"{\"1\":3,\"3\":11}\">11<\/td>\n<td data-sheets-value=\"{\"1\":3,\"3\":0.75}\" data-sheets-numberformat=\"{\"1\":2,\"2\":\"0.00\",\"3\":1}\">0,75<\/td>\n<td data-sheets-value=\"{\"1\":3,\"3\":35}\">35<\/td>\n<td data-sheets-value=\"{\"1\":3,\"3\":7.55}\" data-sheets-numberformat=\"{\"1\":2,\"2\":\"0.00\",\"3\":1}\">7,55<\/td>\n<td data-sheets-value=\"{\"1\":3,\"3\":100}\">100<\/td>\n<td data-sheets-value=\"{\"1\":3,\"3\":61.65}\" data-sheets-numberformat=\"{\"1\":2,\"2\":\"0.00\",\"3\":1}\">61,65<\/td>\n<td data-sheets-value=\"{\"1\":3,\"3\":210}\">210<\/td>\n<td data-sheets-value=\"{\"1\":3,\"3\":271.76}\" data-sheets-numberformat=\"{\"1\":2,\"2\":\"0.00\",\"3\":1}\">271,76<\/td>\n<\/tr>\n<tr>\n<td data-sheets-value=\"{\"1\":3,\"3\":12}\">12<\/td>\n<td data-sheets-value=\"{\"1\":3,\"3\":0.89}\" data-sheets-numberformat=\"{\"1\":2,\"2\":\"0.00\",\"3\":1}\">0,89<\/td>\n<td data-sheets-value=\"{\"1\":3,\"3\":38}\">38<\/td>\n<td data-sheets-value=\"{\"1\":3,\"3\":8.9}\" data-sheets-numberformat=\"{\"1\":2,\"2\":\"0.00\",\"3\":1}\">8,90<\/td>\n<td data-sheets-value=\"{\"1\":3,\"3\":105}\">105<\/td>\n<td data-sheets-value=\"{\"1\":3,\"3\":67.97}\" data-sheets-numberformat=\"{\"1\":2,\"2\":\"0.00\",\"3\":1}\">67,97<\/td>\n<td data-sheets-value=\"{\"1\":3,\"3\":220}\">220<\/td>\n<td data-sheets-value=\"{\"1\":3,\"3\":298.25}\" data-sheets-numberformat=\"{\"1\":2,\"2\":\"0.00\",\"3\":1}\">298,25<\/td>\n<\/tr>\n<tr>\n<td data-sheets-value=\"{\"1\":3,\"3\":13}\">13<\/td>\n<td data-sheets-value=\"{\"1\":3,\"3\":1.04}\" data-sheets-numberformat=\"{\"1\":2,\"2\":\"0.00\",\"3\":1}\">1,04<\/td>\n<td data-sheets-value=\"{\"1\":3,\"3\":40}\">40<\/td>\n<td data-sheets-value=\"{\"1\":3,\"3\":9.86}\" data-sheets-numberformat=\"{\"1\":2,\"2\":\"0.00\",\"3\":1}\">9,86<\/td>\n<td data-sheets-value=\"{\"1\":3,\"3\":110}\">110<\/td>\n<td data-sheets-value=\"{\"1\":3,\"3\":74.6}\" data-sheets-numberformat=\"{\"1\":2,\"2\":\"0.00\",\"3\":1}\">74,60<\/td>\n<td data-sheets-value=\"{\"1\":3,\"3\":230}\">230<\/td>\n<td data-sheets-value=\"{\"1\":3,\"3\":325.98}\" data-sheets-numberformat=\"{\"1\":2,\"2\":\"0.00\",\"3\":1}\">325,98<\/td>\n<\/tr>\n<tr>\n<td data-sheets-value=\"{\"1\":3,\"3\":14}\">14<\/td>\n<td data-sheets-value=\"{\"1\":3,\"3\":1.21}\" data-sheets-numberformat=\"{\"1\":2,\"2\":\"0.00\",\"3\":1}\">1,21<\/td>\n<td data-sheets-value=\"{\"1\":3,\"3\":42}\">42<\/td>\n<td data-sheets-value=\"{\"1\":3,\"3\":10.88}\" data-sheets-numberformat=\"{\"1\":2,\"2\":\"0.00\",\"3\":1}\">10,88<\/td>\n<td data-sheets-value=\"{\"1\":3,\"3\":115}\">115<\/td>\n<td data-sheets-value=\"{\"1\":3,\"3\":81.54}\" data-sheets-numberformat=\"{\"1\":2,\"2\":\"0.00\",\"3\":1}\">81,54<\/td>\n<td data-sheets-value=\"{\"1\":3,\"3\":235}\">235<\/td>\n<td data-sheets-value=\"{\"1\":3,\"3\":340}\" data-sheets-numberformat=\"{\"1\":2,\"2\":\"0.00\",\"3\":1}\">340,00<\/td>\n<\/tr>\n<tr>\n<td data-sheets-value=\"{\"1\":3,\"3\":15}\">15<\/td>\n<td data-sheets-value=\"{\"1\":3,\"3\":1.39}\" data-sheets-numberformat=\"{\"1\":2,\"2\":\"0.00\",\"3\":1}\">1,39<\/td>\n<td data-sheets-value=\"{\"1\":3,\"3\":45}\">45<\/td>\n<td data-sheets-value=\"{\"1\":3,\"3\":12.48}\" data-sheets-numberformat=\"{\"1\":2,\"2\":\"0.00\",\"3\":1}\">12,48<\/td>\n<td data-sheets-value=\"{\"1\":3,\"3\":120}\">120<\/td>\n<td data-sheets-value=\"{\"1\":3,\"3\":88.78}\" data-sheets-numberformat=\"{\"1\":2,\"2\":\"0.00\",\"3\":1}\">88,78<\/td>\n<td data-sheets-value=\"{\"1\":3,\"3\":240}\">240<\/td>\n<td data-sheets-value=\"{\"1\":3,\"3\":354.95}\" data-sheets-numberformat=\"{\"1\":2,\"2\":\"0.00\",\"3\":1}\">354,95<\/td>\n<\/tr>\n<tr>\n<td data-sheets-value=\"{\"1\":3,\"3\":16}\">16<\/td>\n<td data-sheets-value=\"{\"1\":3,\"3\":1.58}\" data-sheets-numberformat=\"{\"1\":2,\"2\":\"0.00\",\"3\":1}\">1,58<\/td>\n<td data-sheets-value=\"{\"1\":3,\"3\":48}\">48<\/td>\n<td data-sheets-value=\"{\"1\":3,\"3\":14.21}\" data-sheets-numberformat=\"{\"1\":2,\"2\":\"0.00\",\"3\":1}\">14,21<\/td>\n<td data-sheets-value=\"{\"1\":3,\"3\":125}\">125<\/td>\n<td data-sheets-value=\"{\"1\":3,\"3\":96.33}\" data-sheets-numberformat=\"{\"1\":2,\"2\":\"0.00\",\"3\":1}\">96,33<\/td>\n<td data-sheets-value=\"{\"1\":3,\"3\":250}\">250<\/td>\n<td data-sheets-value=\"{\"1\":3,\"3\":385.14}\" data-sheets-numberformat=\"{\"1\":2,\"2\":\"0.00\",\"3\":1}\">385,14<\/td>\n<\/tr>\n<tr>\n<td data-sheets-value=\"{\"1\":3,\"3\":17}\">17<\/td>\n<td data-sheets-value=\"{\"1\":3,\"3\":1.78}\" data-sheets-numberformat=\"{\"1\":2,\"2\":\"0.00\",\"3\":1}\">1,78<\/td>\n<td data-sheets-value=\"{\"1\":3,\"3\":50}\">50<\/td>\n<td data-sheets-value=\"{\"1\":3,\"3\":15.41}\" data-sheets-numberformat=\"{\"1\":2,\"2\":\"0.00\",\"3\":1}\">15,41<\/td>\n<td data-sheets-value=\"{\"1\":3,\"3\":130}\">130<\/td>\n<td data-sheets-value=\"{\"1\":3,\"3\":104.19}\" data-sheets-numberformat=\"{\"1\":2,\"2\":\"0.00\",\"3\":1}\">104,19<\/td>\n<td data-sheets-value=\"{\"1\":3,\"3\":260}\">260<\/td>\n<td data-sheets-value=\"{\"1\":3,\"3\":416.57}\" data-sheets-numberformat=\"{\"1\":2,\"2\":\"0.00\",\"3\":1}\">416,57<\/td>\n<\/tr>\n<tr>\n<td data-sheets-value=\"{\"1\":3,\"3\":18}\">18<\/td>\n<td data-sheets-value=\"{\"1\":3,\"3\":2}\" data-sheets-numberformat=\"{\"1\":2,\"2\":\"0.00\",\"3\":1}\">2,00<\/td>\n<td data-sheets-value=\"{\"1\":3,\"3\":55}\">55<\/td>\n<td data-sheets-value=\"{\"1\":3,\"3\":18.65}\" data-sheets-numberformat=\"{\"1\":2,\"2\":\"0.00\",\"3\":1}\">18,65<\/td>\n<td data-sheets-value=\"{\"1\":3,\"3\":135}\">135<\/td>\n<td data-sheets-value=\"{\"1\":3,\"3\":112.36}\" data-sheets-numberformat=\"{\"1\":2,\"2\":\"0.00\",\"3\":1}\">112,36<\/td>\n<td data-sheets-value=\"{\"1\":3,\"3\":270}\">270<\/td>\n<td data-sheets-value=\"{\"1\":3,\"3\":449.23}\" data-sheets-numberformat=\"{\"1\":2,\"2\":\"0.00\",\"3\":1}\">449,23<\/td>\n<\/tr>\n<tr>\n<td data-sheets-value=\"{\"1\":3,\"3\":19}\">19<\/td>\n<td data-sheets-value=\"{\"1\":3,\"3\":2.23}\" data-sheets-numberformat=\"{\"1\":2,\"2\":\"0.00\",\"3\":1}\">2,23<\/td>\n<td data-sheets-value=\"{\"1\":3,\"3\":60}\">60<\/td>\n<td data-sheets-value=\"{\"1\":3,\"3\":22.2}\" data-sheets-numberformat=\"{\"1\":2,\"2\":\"0.00\",\"3\":1}\">22,20<\/td>\n<td data-sheets-value=\"{\"1\":3,\"3\":140}\">140<\/td>\n<td data-sheets-value=\"{\"1\":3,\"3\":120.84}\" data-sheets-numberformat=\"{\"1\":2,\"2\":\"0.00\",\"3\":1}\">120,84<\/td>\n<td data-sheets-value=\"{\"1\":3,\"3\":285}\">285<\/td>\n<td data-sheets-value=\"{\"1\":3,\"3\":501}\" data-sheets-numberformat=\"{\"1\":2,\"2\":\"0.00\",\"3\":1}\">501,00<\/td>\n<\/tr>\n<tr>\n<td data-sheets-value=\"{\"1\":3,\"3\":20}\">20<\/td>\n<td data-sheets-value=\"{\"1\":3,\"3\":2.46}\" data-sheets-numberformat=\"{\"1\":2,\"2\":\"0.00\",\"3\":1}\">2,46<\/td>\n<td data-sheets-value=\"{\"1\":3,\"3\":65}\">65<\/td>\n<td data-sheets-value=\"{\"1\":3,\"3\":26.05}\" data-sheets-numberformat=\"{\"1\":2,\"2\":\"0.00\",\"3\":1}\">26,05<\/td>\n<td data-sheets-value=\"{\"1\":3,\"3\":145}\">145<\/td>\n<td data-sheets-value=\"{\"1\":3,\"3\":129.63}\" data-sheets-numberformat=\"{\"1\":2,\"2\":\"0.00\",\"3\":1}\">129,63<\/td>\n<td data-sheets-value=\"{\"1\":3,\"3\":290}\">290<\/td>\n<td data-sheets-value=\"{\"1\":3,\"3\":518}\" data-sheets-numberformat=\"{\"1\":2,\"2\":\"0.00\",\"3\":1}\">518,00<\/td>\n<\/tr>\n<tr>\n<td data-sheets-value=\"{\"1\":3,\"3\":22}\">22<\/td>\n<td data-sheets-value=\"{\"1\":3,\"3\":2.98}\" data-sheets-numberformat=\"{\"1\":2,\"2\":\"0.00\",\"3\":1}\">2,98<\/td>\n<td data-sheets-value=\"{\"1\":3,\"3\":70}\">70<\/td>\n<td data-sheets-value=\"{\"1\":3,\"3\":30.21}\" data-sheets-numberformat=\"{\"1\":2,\"2\":\"0.00\",\"3\":1}\">30,21<\/td>\n<td data-sheets-value=\"{\"1\":3,\"3\":150}\">150<\/td>\n<td data-sheets-value=\"{\"1\":3,\"3\":138.72}\" data-sheets-numberformat=\"{\"1\":2,\"2\":\"0.00\",\"3\":1}\">138,72<\/td>\n<td data-sheets-value=\"{\"1\":3,\"3\":295}\">295<\/td>\n<td data-sheets-value=\"{\"1\":3,\"3\":536}\" data-sheets-numberformat=\"{\"1\":2,\"2\":\"0.00\",\"3\":1}\">536,00<\/td>\n<\/tr>\n<tr>\n<td data-sheets-value=\"{\"1\":3,\"3\":24}\">24<\/td>\n<td data-sheets-value=\"{\"1\":3,\"3\":3.55}\" data-sheets-numberformat=\"{\"1\":2,\"2\":\"0.00\",\"3\":1}\">3,55<\/td>\n<td data-sheets-value=\"{\"1\":3,\"3\":75}\">75<\/td>\n<td data-sheets-value=\"{\"1\":3,\"3\":34.68}\" data-sheets-numberformat=\"{\"1\":2,\"2\":\"0.00\",\"3\":1}\">34,68<\/td>\n<td data-sheets-value=\"{\"1\":3,\"3\":160}\">160<\/td>\n<td data-sheets-value=\"{\"1\":3,\"3\":157.8}\" data-sheets-numberformat=\"{\"1\":2,\"2\":\"0.00\",\"3\":1}\">157,80<\/td>\n<td data-sheets-value=\"{\"1\":3,\"3\":300}\">300<\/td>\n<td data-sheets-value=\"{\"1\":3,\"3\":555}\" data-sheets-numberformat=\"{\"1\":2,\"2\":\"0.00\",\"3\":1}\">555,00<\/td>\n<\/tr>\n<tr>\n<td data-sheets-value=\"{\"1\":3,\"3\":25}\">25<\/td>\n<td data-sheets-value=\"{\"1\":3,\"3\":3.85}\" data-sheets-numberformat=\"{\"1\":2,\"2\":\"0.00\",\"3\":1}\">3,85<\/td>\n<td data-sheets-value=\"{\"1\":3,\"3\":80}\">80<\/td>\n<td data-sheets-value=\"{\"1\":3,\"3\":39.46}\" data-sheets-numberformat=\"{\"1\":2,\"2\":\"0.00\",\"3\":1}\">39,46<\/td>\n<td data-sheets-value=\"{\"1\":3,\"3\":170}\">170<\/td>\n<td data-sheets-value=\"{\"1\":3,\"3\":178.2}\" data-sheets-numberformat=\"{\"1\":2,\"2\":\"0.00\",\"3\":1}\">178,20<\/td>\n<td data-sheets-value=\"{\"1\":3,\"3\":310}\">310<\/td>\n<td data-sheets-value=\"{\"1\":3,\"3\":592}\" data-sheets-numberformat=\"{\"1\":2,\"2\":\"0.00\",\"3\":1}\">592,00<\/td>\n<\/tr>\n<tr>\n<td data-sheets-value=\"{\"1\":3,\"3\":28}\">28<\/td>\n<td data-sheets-value=\"{\"1\":3,\"3\":4.83}\" data-sheets-numberformat=\"{\"1\":2,\"2\":\"0.00\",\"3\":1}\">4,83<\/td>\n<td data-sheets-value=\"{\"1\":3,\"3\":85}\">85<\/td>\n<td data-sheets-value=\"{\"1\":3,\"3\":44.54}\" data-sheets-numberformat=\"{\"1\":2,\"2\":\"0.00\",\"3\":1}\">44,54<\/td>\n<td data-sheets-value=\"{\"1\":3,\"3\":180}\">180<\/td>\n<td data-sheets-value=\"{\"1\":3,\"3\":199.8}\" data-sheets-numberformat=\"{\"1\":2,\"2\":\"0.00\",\"3\":1}\">199,80<\/td>\n<td data-sheets-value=\"{\"1\":3,\"3\":330}\">330<\/td>\n<td data-sheets-value=\"{\"1\":3,\"3\":671}\" data-sheets-numberformat=\"{\"1\":2,\"2\":\"0.00\",\"3\":1}\">671,00<\/td>\n<\/tr>\n<\/tbody>\n<\/table>\t\t\t\t\t\t\t\t<\/div>\n\t\t\t\t<\/div>\n\t\t\t\t<\/div>\n\t\t\t\t\t<\/div>\n\t\t\t\t<\/div>\n\t\t\t\t<\/div>\n\t\t","protected":false},"excerpt":{"rendered":"<p>Podru\u010dja upotrebe Proizvodnja Metala Izgradnja Proizvodnja i Ma\u0161inerija Automobilska industrija i Transport Izrada Alata i Kalupa Dimenzije Okruglih \u0161ipki Dimenzija D (mm) Te\u017eina (kg\/m) 8 0,39 30 5,55 90 49,94 190 222,60 10 0,62 32 6,31 95 55,64 200 246,60 11 0,75 35 7,55 100 61,65 210 271,76 12 0,89 38 8,90 105 67,97 220 [&hellip;]<\/p>\n","protected":false},"author":3,"featured_media":3346,"parent":3340,"menu_order":0,"comment_status":"closed","ping_status":"closed","template":"","meta":{"footnotes":""},"class_list":["post-3378","page","type-page","status-publish","has-post-thumbnail","hentry"],"yoast_head":"<!-- This site is optimized with the Yoast SEO plugin v26.7 - https:\/\/yoast.com\/wordpress\/plugins\/seo\/ -->\n<title>Okrugli \u010delici - \u0130nax Metal<\/title>\n<meta name=\"robots\" content=\"index, follow, max-snippet:-1, max-image-preview:large, max-video-preview:-1\" \/>\n<link rel=\"canonical\" href=\"https:\/\/inaxmetal.com\/sr\/proizvodi\/celicna-konstrukcija\/dugi-proizvodi\/okrugli-celici\/\" \/>\n<meta property=\"og:locale\" content=\"sr_RS\" \/>\n<meta property=\"og:type\" content=\"article\" \/>\n<meta property=\"og:title\" content=\"Okrugli \u010delici - \u0130nax Metal\" \/>\n<meta property=\"og:description\" content=\"Podru\u010dja upotrebe Proizvodnja Metala Izgradnja Proizvodnja i Ma\u0161inerija Automobilska industrija i Transport Izrada Alata i Kalupa Dimenzije Okruglih \u0161ipki Dimenzija D (mm) Te\u017eina (kg\/m) 8 0,39 30 5,55 90 49,94 190 222,60 10 0,62 32 6,31 95 55,64 200 246,60 11 0,75 35 7,55 100 61,65 210 271,76 12 0,89 38 8,90 105 67,97 220 [&hellip;]\" \/>\n<meta property=\"og:url\" content=\"https:\/\/inaxmetal.com\/sr\/proizvodi\/celicna-konstrukcija\/dugi-proizvodi\/okrugli-celici\/\" \/>\n<meta property=\"og:site_name\" content=\"\u0130nax Metal\" \/>\n<meta property=\"article:modified_time\" content=\"2025-03-04T19:10:56+00:00\" \/>\n<meta property=\"og:image\" content=\"https:\/\/inaxmetal.com\/wp-content\/uploads\/2024\/05\/round-bars.webp\" \/>\n\t<meta property=\"og:image:width\" content=\"600\" \/>\n\t<meta property=\"og:image:height\" content=\"600\" \/>\n\t<meta property=\"og:image:type\" content=\"image\/webp\" \/>\n<meta name=\"twitter:card\" content=\"summary_large_image\" \/>\n<script type=\"application\/ld+json\" class=\"yoast-schema-graph\">{\"@context\":\"https:\/\/schema.org\",\"@graph\":[{\"@type\":\"WebPage\",\"@id\":\"https:\/\/inaxmetal.com\/sr\/proizvodi\/celicna-konstrukcija\/dugi-proizvodi\/okrugli-celici\/\",\"url\":\"https:\/\/inaxmetal.com\/sr\/proizvodi\/celicna-konstrukcija\/dugi-proizvodi\/okrugli-celici\/\",\"name\":\"Okrugli \u010delici - \u0130nax Metal\",\"isPartOf\":{\"@id\":\"https:\/\/inaxmetal.com\/sr\/#website\"},\"primaryImageOfPage\":{\"@id\":\"https:\/\/inaxmetal.com\/sr\/proizvodi\/celicna-konstrukcija\/dugi-proizvodi\/okrugli-celici\/#primaryimage\"},\"image\":{\"@id\":\"https:\/\/inaxmetal.com\/sr\/proizvodi\/celicna-konstrukcija\/dugi-proizvodi\/okrugli-celici\/#primaryimage\"},\"thumbnailUrl\":\"https:\/\/inaxmetal.com\/wp-content\/uploads\/2024\/05\/round-bars.webp\",\"datePublished\":\"2024-06-04T12:04:06+00:00\",\"dateModified\":\"2025-03-04T19:10:56+00:00\",\"breadcrumb\":{\"@id\":\"https:\/\/inaxmetal.com\/sr\/proizvodi\/celicna-konstrukcija\/dugi-proizvodi\/okrugli-celici\/#breadcrumb\"},\"inLanguage\":\"sr-RS\",\"potentialAction\":[{\"@type\":\"ReadAction\",\"target\":[\"https:\/\/inaxmetal.com\/sr\/proizvodi\/celicna-konstrukcija\/dugi-proizvodi\/okrugli-celici\/\"]}]},{\"@type\":\"ImageObject\",\"inLanguage\":\"sr-RS\",\"@id\":\"https:\/\/inaxmetal.com\/sr\/proizvodi\/celicna-konstrukcija\/dugi-proizvodi\/okrugli-celici\/#primaryimage\",\"url\":\"https:\/\/inaxmetal.com\/wp-content\/uploads\/2024\/05\/round-bars.webp\",\"contentUrl\":\"https:\/\/inaxmetal.com\/wp-content\/uploads\/2024\/05\/round-bars.webp\",\"width\":600,\"height\":600},{\"@type\":\"BreadcrumbList\",\"@id\":\"https:\/\/inaxmetal.com\/sr\/proizvodi\/celicna-konstrukcija\/dugi-proizvodi\/okrugli-celici\/#breadcrumb\",\"itemListElement\":[{\"@type\":\"ListItem\",\"position\":1,\"name\":\"Home\",\"item\":\"https:\/\/inaxmetal.com\/sr\/\"},{\"@type\":\"ListItem\",\"position\":2,\"name\":\"Proizvodi\",\"item\":\"https:\/\/inaxmetal.com\/sr\/proizvodi\/\"},{\"@type\":\"ListItem\",\"position\":3,\"name\":\"\u010celi\u010dna konstrukcija\",\"item\":\"https:\/\/inaxmetal.com\/sr\/proizvodi\/celicna-konstrukcija\/\"},{\"@type\":\"ListItem\",\"position\":4,\"name\":\"Dugi proizvodi\",\"item\":\"https:\/\/inaxmetal.com\/sr\/proizvodi\/celicna-konstrukcija\/dugi-proizvodi\/\"},{\"@type\":\"ListItem\",\"position\":5,\"name\":\"Okrugli \u010delici\"}]},{\"@type\":\"WebSite\",\"@id\":\"https:\/\/inaxmetal.com\/sr\/#website\",\"url\":\"https:\/\/inaxmetal.com\/sr\/\",\"name\":\"\u0130nax Metal\",\"description\":\"\",\"potentialAction\":[{\"@type\":\"SearchAction\",\"target\":{\"@type\":\"EntryPoint\",\"urlTemplate\":\"https:\/\/inaxmetal.com\/sr\/?s={search_term_string}\"},\"query-input\":{\"@type\":\"PropertyValueSpecification\",\"valueRequired\":true,\"valueName\":\"search_term_string\"}}],\"inLanguage\":\"sr-RS\"}]}<\/script>\n<!-- \/ Yoast SEO plugin. -->","yoast_head_json":{"title":"Okrugli \u010delici - \u0130nax Metal","robots":{"index":"index","follow":"follow","max-snippet":"max-snippet:-1","max-image-preview":"max-image-preview:large","max-video-preview":"max-video-preview:-1"},"canonical":"https:\/\/inaxmetal.com\/sr\/proizvodi\/celicna-konstrukcija\/dugi-proizvodi\/okrugli-celici\/","og_locale":"sr_RS","og_type":"article","og_title":"Okrugli \u010delici - \u0130nax Metal","og_description":"Podru\u010dja upotrebe Proizvodnja Metala Izgradnja Proizvodnja i Ma\u0161inerija Automobilska industrija i Transport Izrada Alata i Kalupa Dimenzije Okruglih \u0161ipki Dimenzija D (mm) Te\u017eina (kg\/m) 8 0,39 30 5,55 90 49,94 190 222,60 10 0,62 32 6,31 95 55,64 200 246,60 11 0,75 35 7,55 100 61,65 210 271,76 12 0,89 38 8,90 105 67,97 220 [&hellip;]","og_url":"https:\/\/inaxmetal.com\/sr\/proizvodi\/celicna-konstrukcija\/dugi-proizvodi\/okrugli-celici\/","og_site_name":"\u0130nax Metal","article_modified_time":"2025-03-04T19:10:56+00:00","og_image":[{"width":600,"height":600,"url":"https:\/\/inaxmetal.com\/wp-content\/uploads\/2024\/05\/round-bars.webp","type":"image\/webp"}],"twitter_card":"summary_large_image","schema":{"@context":"https:\/\/schema.org","@graph":[{"@type":"WebPage","@id":"https:\/\/inaxmetal.com\/sr\/proizvodi\/celicna-konstrukcija\/dugi-proizvodi\/okrugli-celici\/","url":"https:\/\/inaxmetal.com\/sr\/proizvodi\/celicna-konstrukcija\/dugi-proizvodi\/okrugli-celici\/","name":"Okrugli \u010delici - \u0130nax Metal","isPartOf":{"@id":"https:\/\/inaxmetal.com\/sr\/#website"},"primaryImageOfPage":{"@id":"https:\/\/inaxmetal.com\/sr\/proizvodi\/celicna-konstrukcija\/dugi-proizvodi\/okrugli-celici\/#primaryimage"},"image":{"@id":"https:\/\/inaxmetal.com\/sr\/proizvodi\/celicna-konstrukcija\/dugi-proizvodi\/okrugli-celici\/#primaryimage"},"thumbnailUrl":"https:\/\/inaxmetal.com\/wp-content\/uploads\/2024\/05\/round-bars.webp","datePublished":"2024-06-04T12:04:06+00:00","dateModified":"2025-03-04T19:10:56+00:00","breadcrumb":{"@id":"https:\/\/inaxmetal.com\/sr\/proizvodi\/celicna-konstrukcija\/dugi-proizvodi\/okrugli-celici\/#breadcrumb"},"inLanguage":"sr-RS","potentialAction":[{"@type":"ReadAction","target":["https:\/\/inaxmetal.com\/sr\/proizvodi\/celicna-konstrukcija\/dugi-proizvodi\/okrugli-celici\/"]}]},{"@type":"ImageObject","inLanguage":"sr-RS","@id":"https:\/\/inaxmetal.com\/sr\/proizvodi\/celicna-konstrukcija\/dugi-proizvodi\/okrugli-celici\/#primaryimage","url":"https:\/\/inaxmetal.com\/wp-content\/uploads\/2024\/05\/round-bars.webp","contentUrl":"https:\/\/inaxmetal.com\/wp-content\/uploads\/2024\/05\/round-bars.webp","width":600,"height":600},{"@type":"BreadcrumbList","@id":"https:\/\/inaxmetal.com\/sr\/proizvodi\/celicna-konstrukcija\/dugi-proizvodi\/okrugli-celici\/#breadcrumb","itemListElement":[{"@type":"ListItem","position":1,"name":"Home","item":"https:\/\/inaxmetal.com\/sr\/"},{"@type":"ListItem","position":2,"name":"Proizvodi","item":"https:\/\/inaxmetal.com\/sr\/proizvodi\/"},{"@type":"ListItem","position":3,"name":"\u010celi\u010dna konstrukcija","item":"https:\/\/inaxmetal.com\/sr\/proizvodi\/celicna-konstrukcija\/"},{"@type":"ListItem","position":4,"name":"Dugi proizvodi","item":"https:\/\/inaxmetal.com\/sr\/proizvodi\/celicna-konstrukcija\/dugi-proizvodi\/"},{"@type":"ListItem","position":5,"name":"Okrugli \u010delici"}]},{"@type":"WebSite","@id":"https:\/\/inaxmetal.com\/sr\/#website","url":"https:\/\/inaxmetal.com\/sr\/","name":"\u0130nax Metal","description":"","potentialAction":[{"@type":"SearchAction","target":{"@type":"EntryPoint","urlTemplate":"https:\/\/inaxmetal.com\/sr\/?s={search_term_string}"},"query-input":{"@type":"PropertyValueSpecification","valueRequired":true,"valueName":"search_term_string"}}],"inLanguage":"sr-RS"}]}},"_links":{"self":[{"href":"https:\/\/inaxmetal.com\/sr\/wp-json\/wp\/v2\/pages\/3378","targetHints":{"allow":["GET"]}}],"collection":[{"href":"https:\/\/inaxmetal.com\/sr\/wp-json\/wp\/v2\/pages"}],"about":[{"href":"https:\/\/inaxmetal.com\/sr\/wp-json\/wp\/v2\/types\/page"}],"author":[{"embeddable":true,"href":"https:\/\/inaxmetal.com\/sr\/wp-json\/wp\/v2\/users\/3"}],"replies":[{"embeddable":true,"href":"https:\/\/inaxmetal.com\/sr\/wp-json\/wp\/v2\/comments?post=3378"}],"version-history":[{"count":1,"href":"https:\/\/inaxmetal.com\/sr\/wp-json\/wp\/v2\/pages\/3378\/revisions"}],"predecessor-version":[{"id":3380,"href":"https:\/\/inaxmetal.com\/sr\/wp-json\/wp\/v2\/pages\/3378\/revisions\/3380"}],"up":[{"embeddable":true,"href":"https:\/\/inaxmetal.com\/sr\/wp-json\/wp\/v2\/pages\/3340"}],"wp:featuredmedia":[{"embeddable":true,"href":"https:\/\/inaxmetal.com\/sr\/wp-json\/wp\/v2\/media\/3346"}],"wp:attachment":[{"href":"https:\/\/inaxmetal.com\/sr\/wp-json\/wp\/v2\/media?parent=3378"}],"curies":[{"name":"wp","href":"https:\/\/api.w.org\/{rel}","templated":true}]}}