{"id":3386,"date":"2024-06-05T11:38:03","date_gmt":"2024-06-05T08:38:03","guid":{"rendered":"https:\/\/inaxmetal.com\/proizvodi\/celicna-konstrukcija\/dugi-proizvodi\/cevi-od-inoxa\/"},"modified":"2025-03-04T22:36:55","modified_gmt":"2025-03-04T19:36:55","slug":"cevi-od-inoxa","status":"publish","type":"page","link":"https:\/\/inaxmetal.com\/sr\/proizvodi\/celicna-konstrukcija\/dugi-proizvodi\/cevi-od-inoxa\/","title":{"rendered":"Cevi od inoxa"},"content":{"rendered":"\t\t<div data-elementor-type=\"wp-page\" data-elementor-id=\"3386\" class=\"elementor elementor-3386 elementor-1673\" data-elementor-post-type=\"page\">\n\t\t\t\t<div class=\"elementor-element elementor-element-7753df0 e-flex e-con-boxed e-con e-parent\" data-id=\"7753df0\" data-element_type=\"container\">\n\t\t\t\t\t<div class=\"e-con-inner\">\n\t\t<div class=\"elementor-element elementor-element-ce850e9 e-con-full e-flex e-con e-child\" data-id=\"ce850e9\" data-element_type=\"container\">\n\t\t\t\t<div class=\"elementor-element elementor-element-833c738 elementor-widget elementor-widget-image\" data-id=\"833c738\" data-element_type=\"widget\" data-widget_type=\"image.default\">\n\t\t\t\t<div class=\"elementor-widget-container\">\n\t\t\t\t\t\t\t\t\t\t\t\t\t\t\t<img fetchpriority=\"high\" decoding=\"async\" width=\"600\" height=\"600\" src=\"https:\/\/inaxmetal.com\/wp-content\/uploads\/2024\/06\/stainless-structure-steel.webp\" class=\"attachment-large size-large wp-image-3355\" alt=\"\" srcset=\"https:\/\/inaxmetal.com\/wp-content\/uploads\/2024\/06\/stainless-structure-steel.webp 600w, https:\/\/inaxmetal.com\/wp-content\/uploads\/2024\/06\/stainless-structure-steel-300x300.webp 300w\" sizes=\"(max-width: 600px) 100vw, 600px\" \/>\t\t\t\t\t\t\t\t\t\t\t\t\t\t\t<\/div>\n\t\t\t\t<\/div>\n\t\t\t\t<\/div>\n\t\t\t\t\t<\/div>\n\t\t\t\t<\/div>\n\t\t<div class=\"elementor-element elementor-element-7063bfc e-flex e-con-boxed e-con e-parent\" data-id=\"7063bfc\" data-element_type=\"container\">\n\t\t\t\t\t<div class=\"e-con-inner\">\n\t\t<div class=\"elementor-element elementor-element-032528f e-con-full e-flex e-con e-child\" data-id=\"032528f\" data-element_type=\"container\">\n\t\t\t\t<div class=\"elementor-element elementor-element-fa0302c elementor-widget elementor-widget-text-editor\" data-id=\"fa0302c\" data-element_type=\"widget\" data-widget_type=\"text-editor.default\">\n\t\t\t\t<div class=\"elementor-widget-container\">\n\t\t\t\t\t\t\t\t\t<table dir=\"ltr\" border=\"1\" cellspacing=\"0\" cellpadding=\"0\" data-sheets-root=\"1\"><colgroup> <col width=\"391\"> <col width=\"313\"><\/colgroup>\n<tbody>\n<tr>\n<th colspan=\"2\" rowspan=\"1\" data-sheets-value=\"{\"1\":2,\"2\":\"Stainless Steel Black Surface Round Bars\"}\">Okrugle \u0161ipke od ner\u0111aju\u0107eg \u010delika sa crnom povr\u0161inom<\/th>\n<\/tr>\n<tr>\n<td data-sheets-value=\"{\"1\":2,\"2\":\"Hot rolled round bars from diameter\"}\">HotToplovaljane okrugle \u0161ipke od pre\u010dnika<\/td>\n<td data-sheets-value=\"{\"1\":2,\"2\":\"60 - 130mm\"}\">60 &#8211; 130mm<\/td>\n<\/tr>\n<tr>\n<td data-sheets-value=\"{\"1\":2,\"2\":\"Forged round bars from diameter\"}\">Kovane okrugle \u0161ipke od pre\u010dnika<\/td>\n<td data-sheets-value=\"{\"1\":2,\"2\":\"130 - 300mm\"}\">130 &#8211; 300mm<\/td>\n<\/tr>\n<tr>\n<td data-sheets-value=\"{\"1\":2,\"2\":\"Standard\"}\">Standard<\/td>\n<td data-sheets-value=\"{\"1\":2,\"2\":\"ASTM A 484\/484M, EN 10060 \/ DIN 1014\"}\">ASTM A 484\/484M, EN 10060 \/ DIN 1014<\/td>\n<\/tr>\n<\/tbody>\n<\/table>\n<table dir=\"ltr\" border=\"1\" cellspacing=\"0\" cellpadding=\"0\" data-sheets-root=\"1\"><colgroup> <col width=\"391\"> <col width=\"313\"><\/colgroup>\n<tbody>\n<tr>\n<th colspan=\"2\" rowspan=\"1\" data-sheets-value=\"{\"1\":2,\"2\":\"Stainless Steel Bright Round Bars (Cold Drawn &amp; Polished)\"}\">Svetle Okrugle \u0161ipke Od Ner\u0111aju\u0107eg \u010delika (Hladno Vu\u010dene i Polirane)<\/th>\n<\/tr>\n<tr>\n<td data-sheets-value=\"{\"1\":2,\"2\":\"From diameter\"}\">Od Pre\u010dnika<\/td>\n<td data-sheets-value=\"{\"1\":2,\"2\":\" 3 - 60mm\"}\">3 &#8211; 60mm<\/td>\n<\/tr>\n<tr>\n<td data-sheets-value=\"{\"1\":2,\"2\":\"From diameter\"}\">Od Pre\u010dnika<\/td>\n<td data-sheets-value=\"{\"1\":2,\"2\":\"1\/8\\\" to 2 1\/4\\\"\"}\">1\/8&#8243; to 2 1\/4&#8243;<\/td>\n<\/tr>\n<tr>\n<td data-sheets-value=\"{\"1\":2,\"2\":\"Tolerance\"}\">Tolerancija<\/td>\n<td data-sheets-value=\"{\"1\":2,\"2\":\"ASTM A276\/A 484M, EN 10278, DIN 671\"}\">ASTM A276\/A 484M, EN 10278, DIN 671<\/td>\n<\/tr>\n<\/tbody>\n<\/table>\n<table dir=\"ltr\" border=\"1\" cellspacing=\"0\" cellpadding=\"0\" data-sheets-root=\"1\"><colgroup> <col width=\"391\"> <col width=\"313\"><\/colgroup>\n<tbody>\n<tr>\n<th colspan=\"2\" rowspan=\"1\" data-sheets-value=\"{\"1\":2,\"2\":\"Stainless Steel Hot Rolled &amp; Annealed &amp; Pickled Equal Angle Bars\"}\">Toplovaljane, \u017earene i Kiseljene Ravne Ugaone \u0161ipke Od Ner\u0111aju\u0107eg \u010delika<\/th>\n<\/tr>\n<tr>\n<td data-sheets-value=\"{\"1\":2,\"2\":\"Tolerance\"}\">Tolerancija<\/td>\n<td data-sheets-value=\"{\"1\":2,\"2\":\"ASTM A276\/A 484M, EN 10056 \/ DIN 1028, GB4228\"}\">ASTM A276\/A 484M, EN 10056 \/ DIN 1028, GB4228<\/td>\n<\/tr>\n<tr>\n<th data-sheets-value=\"{\"1\":2,\"2\":\"Dimension (mm)\"}\">Dimenzija (mm)<\/th>\n<th data-sheets-value=\"{\"1\":2,\"2\":\"Thickness (mm)\"}\">Debljina (mm)<\/th>\n<\/tr>\n<tr>\n<td data-sheets-value=\"{\"1\":2,\"2\":\"25x25\"}\">25&#215;25<\/td>\n<td data-sheets-value=\"{\"1\":2,\"2\":\"3 - 4 - 5\",\"6\":1}\" data-sheets-numberformat=\"{\"1\":5,\"2\":\"M\/D\/YYYY\",\"3\":1}\">3 &#8211; 4 &#8211; 5<\/td>\n<\/tr>\n<tr>\n<td data-sheets-value=\"{\"1\":2,\"2\":\"30x30\"}\">30&#215;30<\/td>\n<td data-sheets-value=\"{\"1\":2,\"2\":\"3 - 4 - 5\",\"6\":1}\" data-sheets-numberformat=\"{\"1\":5,\"2\":\"M\/D\/YYYY\",\"3\":1}\">3 &#8211; 4 &#8211; 5<\/td>\n<\/tr>\n<tr>\n<td data-sheets-value=\"{\"1\":2,\"2\":\"40x40\"}\">40&#215;40<\/td>\n<td data-sheets-value=\"{\"1\":2,\"2\":\"3 - 4 - 5 - 6\",\"6\":1}\" data-sheets-numberformat=\"{\"1\":5,\"2\":\"M\/D\/YYYY\",\"3\":1}\">3 &#8211; 4 &#8211; 5 &#8211; 6<\/td>\n<\/tr>\n<tr>\n<td data-sheets-value=\"{\"1\":2,\"2\":\"50x50\"}\">50&#215;50<\/td>\n<td data-sheets-value=\"{\"1\":2,\"2\":\"4 - 5 - 6 \",\"6\":1}\" data-sheets-numberformat=\"{\"1\":5,\"2\":\"M\/D\/YYYY\",\"3\":1}\">4 &#8211; 5 &#8211; 6<\/td>\n<\/tr>\n<tr>\n<td data-sheets-value=\"{\"1\":2,\"2\":\"60x60\"}\">60&#215;60<\/td>\n<td data-sheets-value=\"{\"1\":2,\"2\":\"5 - 6 - 7\",\"6\":1}\" data-sheets-numberformat=\"{\"1\":5,\"2\":\"M\/D\/YYYY\",\"3\":1}\">5 &#8211; 6 &#8211; 7<\/td>\n<\/tr>\n<tr>\n<td data-sheets-value=\"{\"1\":2,\"2\":\"65x65\"}\">65&#215;65<\/td>\n<td data-sheets-value=\"{\"1\":2,\"2\":\"5 - 6 - 7\",\"6\":1}\" data-sheets-numberformat=\"{\"1\":5,\"2\":\"M\/D\/YYYY\",\"3\":1}\">5 &#8211; 6 &#8211; 7<\/td>\n<\/tr>\n<tr>\n<td data-sheets-value=\"{\"1\":2,\"2\":\"70x70\"}\">70&#215;70<\/td>\n<td data-sheets-value=\"{\"1\":2,\"2\":\"6 - 7 - 8\",\"6\":1}\" data-sheets-numberformat=\"{\"1\":5,\"2\":\"M\/D\/YYYY\",\"3\":1}\">6 &#8211; 7 &#8211; 8<\/td>\n<\/tr>\n<tr>\n<td data-sheets-value=\"{\"1\":2,\"2\":\"75x75\"}\">75&#215;75<\/td>\n<td data-sheets-value=\"{\"1\":2,\"2\":\"6 - 7 - 8 - 9\",\"6\":1}\" data-sheets-numberformat=\"{\"1\":5,\"2\":\"M\/D\/YYYY\",\"3\":1}\">6 &#8211; 7 &#8211; 8 &#8211; 9<\/td>\n<\/tr>\n<tr>\n<td data-sheets-value=\"{\"1\":2,\"2\":\"80x80\"}\">80&#215;80<\/td>\n<td data-sheets-value=\"{\"1\":2,\"2\":\"7 - 8 - 9 -10\",\"6\":1}\" data-sheets-numberformat=\"{\"1\":5,\"2\":\"M\/D\/YYYY\",\"3\":1}\">7 &#8211; 8 &#8211; 9 -10<\/td>\n<\/tr>\n<tr>\n<td data-sheets-value=\"{\"1\":2,\"2\":\"100x100\"}\">100&#215;100<\/td>\n<td data-sheets-value=\"{\"1\":2,\"2\":\"8 - 9 - 10 - 12\",\"6\":1}\" data-sheets-numberformat=\"{\"1\":5,\"2\":\"M\/D\/YYYY\",\"3\":1}\">8 &#8211; 9 &#8211; 10 &#8211; 12<\/td>\n<\/tr>\n<\/tbody>\n<\/table>\t\t\t\t\t\t\t\t<\/div>\n\t\t\t\t<\/div>\n\t\t\t\t<\/div>\n\t\t\t\t\t<\/div>\n\t\t\t\t<\/div>\n\t\t\t\t<\/div>\n\t\t","protected":false},"excerpt":{"rendered":"<p>Okrugle \u0161ipke od ner\u0111aju\u0107eg \u010delika sa crnom povr\u0161inom HotToplovaljane okrugle \u0161ipke od pre\u010dnika 60 &#8211; 130mm Kovane okrugle \u0161ipke od pre\u010dnika 130 &#8211; 300mm Standard ASTM A 484\/484M, EN 10060 \/ DIN 1014 Svetle Okrugle \u0161ipke Od Ner\u0111aju\u0107eg \u010delika (Hladno Vu\u010dene i Polirane) Od Pre\u010dnika 3 &#8211; 60mm Od Pre\u010dnika 1\/8&#8243; to 2 1\/4&#8243; Tolerancija [&hellip;]<\/p>\n","protected":false},"author":3,"featured_media":3355,"parent":3340,"menu_order":0,"comment_status":"closed","ping_status":"closed","template":"","meta":{"footnotes":""},"class_list":["post-3386","page","type-page","status-publish","has-post-thumbnail","hentry"],"yoast_head":"<!-- This site is optimized with the Yoast SEO plugin v26.7 - https:\/\/yoast.com\/wordpress\/plugins\/seo\/ -->\n<title>Cevi od inoxa - \u0130nax Metal<\/title>\n<meta name=\"robots\" content=\"index, follow, max-snippet:-1, max-image-preview:large, max-video-preview:-1\" \/>\n<link rel=\"canonical\" href=\"https:\/\/inaxmetal.com\/sr\/proizvodi\/celicna-konstrukcija\/dugi-proizvodi\/cevi-od-inoxa\/\" \/>\n<meta property=\"og:locale\" content=\"sr_RS\" \/>\n<meta property=\"og:type\" content=\"article\" \/>\n<meta property=\"og:title\" content=\"Cevi od inoxa - \u0130nax Metal\" \/>\n<meta property=\"og:description\" content=\"Okrugle \u0161ipke od ner\u0111aju\u0107eg \u010delika sa crnom povr\u0161inom HotToplovaljane okrugle \u0161ipke od pre\u010dnika 60 &#8211; 130mm Kovane okrugle \u0161ipke od pre\u010dnika 130 &#8211; 300mm Standard ASTM A 484\/484M, EN 10060 \/ DIN 1014 Svetle Okrugle \u0161ipke Od Ner\u0111aju\u0107eg \u010delika (Hladno Vu\u010dene i Polirane) Od Pre\u010dnika 3 &#8211; 60mm Od Pre\u010dnika 1\/8&#8243; to 2 1\/4&#8243; Tolerancija [&hellip;]\" \/>\n<meta property=\"og:url\" content=\"https:\/\/inaxmetal.com\/sr\/proizvodi\/celicna-konstrukcija\/dugi-proizvodi\/cevi-od-inoxa\/\" \/>\n<meta property=\"og:site_name\" content=\"\u0130nax Metal\" \/>\n<meta property=\"article:modified_time\" content=\"2025-03-04T19:36:55+00:00\" \/>\n<meta property=\"og:image\" content=\"https:\/\/inaxmetal.com\/wp-content\/uploads\/2024\/06\/stainless-structure-steel.webp\" \/>\n\t<meta property=\"og:image:width\" content=\"600\" \/>\n\t<meta property=\"og:image:height\" content=\"600\" \/>\n\t<meta property=\"og:image:type\" content=\"image\/webp\" \/>\n<meta name=\"twitter:card\" content=\"summary_large_image\" \/>\n<meta name=\"twitter:label1\" content=\"\u041f\u0440\u043e\u0446\u0435\u045a\u0435\u043d\u043e \u0432\u0440\u0435\u043c\u0435 \u0447\u0438\u0442\u0430\u045a\u0430\" \/>\n\t<meta name=\"twitter:data1\" content=\"1 \u043c\u0438\u043d\u0443\u0442\" \/>\n<script type=\"application\/ld+json\" class=\"yoast-schema-graph\">{\"@context\":\"https:\/\/schema.org\",\"@graph\":[{\"@type\":\"WebPage\",\"@id\":\"https:\/\/inaxmetal.com\/sr\/proizvodi\/celicna-konstrukcija\/dugi-proizvodi\/cevi-od-inoxa\/\",\"url\":\"https:\/\/inaxmetal.com\/sr\/proizvodi\/celicna-konstrukcija\/dugi-proizvodi\/cevi-od-inoxa\/\",\"name\":\"Cevi od inoxa - \u0130nax Metal\",\"isPartOf\":{\"@id\":\"https:\/\/inaxmetal.com\/sr\/#website\"},\"primaryImageOfPage\":{\"@id\":\"https:\/\/inaxmetal.com\/sr\/proizvodi\/celicna-konstrukcija\/dugi-proizvodi\/cevi-od-inoxa\/#primaryimage\"},\"image\":{\"@id\":\"https:\/\/inaxmetal.com\/sr\/proizvodi\/celicna-konstrukcija\/dugi-proizvodi\/cevi-od-inoxa\/#primaryimage\"},\"thumbnailUrl\":\"https:\/\/inaxmetal.com\/wp-content\/uploads\/2024\/06\/stainless-structure-steel.webp\",\"datePublished\":\"2024-06-05T08:38:03+00:00\",\"dateModified\":\"2025-03-04T19:36:55+00:00\",\"breadcrumb\":{\"@id\":\"https:\/\/inaxmetal.com\/sr\/proizvodi\/celicna-konstrukcija\/dugi-proizvodi\/cevi-od-inoxa\/#breadcrumb\"},\"inLanguage\":\"sr-RS\",\"potentialAction\":[{\"@type\":\"ReadAction\",\"target\":[\"https:\/\/inaxmetal.com\/sr\/proizvodi\/celicna-konstrukcija\/dugi-proizvodi\/cevi-od-inoxa\/\"]}]},{\"@type\":\"ImageObject\",\"inLanguage\":\"sr-RS\",\"@id\":\"https:\/\/inaxmetal.com\/sr\/proizvodi\/celicna-konstrukcija\/dugi-proizvodi\/cevi-od-inoxa\/#primaryimage\",\"url\":\"https:\/\/inaxmetal.com\/wp-content\/uploads\/2024\/06\/stainless-structure-steel.webp\",\"contentUrl\":\"https:\/\/inaxmetal.com\/wp-content\/uploads\/2024\/06\/stainless-structure-steel.webp\",\"width\":600,\"height\":600},{\"@type\":\"BreadcrumbList\",\"@id\":\"https:\/\/inaxmetal.com\/sr\/proizvodi\/celicna-konstrukcija\/dugi-proizvodi\/cevi-od-inoxa\/#breadcrumb\",\"itemListElement\":[{\"@type\":\"ListItem\",\"position\":1,\"name\":\"Home\",\"item\":\"https:\/\/inaxmetal.com\/sr\/\"},{\"@type\":\"ListItem\",\"position\":2,\"name\":\"Proizvodi\",\"item\":\"https:\/\/inaxmetal.com\/sr\/proizvodi\/\"},{\"@type\":\"ListItem\",\"position\":3,\"name\":\"\u010celi\u010dna konstrukcija\",\"item\":\"https:\/\/inaxmetal.com\/sr\/proizvodi\/celicna-konstrukcija\/\"},{\"@type\":\"ListItem\",\"position\":4,\"name\":\"Dugi proizvodi\",\"item\":\"https:\/\/inaxmetal.com\/sr\/proizvodi\/celicna-konstrukcija\/dugi-proizvodi\/\"},{\"@type\":\"ListItem\",\"position\":5,\"name\":\"Cevi od inoxa\"}]},{\"@type\":\"WebSite\",\"@id\":\"https:\/\/inaxmetal.com\/sr\/#website\",\"url\":\"https:\/\/inaxmetal.com\/sr\/\",\"name\":\"\u0130nax Metal\",\"description\":\"\",\"potentialAction\":[{\"@type\":\"SearchAction\",\"target\":{\"@type\":\"EntryPoint\",\"urlTemplate\":\"https:\/\/inaxmetal.com\/sr\/?s={search_term_string}\"},\"query-input\":{\"@type\":\"PropertyValueSpecification\",\"valueRequired\":true,\"valueName\":\"search_term_string\"}}],\"inLanguage\":\"sr-RS\"}]}<\/script>\n<!-- \/ Yoast SEO plugin. -->","yoast_head_json":{"title":"Cevi od inoxa - \u0130nax Metal","robots":{"index":"index","follow":"follow","max-snippet":"max-snippet:-1","max-image-preview":"max-image-preview:large","max-video-preview":"max-video-preview:-1"},"canonical":"https:\/\/inaxmetal.com\/sr\/proizvodi\/celicna-konstrukcija\/dugi-proizvodi\/cevi-od-inoxa\/","og_locale":"sr_RS","og_type":"article","og_title":"Cevi od inoxa - \u0130nax Metal","og_description":"Okrugle \u0161ipke od ner\u0111aju\u0107eg \u010delika sa crnom povr\u0161inom HotToplovaljane okrugle \u0161ipke od pre\u010dnika 60 &#8211; 130mm Kovane okrugle \u0161ipke od pre\u010dnika 130 &#8211; 300mm Standard ASTM A 484\/484M, EN 10060 \/ DIN 1014 Svetle Okrugle \u0161ipke Od Ner\u0111aju\u0107eg \u010delika (Hladno Vu\u010dene i Polirane) Od Pre\u010dnika 3 &#8211; 60mm Od Pre\u010dnika 1\/8&#8243; to 2 1\/4&#8243; Tolerancija [&hellip;]","og_url":"https:\/\/inaxmetal.com\/sr\/proizvodi\/celicna-konstrukcija\/dugi-proizvodi\/cevi-od-inoxa\/","og_site_name":"\u0130nax Metal","article_modified_time":"2025-03-04T19:36:55+00:00","og_image":[{"width":600,"height":600,"url":"https:\/\/inaxmetal.com\/wp-content\/uploads\/2024\/06\/stainless-structure-steel.webp","type":"image\/webp"}],"twitter_card":"summary_large_image","twitter_misc":{"\u041f\u0440\u043e\u0446\u0435\u045a\u0435\u043d\u043e \u0432\u0440\u0435\u043c\u0435 \u0447\u0438\u0442\u0430\u045a\u0430":"1 \u043c\u0438\u043d\u0443\u0442"},"schema":{"@context":"https:\/\/schema.org","@graph":[{"@type":"WebPage","@id":"https:\/\/inaxmetal.com\/sr\/proizvodi\/celicna-konstrukcija\/dugi-proizvodi\/cevi-od-inoxa\/","url":"https:\/\/inaxmetal.com\/sr\/proizvodi\/celicna-konstrukcija\/dugi-proizvodi\/cevi-od-inoxa\/","name":"Cevi od inoxa - \u0130nax Metal","isPartOf":{"@id":"https:\/\/inaxmetal.com\/sr\/#website"},"primaryImageOfPage":{"@id":"https:\/\/inaxmetal.com\/sr\/proizvodi\/celicna-konstrukcija\/dugi-proizvodi\/cevi-od-inoxa\/#primaryimage"},"image":{"@id":"https:\/\/inaxmetal.com\/sr\/proizvodi\/celicna-konstrukcija\/dugi-proizvodi\/cevi-od-inoxa\/#primaryimage"},"thumbnailUrl":"https:\/\/inaxmetal.com\/wp-content\/uploads\/2024\/06\/stainless-structure-steel.webp","datePublished":"2024-06-05T08:38:03+00:00","dateModified":"2025-03-04T19:36:55+00:00","breadcrumb":{"@id":"https:\/\/inaxmetal.com\/sr\/proizvodi\/celicna-konstrukcija\/dugi-proizvodi\/cevi-od-inoxa\/#breadcrumb"},"inLanguage":"sr-RS","potentialAction":[{"@type":"ReadAction","target":["https:\/\/inaxmetal.com\/sr\/proizvodi\/celicna-konstrukcija\/dugi-proizvodi\/cevi-od-inoxa\/"]}]},{"@type":"ImageObject","inLanguage":"sr-RS","@id":"https:\/\/inaxmetal.com\/sr\/proizvodi\/celicna-konstrukcija\/dugi-proizvodi\/cevi-od-inoxa\/#primaryimage","url":"https:\/\/inaxmetal.com\/wp-content\/uploads\/2024\/06\/stainless-structure-steel.webp","contentUrl":"https:\/\/inaxmetal.com\/wp-content\/uploads\/2024\/06\/stainless-structure-steel.webp","width":600,"height":600},{"@type":"BreadcrumbList","@id":"https:\/\/inaxmetal.com\/sr\/proizvodi\/celicna-konstrukcija\/dugi-proizvodi\/cevi-od-inoxa\/#breadcrumb","itemListElement":[{"@type":"ListItem","position":1,"name":"Home","item":"https:\/\/inaxmetal.com\/sr\/"},{"@type":"ListItem","position":2,"name":"Proizvodi","item":"https:\/\/inaxmetal.com\/sr\/proizvodi\/"},{"@type":"ListItem","position":3,"name":"\u010celi\u010dna konstrukcija","item":"https:\/\/inaxmetal.com\/sr\/proizvodi\/celicna-konstrukcija\/"},{"@type":"ListItem","position":4,"name":"Dugi proizvodi","item":"https:\/\/inaxmetal.com\/sr\/proizvodi\/celicna-konstrukcija\/dugi-proizvodi\/"},{"@type":"ListItem","position":5,"name":"Cevi od inoxa"}]},{"@type":"WebSite","@id":"https:\/\/inaxmetal.com\/sr\/#website","url":"https:\/\/inaxmetal.com\/sr\/","name":"\u0130nax Metal","description":"","potentialAction":[{"@type":"SearchAction","target":{"@type":"EntryPoint","urlTemplate":"https:\/\/inaxmetal.com\/sr\/?s={search_term_string}"},"query-input":{"@type":"PropertyValueSpecification","valueRequired":true,"valueName":"search_term_string"}}],"inLanguage":"sr-RS"}]}},"_links":{"self":[{"href":"https:\/\/inaxmetal.com\/sr\/wp-json\/wp\/v2\/pages\/3386","targetHints":{"allow":["GET"]}}],"collection":[{"href":"https:\/\/inaxmetal.com\/sr\/wp-json\/wp\/v2\/pages"}],"about":[{"href":"https:\/\/inaxmetal.com\/sr\/wp-json\/wp\/v2\/types\/page"}],"author":[{"embeddable":true,"href":"https:\/\/inaxmetal.com\/sr\/wp-json\/wp\/v2\/users\/3"}],"replies":[{"embeddable":true,"href":"https:\/\/inaxmetal.com\/sr\/wp-json\/wp\/v2\/comments?post=3386"}],"version-history":[{"count":1,"href":"https:\/\/inaxmetal.com\/sr\/wp-json\/wp\/v2\/pages\/3386\/revisions"}],"predecessor-version":[{"id":3387,"href":"https:\/\/inaxmetal.com\/sr\/wp-json\/wp\/v2\/pages\/3386\/revisions\/3387"}],"up":[{"embeddable":true,"href":"https:\/\/inaxmetal.com\/sr\/wp-json\/wp\/v2\/pages\/3340"}],"wp:featuredmedia":[{"embeddable":true,"href":"https:\/\/inaxmetal.com\/sr\/wp-json\/wp\/v2\/media\/3355"}],"wp:attachment":[{"href":"https:\/\/inaxmetal.com\/sr\/wp-json\/wp\/v2\/media?parent=3386"}],"curies":[{"name":"wp","href":"https:\/\/api.w.org\/{rel}","templated":true}]}}