{"id":2217,"date":"2024-05-13T12:56:49","date_gmt":"2024-05-13T09:56:49","guid":{"rendered":"https:\/\/inaxmetal.com\/urunlerimiz\/cati-ve-cephe-cozumleri\/"},"modified":"2024-12-17T11:16:55","modified_gmt":"2024-12-17T08:16:55","slug":"cati-ve-cephe-cozumleri","status":"publish","type":"page","link":"https:\/\/inaxmetal.com\/tr\/urunlerimiz\/cati-ve-cephe-cozumleri\/","title":{"rendered":"\u00c7at\u0131 ve Cephe \u00c7\u00f6z\u00fcmleri"},"content":{"rendered":"\t\t<div data-elementor-type=\"wp-page\" data-elementor-id=\"2217\" class=\"elementor elementor-2217 elementor-303\" data-elementor-post-type=\"page\">\n\t\t\t\t<div class=\"elementor-element elementor-element-ac1f1c4 uruncontainer e-flex e-con-boxed e-con e-parent\" data-id=\"ac1f1c4\" data-element_type=\"container\" data-settings=\"{&quot;background_background&quot;:&quot;classic&quot;}\">\n\t\t\t\t\t<div class=\"e-con-inner\">\n\t\t\t\t<div class=\"elementor-element elementor-element-4ac7d4f elementor-widget elementor-widget-heading\" data-id=\"4ac7d4f\" data-element_type=\"widget\" data-widget_type=\"heading.default\">\n\t\t\t\t<div class=\"elementor-widget-container\">\n\t\t\t\t\t<h2 class=\"elementor-heading-title elementor-size-default\">\u00c7at\u0131 ve Duvar \u00c7\u00f6z\u00fcmleri<\/h2>\t\t\t\t<\/div>\n\t\t\t\t<\/div>\n\t\t\t\t<div class=\"elementor-element elementor-element-a1a5d2c elementor-widget elementor-widget-spacer\" data-id=\"a1a5d2c\" data-element_type=\"widget\" data-widget_type=\"spacer.default\">\n\t\t\t\t<div class=\"elementor-widget-container\">\n\t\t\t\t\t\t\t<div class=\"elementor-spacer\">\n\t\t\t<div class=\"elementor-spacer-inner\"><\/div>\n\t\t<\/div>\n\t\t\t\t\t\t<\/div>\n\t\t\t\t<\/div>\n\t\t<div class=\"elementor-element elementor-element-ed26da1 e-grid e-con-boxed e-con e-child\" data-id=\"ed26da1\" data-element_type=\"container\">\n\t\t\t\t\t<div class=\"e-con-inner\">\n\t\t<a class=\"elementor-element elementor-element-3f9d0b3 e-con-full urungrup e-flex e-con e-child\" data-id=\"3f9d0b3\" data-element_type=\"container\" data-settings=\"{&quot;background_background&quot;:&quot;classic&quot;}\" href=\"https:\/\/inaxmetal.com\/tr\/urunlerimiz\/cati-ve-cephe-cozumleri\/sandvic-panel\/\">\n\t\t\t\t<div class=\"elementor-element elementor-element-19a0f39 elementor-widget elementor-widget-heading\" data-id=\"19a0f39\" data-element_type=\"widget\" data-widget_type=\"heading.default\">\n\t\t\t\t<div class=\"elementor-widget-container\">\n\t\t\t\t\t<h2 class=\"elementor-heading-title elementor-size-default\">Sandvi\u00e7 Panel<\/h2>\t\t\t\t<\/div>\n\t\t\t\t<\/div>\n\t\t\t\t<div class=\"elementor-element elementor-element-f27ac7a elementor-view-stacked elementor-shape-circle elementor-widget elementor-widget-icon\" data-id=\"f27ac7a\" data-element_type=\"widget\" data-widget_type=\"icon.default\">\n\t\t\t\t<div class=\"elementor-widget-container\">\n\t\t\t\t\t\t\t<div class=\"elementor-icon-wrapper\">\n\t\t\t<div class=\"elementor-icon\">\n\t\t\t<svg aria-hidden=\"true\" class=\"e-font-icon-svg e-fas-chevron-right\" viewBox=\"0 0 320 512\" xmlns=\"http:\/\/www.w3.org\/2000\/svg\"><path d=\"M285.476 272.971L91.132 467.314c-9.373 9.373-24.569 9.373-33.941 0l-22.667-22.667c-9.357-9.357-9.375-24.522-.04-33.901L188.505 256 34.484 101.255c-9.335-9.379-9.317-24.544.04-33.901l22.667-22.667c9.373-9.373 24.569-9.373 33.941 0L285.475 239.03c9.373 9.372 9.373 24.568.001 33.941z\"><\/path><\/svg>\t\t\t<\/div>\n\t\t<\/div>\n\t\t\t\t\t\t<\/div>\n\t\t\t\t<\/div>\n\t\t\t\t<\/a>\n\t\t<a class=\"elementor-element elementor-element-7ceac52 e-con-full urungrup e-flex e-con e-child\" data-id=\"7ceac52\" data-element_type=\"container\" data-settings=\"{&quot;background_background&quot;:&quot;classic&quot;}\" href=\"https:\/\/inaxmetal.com\/tr\/urunlerimiz\/cati-ve-cephe-cozumleri\/tekkat-panel\/\">\n\t\t\t\t<div class=\"elementor-element elementor-element-61b1c1d elementor-widget elementor-widget-heading\" data-id=\"61b1c1d\" data-element_type=\"widget\" data-widget_type=\"heading.default\">\n\t\t\t\t<div class=\"elementor-widget-container\">\n\t\t\t\t\t<h2 class=\"elementor-heading-title elementor-size-default\">Tekkat Panel<\/h2>\t\t\t\t<\/div>\n\t\t\t\t<\/div>\n\t\t\t\t<div class=\"elementor-element elementor-element-fc5923c elementor-view-stacked elementor-shape-circle elementor-widget elementor-widget-icon\" data-id=\"fc5923c\" data-element_type=\"widget\" data-widget_type=\"icon.default\">\n\t\t\t\t<div class=\"elementor-widget-container\">\n\t\t\t\t\t\t\t<div class=\"elementor-icon-wrapper\">\n\t\t\t<div class=\"elementor-icon\">\n\t\t\t<svg aria-hidden=\"true\" class=\"e-font-icon-svg e-fas-chevron-right\" viewBox=\"0 0 320 512\" xmlns=\"http:\/\/www.w3.org\/2000\/svg\"><path d=\"M285.476 272.971L91.132 467.314c-9.373 9.373-24.569 9.373-33.941 0l-22.667-22.667c-9.357-9.357-9.375-24.522-.04-33.901L188.505 256 34.484 101.255c-9.335-9.379-9.317-24.544.04-33.901l22.667-22.667c9.373-9.373 24.569-9.373 33.941 0L285.475 239.03c9.373 9.372 9.373 24.568.001 33.941z\"><\/path><\/svg>\t\t\t<\/div>\n\t\t<\/div>\n\t\t\t\t\t\t<\/div>\n\t\t\t\t<\/div>\n\t\t\t\t<\/a>\n\t\t<a class=\"elementor-element elementor-element-ee99d0e e-con-full urungrup e-flex e-con e-child\" data-id=\"ee99d0e\" data-element_type=\"container\" data-settings=\"{&quot;background_background&quot;:&quot;classic&quot;}\" href=\"https:\/\/inaxmetal.com\/tr\/urunlerimiz\/cati-ve-cephe-cozumleri\/trapez-sac\/\">\n\t\t\t\t<div class=\"elementor-element elementor-element-1f994a1 elementor-widget elementor-widget-heading\" data-id=\"1f994a1\" data-element_type=\"widget\" data-widget_type=\"heading.default\">\n\t\t\t\t<div class=\"elementor-widget-container\">\n\t\t\t\t\t<h2 class=\"elementor-heading-title elementor-size-default\">Trapez Sac<\/h2>\t\t\t\t<\/div>\n\t\t\t\t<\/div>\n\t\t\t\t<div class=\"elementor-element elementor-element-3fa3d99 elementor-view-stacked elementor-shape-circle elementor-widget elementor-widget-icon\" data-id=\"3fa3d99\" data-element_type=\"widget\" data-widget_type=\"icon.default\">\n\t\t\t\t<div class=\"elementor-widget-container\">\n\t\t\t\t\t\t\t<div class=\"elementor-icon-wrapper\">\n\t\t\t<div class=\"elementor-icon\">\n\t\t\t<svg aria-hidden=\"true\" class=\"e-font-icon-svg e-fas-chevron-right\" viewBox=\"0 0 320 512\" xmlns=\"http:\/\/www.w3.org\/2000\/svg\"><path d=\"M285.476 272.971L91.132 467.314c-9.373 9.373-24.569 9.373-33.941 0l-22.667-22.667c-9.357-9.357-9.375-24.522-.04-33.901L188.505 256 34.484 101.255c-9.335-9.379-9.317-24.544.04-33.901l22.667-22.667c9.373-9.373 24.569-9.373 33.941 0L285.475 239.03c9.373 9.372 9.373 24.568.001 33.941z\"><\/path><\/svg>\t\t\t<\/div>\n\t\t<\/div>\n\t\t\t\t\t\t<\/div>\n\t\t\t\t<\/div>\n\t\t\t\t<\/a>\n\t\t<a class=\"elementor-element elementor-element-d7d1d67 e-con-full urungrup e-flex e-con e-child\" data-id=\"d7d1d67\" data-element_type=\"container\" data-settings=\"{&quot;background_background&quot;:&quot;classic&quot;}\" href=\"https:\/\/inaxmetal.com\/tr\/urunlerimiz\/cati-ve-cephe-cozumleri\/dekoratif-ic-dis-mekan-panelleri\/\">\n\t\t\t\t<div class=\"elementor-element elementor-element-3f392e4 elementor-widget elementor-widget-heading\" data-id=\"3f392e4\" data-element_type=\"widget\" data-widget_type=\"heading.default\">\n\t\t\t\t<div class=\"elementor-widget-container\">\n\t\t\t\t\t<h2 class=\"elementor-heading-title elementor-size-default\">Dekoratif \u0130\u00e7 Mekan &amp;<br>D\u0131\u015f Mekan Panelleri<\/h2>\t\t\t\t<\/div>\n\t\t\t\t<\/div>\n\t\t\t\t<div class=\"elementor-element elementor-element-42fa2b5 elementor-view-stacked elementor-shape-circle elementor-widget elementor-widget-icon\" data-id=\"42fa2b5\" data-element_type=\"widget\" data-widget_type=\"icon.default\">\n\t\t\t\t<div class=\"elementor-widget-container\">\n\t\t\t\t\t\t\t<div class=\"elementor-icon-wrapper\">\n\t\t\t<div class=\"elementor-icon\">\n\t\t\t<svg aria-hidden=\"true\" class=\"e-font-icon-svg e-fas-chevron-right\" viewBox=\"0 0 320 512\" xmlns=\"http:\/\/www.w3.org\/2000\/svg\"><path d=\"M285.476 272.971L91.132 467.314c-9.373 9.373-24.569 9.373-33.941 0l-22.667-22.667c-9.357-9.357-9.375-24.522-.04-33.901L188.505 256 34.484 101.255c-9.335-9.379-9.317-24.544.04-33.901l22.667-22.667c9.373-9.373 24.569-9.373 33.941 0L285.475 239.03c9.373 9.372 9.373 24.568.001 33.941z\"><\/path><\/svg>\t\t\t<\/div>\n\t\t<\/div>\n\t\t\t\t\t\t<\/div>\n\t\t\t\t<\/div>\n\t\t\t\t<\/a>\n\t\t\t\t\t<\/div>\n\t\t\t\t<\/div>\n\t\t\t\t\t<\/div>\n\t\t\t\t<\/div>\n\t\t\t\t<\/div>\n\t\t","protected":false},"excerpt":{"rendered":"<p>\u00c7at\u0131 ve Duvar \u00c7\u00f6z\u00fcmleri Sandvi\u00e7 Panel Tekkat Panel Trapez Sac Dekoratif \u0130\u00e7 Mekan &amp;D\u0131\u015f Mekan Panelleri<\/p>\n","protected":false},"author":3,"featured_media":2046,"parent":2209,"menu_order":0,"comment_status":"closed","ping_status":"closed","template":"","meta":{"footnotes":""},"class_list":["post-2217","page","type-page","status-publish","has-post-thumbnail","hentry"],"yoast_head":"<!-- This site is optimized with the Yoast SEO plugin v26.7 - https:\/\/yoast.com\/wordpress\/plugins\/seo\/ -->\n<title>\u00c7at\u0131 ve Cephe \u00c7\u00f6z\u00fcmleri - \u0130nax Metal<\/title>\n<meta name=\"robots\" content=\"index, follow, max-snippet:-1, max-image-preview:large, max-video-preview:-1\" \/>\n<link rel=\"canonical\" href=\"https:\/\/inaxmetal.com\/tr\/urunlerimiz\/cati-ve-cephe-cozumleri\/\" \/>\n<meta property=\"og:locale\" content=\"tr_TR\" \/>\n<meta property=\"og:type\" content=\"article\" \/>\n<meta property=\"og:title\" content=\"\u00c7at\u0131 ve Cephe \u00c7\u00f6z\u00fcmleri - \u0130nax Metal\" \/>\n<meta property=\"og:description\" content=\"\u00c7at\u0131 ve Duvar \u00c7\u00f6z\u00fcmleri Sandvi\u00e7 Panel Tekkat Panel Trapez Sac Dekoratif \u0130\u00e7 Mekan &amp;D\u0131\u015f Mekan Panelleri\" \/>\n<meta property=\"og:url\" content=\"https:\/\/inaxmetal.com\/tr\/urunlerimiz\/cati-ve-cephe-cozumleri\/\" \/>\n<meta property=\"og:site_name\" content=\"\u0130nax Metal\" \/>\n<meta property=\"article:modified_time\" content=\"2024-12-17T08:16:55+00:00\" \/>\n<meta property=\"og:image\" content=\"https:\/\/inaxmetal.com\/wp-content\/uploads\/2024\/05\/sandvich-group.webp\" \/>\n\t<meta property=\"og:image:width\" content=\"1000\" \/>\n\t<meta property=\"og:image:height\" content=\"1000\" \/>\n\t<meta property=\"og:image:type\" content=\"image\/webp\" \/>\n<meta name=\"twitter:card\" content=\"summary_large_image\" \/>\n<script type=\"application\/ld+json\" class=\"yoast-schema-graph\">{\"@context\":\"https:\/\/schema.org\",\"@graph\":[{\"@type\":\"WebPage\",\"@id\":\"https:\/\/inaxmetal.com\/tr\/urunlerimiz\/cati-ve-cephe-cozumleri\/\",\"url\":\"https:\/\/inaxmetal.com\/tr\/urunlerimiz\/cati-ve-cephe-cozumleri\/\",\"name\":\"\u00c7at\u0131 ve Cephe \u00c7\u00f6z\u00fcmleri - \u0130nax Metal\",\"isPartOf\":{\"@id\":\"https:\/\/inaxmetal.com\/tr\/#website\"},\"primaryImageOfPage\":{\"@id\":\"https:\/\/inaxmetal.com\/tr\/urunlerimiz\/cati-ve-cephe-cozumleri\/#primaryimage\"},\"image\":{\"@id\":\"https:\/\/inaxmetal.com\/tr\/urunlerimiz\/cati-ve-cephe-cozumleri\/#primaryimage\"},\"thumbnailUrl\":\"https:\/\/inaxmetal.com\/wp-content\/uploads\/2024\/05\/sandvich-group.webp\",\"datePublished\":\"2024-05-13T09:56:49+00:00\",\"dateModified\":\"2024-12-17T08:16:55+00:00\",\"breadcrumb\":{\"@id\":\"https:\/\/inaxmetal.com\/tr\/urunlerimiz\/cati-ve-cephe-cozumleri\/#breadcrumb\"},\"inLanguage\":\"tr\",\"potentialAction\":[{\"@type\":\"ReadAction\",\"target\":[\"https:\/\/inaxmetal.com\/tr\/urunlerimiz\/cati-ve-cephe-cozumleri\/\"]}]},{\"@type\":\"ImageObject\",\"inLanguage\":\"tr\",\"@id\":\"https:\/\/inaxmetal.com\/tr\/urunlerimiz\/cati-ve-cephe-cozumleri\/#primaryimage\",\"url\":\"https:\/\/inaxmetal.com\/wp-content\/uploads\/2024\/05\/sandvich-group.webp\",\"contentUrl\":\"https:\/\/inaxmetal.com\/wp-content\/uploads\/2024\/05\/sandvich-group.webp\",\"width\":1000,\"height\":1000},{\"@type\":\"BreadcrumbList\",\"@id\":\"https:\/\/inaxmetal.com\/tr\/urunlerimiz\/cati-ve-cephe-cozumleri\/#breadcrumb\",\"itemListElement\":[{\"@type\":\"ListItem\",\"position\":1,\"name\":\"Home\",\"item\":\"https:\/\/inaxmetal.com\/tr\/\"},{\"@type\":\"ListItem\",\"position\":2,\"name\":\"\u00dcr\u00fcnlerimiz\",\"item\":\"https:\/\/inaxmetal.com\/tr\/urunlerimiz\/\"},{\"@type\":\"ListItem\",\"position\":3,\"name\":\"\u00c7at\u0131 ve Cephe \u00c7\u00f6z\u00fcmleri\"}]},{\"@type\":\"WebSite\",\"@id\":\"https:\/\/inaxmetal.com\/tr\/#website\",\"url\":\"https:\/\/inaxmetal.com\/tr\/\",\"name\":\"\u0130nax Metal\",\"description\":\"\",\"potentialAction\":[{\"@type\":\"SearchAction\",\"target\":{\"@type\":\"EntryPoint\",\"urlTemplate\":\"https:\/\/inaxmetal.com\/tr\/?s={search_term_string}\"},\"query-input\":{\"@type\":\"PropertyValueSpecification\",\"valueRequired\":true,\"valueName\":\"search_term_string\"}}],\"inLanguage\":\"tr\"}]}<\/script>\n<!-- \/ Yoast SEO plugin. -->","yoast_head_json":{"title":"\u00c7at\u0131 ve Cephe \u00c7\u00f6z\u00fcmleri - \u0130nax Metal","robots":{"index":"index","follow":"follow","max-snippet":"max-snippet:-1","max-image-preview":"max-image-preview:large","max-video-preview":"max-video-preview:-1"},"canonical":"https:\/\/inaxmetal.com\/tr\/urunlerimiz\/cati-ve-cephe-cozumleri\/","og_locale":"tr_TR","og_type":"article","og_title":"\u00c7at\u0131 ve Cephe \u00c7\u00f6z\u00fcmleri - \u0130nax Metal","og_description":"\u00c7at\u0131 ve Duvar \u00c7\u00f6z\u00fcmleri Sandvi\u00e7 Panel Tekkat Panel Trapez Sac Dekoratif \u0130\u00e7 Mekan &amp;D\u0131\u015f Mekan Panelleri","og_url":"https:\/\/inaxmetal.com\/tr\/urunlerimiz\/cati-ve-cephe-cozumleri\/","og_site_name":"\u0130nax Metal","article_modified_time":"2024-12-17T08:16:55+00:00","og_image":[{"width":1000,"height":1000,"url":"https:\/\/inaxmetal.com\/wp-content\/uploads\/2024\/05\/sandvich-group.webp","type":"image\/webp"}],"twitter_card":"summary_large_image","schema":{"@context":"https:\/\/schema.org","@graph":[{"@type":"WebPage","@id":"https:\/\/inaxmetal.com\/tr\/urunlerimiz\/cati-ve-cephe-cozumleri\/","url":"https:\/\/inaxmetal.com\/tr\/urunlerimiz\/cati-ve-cephe-cozumleri\/","name":"\u00c7at\u0131 ve Cephe \u00c7\u00f6z\u00fcmleri - \u0130nax Metal","isPartOf":{"@id":"https:\/\/inaxmetal.com\/tr\/#website"},"primaryImageOfPage":{"@id":"https:\/\/inaxmetal.com\/tr\/urunlerimiz\/cati-ve-cephe-cozumleri\/#primaryimage"},"image":{"@id":"https:\/\/inaxmetal.com\/tr\/urunlerimiz\/cati-ve-cephe-cozumleri\/#primaryimage"},"thumbnailUrl":"https:\/\/inaxmetal.com\/wp-content\/uploads\/2024\/05\/sandvich-group.webp","datePublished":"2024-05-13T09:56:49+00:00","dateModified":"2024-12-17T08:16:55+00:00","breadcrumb":{"@id":"https:\/\/inaxmetal.com\/tr\/urunlerimiz\/cati-ve-cephe-cozumleri\/#breadcrumb"},"inLanguage":"tr","potentialAction":[{"@type":"ReadAction","target":["https:\/\/inaxmetal.com\/tr\/urunlerimiz\/cati-ve-cephe-cozumleri\/"]}]},{"@type":"ImageObject","inLanguage":"tr","@id":"https:\/\/inaxmetal.com\/tr\/urunlerimiz\/cati-ve-cephe-cozumleri\/#primaryimage","url":"https:\/\/inaxmetal.com\/wp-content\/uploads\/2024\/05\/sandvich-group.webp","contentUrl":"https:\/\/inaxmetal.com\/wp-content\/uploads\/2024\/05\/sandvich-group.webp","width":1000,"height":1000},{"@type":"BreadcrumbList","@id":"https:\/\/inaxmetal.com\/tr\/urunlerimiz\/cati-ve-cephe-cozumleri\/#breadcrumb","itemListElement":[{"@type":"ListItem","position":1,"name":"Home","item":"https:\/\/inaxmetal.com\/tr\/"},{"@type":"ListItem","position":2,"name":"\u00dcr\u00fcnlerimiz","item":"https:\/\/inaxmetal.com\/tr\/urunlerimiz\/"},{"@type":"ListItem","position":3,"name":"\u00c7at\u0131 ve Cephe \u00c7\u00f6z\u00fcmleri"}]},{"@type":"WebSite","@id":"https:\/\/inaxmetal.com\/tr\/#website","url":"https:\/\/inaxmetal.com\/tr\/","name":"\u0130nax Metal","description":"","potentialAction":[{"@type":"SearchAction","target":{"@type":"EntryPoint","urlTemplate":"https:\/\/inaxmetal.com\/tr\/?s={search_term_string}"},"query-input":{"@type":"PropertyValueSpecification","valueRequired":true,"valueName":"search_term_string"}}],"inLanguage":"tr"}]}},"_links":{"self":[{"href":"https:\/\/inaxmetal.com\/tr\/wp-json\/wp\/v2\/pages\/2217","targetHints":{"allow":["GET"]}}],"collection":[{"href":"https:\/\/inaxmetal.com\/tr\/wp-json\/wp\/v2\/pages"}],"about":[{"href":"https:\/\/inaxmetal.com\/tr\/wp-json\/wp\/v2\/types\/page"}],"author":[{"embeddable":true,"href":"https:\/\/inaxmetal.com\/tr\/wp-json\/wp\/v2\/users\/3"}],"replies":[{"embeddable":true,"href":"https:\/\/inaxmetal.com\/tr\/wp-json\/wp\/v2\/comments?post=2217"}],"version-history":[{"count":2,"href":"https:\/\/inaxmetal.com\/tr\/wp-json\/wp\/v2\/pages\/2217\/revisions"}],"predecessor-version":[{"id":2380,"href":"https:\/\/inaxmetal.com\/tr\/wp-json\/wp\/v2\/pages\/2217\/revisions\/2380"}],"up":[{"embeddable":true,"href":"https:\/\/inaxmetal.com\/tr\/wp-json\/wp\/v2\/pages\/2209"}],"wp:featuredmedia":[{"embeddable":true,"href":"https:\/\/inaxmetal.com\/tr\/wp-json\/wp\/v2\/media\/2046"}],"wp:attachment":[{"href":"https:\/\/inaxmetal.com\/tr\/wp-json\/wp\/v2\/media?parent=2217"}],"curies":[{"name":"wp","href":"https:\/\/api.w.org\/{rel}","templated":true}]}}