{"id":2219,"date":"2024-05-13T14:15:19","date_gmt":"2024-05-13T11:15:19","guid":{"rendered":"https:\/\/inaxmetal.com\/urunlerimiz\/diger\/aksesuarlar\/"},"modified":"2024-06-28T16:12:58","modified_gmt":"2024-06-28T13:12:58","slug":"aksesuarlar","status":"publish","type":"page","link":"https:\/\/inaxmetal.com\/tr\/urunlerimiz\/diger\/aksesuarlar\/","title":{"rendered":"Aksesuarlar"},"content":{"rendered":"\t\t<div data-elementor-type=\"wp-page\" data-elementor-id=\"2219\" class=\"elementor elementor-2219 elementor-372\" data-elementor-post-type=\"page\">\n\t\t\t\t<div class=\"elementor-element elementor-element-ac00254 e-flex e-con-boxed e-con e-parent\" data-id=\"ac00254\" data-element_type=\"container\">\n\t\t\t\t\t<div class=\"e-con-inner\">\n\t\t\t\t<div class=\"elementor-element elementor-element-220bbde elementor-widget elementor-widget-heading\" data-id=\"220bbde\" data-element_type=\"widget\" data-widget_type=\"heading.default\">\n\t\t\t\t<div class=\"elementor-widget-container\">\n\t\t\t\t\t<h2 class=\"elementor-heading-title elementor-size-default\">Aksesuar \u00dcr\u00fcnleri<\/h2>\t\t\t\t<\/div>\n\t\t\t\t<\/div>\n\t\t\t\t<div class=\"elementor-element elementor-element-89ceb6d elementor-widget elementor-widget-text-editor\" data-id=\"89ceb6d\" data-element_type=\"widget\" data-widget_type=\"text-editor.default\">\n\t\t\t\t<div class=\"elementor-widget-container\">\n\t\t\t\t\t\t\t\t\t<p>Satt\u0131\u011f\u0131m\u0131z t\u00fcm \u00fcr\u00fcnler i\u00e7in tamamlay\u0131c\u0131 aksesuarlar sunuyoruz.<\/p>\n\t\t\t\t\t\t\t\t<\/div>\n\t\t\t\t<\/div>\n\t\t<div class=\"elementor-element elementor-element-d3beba6 e-grid e-con-boxed e-con e-child\" data-id=\"d3beba6\" data-element_type=\"container\">\n\t\t\t\t\t<div class=\"e-con-inner\">\n\t\t<div class=\"elementor-element elementor-element-7a1ff9a e-flex e-con-boxed e-con e-child\" data-id=\"7a1ff9a\" data-element_type=\"container\">\n\t\t\t\t\t<div class=\"e-con-inner\">\n\t\t\t\t<div class=\"elementor-element elementor-element-0d7e978 elementor-widget elementor-widget-image\" data-id=\"0d7e978\" data-element_type=\"widget\" data-widget_type=\"image.default\">\n\t\t\t\t<div class=\"elementor-widget-container\">\n\t\t\t\t\t\t\t\t\t\t\t\t\t\t\t<img fetchpriority=\"high\" decoding=\"async\" width=\"640\" height=\"640\" src=\"https:\/\/inaxmetal.com\/wp-content\/uploads\/2024\/05\/sandwich-panel-roof-exit-window_1-1024x1024.webp\" class=\"attachment-large size-large wp-image-2120\" alt=\"\" srcset=\"https:\/\/inaxmetal.com\/wp-content\/uploads\/2024\/05\/sandwich-panel-roof-exit-window_1-1024x1024.webp 1024w, https:\/\/inaxmetal.com\/wp-content\/uploads\/2024\/05\/sandwich-panel-roof-exit-window_1-300x300.webp 300w, https:\/\/inaxmetal.com\/wp-content\/uploads\/2024\/05\/sandwich-panel-roof-exit-window_1-150x150.webp 150w, https:\/\/inaxmetal.com\/wp-content\/uploads\/2024\/05\/sandwich-panel-roof-exit-window_1-768x768.webp 768w, https:\/\/inaxmetal.com\/wp-content\/uploads\/2024\/05\/sandwich-panel-roof-exit-window_1.webp 1280w\" sizes=\"(max-width: 640px) 100vw, 640px\" \/>\t\t\t\t\t\t\t\t\t\t\t\t\t\t\t<\/div>\n\t\t\t\t<\/div>\n\t\t\t\t<div class=\"elementor-element elementor-element-f9f0716 elementor-widget elementor-widget-heading\" data-id=\"f9f0716\" data-element_type=\"widget\" data-widget_type=\"heading.default\">\n\t\t\t\t<div class=\"elementor-widget-container\">\n\t\t\t\t\t<h3 class=\"elementor-heading-title elementor-size-default\">\u00c7at\u0131 \u00c7\u0131k\u0131\u015f Pencereleri<\/h3>\t\t\t\t<\/div>\n\t\t\t\t<\/div>\n\t\t\t\t\t<\/div>\n\t\t\t\t<\/div>\n\t\t<div class=\"elementor-element elementor-element-0b62f7f e-flex e-con-boxed e-con e-child\" data-id=\"0b62f7f\" data-element_type=\"container\">\n\t\t\t\t\t<div class=\"e-con-inner\">\n\t\t\t\t<div class=\"elementor-element elementor-element-19ccc7d elementor-widget elementor-widget-image\" data-id=\"19ccc7d\" data-element_type=\"widget\" data-widget_type=\"image.default\">\n\t\t\t\t<div class=\"elementor-widget-container\">\n\t\t\t\t\t\t\t\t\t\t\t\t\t\t\t<img decoding=\"async\" width=\"600\" height=\"600\" src=\"https:\/\/inaxmetal.com\/wp-content\/uploads\/2024\/05\/ridges.webp\" class=\"attachment-large size-large wp-image-2128\" alt=\"\" srcset=\"https:\/\/inaxmetal.com\/wp-content\/uploads\/2024\/05\/ridges.webp 600w, https:\/\/inaxmetal.com\/wp-content\/uploads\/2024\/05\/ridges-300x300.webp 300w, https:\/\/inaxmetal.com\/wp-content\/uploads\/2024\/05\/ridges-150x150.webp 150w\" sizes=\"(max-width: 600px) 100vw, 600px\" \/>\t\t\t\t\t\t\t\t\t\t\t\t\t\t\t<\/div>\n\t\t\t\t<\/div>\n\t\t\t\t<div class=\"elementor-element elementor-element-60a76ce elementor-widget elementor-widget-heading\" data-id=\"60a76ce\" data-element_type=\"widget\" data-widget_type=\"heading.default\">\n\t\t\t\t<div class=\"elementor-widget-container\">\n\t\t\t\t\t<h3 class=\"elementor-heading-title elementor-size-default\">Mahyalar<\/h3>\t\t\t\t<\/div>\n\t\t\t\t<\/div>\n\t\t\t\t\t<\/div>\n\t\t\t\t<\/div>\n\t\t<div class=\"elementor-element elementor-element-5e79704 e-flex e-con-boxed e-con e-child\" data-id=\"5e79704\" data-element_type=\"container\">\n\t\t\t\t\t<div class=\"e-con-inner\">\n\t\t\t\t<div class=\"elementor-element elementor-element-a0ca6b3 elementor-widget elementor-widget-image\" data-id=\"a0ca6b3\" data-element_type=\"widget\" data-widget_type=\"image.default\">\n\t\t\t\t<div class=\"elementor-widget-container\">\n\t\t\t\t\t\t\t\t\t\t\t\t\t\t\t<img decoding=\"async\" width=\"600\" height=\"600\" src=\"https:\/\/inaxmetal.com\/wp-content\/uploads\/2024\/05\/screws.webp\" class=\"attachment-large size-large wp-image-2126\" alt=\"\" srcset=\"https:\/\/inaxmetal.com\/wp-content\/uploads\/2024\/05\/screws.webp 600w, https:\/\/inaxmetal.com\/wp-content\/uploads\/2024\/05\/screws-300x300.webp 300w, https:\/\/inaxmetal.com\/wp-content\/uploads\/2024\/05\/screws-150x150.webp 150w\" sizes=\"(max-width: 600px) 100vw, 600px\" \/>\t\t\t\t\t\t\t\t\t\t\t\t\t\t\t<\/div>\n\t\t\t\t<\/div>\n\t\t\t\t<div class=\"elementor-element elementor-element-a2f326b elementor-widget elementor-widget-heading\" data-id=\"a2f326b\" data-element_type=\"widget\" data-widget_type=\"heading.default\">\n\t\t\t\t<div class=\"elementor-widget-container\">\n\t\t\t\t\t<h3 class=\"elementor-heading-title elementor-size-default\">Vidalar<\/h3>\t\t\t\t<\/div>\n\t\t\t\t<\/div>\n\t\t\t\t\t<\/div>\n\t\t\t\t<\/div>\n\t\t<div class=\"elementor-element elementor-element-0d762e1 e-flex e-con-boxed e-con e-child\" data-id=\"0d762e1\" data-element_type=\"container\">\n\t\t\t\t\t<div class=\"e-con-inner\">\n\t\t\t\t<div class=\"elementor-element elementor-element-0a85234 elementor-widget elementor-widget-image\" data-id=\"0a85234\" data-element_type=\"widget\" data-widget_type=\"image.default\">\n\t\t\t\t<div class=\"elementor-widget-container\">\n\t\t\t\t\t\t\t\t\t\t\t\t\t\t\t<img loading=\"lazy\" decoding=\"async\" width=\"600\" height=\"600\" src=\"https:\/\/inaxmetal.com\/wp-content\/uploads\/2024\/05\/flashing-products.webp\" class=\"attachment-large size-large wp-image-2122\" alt=\"\" srcset=\"https:\/\/inaxmetal.com\/wp-content\/uploads\/2024\/05\/flashing-products.webp 600w, https:\/\/inaxmetal.com\/wp-content\/uploads\/2024\/05\/flashing-products-300x300.webp 300w, https:\/\/inaxmetal.com\/wp-content\/uploads\/2024\/05\/flashing-products-150x150.webp 150w\" sizes=\"(max-width: 600px) 100vw, 600px\" \/>\t\t\t\t\t\t\t\t\t\t\t\t\t\t\t<\/div>\n\t\t\t\t<\/div>\n\t\t\t\t<div class=\"elementor-element elementor-element-d26b1fa elementor-widget elementor-widget-heading\" data-id=\"d26b1fa\" data-element_type=\"widget\" data-widget_type=\"heading.default\">\n\t\t\t\t<div class=\"elementor-widget-container\">\n\t\t\t\t\t<h3 class=\"elementor-heading-title elementor-size-default\">Su Bariyeri<\/h3>\t\t\t\t<\/div>\n\t\t\t\t<\/div>\n\t\t\t\t\t<\/div>\n\t\t\t\t<\/div>\n\t\t<div class=\"elementor-element elementor-element-b7e7b6d e-flex e-con-boxed e-con e-child\" data-id=\"b7e7b6d\" data-element_type=\"container\">\n\t\t\t\t\t<div class=\"e-con-inner\">\n\t\t\t\t<div class=\"elementor-element elementor-element-a9d33d9 elementor-widget elementor-widget-image\" data-id=\"a9d33d9\" data-element_type=\"widget\" data-widget_type=\"image.default\">\n\t\t\t\t<div class=\"elementor-widget-container\">\n\t\t\t\t\t\t\t\t\t\t\t\t\t\t\t<img loading=\"lazy\" decoding=\"async\" width=\"600\" height=\"600\" src=\"https:\/\/inaxmetal.com\/wp-content\/uploads\/2024\/05\/corner-panel.webp\" class=\"attachment-large size-large wp-image-2124\" alt=\"\" srcset=\"https:\/\/inaxmetal.com\/wp-content\/uploads\/2024\/05\/corner-panel.webp 600w, https:\/\/inaxmetal.com\/wp-content\/uploads\/2024\/05\/corner-panel-300x300.webp 300w, https:\/\/inaxmetal.com\/wp-content\/uploads\/2024\/05\/corner-panel-150x150.webp 150w\" sizes=\"(max-width: 600px) 100vw, 600px\" \/>\t\t\t\t\t\t\t\t\t\t\t\t\t\t\t<\/div>\n\t\t\t\t<\/div>\n\t\t\t\t<div class=\"elementor-element elementor-element-12e07e1 elementor-widget elementor-widget-heading\" data-id=\"12e07e1\" data-element_type=\"widget\" data-widget_type=\"heading.default\">\n\t\t\t\t<div class=\"elementor-widget-container\">\n\t\t\t\t\t<h3 class=\"elementor-heading-title elementor-size-default\">K\u00f6\u015fe Panelleri<\/h3>\t\t\t\t<\/div>\n\t\t\t\t<\/div>\n\t\t\t\t\t<\/div>\n\t\t\t\t<\/div>\n\t\t<div class=\"elementor-element elementor-element-e401cab e-flex e-con-boxed e-con e-child\" data-id=\"e401cab\" data-element_type=\"container\">\n\t\t\t\t\t<div class=\"e-con-inner\">\n\t\t\t\t<div class=\"elementor-element elementor-element-09d2a3f elementor-widget elementor-widget-image\" data-id=\"09d2a3f\" data-element_type=\"widget\" data-widget_type=\"image.default\">\n\t\t\t\t<div class=\"elementor-widget-container\">\n\t\t\t\t\t\t\t\t\t\t\t\t\t\t\t<img loading=\"lazy\" decoding=\"async\" width=\"640\" height=\"640\" src=\"https:\/\/inaxmetal.com\/wp-content\/uploads\/2024\/05\/mahya-group.webp\" class=\"attachment-large size-large wp-image-2092\" alt=\"\" srcset=\"https:\/\/inaxmetal.com\/wp-content\/uploads\/2024\/05\/mahya-group.webp 1000w, https:\/\/inaxmetal.com\/wp-content\/uploads\/2024\/05\/mahya-group-300x300.webp 300w, https:\/\/inaxmetal.com\/wp-content\/uploads\/2024\/05\/mahya-group-150x150.webp 150w, https:\/\/inaxmetal.com\/wp-content\/uploads\/2024\/05\/mahya-group-768x768.webp 768w\" sizes=\"(max-width: 640px) 100vw, 640px\" \/>\t\t\t\t\t\t\t\t\t\t\t\t\t\t\t<\/div>\n\t\t\t\t<\/div>\n\t\t\t\t<div class=\"elementor-element elementor-element-21cc599 elementor-widget elementor-widget-heading\" data-id=\"21cc599\" data-element_type=\"widget\" data-widget_type=\"heading.default\">\n\t\t\t\t<div class=\"elementor-widget-container\">\n\t\t\t\t\t<h3 class=\"elementor-heading-title elementor-size-default\">Vidal\u0131 Kapaklar<\/h3>\t\t\t\t<\/div>\n\t\t\t\t<\/div>\n\t\t\t\t\t<\/div>\n\t\t\t\t<\/div>\n\t\t\t\t\t<\/div>\n\t\t\t\t<\/div>\n\t\t\t\t\t<\/div>\n\t\t\t\t<\/div>\n\t\t\t\t<\/div>\n\t\t","protected":false},"excerpt":{"rendered":"<p>Aksesuar \u00dcr\u00fcnleri Satt\u0131\u011f\u0131m\u0131z t\u00fcm \u00fcr\u00fcnler i\u00e7in tamamlay\u0131c\u0131 aksesuarlar sunuyoruz. \u00c7at\u0131 \u00c7\u0131k\u0131\u015f Pencereleri Mahyalar Vidalar Su Bariyeri K\u00f6\u015fe Panelleri Vidal\u0131 Kapaklar<\/p>\n","protected":false},"author":3,"featured_media":2120,"parent":2215,"menu_order":0,"comment_status":"closed","ping_status":"closed","template":"","meta":{"footnotes":""},"class_list":["post-2219","page","type-page","status-publish","has-post-thumbnail","hentry"],"yoast_head":"<!-- This site is optimized with the Yoast SEO plugin v26.7 - https:\/\/yoast.com\/wordpress\/plugins\/seo\/ -->\n<title>Aksesuarlar - \u0130nax Metal<\/title>\n<meta name=\"description\" content=\"Satt\u0131\u011f\u0131m\u0131z t\u00fcm \u00fcr\u00fcnler i\u00e7in tamamlay\u0131c\u0131 aksesuarlar sunuyoruz. \u00c7at\u0131 \u00e7\u0131k\u0131\u015f pencereleri, \u00e7\u0131k\u0131nt\u0131lar, vidalar, eteklikler, k\u00f6\u015fe panelleri ve daha fazlas\u0131.\" \/>\n<meta name=\"robots\" content=\"index, follow, max-snippet:-1, max-image-preview:large, max-video-preview:-1\" \/>\n<link rel=\"canonical\" href=\"https:\/\/inaxmetal.com\/tr\/urunlerimiz\/diger\/aksesuarlar\/\" \/>\n<meta property=\"og:locale\" content=\"tr_TR\" \/>\n<meta property=\"og:type\" content=\"article\" \/>\n<meta property=\"og:title\" content=\"Aksesuarlar - \u0130nax Metal\" \/>\n<meta property=\"og:description\" content=\"Satt\u0131\u011f\u0131m\u0131z t\u00fcm \u00fcr\u00fcnler i\u00e7in tamamlay\u0131c\u0131 aksesuarlar sunuyoruz. \u00c7at\u0131 \u00e7\u0131k\u0131\u015f pencereleri, \u00e7\u0131k\u0131nt\u0131lar, vidalar, eteklikler, k\u00f6\u015fe panelleri ve daha fazlas\u0131.\" \/>\n<meta property=\"og:url\" content=\"https:\/\/inaxmetal.com\/tr\/urunlerimiz\/diger\/aksesuarlar\/\" \/>\n<meta property=\"og:site_name\" content=\"\u0130nax Metal\" \/>\n<meta property=\"article:modified_time\" content=\"2024-06-28T13:12:58+00:00\" \/>\n<meta property=\"og:image\" content=\"https:\/\/inaxmetal.com\/wp-content\/uploads\/2024\/05\/sandwich-panel-roof-exit-window_1.webp\" \/>\n\t<meta property=\"og:image:width\" content=\"1280\" \/>\n\t<meta property=\"og:image:height\" content=\"1280\" \/>\n\t<meta property=\"og:image:type\" content=\"image\/webp\" \/>\n<meta name=\"twitter:card\" content=\"summary_large_image\" \/>\n<script type=\"application\/ld+json\" class=\"yoast-schema-graph\">{\"@context\":\"https:\/\/schema.org\",\"@graph\":[{\"@type\":\"WebPage\",\"@id\":\"https:\/\/inaxmetal.com\/tr\/urunlerimiz\/diger\/aksesuarlar\/\",\"url\":\"https:\/\/inaxmetal.com\/tr\/urunlerimiz\/diger\/aksesuarlar\/\",\"name\":\"Aksesuarlar - \u0130nax Metal\",\"isPartOf\":{\"@id\":\"https:\/\/inaxmetal.com\/tr\/#website\"},\"primaryImageOfPage\":{\"@id\":\"https:\/\/inaxmetal.com\/tr\/urunlerimiz\/diger\/aksesuarlar\/#primaryimage\"},\"image\":{\"@id\":\"https:\/\/inaxmetal.com\/tr\/urunlerimiz\/diger\/aksesuarlar\/#primaryimage\"},\"thumbnailUrl\":\"https:\/\/inaxmetal.com\/wp-content\/uploads\/2024\/05\/sandwich-panel-roof-exit-window_1.webp\",\"datePublished\":\"2024-05-13T11:15:19+00:00\",\"dateModified\":\"2024-06-28T13:12:58+00:00\",\"description\":\"Satt\u0131\u011f\u0131m\u0131z t\u00fcm \u00fcr\u00fcnler i\u00e7in tamamlay\u0131c\u0131 aksesuarlar sunuyoruz. \u00c7at\u0131 \u00e7\u0131k\u0131\u015f pencereleri, \u00e7\u0131k\u0131nt\u0131lar, vidalar, eteklikler, k\u00f6\u015fe panelleri ve daha fazlas\u0131.\",\"breadcrumb\":{\"@id\":\"https:\/\/inaxmetal.com\/tr\/urunlerimiz\/diger\/aksesuarlar\/#breadcrumb\"},\"inLanguage\":\"tr\",\"potentialAction\":[{\"@type\":\"ReadAction\",\"target\":[\"https:\/\/inaxmetal.com\/tr\/urunlerimiz\/diger\/aksesuarlar\/\"]}]},{\"@type\":\"ImageObject\",\"inLanguage\":\"tr\",\"@id\":\"https:\/\/inaxmetal.com\/tr\/urunlerimiz\/diger\/aksesuarlar\/#primaryimage\",\"url\":\"https:\/\/inaxmetal.com\/wp-content\/uploads\/2024\/05\/sandwich-panel-roof-exit-window_1.webp\",\"contentUrl\":\"https:\/\/inaxmetal.com\/wp-content\/uploads\/2024\/05\/sandwich-panel-roof-exit-window_1.webp\",\"width\":1280,\"height\":1280},{\"@type\":\"BreadcrumbList\",\"@id\":\"https:\/\/inaxmetal.com\/tr\/urunlerimiz\/diger\/aksesuarlar\/#breadcrumb\",\"itemListElement\":[{\"@type\":\"ListItem\",\"position\":1,\"name\":\"Home\",\"item\":\"https:\/\/inaxmetal.com\/tr\/\"},{\"@type\":\"ListItem\",\"position\":2,\"name\":\"\u00dcr\u00fcnlerimiz\",\"item\":\"https:\/\/inaxmetal.com\/tr\/urunlerimiz\/\"},{\"@type\":\"ListItem\",\"position\":3,\"name\":\"Di\u011fer\",\"item\":\"https:\/\/inaxmetal.com\/tr\/urunlerimiz\/diger\/\"},{\"@type\":\"ListItem\",\"position\":4,\"name\":\"Aksesuarlar\"}]},{\"@type\":\"WebSite\",\"@id\":\"https:\/\/inaxmetal.com\/tr\/#website\",\"url\":\"https:\/\/inaxmetal.com\/tr\/\",\"name\":\"\u0130nax Metal\",\"description\":\"\",\"potentialAction\":[{\"@type\":\"SearchAction\",\"target\":{\"@type\":\"EntryPoint\",\"urlTemplate\":\"https:\/\/inaxmetal.com\/tr\/?s={search_term_string}\"},\"query-input\":{\"@type\":\"PropertyValueSpecification\",\"valueRequired\":true,\"valueName\":\"search_term_string\"}}],\"inLanguage\":\"tr\"}]}<\/script>\n<!-- \/ Yoast SEO plugin. -->","yoast_head_json":{"title":"Aksesuarlar - \u0130nax Metal","description":"Satt\u0131\u011f\u0131m\u0131z t\u00fcm \u00fcr\u00fcnler i\u00e7in tamamlay\u0131c\u0131 aksesuarlar sunuyoruz. \u00c7at\u0131 \u00e7\u0131k\u0131\u015f pencereleri, \u00e7\u0131k\u0131nt\u0131lar, vidalar, eteklikler, k\u00f6\u015fe panelleri ve daha fazlas\u0131.","robots":{"index":"index","follow":"follow","max-snippet":"max-snippet:-1","max-image-preview":"max-image-preview:large","max-video-preview":"max-video-preview:-1"},"canonical":"https:\/\/inaxmetal.com\/tr\/urunlerimiz\/diger\/aksesuarlar\/","og_locale":"tr_TR","og_type":"article","og_title":"Aksesuarlar - \u0130nax Metal","og_description":"Satt\u0131\u011f\u0131m\u0131z t\u00fcm \u00fcr\u00fcnler i\u00e7in tamamlay\u0131c\u0131 aksesuarlar sunuyoruz. \u00c7at\u0131 \u00e7\u0131k\u0131\u015f pencereleri, \u00e7\u0131k\u0131nt\u0131lar, vidalar, eteklikler, k\u00f6\u015fe panelleri ve daha fazlas\u0131.","og_url":"https:\/\/inaxmetal.com\/tr\/urunlerimiz\/diger\/aksesuarlar\/","og_site_name":"\u0130nax Metal","article_modified_time":"2024-06-28T13:12:58+00:00","og_image":[{"width":1280,"height":1280,"url":"https:\/\/inaxmetal.com\/wp-content\/uploads\/2024\/05\/sandwich-panel-roof-exit-window_1.webp","type":"image\/webp"}],"twitter_card":"summary_large_image","schema":{"@context":"https:\/\/schema.org","@graph":[{"@type":"WebPage","@id":"https:\/\/inaxmetal.com\/tr\/urunlerimiz\/diger\/aksesuarlar\/","url":"https:\/\/inaxmetal.com\/tr\/urunlerimiz\/diger\/aksesuarlar\/","name":"Aksesuarlar - \u0130nax Metal","isPartOf":{"@id":"https:\/\/inaxmetal.com\/tr\/#website"},"primaryImageOfPage":{"@id":"https:\/\/inaxmetal.com\/tr\/urunlerimiz\/diger\/aksesuarlar\/#primaryimage"},"image":{"@id":"https:\/\/inaxmetal.com\/tr\/urunlerimiz\/diger\/aksesuarlar\/#primaryimage"},"thumbnailUrl":"https:\/\/inaxmetal.com\/wp-content\/uploads\/2024\/05\/sandwich-panel-roof-exit-window_1.webp","datePublished":"2024-05-13T11:15:19+00:00","dateModified":"2024-06-28T13:12:58+00:00","description":"Satt\u0131\u011f\u0131m\u0131z t\u00fcm \u00fcr\u00fcnler i\u00e7in tamamlay\u0131c\u0131 aksesuarlar sunuyoruz. \u00c7at\u0131 \u00e7\u0131k\u0131\u015f pencereleri, \u00e7\u0131k\u0131nt\u0131lar, vidalar, eteklikler, k\u00f6\u015fe panelleri ve daha fazlas\u0131.","breadcrumb":{"@id":"https:\/\/inaxmetal.com\/tr\/urunlerimiz\/diger\/aksesuarlar\/#breadcrumb"},"inLanguage":"tr","potentialAction":[{"@type":"ReadAction","target":["https:\/\/inaxmetal.com\/tr\/urunlerimiz\/diger\/aksesuarlar\/"]}]},{"@type":"ImageObject","inLanguage":"tr","@id":"https:\/\/inaxmetal.com\/tr\/urunlerimiz\/diger\/aksesuarlar\/#primaryimage","url":"https:\/\/inaxmetal.com\/wp-content\/uploads\/2024\/05\/sandwich-panel-roof-exit-window_1.webp","contentUrl":"https:\/\/inaxmetal.com\/wp-content\/uploads\/2024\/05\/sandwich-panel-roof-exit-window_1.webp","width":1280,"height":1280},{"@type":"BreadcrumbList","@id":"https:\/\/inaxmetal.com\/tr\/urunlerimiz\/diger\/aksesuarlar\/#breadcrumb","itemListElement":[{"@type":"ListItem","position":1,"name":"Home","item":"https:\/\/inaxmetal.com\/tr\/"},{"@type":"ListItem","position":2,"name":"\u00dcr\u00fcnlerimiz","item":"https:\/\/inaxmetal.com\/tr\/urunlerimiz\/"},{"@type":"ListItem","position":3,"name":"Di\u011fer","item":"https:\/\/inaxmetal.com\/tr\/urunlerimiz\/diger\/"},{"@type":"ListItem","position":4,"name":"Aksesuarlar"}]},{"@type":"WebSite","@id":"https:\/\/inaxmetal.com\/tr\/#website","url":"https:\/\/inaxmetal.com\/tr\/","name":"\u0130nax Metal","description":"","potentialAction":[{"@type":"SearchAction","target":{"@type":"EntryPoint","urlTemplate":"https:\/\/inaxmetal.com\/tr\/?s={search_term_string}"},"query-input":{"@type":"PropertyValueSpecification","valueRequired":true,"valueName":"search_term_string"}}],"inLanguage":"tr"}]}},"_links":{"self":[{"href":"https:\/\/inaxmetal.com\/tr\/wp-json\/wp\/v2\/pages\/2219","targetHints":{"allow":["GET"]}}],"collection":[{"href":"https:\/\/inaxmetal.com\/tr\/wp-json\/wp\/v2\/pages"}],"about":[{"href":"https:\/\/inaxmetal.com\/tr\/wp-json\/wp\/v2\/types\/page"}],"author":[{"embeddable":true,"href":"https:\/\/inaxmetal.com\/tr\/wp-json\/wp\/v2\/users\/3"}],"replies":[{"embeddable":true,"href":"https:\/\/inaxmetal.com\/tr\/wp-json\/wp\/v2\/comments?post=2219"}],"version-history":[{"count":1,"href":"https:\/\/inaxmetal.com\/tr\/wp-json\/wp\/v2\/pages\/2219\/revisions"}],"predecessor-version":[{"id":2220,"href":"https:\/\/inaxmetal.com\/tr\/wp-json\/wp\/v2\/pages\/2219\/revisions\/2220"}],"up":[{"embeddable":true,"href":"https:\/\/inaxmetal.com\/tr\/wp-json\/wp\/v2\/pages\/2215"}],"wp:featuredmedia":[{"embeddable":true,"href":"https:\/\/inaxmetal.com\/tr\/wp-json\/wp\/v2\/media\/2120"}],"wp:attachment":[{"href":"https:\/\/inaxmetal.com\/tr\/wp-json\/wp\/v2\/media?parent=2219"}],"curies":[{"name":"wp","href":"https:\/\/api.w.org\/{rel}","templated":true}]}}