{"id":2237,"date":"2024-05-13T13:32:23","date_gmt":"2024-05-13T10:32:23","guid":{"rendered":"https:\/\/inaxmetal.com\/urunlerimiz\/celik-konstruksiyon\/yassi-urunler\/"},"modified":"2025-01-07T11:59:30","modified_gmt":"2025-01-07T08:59:30","slug":"yassi-urunler","status":"publish","type":"page","link":"https:\/\/inaxmetal.com\/tr\/urunlerimiz\/celik-konstruksiyon\/yassi-urunler\/","title":{"rendered":"Yass\u0131 \u00dcr\u00fcnler"},"content":{"rendered":"\t\t<div data-elementor-type=\"wp-page\" data-elementor-id=\"2237\" class=\"elementor elementor-2237 elementor-340\" data-elementor-post-type=\"page\">\n\t\t\t\t<div class=\"elementor-element elementor-element-ba791a7 e-flex e-con-boxed e-con e-parent\" data-id=\"ba791a7\" data-element_type=\"container\">\n\t\t\t\t\t<div class=\"e-con-inner\">\n\t\t\t\t<div class=\"elementor-element elementor-element-3bc1d0e elementor-widget elementor-widget-heading\" data-id=\"3bc1d0e\" data-element_type=\"widget\" data-widget_type=\"heading.default\">\n\t\t\t\t<div class=\"elementor-widget-container\">\n\t\t\t\t\t<h2 class=\"elementor-heading-title elementor-size-default\">Yass\u0131 \u00dcr\u00fcnler<\/h2>\t\t\t\t<\/div>\n\t\t\t\t<\/div>\n\t\t\t\t<div class=\"elementor-element elementor-element-d192b8a elementor-widget elementor-widget-text-editor\" data-id=\"d192b8a\" data-element_type=\"widget\" data-widget_type=\"text-editor.default\">\n\t\t\t\t<div class=\"elementor-widget-container\">\n\t\t\t\t\t\t\t\t\t<p>\u0130htiya\u00e7lar\u0131n\u0131za uygun yass\u0131 \u00fcr\u00fcnler<\/p>\n\t\t\t\t\t\t\t\t<\/div>\n\t\t\t\t<\/div>\n\t\t<div class=\"elementor-element elementor-element-556a9d7 e-grid e-con-boxed e-con e-child\" data-id=\"556a9d7\" data-element_type=\"container\">\n\t\t\t\t\t<div class=\"e-con-inner\">\n\t\t<a class=\"elementor-element elementor-element-0494ab0 e-flex e-con-boxed e-con e-child\" data-id=\"0494ab0\" data-element_type=\"container\" href=\"https:\/\/inaxmetal.com\/tr\/urunlerimiz\/celik-konstruksiyon\/yassi-urunler\/boyali-galvanizli-rulo-ve-levhalar\/\">\n\t\t\t\t\t<div class=\"e-con-inner\">\n\t\t\t\t<div class=\"elementor-element elementor-element-fab1e75 elementor-widget elementor-widget-image\" data-id=\"fab1e75\" data-element_type=\"widget\" data-widget_type=\"image.default\">\n\t\t\t\t<div class=\"elementor-widget-container\">\n\t\t\t\t\t\t\t\t\t\t\t\t\t\t\t<img fetchpriority=\"high\" decoding=\"async\" width=\"600\" height=\"600\" src=\"https:\/\/inaxmetal.com\/wp-content\/uploads\/2024\/05\/prepainted-galvanized-products.webp\" class=\"attachment-large size-large wp-image-2130\" alt=\"\" srcset=\"https:\/\/inaxmetal.com\/wp-content\/uploads\/2024\/05\/prepainted-galvanized-products.webp 600w, https:\/\/inaxmetal.com\/wp-content\/uploads\/2024\/05\/prepainted-galvanized-products-300x300.webp 300w, https:\/\/inaxmetal.com\/wp-content\/uploads\/2024\/05\/prepainted-galvanized-products-150x150.webp 150w\" sizes=\"(max-width: 600px) 100vw, 600px\" \/>\t\t\t\t\t\t\t\t\t\t\t\t\t\t\t<\/div>\n\t\t\t\t<\/div>\n\t\t\t\t<div class=\"elementor-element elementor-element-c8c4a46 elementor-widget elementor-widget-heading\" data-id=\"c8c4a46\" data-element_type=\"widget\" data-widget_type=\"heading.default\">\n\t\t\t\t<div class=\"elementor-widget-container\">\n\t\t\t\t\t<h3 class=\"elementor-heading-title elementor-size-default\">Boyal\u0131 Galvanizli \u00dcr\u00fcnler (PPGI) <\/h3>\t\t\t\t<\/div>\n\t\t\t\t<\/div>\n\t\t\t\t\t<\/div>\n\t\t\t\t<\/a>\n\t\t<a class=\"elementor-element elementor-element-75836c8 e-flex e-con-boxed e-con e-child\" data-id=\"75836c8\" data-element_type=\"container\" href=\"https:\/\/inaxmetal.com\/tr\/urunlerimiz\/celik-konstruksiyon\/yassi-urunler\/galvanizli-rulo-ve-levhalar\/\">\n\t\t\t\t\t<div class=\"e-con-inner\">\n\t\t\t\t<div class=\"elementor-element elementor-element-1ea3cd4 elementor-widget elementor-widget-image\" data-id=\"1ea3cd4\" data-element_type=\"widget\" data-widget_type=\"image.default\">\n\t\t\t\t<div class=\"elementor-widget-container\">\n\t\t\t\t\t\t\t\t\t\t\t\t\t\t\t<img decoding=\"async\" width=\"600\" height=\"600\" src=\"https:\/\/inaxmetal.com\/wp-content\/uploads\/2024\/06\/metal-galvanized-products.webp\" class=\"attachment-large size-large wp-image-2206\" alt=\"\" srcset=\"https:\/\/inaxmetal.com\/wp-content\/uploads\/2024\/06\/metal-galvanized-products.webp 600w, https:\/\/inaxmetal.com\/wp-content\/uploads\/2024\/06\/metal-galvanized-products-300x300.webp 300w\" sizes=\"(max-width: 600px) 100vw, 600px\" \/>\t\t\t\t\t\t\t\t\t\t\t\t\t\t\t<\/div>\n\t\t\t\t<\/div>\n\t\t\t\t<div class=\"elementor-element elementor-element-bbcf97a elementor-widget elementor-widget-heading\" data-id=\"bbcf97a\" data-element_type=\"widget\" data-widget_type=\"heading.default\">\n\t\t\t\t<div class=\"elementor-widget-container\">\n\t\t\t\t\t<h3 class=\"elementor-heading-title elementor-size-default\">Galvanizli \u00dcr\u00fcnler<\/h3>\t\t\t\t<\/div>\n\t\t\t\t<\/div>\n\t\t\t\t\t<\/div>\n\t\t\t\t<\/a>\n\t\t<a class=\"elementor-element elementor-element-4e863dd e-flex e-con-boxed e-con e-child\" data-id=\"4e863dd\" data-element_type=\"container\" href=\"https:\/\/inaxmetal.com\/tr\/urunlerimiz\/celik-konstruksiyon\/yassi-urunler\/sicak-haddelenmis-rulo-ve-levhalar\/\">\n\t\t\t\t\t<div class=\"e-con-inner\">\n\t\t\t\t<div class=\"elementor-element elementor-element-4b73917 elementor-widget elementor-widget-image\" data-id=\"4b73917\" data-element_type=\"widget\" data-widget_type=\"image.default\">\n\t\t\t\t<div class=\"elementor-widget-container\">\n\t\t\t\t\t\t\t\t\t\t\t\t\t\t\t<img decoding=\"async\" width=\"600\" height=\"600\" src=\"https:\/\/inaxmetal.com\/wp-content\/uploads\/2024\/05\/hot-rolled-products.webp\" class=\"attachment-large size-large wp-image-2134\" alt=\"\" srcset=\"https:\/\/inaxmetal.com\/wp-content\/uploads\/2024\/05\/hot-rolled-products.webp 600w, https:\/\/inaxmetal.com\/wp-content\/uploads\/2024\/05\/hot-rolled-products-300x300.webp 300w, https:\/\/inaxmetal.com\/wp-content\/uploads\/2024\/05\/hot-rolled-products-150x150.webp 150w\" sizes=\"(max-width: 600px) 100vw, 600px\" \/>\t\t\t\t\t\t\t\t\t\t\t\t\t\t\t<\/div>\n\t\t\t\t<\/div>\n\t\t\t\t<div class=\"elementor-element elementor-element-4c83f89 elementor-widget elementor-widget-heading\" data-id=\"4c83f89\" data-element_type=\"widget\" data-widget_type=\"heading.default\">\n\t\t\t\t<div class=\"elementor-widget-container\">\n\t\t\t\t\t<h3 class=\"elementor-heading-title elementor-size-default\">S\u0131cak Haddelenmi\u015f \u00dcr\u00fcnler<\/h3>\t\t\t\t<\/div>\n\t\t\t\t<\/div>\n\t\t\t\t\t<\/div>\n\t\t\t\t<\/a>\n\t\t<a class=\"elementor-element elementor-element-8b9a431 e-flex e-con-boxed e-con e-child\" data-id=\"8b9a431\" data-element_type=\"container\" href=\"https:\/\/inaxmetal.com\/tr\/urunlerimiz\/celik-konstruksiyon\/yassi-urunler\/soguk-haddelenmis-rulo-ve-levhalar\/\">\n\t\t\t\t\t<div class=\"e-con-inner\">\n\t\t\t\t<div class=\"elementor-element elementor-element-84cd268 elementor-widget elementor-widget-image\" data-id=\"84cd268\" data-element_type=\"widget\" data-widget_type=\"image.default\">\n\t\t\t\t<div class=\"elementor-widget-container\">\n\t\t\t\t\t\t\t\t\t\t\t\t\t\t\t<img loading=\"lazy\" decoding=\"async\" width=\"600\" height=\"600\" src=\"https:\/\/inaxmetal.com\/wp-content\/uploads\/2024\/05\/cold-rolled-products.webp\" class=\"attachment-large size-large wp-image-2136\" alt=\"\" srcset=\"https:\/\/inaxmetal.com\/wp-content\/uploads\/2024\/05\/cold-rolled-products.webp 600w, https:\/\/inaxmetal.com\/wp-content\/uploads\/2024\/05\/cold-rolled-products-300x300.webp 300w, https:\/\/inaxmetal.com\/wp-content\/uploads\/2024\/05\/cold-rolled-products-150x150.webp 150w\" sizes=\"(max-width: 600px) 100vw, 600px\" \/>\t\t\t\t\t\t\t\t\t\t\t\t\t\t\t<\/div>\n\t\t\t\t<\/div>\n\t\t\t\t<div class=\"elementor-element elementor-element-0d4e940 elementor-widget elementor-widget-heading\" data-id=\"0d4e940\" data-element_type=\"widget\" data-widget_type=\"heading.default\">\n\t\t\t\t<div class=\"elementor-widget-container\">\n\t\t\t\t\t<h3 class=\"elementor-heading-title elementor-size-default\">So\u011fuk Haddelenmi\u015f \u00dcr\u00fcnler<\/h3>\t\t\t\t<\/div>\n\t\t\t\t<\/div>\n\t\t\t\t\t<\/div>\n\t\t\t\t<\/a>\n\t\t<a class=\"elementor-element elementor-element-9620fc3 e-flex e-con-boxed e-con e-child\" data-id=\"9620fc3\" data-element_type=\"container\" href=\"https:\/\/inaxmetal.com\/tr\/urunlerimiz\/celik-konstruksiyon\/yassi-urunler\/paslanmaz-celik-saclar\/\">\n\t\t\t\t\t<div class=\"e-con-inner\">\n\t\t\t\t<div class=\"elementor-element elementor-element-8653ec3 elementor-widget elementor-widget-image\" data-id=\"8653ec3\" data-element_type=\"widget\" data-widget_type=\"image.default\">\n\t\t\t\t<div class=\"elementor-widget-container\">\n\t\t\t\t\t\t\t\t\t\t\t\t\t\t\t<img loading=\"lazy\" decoding=\"async\" width=\"600\" height=\"600\" src=\"https:\/\/inaxmetal.com\/wp-content\/uploads\/2024\/06\/stainless-steel-sheets.webp\" class=\"attachment-large size-large wp-image-2200\" alt=\"\" srcset=\"https:\/\/inaxmetal.com\/wp-content\/uploads\/2024\/06\/stainless-steel-sheets.webp 600w, https:\/\/inaxmetal.com\/wp-content\/uploads\/2024\/06\/stainless-steel-sheets-300x300.webp 300w\" sizes=\"(max-width: 600px) 100vw, 600px\" \/>\t\t\t\t\t\t\t\t\t\t\t\t\t\t\t<\/div>\n\t\t\t\t<\/div>\n\t\t\t\t<div class=\"elementor-element elementor-element-8f18613 elementor-widget elementor-widget-heading\" data-id=\"8f18613\" data-element_type=\"widget\" data-widget_type=\"heading.default\">\n\t\t\t\t<div class=\"elementor-widget-container\">\n\t\t\t\t\t<h3 class=\"elementor-heading-title elementor-size-default\">Paslanmaz \u00c7elik Saclar<\/h3>\t\t\t\t<\/div>\n\t\t\t\t<\/div>\n\t\t\t\t\t<\/div>\n\t\t\t\t<\/a>\n\t\t<a class=\"elementor-element elementor-element-d63595b e-flex e-con-boxed e-con e-child\" data-id=\"d63595b\" data-element_type=\"container\" href=\"https:\/\/inaxmetal.com\/tr\/urunlerimiz\/celik-konstruksiyon\/yassi-urunler\/damali-plakalar\/\">\n\t\t\t\t\t<div class=\"e-con-inner\">\n\t\t\t\t<div class=\"elementor-element elementor-element-f5c0075 elementor-widget elementor-widget-image\" data-id=\"f5c0075\" data-element_type=\"widget\" data-widget_type=\"image.default\">\n\t\t\t\t<div class=\"elementor-widget-container\">\n\t\t\t\t\t\t\t\t\t\t\t\t\t\t\t<img loading=\"lazy\" decoding=\"async\" width=\"600\" height=\"600\" src=\"https:\/\/inaxmetal.com\/wp-content\/uploads\/2024\/05\/chequered-sheets.webp\" class=\"attachment-large size-large wp-image-2140\" alt=\"\" srcset=\"https:\/\/inaxmetal.com\/wp-content\/uploads\/2024\/05\/chequered-sheets.webp 600w, https:\/\/inaxmetal.com\/wp-content\/uploads\/2024\/05\/chequered-sheets-300x300.webp 300w, https:\/\/inaxmetal.com\/wp-content\/uploads\/2024\/05\/chequered-sheets-150x150.webp 150w\" sizes=\"(max-width: 600px) 100vw, 600px\" \/>\t\t\t\t\t\t\t\t\t\t\t\t\t\t\t<\/div>\n\t\t\t\t<\/div>\n\t\t\t\t<div class=\"elementor-element elementor-element-778008a elementor-widget elementor-widget-heading\" data-id=\"778008a\" data-element_type=\"widget\" data-widget_type=\"heading.default\">\n\t\t\t\t<div class=\"elementor-widget-container\">\n\t\t\t\t\t<h3 class=\"elementor-heading-title elementor-size-default\">Damal\u0131 Plakalar<\/h3>\t\t\t\t<\/div>\n\t\t\t\t<\/div>\n\t\t\t\t\t<\/div>\n\t\t\t\t<\/a>\n\t\t\t\t\t<\/div>\n\t\t\t\t<\/div>\n\t\t\t\t\t<\/div>\n\t\t\t\t<\/div>\n\t\t\t\t<\/div>\n\t\t","protected":false},"excerpt":{"rendered":"<p>Yass\u0131 \u00dcr\u00fcnler \u0130htiya\u00e7lar\u0131n\u0131za uygun yass\u0131 \u00fcr\u00fcnler Boyal\u0131 Galvanizli \u00dcr\u00fcnler (PPGI) Galvanizli \u00dcr\u00fcnler S\u0131cak Haddelenmi\u015f \u00dcr\u00fcnler So\u011fuk Haddelenmi\u015f \u00dcr\u00fcnler Paslanmaz \u00c7elik Saclar Damal\u0131 Plakalar<\/p>\n","protected":false},"author":3,"featured_media":2166,"parent":2211,"menu_order":0,"comment_status":"closed","ping_status":"closed","template":"","meta":{"footnotes":""},"class_list":["post-2237","page","type-page","status-publish","has-post-thumbnail","hentry"],"yoast_head":"<!-- This site is optimized with the Yoast SEO plugin v26.7 - https:\/\/yoast.com\/wordpress\/plugins\/seo\/ -->\n<title>Yass\u0131 \u00dcr\u00fcnler - \u0130nax Metal<\/title>\n<meta name=\"description\" content=\"Galvanizli \u00fcr\u00fcnler, S\u0131cak haddelenmi\u015f \u00fcr\u00fcnler, So\u011fuk haddelenmi\u015f \u00fcr\u00fcnler ve daha fazlas\u0131 gibi ihtiya\u00e7lar\u0131n\u0131za uygun yass\u0131 \u00fcr\u00fcnler.\" \/>\n<meta name=\"robots\" content=\"index, follow, max-snippet:-1, max-image-preview:large, max-video-preview:-1\" \/>\n<link rel=\"canonical\" href=\"https:\/\/inaxmetal.com\/tr\/urunlerimiz\/celik-konstruksiyon\/yassi-urunler\/\" \/>\n<meta property=\"og:locale\" content=\"tr_TR\" \/>\n<meta property=\"og:type\" content=\"article\" \/>\n<meta property=\"og:title\" content=\"Yass\u0131 \u00dcr\u00fcnler - \u0130nax Metal\" \/>\n<meta property=\"og:description\" content=\"Galvanizli \u00fcr\u00fcnler, S\u0131cak haddelenmi\u015f \u00fcr\u00fcnler, So\u011fuk haddelenmi\u015f \u00fcr\u00fcnler ve daha fazlas\u0131 gibi ihtiya\u00e7lar\u0131n\u0131za uygun yass\u0131 \u00fcr\u00fcnler.\" \/>\n<meta property=\"og:url\" content=\"https:\/\/inaxmetal.com\/tr\/urunlerimiz\/celik-konstruksiyon\/yassi-urunler\/\" \/>\n<meta property=\"og:site_name\" content=\"\u0130nax Metal\" \/>\n<meta property=\"article:modified_time\" content=\"2025-01-07T08:59:30+00:00\" \/>\n<meta property=\"og:image\" content=\"https:\/\/inaxmetal.com\/wp-content\/uploads\/2024\/05\/rolled-sheet.webp\" \/>\n\t<meta property=\"og:image:width\" content=\"600\" \/>\n\t<meta property=\"og:image:height\" content=\"600\" \/>\n\t<meta property=\"og:image:type\" content=\"image\/webp\" \/>\n<meta name=\"twitter:card\" content=\"summary_large_image\" \/>\n<meta name=\"twitter:label1\" content=\"Tahmini okuma s\u00fcresi\" \/>\n\t<meta name=\"twitter:data1\" content=\"2 dakika\" \/>\n<script type=\"application\/ld+json\" class=\"yoast-schema-graph\">{\"@context\":\"https:\/\/schema.org\",\"@graph\":[{\"@type\":\"WebPage\",\"@id\":\"https:\/\/inaxmetal.com\/tr\/urunlerimiz\/celik-konstruksiyon\/yassi-urunler\/\",\"url\":\"https:\/\/inaxmetal.com\/tr\/urunlerimiz\/celik-konstruksiyon\/yassi-urunler\/\",\"name\":\"Yass\u0131 \u00dcr\u00fcnler - \u0130nax Metal\",\"isPartOf\":{\"@id\":\"https:\/\/inaxmetal.com\/tr\/#website\"},\"primaryImageOfPage\":{\"@id\":\"https:\/\/inaxmetal.com\/tr\/urunlerimiz\/celik-konstruksiyon\/yassi-urunler\/#primaryimage\"},\"image\":{\"@id\":\"https:\/\/inaxmetal.com\/tr\/urunlerimiz\/celik-konstruksiyon\/yassi-urunler\/#primaryimage\"},\"thumbnailUrl\":\"https:\/\/inaxmetal.com\/wp-content\/uploads\/2024\/05\/rolled-sheet.webp\",\"datePublished\":\"2024-05-13T10:32:23+00:00\",\"dateModified\":\"2025-01-07T08:59:30+00:00\",\"description\":\"Galvanizli \u00fcr\u00fcnler, S\u0131cak haddelenmi\u015f \u00fcr\u00fcnler, So\u011fuk haddelenmi\u015f \u00fcr\u00fcnler ve daha fazlas\u0131 gibi ihtiya\u00e7lar\u0131n\u0131za uygun yass\u0131 \u00fcr\u00fcnler.\",\"breadcrumb\":{\"@id\":\"https:\/\/inaxmetal.com\/tr\/urunlerimiz\/celik-konstruksiyon\/yassi-urunler\/#breadcrumb\"},\"inLanguage\":\"tr\",\"potentialAction\":[{\"@type\":\"ReadAction\",\"target\":[\"https:\/\/inaxmetal.com\/tr\/urunlerimiz\/celik-konstruksiyon\/yassi-urunler\/\"]}]},{\"@type\":\"ImageObject\",\"inLanguage\":\"tr\",\"@id\":\"https:\/\/inaxmetal.com\/tr\/urunlerimiz\/celik-konstruksiyon\/yassi-urunler\/#primaryimage\",\"url\":\"https:\/\/inaxmetal.com\/wp-content\/uploads\/2024\/05\/rolled-sheet.webp\",\"contentUrl\":\"https:\/\/inaxmetal.com\/wp-content\/uploads\/2024\/05\/rolled-sheet.webp\",\"width\":600,\"height\":600},{\"@type\":\"BreadcrumbList\",\"@id\":\"https:\/\/inaxmetal.com\/tr\/urunlerimiz\/celik-konstruksiyon\/yassi-urunler\/#breadcrumb\",\"itemListElement\":[{\"@type\":\"ListItem\",\"position\":1,\"name\":\"Home\",\"item\":\"https:\/\/inaxmetal.com\/tr\/\"},{\"@type\":\"ListItem\",\"position\":2,\"name\":\"\u00dcr\u00fcnlerimiz\",\"item\":\"https:\/\/inaxmetal.com\/tr\/urunlerimiz\/\"},{\"@type\":\"ListItem\",\"position\":3,\"name\":\"\u00c7elik Konstr\u00fcksiyon\",\"item\":\"https:\/\/inaxmetal.com\/tr\/urunlerimiz\/celik-konstruksiyon\/\"},{\"@type\":\"ListItem\",\"position\":4,\"name\":\"Yass\u0131 \u00dcr\u00fcnler\"}]},{\"@type\":\"WebSite\",\"@id\":\"https:\/\/inaxmetal.com\/tr\/#website\",\"url\":\"https:\/\/inaxmetal.com\/tr\/\",\"name\":\"\u0130nax Metal\",\"description\":\"\",\"potentialAction\":[{\"@type\":\"SearchAction\",\"target\":{\"@type\":\"EntryPoint\",\"urlTemplate\":\"https:\/\/inaxmetal.com\/tr\/?s={search_term_string}\"},\"query-input\":{\"@type\":\"PropertyValueSpecification\",\"valueRequired\":true,\"valueName\":\"search_term_string\"}}],\"inLanguage\":\"tr\"}]}<\/script>\n<!-- \/ Yoast SEO plugin. -->","yoast_head_json":{"title":"Yass\u0131 \u00dcr\u00fcnler - \u0130nax Metal","description":"Galvanizli \u00fcr\u00fcnler, S\u0131cak haddelenmi\u015f \u00fcr\u00fcnler, So\u011fuk haddelenmi\u015f \u00fcr\u00fcnler ve daha fazlas\u0131 gibi ihtiya\u00e7lar\u0131n\u0131za uygun yass\u0131 \u00fcr\u00fcnler.","robots":{"index":"index","follow":"follow","max-snippet":"max-snippet:-1","max-image-preview":"max-image-preview:large","max-video-preview":"max-video-preview:-1"},"canonical":"https:\/\/inaxmetal.com\/tr\/urunlerimiz\/celik-konstruksiyon\/yassi-urunler\/","og_locale":"tr_TR","og_type":"article","og_title":"Yass\u0131 \u00dcr\u00fcnler - \u0130nax Metal","og_description":"Galvanizli \u00fcr\u00fcnler, S\u0131cak haddelenmi\u015f \u00fcr\u00fcnler, So\u011fuk haddelenmi\u015f \u00fcr\u00fcnler ve daha fazlas\u0131 gibi ihtiya\u00e7lar\u0131n\u0131za uygun yass\u0131 \u00fcr\u00fcnler.","og_url":"https:\/\/inaxmetal.com\/tr\/urunlerimiz\/celik-konstruksiyon\/yassi-urunler\/","og_site_name":"\u0130nax Metal","article_modified_time":"2025-01-07T08:59:30+00:00","og_image":[{"width":600,"height":600,"url":"https:\/\/inaxmetal.com\/wp-content\/uploads\/2024\/05\/rolled-sheet.webp","type":"image\/webp"}],"twitter_card":"summary_large_image","twitter_misc":{"Tahmini okuma s\u00fcresi":"2 dakika"},"schema":{"@context":"https:\/\/schema.org","@graph":[{"@type":"WebPage","@id":"https:\/\/inaxmetal.com\/tr\/urunlerimiz\/celik-konstruksiyon\/yassi-urunler\/","url":"https:\/\/inaxmetal.com\/tr\/urunlerimiz\/celik-konstruksiyon\/yassi-urunler\/","name":"Yass\u0131 \u00dcr\u00fcnler - \u0130nax Metal","isPartOf":{"@id":"https:\/\/inaxmetal.com\/tr\/#website"},"primaryImageOfPage":{"@id":"https:\/\/inaxmetal.com\/tr\/urunlerimiz\/celik-konstruksiyon\/yassi-urunler\/#primaryimage"},"image":{"@id":"https:\/\/inaxmetal.com\/tr\/urunlerimiz\/celik-konstruksiyon\/yassi-urunler\/#primaryimage"},"thumbnailUrl":"https:\/\/inaxmetal.com\/wp-content\/uploads\/2024\/05\/rolled-sheet.webp","datePublished":"2024-05-13T10:32:23+00:00","dateModified":"2025-01-07T08:59:30+00:00","description":"Galvanizli \u00fcr\u00fcnler, S\u0131cak haddelenmi\u015f \u00fcr\u00fcnler, So\u011fuk haddelenmi\u015f \u00fcr\u00fcnler ve daha fazlas\u0131 gibi ihtiya\u00e7lar\u0131n\u0131za uygun yass\u0131 \u00fcr\u00fcnler.","breadcrumb":{"@id":"https:\/\/inaxmetal.com\/tr\/urunlerimiz\/celik-konstruksiyon\/yassi-urunler\/#breadcrumb"},"inLanguage":"tr","potentialAction":[{"@type":"ReadAction","target":["https:\/\/inaxmetal.com\/tr\/urunlerimiz\/celik-konstruksiyon\/yassi-urunler\/"]}]},{"@type":"ImageObject","inLanguage":"tr","@id":"https:\/\/inaxmetal.com\/tr\/urunlerimiz\/celik-konstruksiyon\/yassi-urunler\/#primaryimage","url":"https:\/\/inaxmetal.com\/wp-content\/uploads\/2024\/05\/rolled-sheet.webp","contentUrl":"https:\/\/inaxmetal.com\/wp-content\/uploads\/2024\/05\/rolled-sheet.webp","width":600,"height":600},{"@type":"BreadcrumbList","@id":"https:\/\/inaxmetal.com\/tr\/urunlerimiz\/celik-konstruksiyon\/yassi-urunler\/#breadcrumb","itemListElement":[{"@type":"ListItem","position":1,"name":"Home","item":"https:\/\/inaxmetal.com\/tr\/"},{"@type":"ListItem","position":2,"name":"\u00dcr\u00fcnlerimiz","item":"https:\/\/inaxmetal.com\/tr\/urunlerimiz\/"},{"@type":"ListItem","position":3,"name":"\u00c7elik Konstr\u00fcksiyon","item":"https:\/\/inaxmetal.com\/tr\/urunlerimiz\/celik-konstruksiyon\/"},{"@type":"ListItem","position":4,"name":"Yass\u0131 \u00dcr\u00fcnler"}]},{"@type":"WebSite","@id":"https:\/\/inaxmetal.com\/tr\/#website","url":"https:\/\/inaxmetal.com\/tr\/","name":"\u0130nax Metal","description":"","potentialAction":[{"@type":"SearchAction","target":{"@type":"EntryPoint","urlTemplate":"https:\/\/inaxmetal.com\/tr\/?s={search_term_string}"},"query-input":{"@type":"PropertyValueSpecification","valueRequired":true,"valueName":"search_term_string"}}],"inLanguage":"tr"}]}},"_links":{"self":[{"href":"https:\/\/inaxmetal.com\/tr\/wp-json\/wp\/v2\/pages\/2237","targetHints":{"allow":["GET"]}}],"collection":[{"href":"https:\/\/inaxmetal.com\/tr\/wp-json\/wp\/v2\/pages"}],"about":[{"href":"https:\/\/inaxmetal.com\/tr\/wp-json\/wp\/v2\/types\/page"}],"author":[{"embeddable":true,"href":"https:\/\/inaxmetal.com\/tr\/wp-json\/wp\/v2\/users\/3"}],"replies":[{"embeddable":true,"href":"https:\/\/inaxmetal.com\/tr\/wp-json\/wp\/v2\/comments?post=2237"}],"version-history":[{"count":4,"href":"https:\/\/inaxmetal.com\/tr\/wp-json\/wp\/v2\/pages\/2237\/revisions"}],"predecessor-version":[{"id":3048,"href":"https:\/\/inaxmetal.com\/tr\/wp-json\/wp\/v2\/pages\/2237\/revisions\/3048"}],"up":[{"embeddable":true,"href":"https:\/\/inaxmetal.com\/tr\/wp-json\/wp\/v2\/pages\/2211"}],"wp:featuredmedia":[{"embeddable":true,"href":"https:\/\/inaxmetal.com\/tr\/wp-json\/wp\/v2\/media\/2166"}],"wp:attachment":[{"href":"https:\/\/inaxmetal.com\/tr\/wp-json\/wp\/v2\/media?parent=2237"}],"curies":[{"name":"wp","href":"https:\/\/api.w.org\/{rel}","templated":true}]}}