{"id":2245,"date":"2024-06-05T10:51:44","date_gmt":"2024-06-05T07:51:44","guid":{"rendered":"https:\/\/inaxmetal.com\/urunlerimiz\/celik-konstruksiyon\/yassi-urunler\/sicak-haddelenmis-rulo-ve-levhalar\/"},"modified":"2024-07-02T11:20:46","modified_gmt":"2024-07-02T08:20:46","slug":"sicak-haddelenmis-rulo-ve-levhalar","status":"publish","type":"page","link":"https:\/\/inaxmetal.com\/tr\/urunlerimiz\/celik-konstruksiyon\/yassi-urunler\/sicak-haddelenmis-rulo-ve-levhalar\/","title":{"rendered":"S\u0131cak Haddelenmi\u015f Rulo ve Levhalar"},"content":{"rendered":"\t\t<div data-elementor-type=\"wp-page\" data-elementor-id=\"2245\" class=\"elementor elementor-2245 elementor-1653\" data-elementor-post-type=\"page\">\n\t\t\t\t<div class=\"elementor-element elementor-element-7753df0 e-flex e-con-boxed e-con e-parent\" data-id=\"7753df0\" data-element_type=\"container\">\n\t\t\t\t\t<div class=\"e-con-inner\">\n\t\t<div class=\"elementor-element elementor-element-ce850e9 e-con-full e-flex e-con e-child\" data-id=\"ce850e9\" data-element_type=\"container\">\n\t\t\t\t<div class=\"elementor-element elementor-element-833c738 elementor-widget elementor-widget-image\" data-id=\"833c738\" data-element_type=\"widget\" data-widget_type=\"image.default\">\n\t\t\t\t<div class=\"elementor-widget-container\">\n\t\t\t\t\t\t\t\t\t\t\t\t\t\t\t<img fetchpriority=\"high\" decoding=\"async\" width=\"600\" height=\"600\" src=\"https:\/\/inaxmetal.com\/wp-content\/uploads\/2024\/05\/hot-rolled-products.webp\" class=\"attachment-large size-large wp-image-2134\" alt=\"\" srcset=\"https:\/\/inaxmetal.com\/wp-content\/uploads\/2024\/05\/hot-rolled-products.webp 600w, https:\/\/inaxmetal.com\/wp-content\/uploads\/2024\/05\/hot-rolled-products-300x300.webp 300w, https:\/\/inaxmetal.com\/wp-content\/uploads\/2024\/05\/hot-rolled-products-150x150.webp 150w\" sizes=\"(max-width: 600px) 100vw, 600px\" \/>\t\t\t\t\t\t\t\t\t\t\t\t\t\t\t<\/div>\n\t\t\t\t<\/div>\n\t\t\t\t<\/div>\n\t\t<div class=\"elementor-element elementor-element-31b5a11 e-con-full e-flex e-con e-child\" data-id=\"31b5a11\" data-element_type=\"container\">\n\t\t\t\t<div class=\"elementor-element elementor-element-571760b elementor-widget elementor-widget-text-editor\" data-id=\"571760b\" data-element_type=\"widget\" data-widget_type=\"text-editor.default\">\n\t\t\t\t<div class=\"elementor-widget-container\">\n\t\t\t\t\t\t\t\t\t<table dir=\"ltr\" border=\"1\" cellspacing=\"0\" cellpadding=\"0\" data-sheets-root=\"1\"><colgroup> <col width=\"136\"> <col width=\"357\"><\/colgroup>\n<tbody>\n<tr>\n<th colspan=\"2\" rowspan=\"1\" data-sheets-value=\"{\"1\":2,\"2\":\"Hot Rolled Coils &amp; Sheets\"}\">S\u0131cak Haddelenmi\u015f Rulo ve Levha<\/th>\n<\/tr>\n<tr>\n<td data-sheets-value=\"{\"1\":2,\"2\":\"Thickness \"}\">Kal\u0131nl\u0131k<\/td>\n<td data-sheets-value=\"{\"1\":2,\"2\":\"From 1,00 mm to 25,4 mm\"}\">1,00 mm&#8217;den 25,4 mm&#8217;ye<\/td>\n<\/tr>\n<tr>\n<td data-sheets-value=\"{\"1\":2,\"2\":\"Width \"}\">Geni\u015flik<\/td>\n<td data-sheets-value=\"{\"1\":2,\"2\":\"From 30 mm to 4500 mm\"}\">30 mm&#8217;den 4500 mm&#8217;ye<\/td>\n<\/tr>\n<tr>\n<td data-sheets-value=\"{\"1\":2,\"2\":\"Coil Inner Diameter\"}\">Bobin \u0130\u00e7 \u00c7ap\u0131<\/td>\n<td data-sheets-value=\"{\"1\":2,\"2\":\"762mm\"}\">762mm<\/td>\n<\/tr>\n<tr>\n<td data-sheets-value=\"{\"1\":2,\"2\":\"Coil Weight \"}\">Bobin A\u011f\u0131rl\u0131\u011f\u0131<\/td>\n<td data-sheets-value=\"{\"1\":2,\"2\":\"10 - 25mtons\"}\">10 &#8211; 25mton<\/td>\n<\/tr>\n<tr>\n<td data-sheets-value=\"{\"1\":2,\"2\":\"Forms\"}\">Formlar<\/td>\n<td data-sheets-value=\"{\"1\":2,\"2\":\"Coils, Strips, Sheets (cut-to-length), Corrugated, Trapezoid\"}\">Rulo, \u015eerit, Levha (boyuna kesilmi\u015f), Oluklu, Trapez<\/td>\n<\/tr>\n<tr>\n<td data-sheets-value=\"{\"1\":2,\"2\":\"Standard &amp; Grade\"}\">Standart ve S\u0131n\u0131f<\/td>\n<td data-sheets-value=\"{\"1\":2,\"2\":\"JIS G3131 SPHC\\nEN 10111 DD11\\nASTM A569\/A635\/A659 A1011 CS Type A, B, C \\nSAE 1006 - 1025\"}\">JIS G3131 SPHC\nEN 10111 DD11\nASTM A569\/A635\/A659 A1011 CS Type A, B, C\nSAE 1006 &#8211; 1025<\/td>\n<\/tr>\n<\/tbody>\n<\/table>\t\t\t\t\t\t\t\t<\/div>\n\t\t\t\t<\/div>\n\t\t\t\t<\/div>\n\t\t\t\t\t<\/div>\n\t\t\t\t<\/div>\n\t\t\t\t<\/div>\n\t\t","protected":false},"excerpt":{"rendered":"<p>S\u0131cak Haddelenmi\u015f Rulo ve Levha Kal\u0131nl\u0131k 1,00 mm&#8217;den 25,4 mm&#8217;ye Geni\u015flik 30 mm&#8217;den 4500 mm&#8217;ye Bobin \u0130\u00e7 \u00c7ap\u0131 762mm Bobin A\u011f\u0131rl\u0131\u011f\u0131 10 &#8211; 25mton Formlar Rulo, \u015eerit, Levha (boyuna kesilmi\u015f), Oluklu, Trapez Standart ve S\u0131n\u0131f JIS G3131 SPHC EN 10111 DD11 ASTM A569\/A635\/A659 A1011 CS Type A, B, C SAE 1006 &#8211; 1025<\/p>\n","protected":false},"author":3,"featured_media":2134,"parent":2237,"menu_order":0,"comment_status":"closed","ping_status":"closed","template":"","meta":{"footnotes":""},"class_list":["post-2245","page","type-page","status-publish","has-post-thumbnail","hentry"],"yoast_head":"<!-- This site is optimized with the Yoast SEO plugin v26.7 - https:\/\/yoast.com\/wordpress\/plugins\/seo\/ -->\n<title>S\u0131cak Haddelenmi\u015f Rulo ve Levhalar - \u0130nax Metal<\/title>\n<meta name=\"robots\" content=\"index, follow, max-snippet:-1, max-image-preview:large, max-video-preview:-1\" \/>\n<link rel=\"canonical\" href=\"https:\/\/inaxmetal.com\/tr\/urunlerimiz\/celik-konstruksiyon\/yassi-urunler\/sicak-haddelenmis-rulo-ve-levhalar\/\" \/>\n<meta property=\"og:locale\" content=\"tr_TR\" \/>\n<meta property=\"og:type\" content=\"article\" \/>\n<meta property=\"og:title\" content=\"S\u0131cak Haddelenmi\u015f Rulo ve Levhalar - \u0130nax Metal\" \/>\n<meta property=\"og:description\" content=\"S\u0131cak Haddelenmi\u015f Rulo ve Levha Kal\u0131nl\u0131k 1,00 mm&#8217;den 25,4 mm&#8217;ye Geni\u015flik 30 mm&#8217;den 4500 mm&#8217;ye Bobin \u0130\u00e7 \u00c7ap\u0131 762mm Bobin A\u011f\u0131rl\u0131\u011f\u0131 10 &#8211; 25mton Formlar Rulo, \u015eerit, Levha (boyuna kesilmi\u015f), Oluklu, Trapez Standart ve S\u0131n\u0131f JIS G3131 SPHC EN 10111 DD11 ASTM A569\/A635\/A659 A1011 CS Type A, B, C SAE 1006 &#8211; 1025\" \/>\n<meta property=\"og:url\" content=\"https:\/\/inaxmetal.com\/tr\/urunlerimiz\/celik-konstruksiyon\/yassi-urunler\/sicak-haddelenmis-rulo-ve-levhalar\/\" \/>\n<meta property=\"og:site_name\" content=\"\u0130nax Metal\" \/>\n<meta property=\"article:modified_time\" content=\"2024-07-02T08:20:46+00:00\" \/>\n<meta property=\"og:image\" content=\"https:\/\/inaxmetal.com\/wp-content\/uploads\/2024\/05\/hot-rolled-products.webp\" \/>\n\t<meta property=\"og:image:width\" content=\"600\" \/>\n\t<meta property=\"og:image:height\" content=\"600\" \/>\n\t<meta property=\"og:image:type\" content=\"image\/webp\" \/>\n<meta name=\"twitter:card\" content=\"summary_large_image\" \/>\n<script type=\"application\/ld+json\" class=\"yoast-schema-graph\">{\"@context\":\"https:\/\/schema.org\",\"@graph\":[{\"@type\":\"WebPage\",\"@id\":\"https:\/\/inaxmetal.com\/tr\/urunlerimiz\/celik-konstruksiyon\/yassi-urunler\/sicak-haddelenmis-rulo-ve-levhalar\/\",\"url\":\"https:\/\/inaxmetal.com\/tr\/urunlerimiz\/celik-konstruksiyon\/yassi-urunler\/sicak-haddelenmis-rulo-ve-levhalar\/\",\"name\":\"S\u0131cak Haddelenmi\u015f Rulo ve Levhalar - \u0130nax Metal\",\"isPartOf\":{\"@id\":\"https:\/\/inaxmetal.com\/tr\/#website\"},\"primaryImageOfPage\":{\"@id\":\"https:\/\/inaxmetal.com\/tr\/urunlerimiz\/celik-konstruksiyon\/yassi-urunler\/sicak-haddelenmis-rulo-ve-levhalar\/#primaryimage\"},\"image\":{\"@id\":\"https:\/\/inaxmetal.com\/tr\/urunlerimiz\/celik-konstruksiyon\/yassi-urunler\/sicak-haddelenmis-rulo-ve-levhalar\/#primaryimage\"},\"thumbnailUrl\":\"https:\/\/inaxmetal.com\/wp-content\/uploads\/2024\/05\/hot-rolled-products.webp\",\"datePublished\":\"2024-06-05T07:51:44+00:00\",\"dateModified\":\"2024-07-02T08:20:46+00:00\",\"breadcrumb\":{\"@id\":\"https:\/\/inaxmetal.com\/tr\/urunlerimiz\/celik-konstruksiyon\/yassi-urunler\/sicak-haddelenmis-rulo-ve-levhalar\/#breadcrumb\"},\"inLanguage\":\"tr\",\"potentialAction\":[{\"@type\":\"ReadAction\",\"target\":[\"https:\/\/inaxmetal.com\/tr\/urunlerimiz\/celik-konstruksiyon\/yassi-urunler\/sicak-haddelenmis-rulo-ve-levhalar\/\"]}]},{\"@type\":\"ImageObject\",\"inLanguage\":\"tr\",\"@id\":\"https:\/\/inaxmetal.com\/tr\/urunlerimiz\/celik-konstruksiyon\/yassi-urunler\/sicak-haddelenmis-rulo-ve-levhalar\/#primaryimage\",\"url\":\"https:\/\/inaxmetal.com\/wp-content\/uploads\/2024\/05\/hot-rolled-products.webp\",\"contentUrl\":\"https:\/\/inaxmetal.com\/wp-content\/uploads\/2024\/05\/hot-rolled-products.webp\",\"width\":600,\"height\":600},{\"@type\":\"BreadcrumbList\",\"@id\":\"https:\/\/inaxmetal.com\/tr\/urunlerimiz\/celik-konstruksiyon\/yassi-urunler\/sicak-haddelenmis-rulo-ve-levhalar\/#breadcrumb\",\"itemListElement\":[{\"@type\":\"ListItem\",\"position\":1,\"name\":\"Home\",\"item\":\"https:\/\/inaxmetal.com\/tr\/\"},{\"@type\":\"ListItem\",\"position\":2,\"name\":\"\u00dcr\u00fcnlerimiz\",\"item\":\"https:\/\/inaxmetal.com\/tr\/urunlerimiz\/\"},{\"@type\":\"ListItem\",\"position\":3,\"name\":\"\u00c7elik Konstr\u00fcksiyon\",\"item\":\"https:\/\/inaxmetal.com\/tr\/urunlerimiz\/celik-konstruksiyon\/\"},{\"@type\":\"ListItem\",\"position\":4,\"name\":\"Yass\u0131 \u00dcr\u00fcnler\",\"item\":\"https:\/\/inaxmetal.com\/tr\/products\/steel-construction\/flat-products\/\"},{\"@type\":\"ListItem\",\"position\":5,\"name\":\"S\u0131cak Haddelenmi\u015f Rulo ve Levhalar\"}]},{\"@type\":\"WebSite\",\"@id\":\"https:\/\/inaxmetal.com\/tr\/#website\",\"url\":\"https:\/\/inaxmetal.com\/tr\/\",\"name\":\"\u0130nax Metal\",\"description\":\"\",\"potentialAction\":[{\"@type\":\"SearchAction\",\"target\":{\"@type\":\"EntryPoint\",\"urlTemplate\":\"https:\/\/inaxmetal.com\/tr\/?s={search_term_string}\"},\"query-input\":{\"@type\":\"PropertyValueSpecification\",\"valueRequired\":true,\"valueName\":\"search_term_string\"}}],\"inLanguage\":\"tr\"}]}<\/script>\n<!-- \/ Yoast SEO plugin. -->","yoast_head_json":{"title":"S\u0131cak Haddelenmi\u015f Rulo ve Levhalar - \u0130nax Metal","robots":{"index":"index","follow":"follow","max-snippet":"max-snippet:-1","max-image-preview":"max-image-preview:large","max-video-preview":"max-video-preview:-1"},"canonical":"https:\/\/inaxmetal.com\/tr\/urunlerimiz\/celik-konstruksiyon\/yassi-urunler\/sicak-haddelenmis-rulo-ve-levhalar\/","og_locale":"tr_TR","og_type":"article","og_title":"S\u0131cak Haddelenmi\u015f Rulo ve Levhalar - \u0130nax Metal","og_description":"S\u0131cak Haddelenmi\u015f Rulo ve Levha Kal\u0131nl\u0131k 1,00 mm&#8217;den 25,4 mm&#8217;ye Geni\u015flik 30 mm&#8217;den 4500 mm&#8217;ye Bobin \u0130\u00e7 \u00c7ap\u0131 762mm Bobin A\u011f\u0131rl\u0131\u011f\u0131 10 &#8211; 25mton Formlar Rulo, \u015eerit, Levha (boyuna kesilmi\u015f), Oluklu, Trapez Standart ve S\u0131n\u0131f JIS G3131 SPHC EN 10111 DD11 ASTM A569\/A635\/A659 A1011 CS Type A, B, C SAE 1006 &#8211; 1025","og_url":"https:\/\/inaxmetal.com\/tr\/urunlerimiz\/celik-konstruksiyon\/yassi-urunler\/sicak-haddelenmis-rulo-ve-levhalar\/","og_site_name":"\u0130nax Metal","article_modified_time":"2024-07-02T08:20:46+00:00","og_image":[{"width":600,"height":600,"url":"https:\/\/inaxmetal.com\/wp-content\/uploads\/2024\/05\/hot-rolled-products.webp","type":"image\/webp"}],"twitter_card":"summary_large_image","schema":{"@context":"https:\/\/schema.org","@graph":[{"@type":"WebPage","@id":"https:\/\/inaxmetal.com\/tr\/urunlerimiz\/celik-konstruksiyon\/yassi-urunler\/sicak-haddelenmis-rulo-ve-levhalar\/","url":"https:\/\/inaxmetal.com\/tr\/urunlerimiz\/celik-konstruksiyon\/yassi-urunler\/sicak-haddelenmis-rulo-ve-levhalar\/","name":"S\u0131cak Haddelenmi\u015f Rulo ve Levhalar - \u0130nax Metal","isPartOf":{"@id":"https:\/\/inaxmetal.com\/tr\/#website"},"primaryImageOfPage":{"@id":"https:\/\/inaxmetal.com\/tr\/urunlerimiz\/celik-konstruksiyon\/yassi-urunler\/sicak-haddelenmis-rulo-ve-levhalar\/#primaryimage"},"image":{"@id":"https:\/\/inaxmetal.com\/tr\/urunlerimiz\/celik-konstruksiyon\/yassi-urunler\/sicak-haddelenmis-rulo-ve-levhalar\/#primaryimage"},"thumbnailUrl":"https:\/\/inaxmetal.com\/wp-content\/uploads\/2024\/05\/hot-rolled-products.webp","datePublished":"2024-06-05T07:51:44+00:00","dateModified":"2024-07-02T08:20:46+00:00","breadcrumb":{"@id":"https:\/\/inaxmetal.com\/tr\/urunlerimiz\/celik-konstruksiyon\/yassi-urunler\/sicak-haddelenmis-rulo-ve-levhalar\/#breadcrumb"},"inLanguage":"tr","potentialAction":[{"@type":"ReadAction","target":["https:\/\/inaxmetal.com\/tr\/urunlerimiz\/celik-konstruksiyon\/yassi-urunler\/sicak-haddelenmis-rulo-ve-levhalar\/"]}]},{"@type":"ImageObject","inLanguage":"tr","@id":"https:\/\/inaxmetal.com\/tr\/urunlerimiz\/celik-konstruksiyon\/yassi-urunler\/sicak-haddelenmis-rulo-ve-levhalar\/#primaryimage","url":"https:\/\/inaxmetal.com\/wp-content\/uploads\/2024\/05\/hot-rolled-products.webp","contentUrl":"https:\/\/inaxmetal.com\/wp-content\/uploads\/2024\/05\/hot-rolled-products.webp","width":600,"height":600},{"@type":"BreadcrumbList","@id":"https:\/\/inaxmetal.com\/tr\/urunlerimiz\/celik-konstruksiyon\/yassi-urunler\/sicak-haddelenmis-rulo-ve-levhalar\/#breadcrumb","itemListElement":[{"@type":"ListItem","position":1,"name":"Home","item":"https:\/\/inaxmetal.com\/tr\/"},{"@type":"ListItem","position":2,"name":"\u00dcr\u00fcnlerimiz","item":"https:\/\/inaxmetal.com\/tr\/urunlerimiz\/"},{"@type":"ListItem","position":3,"name":"\u00c7elik Konstr\u00fcksiyon","item":"https:\/\/inaxmetal.com\/tr\/urunlerimiz\/celik-konstruksiyon\/"},{"@type":"ListItem","position":4,"name":"Yass\u0131 \u00dcr\u00fcnler","item":"https:\/\/inaxmetal.com\/tr\/products\/steel-construction\/flat-products\/"},{"@type":"ListItem","position":5,"name":"S\u0131cak Haddelenmi\u015f Rulo ve Levhalar"}]},{"@type":"WebSite","@id":"https:\/\/inaxmetal.com\/tr\/#website","url":"https:\/\/inaxmetal.com\/tr\/","name":"\u0130nax Metal","description":"","potentialAction":[{"@type":"SearchAction","target":{"@type":"EntryPoint","urlTemplate":"https:\/\/inaxmetal.com\/tr\/?s={search_term_string}"},"query-input":{"@type":"PropertyValueSpecification","valueRequired":true,"valueName":"search_term_string"}}],"inLanguage":"tr"}]}},"_links":{"self":[{"href":"https:\/\/inaxmetal.com\/tr\/wp-json\/wp\/v2\/pages\/2245","targetHints":{"allow":["GET"]}}],"collection":[{"href":"https:\/\/inaxmetal.com\/tr\/wp-json\/wp\/v2\/pages"}],"about":[{"href":"https:\/\/inaxmetal.com\/tr\/wp-json\/wp\/v2\/types\/page"}],"author":[{"embeddable":true,"href":"https:\/\/inaxmetal.com\/tr\/wp-json\/wp\/v2\/users\/3"}],"replies":[{"embeddable":true,"href":"https:\/\/inaxmetal.com\/tr\/wp-json\/wp\/v2\/comments?post=2245"}],"version-history":[{"count":1,"href":"https:\/\/inaxmetal.com\/tr\/wp-json\/wp\/v2\/pages\/2245\/revisions"}],"predecessor-version":[{"id":2246,"href":"https:\/\/inaxmetal.com\/tr\/wp-json\/wp\/v2\/pages\/2245\/revisions\/2246"}],"up":[{"embeddable":true,"href":"https:\/\/inaxmetal.com\/tr\/wp-json\/wp\/v2\/pages\/2237"}],"wp:featuredmedia":[{"embeddable":true,"href":"https:\/\/inaxmetal.com\/tr\/wp-json\/wp\/v2\/media\/2134"}],"wp:attachment":[{"href":"https:\/\/inaxmetal.com\/tr\/wp-json\/wp\/v2\/media?parent=2245"}],"curies":[{"name":"wp","href":"https:\/\/api.w.org\/{rel}","templated":true}]}}