{"id":2263,"date":"2024-06-04T15:06:07","date_gmt":"2024-06-04T12:06:07","guid":{"rendered":"https:\/\/inaxmetal.com\/urunlerimiz\/celik-konstruksiyon\/uzun-urunler\/insaat-demirleri\/"},"modified":"2024-07-02T11:55:06","modified_gmt":"2024-07-02T08:55:06","slug":"insaat-demirleri","status":"publish","type":"page","link":"https:\/\/inaxmetal.com\/tr\/urunlerimiz\/celik-konstruksiyon\/uzun-urunler\/insaat-demirleri\/","title":{"rendered":"\u0130n\u015faat demirleri"},"content":{"rendered":"\t\t<div data-elementor-type=\"wp-page\" data-elementor-id=\"2263\" class=\"elementor elementor-2263 elementor-1555\" data-elementor-post-type=\"page\">\n\t\t\t\t<div class=\"elementor-element elementor-element-7753df0 e-flex e-con-boxed e-con e-parent\" data-id=\"7753df0\" data-element_type=\"container\">\n\t\t\t\t\t<div class=\"e-con-inner\">\n\t\t<div class=\"elementor-element elementor-element-ce850e9 e-con-full e-flex e-con e-child\" data-id=\"ce850e9\" data-element_type=\"container\">\n\t\t\t\t<div class=\"elementor-element elementor-element-833c738 elementor-widget elementor-widget-image\" data-id=\"833c738\" data-element_type=\"widget\" data-widget_type=\"image.default\">\n\t\t\t\t<div class=\"elementor-widget-container\">\n\t\t\t\t\t\t\t\t\t\t\t\t\t\t\t<img fetchpriority=\"high\" decoding=\"async\" width=\"600\" height=\"600\" src=\"https:\/\/inaxmetal.com\/wp-content\/uploads\/2024\/05\/rebars.webp\" class=\"attachment-large size-large wp-image-2146\" alt=\"\" srcset=\"https:\/\/inaxmetal.com\/wp-content\/uploads\/2024\/05\/rebars.webp 600w, https:\/\/inaxmetal.com\/wp-content\/uploads\/2024\/05\/rebars-300x300.webp 300w, https:\/\/inaxmetal.com\/wp-content\/uploads\/2024\/05\/rebars-150x150.webp 150w\" sizes=\"(max-width: 600px) 100vw, 600px\" \/>\t\t\t\t\t\t\t\t\t\t\t\t\t\t\t<\/div>\n\t\t\t\t<\/div>\n\t\t\t\t<\/div>\n\t\t<div class=\"elementor-element elementor-element-31b5a11 e-con-full e-flex e-con e-child\" data-id=\"31b5a11\" data-element_type=\"container\">\n\t\t\t\t<div class=\"elementor-element elementor-element-f1203e9 elementor-widget elementor-widget-heading\" data-id=\"f1203e9\" data-element_type=\"widget\" data-widget_type=\"heading.default\">\n\t\t\t\t<div class=\"elementor-widget-container\">\n\t\t\t\t\t<h2 class=\"elementor-heading-title elementor-size-default\">Kullan\u0131m Alanlar\u0131<\/h2>\t\t\t\t<\/div>\n\t\t\t\t<\/div>\n\t\t\t\t<div class=\"elementor-element elementor-element-571760b elementor-widget elementor-widget-text-editor\" data-id=\"571760b\" data-element_type=\"widget\" data-widget_type=\"text-editor.default\">\n\t\t\t\t<div class=\"elementor-widget-container\">\n\t\t\t\t\t\t\t\t\t<ul>\n<li>Bina \u0130n\u015faatlar\u0131<\/li>\n<li>Altyap\u0131 Projeleri<\/li>\n<li>End\u00fcstriyel Binalar<\/li>\n<li>Yol ve Kald\u0131r\u0131m<\/li>\n<li>Yap\u0131lar<\/li>\n<li>Konut yap\u0131m\u0131<\/li>\n<\/ul>\n\t\t\t\t\t\t\t\t<\/div>\n\t\t\t\t<\/div>\n\t\t\t\t<\/div>\n\t\t\t\t\t<\/div>\n\t\t\t\t<\/div>\n\t\t<div class=\"elementor-element elementor-element-7063bfc e-flex e-con-boxed e-con e-parent\" data-id=\"7063bfc\" data-element_type=\"container\">\n\t\t\t\t\t<div class=\"e-con-inner\">\n\t\t<div class=\"elementor-element elementor-element-032528f e-con-full e-flex e-con e-child\" data-id=\"032528f\" data-element_type=\"container\">\n\t\t\t\t<div class=\"elementor-element elementor-element-a138cc1 elementor-widget elementor-widget-heading\" data-id=\"a138cc1\" data-element_type=\"widget\" data-widget_type=\"heading.default\">\n\t\t\t\t<div class=\"elementor-widget-container\">\n\t\t\t\t\t<h3 class=\"elementor-heading-title elementor-size-default\">\u0130n\u015faat Demiri Boyutu<\/h3>\t\t\t\t<\/div>\n\t\t\t\t<\/div>\n\t\t\t\t<div class=\"elementor-element elementor-element-fa0302c elementor-widget elementor-widget-text-editor\" data-id=\"fa0302c\" data-element_type=\"widget\" data-widget_type=\"text-editor.default\">\n\t\t\t\t<div class=\"elementor-widget-container\">\n\t\t\t\t\t\t\t\t\t<table dir=\"ltr\" border=\"1\" cellspacing=\"0\" cellpadding=\"0\" data-sheets-root=\"1\"><colgroup> <col width=\"86\"> <col width=\"52\"> <col width=\"265\"><\/colgroup>\n<tbody>\n<tr>\n<th data-sheets-value=\"{\"1\":2,\"2\":\"Dimension (mm)\"}\">Boyut (mm)<\/th>\n<th data-sheets-value=\"{\"1\":2,\"2\":\"Unit Weight (kg\/m)\"}\">Birim A\u011f\u0131rl\u0131\u011f\u0131 (kg\/m)<\/th>\n<th data-sheets-value=\"{\"1\":2,\"2\":\"Length &amp; Packing\"}\">Uzunluk ve Paketleme<\/th>\n<\/tr>\n<tr>\n<td data-sheets-value=\"{\"1\":2,\"2\":\" 8\"}\" data-sheets-numberformat=\"{\"1\":1}\">  8<\/td>\n<td data-sheets-value=\"{\"1\":3,\"3\":0.395}\">0,395<\/td>\n<td colspan=\"1\" rowspan=\"16\" data-sheets-value=\"{\"1\":2,\"2\":\" 6 or 12 meters \/ cut to length \/ In bundles or Coils \"}\">\n<div>6 veya 12 metre \/ boydan kesilmi\u015f \/ Paketler halinde veya Bobinler halinde<\/div><\/td>\n<\/tr>\n<tr>\n<td data-sheets-value=\"{\"1\":3,\"3\":10}\">10<\/td>\n<td data-sheets-value=\"{\"1\":3,\"3\":0.617}\">0,617<\/td>\n<\/tr>\n<tr>\n<td data-sheets-value=\"{\"1\":3,\"3\":12}\">12<\/td>\n<td data-sheets-value=\"{\"1\":3,\"3\":0.888}\">0,888<\/td>\n<\/tr>\n<tr>\n<td data-sheets-value=\"{\"1\":3,\"3\":14}\">14<\/td>\n<td data-sheets-value=\"{\"1\":3,\"3\":1.208}\">1,208<\/td>\n<\/tr>\n<tr>\n<td data-sheets-value=\"{\"1\":3,\"3\":16}\">16<\/td>\n<td data-sheets-value=\"{\"1\":3,\"3\":1.578}\">1,578<\/td>\n<\/tr>\n<tr>\n<td data-sheets-value=\"{\"1\":3,\"3\":18}\">18<\/td>\n<td data-sheets-value=\"{\"1\":3,\"3\":1.998}\">1,998<\/td>\n<\/tr>\n<tr>\n<td data-sheets-value=\"{\"1\":3,\"3\":20}\">20<\/td>\n<td data-sheets-value=\"{\"1\":2,\"2\":\" 2,466\"}\">  2,466<\/td>\n<\/tr>\n<tr>\n<td data-sheets-value=\"{\"1\":3,\"3\":22}\">22<\/td>\n<td data-sheets-value=\"{\"1\":3,\"3\":2.984}\">2,984<\/td>\n<\/tr>\n<tr>\n<td data-sheets-value=\"{\"1\":3,\"3\":24}\">24<\/td>\n<td data-sheets-value=\"{\"1\":3,\"3\":3.551}\">3,551<\/td>\n<\/tr>\n<tr>\n<td data-sheets-value=\"{\"1\":3,\"3\":25}\">25<\/td>\n<td data-sheets-value=\"{\"1\":3,\"3\":3.853}\">3,853<\/td>\n<\/tr>\n<tr>\n<td data-sheets-value=\"{\"1\":3,\"3\":26}\">26<\/td>\n<td data-sheets-value=\"{\"1\":3,\"3\":4.168}\">4,168<\/td>\n<\/tr>\n<tr>\n<td data-sheets-value=\"{\"1\":3,\"3\":28}\">28<\/td>\n<td data-sheets-value=\"{\"1\":3,\"3\":4.834}\">4,834<\/td>\n<\/tr>\n<tr>\n<td data-sheets-value=\"{\"1\":3,\"3\":30}\">30<\/td>\n<td data-sheets-value=\"{\"1\":3,\"3\":5.549}\">5,549<\/td>\n<\/tr>\n<tr>\n<td data-sheets-value=\"{\"1\":3,\"3\":32}\">32<\/td>\n<td data-sheets-value=\"{\"1\":3,\"3\":6.313}\">6,313<\/td>\n<\/tr>\n<tr>\n<td data-sheets-value=\"{\"1\":3,\"3\":26}\">26<\/td>\n<td data-sheets-value=\"{\"1\":3,\"3\":7.99}\">7,99<\/td>\n<\/tr>\n<tr>\n<td data-sheets-value=\"{\"1\":3,\"3\":40}\">40<\/td>\n<td data-sheets-value=\"{\"1\":3,\"3\":9.865}\">9,865<\/td>\n<\/tr>\n<\/tbody>\n<\/table>\t\t\t\t\t\t\t\t<\/div>\n\t\t\t\t<\/div>\n\t\t\t\t<\/div>\n\t\t\t\t\t<\/div>\n\t\t\t\t<\/div>\n\t\t\t\t<\/div>\n\t\t","protected":false},"excerpt":{"rendered":"<p>Kullan\u0131m Alanlar\u0131 Bina \u0130n\u015faatlar\u0131 Altyap\u0131 Projeleri End\u00fcstriyel Binalar Yol ve Kald\u0131r\u0131m Yap\u0131lar Konut yap\u0131m\u0131 \u0130n\u015faat Demiri Boyutu Boyut (mm) Birim A\u011f\u0131rl\u0131\u011f\u0131 (kg\/m) Uzunluk ve Paketleme 8 0,395 6 veya 12 metre \/ boydan kesilmi\u015f \/ Paketler halinde veya Bobinler halinde 10 0,617 12 0,888 14 1,208 16 1,578 18 1,998 20 2,466 22 2,984 24 [&hellip;]<\/p>\n","protected":false},"author":3,"featured_media":2146,"parent":2251,"menu_order":0,"comment_status":"closed","ping_status":"closed","template":"","meta":{"footnotes":""},"class_list":["post-2263","page","type-page","status-publish","has-post-thumbnail","hentry"],"yoast_head":"<!-- This site is optimized with the Yoast SEO plugin v26.7 - https:\/\/yoast.com\/wordpress\/plugins\/seo\/ -->\n<title>\u0130n\u015faat demirleri - \u0130nax Metal<\/title>\n<meta name=\"robots\" content=\"index, follow, max-snippet:-1, max-image-preview:large, max-video-preview:-1\" \/>\n<link rel=\"canonical\" href=\"https:\/\/inaxmetal.com\/tr\/urunlerimiz\/celik-konstruksiyon\/uzun-urunler\/insaat-demirleri\/\" \/>\n<meta property=\"og:locale\" content=\"tr_TR\" \/>\n<meta property=\"og:type\" content=\"article\" \/>\n<meta property=\"og:title\" content=\"\u0130n\u015faat demirleri - \u0130nax Metal\" \/>\n<meta property=\"og:description\" content=\"Kullan\u0131m Alanlar\u0131 Bina \u0130n\u015faatlar\u0131 Altyap\u0131 Projeleri End\u00fcstriyel Binalar Yol ve Kald\u0131r\u0131m Yap\u0131lar Konut yap\u0131m\u0131 \u0130n\u015faat Demiri Boyutu Boyut (mm) Birim A\u011f\u0131rl\u0131\u011f\u0131 (kg\/m) Uzunluk ve Paketleme 8 0,395 6 veya 12 metre \/ boydan kesilmi\u015f \/ Paketler halinde veya Bobinler halinde 10 0,617 12 0,888 14 1,208 16 1,578 18 1,998 20 2,466 22 2,984 24 [&hellip;]\" \/>\n<meta property=\"og:url\" content=\"https:\/\/inaxmetal.com\/tr\/urunlerimiz\/celik-konstruksiyon\/uzun-urunler\/insaat-demirleri\/\" \/>\n<meta property=\"og:site_name\" content=\"\u0130nax Metal\" \/>\n<meta property=\"article:modified_time\" content=\"2024-07-02T08:55:06+00:00\" \/>\n<meta property=\"og:image\" content=\"https:\/\/inaxmetal.com\/wp-content\/uploads\/2024\/05\/rebars.webp\" \/>\n\t<meta property=\"og:image:width\" content=\"600\" \/>\n\t<meta property=\"og:image:height\" content=\"600\" \/>\n\t<meta property=\"og:image:type\" content=\"image\/webp\" \/>\n<meta name=\"twitter:card\" content=\"summary_large_image\" \/>\n<script type=\"application\/ld+json\" class=\"yoast-schema-graph\">{\"@context\":\"https:\/\/schema.org\",\"@graph\":[{\"@type\":\"WebPage\",\"@id\":\"https:\/\/inaxmetal.com\/tr\/urunlerimiz\/celik-konstruksiyon\/uzun-urunler\/insaat-demirleri\/\",\"url\":\"https:\/\/inaxmetal.com\/tr\/urunlerimiz\/celik-konstruksiyon\/uzun-urunler\/insaat-demirleri\/\",\"name\":\"\u0130n\u015faat demirleri - \u0130nax Metal\",\"isPartOf\":{\"@id\":\"https:\/\/inaxmetal.com\/tr\/#website\"},\"primaryImageOfPage\":{\"@id\":\"https:\/\/inaxmetal.com\/tr\/urunlerimiz\/celik-konstruksiyon\/uzun-urunler\/insaat-demirleri\/#primaryimage\"},\"image\":{\"@id\":\"https:\/\/inaxmetal.com\/tr\/urunlerimiz\/celik-konstruksiyon\/uzun-urunler\/insaat-demirleri\/#primaryimage\"},\"thumbnailUrl\":\"https:\/\/inaxmetal.com\/wp-content\/uploads\/2024\/05\/rebars.webp\",\"datePublished\":\"2024-06-04T12:06:07+00:00\",\"dateModified\":\"2024-07-02T08:55:06+00:00\",\"breadcrumb\":{\"@id\":\"https:\/\/inaxmetal.com\/tr\/urunlerimiz\/celik-konstruksiyon\/uzun-urunler\/insaat-demirleri\/#breadcrumb\"},\"inLanguage\":\"tr\",\"potentialAction\":[{\"@type\":\"ReadAction\",\"target\":[\"https:\/\/inaxmetal.com\/tr\/urunlerimiz\/celik-konstruksiyon\/uzun-urunler\/insaat-demirleri\/\"]}]},{\"@type\":\"ImageObject\",\"inLanguage\":\"tr\",\"@id\":\"https:\/\/inaxmetal.com\/tr\/urunlerimiz\/celik-konstruksiyon\/uzun-urunler\/insaat-demirleri\/#primaryimage\",\"url\":\"https:\/\/inaxmetal.com\/wp-content\/uploads\/2024\/05\/rebars.webp\",\"contentUrl\":\"https:\/\/inaxmetal.com\/wp-content\/uploads\/2024\/05\/rebars.webp\",\"width\":600,\"height\":600},{\"@type\":\"BreadcrumbList\",\"@id\":\"https:\/\/inaxmetal.com\/tr\/urunlerimiz\/celik-konstruksiyon\/uzun-urunler\/insaat-demirleri\/#breadcrumb\",\"itemListElement\":[{\"@type\":\"ListItem\",\"position\":1,\"name\":\"Home\",\"item\":\"https:\/\/inaxmetal.com\/tr\/\"},{\"@type\":\"ListItem\",\"position\":2,\"name\":\"\u00dcr\u00fcnlerimiz\",\"item\":\"https:\/\/inaxmetal.com\/tr\/urunlerimiz\/\"},{\"@type\":\"ListItem\",\"position\":3,\"name\":\"\u00c7elik Konstr\u00fcksiyon\",\"item\":\"https:\/\/inaxmetal.com\/tr\/urunlerimiz\/celik-konstruksiyon\/\"},{\"@type\":\"ListItem\",\"position\":4,\"name\":\"Uzun \u00dcr\u00fcnler\",\"item\":\"https:\/\/inaxmetal.com\/tr\/products\/steel-construction\/long-products\/\"},{\"@type\":\"ListItem\",\"position\":5,\"name\":\"\u0130n\u015faat demirleri\"}]},{\"@type\":\"WebSite\",\"@id\":\"https:\/\/inaxmetal.com\/tr\/#website\",\"url\":\"https:\/\/inaxmetal.com\/tr\/\",\"name\":\"\u0130nax Metal\",\"description\":\"\",\"potentialAction\":[{\"@type\":\"SearchAction\",\"target\":{\"@type\":\"EntryPoint\",\"urlTemplate\":\"https:\/\/inaxmetal.com\/tr\/?s={search_term_string}\"},\"query-input\":{\"@type\":\"PropertyValueSpecification\",\"valueRequired\":true,\"valueName\":\"search_term_string\"}}],\"inLanguage\":\"tr\"}]}<\/script>\n<!-- \/ Yoast SEO plugin. -->","yoast_head_json":{"title":"\u0130n\u015faat demirleri - \u0130nax Metal","robots":{"index":"index","follow":"follow","max-snippet":"max-snippet:-1","max-image-preview":"max-image-preview:large","max-video-preview":"max-video-preview:-1"},"canonical":"https:\/\/inaxmetal.com\/tr\/urunlerimiz\/celik-konstruksiyon\/uzun-urunler\/insaat-demirleri\/","og_locale":"tr_TR","og_type":"article","og_title":"\u0130n\u015faat demirleri - \u0130nax Metal","og_description":"Kullan\u0131m Alanlar\u0131 Bina \u0130n\u015faatlar\u0131 Altyap\u0131 Projeleri End\u00fcstriyel Binalar Yol ve Kald\u0131r\u0131m Yap\u0131lar Konut yap\u0131m\u0131 \u0130n\u015faat Demiri Boyutu Boyut (mm) Birim A\u011f\u0131rl\u0131\u011f\u0131 (kg\/m) Uzunluk ve Paketleme 8 0,395 6 veya 12 metre \/ boydan kesilmi\u015f \/ Paketler halinde veya Bobinler halinde 10 0,617 12 0,888 14 1,208 16 1,578 18 1,998 20 2,466 22 2,984 24 [&hellip;]","og_url":"https:\/\/inaxmetal.com\/tr\/urunlerimiz\/celik-konstruksiyon\/uzun-urunler\/insaat-demirleri\/","og_site_name":"\u0130nax Metal","article_modified_time":"2024-07-02T08:55:06+00:00","og_image":[{"width":600,"height":600,"url":"https:\/\/inaxmetal.com\/wp-content\/uploads\/2024\/05\/rebars.webp","type":"image\/webp"}],"twitter_card":"summary_large_image","schema":{"@context":"https:\/\/schema.org","@graph":[{"@type":"WebPage","@id":"https:\/\/inaxmetal.com\/tr\/urunlerimiz\/celik-konstruksiyon\/uzun-urunler\/insaat-demirleri\/","url":"https:\/\/inaxmetal.com\/tr\/urunlerimiz\/celik-konstruksiyon\/uzun-urunler\/insaat-demirleri\/","name":"\u0130n\u015faat demirleri - \u0130nax Metal","isPartOf":{"@id":"https:\/\/inaxmetal.com\/tr\/#website"},"primaryImageOfPage":{"@id":"https:\/\/inaxmetal.com\/tr\/urunlerimiz\/celik-konstruksiyon\/uzun-urunler\/insaat-demirleri\/#primaryimage"},"image":{"@id":"https:\/\/inaxmetal.com\/tr\/urunlerimiz\/celik-konstruksiyon\/uzun-urunler\/insaat-demirleri\/#primaryimage"},"thumbnailUrl":"https:\/\/inaxmetal.com\/wp-content\/uploads\/2024\/05\/rebars.webp","datePublished":"2024-06-04T12:06:07+00:00","dateModified":"2024-07-02T08:55:06+00:00","breadcrumb":{"@id":"https:\/\/inaxmetal.com\/tr\/urunlerimiz\/celik-konstruksiyon\/uzun-urunler\/insaat-demirleri\/#breadcrumb"},"inLanguage":"tr","potentialAction":[{"@type":"ReadAction","target":["https:\/\/inaxmetal.com\/tr\/urunlerimiz\/celik-konstruksiyon\/uzun-urunler\/insaat-demirleri\/"]}]},{"@type":"ImageObject","inLanguage":"tr","@id":"https:\/\/inaxmetal.com\/tr\/urunlerimiz\/celik-konstruksiyon\/uzun-urunler\/insaat-demirleri\/#primaryimage","url":"https:\/\/inaxmetal.com\/wp-content\/uploads\/2024\/05\/rebars.webp","contentUrl":"https:\/\/inaxmetal.com\/wp-content\/uploads\/2024\/05\/rebars.webp","width":600,"height":600},{"@type":"BreadcrumbList","@id":"https:\/\/inaxmetal.com\/tr\/urunlerimiz\/celik-konstruksiyon\/uzun-urunler\/insaat-demirleri\/#breadcrumb","itemListElement":[{"@type":"ListItem","position":1,"name":"Home","item":"https:\/\/inaxmetal.com\/tr\/"},{"@type":"ListItem","position":2,"name":"\u00dcr\u00fcnlerimiz","item":"https:\/\/inaxmetal.com\/tr\/urunlerimiz\/"},{"@type":"ListItem","position":3,"name":"\u00c7elik Konstr\u00fcksiyon","item":"https:\/\/inaxmetal.com\/tr\/urunlerimiz\/celik-konstruksiyon\/"},{"@type":"ListItem","position":4,"name":"Uzun \u00dcr\u00fcnler","item":"https:\/\/inaxmetal.com\/tr\/products\/steel-construction\/long-products\/"},{"@type":"ListItem","position":5,"name":"\u0130n\u015faat demirleri"}]},{"@type":"WebSite","@id":"https:\/\/inaxmetal.com\/tr\/#website","url":"https:\/\/inaxmetal.com\/tr\/","name":"\u0130nax Metal","description":"","potentialAction":[{"@type":"SearchAction","target":{"@type":"EntryPoint","urlTemplate":"https:\/\/inaxmetal.com\/tr\/?s={search_term_string}"},"query-input":{"@type":"PropertyValueSpecification","valueRequired":true,"valueName":"search_term_string"}}],"inLanguage":"tr"}]}},"_links":{"self":[{"href":"https:\/\/inaxmetal.com\/tr\/wp-json\/wp\/v2\/pages\/2263","targetHints":{"allow":["GET"]}}],"collection":[{"href":"https:\/\/inaxmetal.com\/tr\/wp-json\/wp\/v2\/pages"}],"about":[{"href":"https:\/\/inaxmetal.com\/tr\/wp-json\/wp\/v2\/types\/page"}],"author":[{"embeddable":true,"href":"https:\/\/inaxmetal.com\/tr\/wp-json\/wp\/v2\/users\/3"}],"replies":[{"embeddable":true,"href":"https:\/\/inaxmetal.com\/tr\/wp-json\/wp\/v2\/comments?post=2263"}],"version-history":[{"count":1,"href":"https:\/\/inaxmetal.com\/tr\/wp-json\/wp\/v2\/pages\/2263\/revisions"}],"predecessor-version":[{"id":2264,"href":"https:\/\/inaxmetal.com\/tr\/wp-json\/wp\/v2\/pages\/2263\/revisions\/2264"}],"up":[{"embeddable":true,"href":"https:\/\/inaxmetal.com\/tr\/wp-json\/wp\/v2\/pages\/2251"}],"wp:featuredmedia":[{"embeddable":true,"href":"https:\/\/inaxmetal.com\/tr\/wp-json\/wp\/v2\/media\/2146"}],"wp:attachment":[{"href":"https:\/\/inaxmetal.com\/tr\/wp-json\/wp\/v2\/media?parent=2263"}],"curies":[{"name":"wp","href":"https:\/\/api.w.org\/{rel}","templated":true}]}}