{"id":2269,"date":"2024-06-04T18:32:17","date_gmt":"2024-06-04T15:32:17","guid":{"rendered":"https:\/\/inaxmetal.com\/urunlerimiz\/celik-konstruksiyon\/uzun-urunler\/kare-cubuklar\/"},"modified":"2024-07-02T12:01:57","modified_gmt":"2024-07-02T09:01:57","slug":"kare-cubuklar","status":"publish","type":"page","link":"https:\/\/inaxmetal.com\/tr\/urunlerimiz\/celik-konstruksiyon\/uzun-urunler\/kare-cubuklar\/","title":{"rendered":"Kare \u00c7ubuklar"},"content":{"rendered":"\t\t<div data-elementor-type=\"wp-page\" data-elementor-id=\"2269\" class=\"elementor elementor-2269 elementor-1598\" data-elementor-post-type=\"page\">\n\t\t\t\t<div class=\"elementor-element elementor-element-7753df0 e-flex e-con-boxed e-con e-parent\" data-id=\"7753df0\" data-element_type=\"container\">\n\t\t\t\t\t<div class=\"e-con-inner\">\n\t\t<div class=\"elementor-element elementor-element-ce850e9 e-con-full e-flex e-con e-child\" data-id=\"ce850e9\" data-element_type=\"container\">\n\t\t\t\t<div class=\"elementor-element elementor-element-833c738 elementor-widget elementor-widget-image\" data-id=\"833c738\" data-element_type=\"widget\" data-widget_type=\"image.default\">\n\t\t\t\t<div class=\"elementor-widget-container\">\n\t\t\t\t\t\t\t\t\t\t\t\t\t\t\t<img fetchpriority=\"high\" decoding=\"async\" width=\"600\" height=\"600\" src=\"https:\/\/inaxmetal.com\/wp-content\/uploads\/2024\/05\/square-bars.webp\" class=\"attachment-large size-large wp-image-2154\" alt=\"\" srcset=\"https:\/\/inaxmetal.com\/wp-content\/uploads\/2024\/05\/square-bars.webp 600w, https:\/\/inaxmetal.com\/wp-content\/uploads\/2024\/05\/square-bars-300x300.webp 300w, https:\/\/inaxmetal.com\/wp-content\/uploads\/2024\/05\/square-bars-150x150.webp 150w\" sizes=\"(max-width: 600px) 100vw, 600px\" \/>\t\t\t\t\t\t\t\t\t\t\t\t\t\t\t<\/div>\n\t\t\t\t<\/div>\n\t\t\t\t<\/div>\n\t\t<div class=\"elementor-element elementor-element-31b5a11 e-con-full e-flex e-con e-child\" data-id=\"31b5a11\" data-element_type=\"container\">\n\t\t\t\t<div class=\"elementor-element elementor-element-f1203e9 elementor-widget elementor-widget-heading\" data-id=\"f1203e9\" data-element_type=\"widget\" data-widget_type=\"heading.default\">\n\t\t\t\t<div class=\"elementor-widget-container\">\n\t\t\t\t\t<h2 class=\"elementor-heading-title elementor-size-default\">Kullan\u0131m Alanlar\u0131<\/h2>\t\t\t\t<\/div>\n\t\t\t\t<\/div>\n\t\t\t\t<div class=\"elementor-element elementor-element-571760b elementor-widget elementor-widget-text-editor\" data-id=\"571760b\" data-element_type=\"widget\" data-widget_type=\"text-editor.default\">\n\t\t\t\t<div class=\"elementor-widget-container\">\n\t\t\t\t\t\t\t\t\t<ul>\n<li>Bina \u0130n\u015faatlar\u0131 <\/li>\n<li>Makine ve ekipman <\/li>\n<li>Otomotiv end\u00fcstrisi <\/li>\n<li>Mobilya ve Dekoratif \u00dcr\u00fcnler <\/li>\n<li>Korkuluklar<\/li>\n<\/ul>\n\t\t\t\t\t\t\t\t<\/div>\n\t\t\t\t<\/div>\n\t\t\t\t<\/div>\n\t\t\t\t\t<\/div>\n\t\t\t\t<\/div>\n\t\t<div class=\"elementor-element elementor-element-7063bfc e-flex e-con-boxed e-con e-parent\" data-id=\"7063bfc\" data-element_type=\"container\">\n\t\t\t\t\t<div class=\"e-con-inner\">\n\t\t<div class=\"elementor-element elementor-element-032528f e-con-full e-flex e-con e-child\" data-id=\"032528f\" data-element_type=\"container\">\n\t\t\t\t<div class=\"elementor-element elementor-element-a138cc1 elementor-widget elementor-widget-heading\" data-id=\"a138cc1\" data-element_type=\"widget\" data-widget_type=\"heading.default\">\n\t\t\t\t<div class=\"elementor-widget-container\">\n\t\t\t\t\t<h3 class=\"elementor-heading-title elementor-size-default\">Kare \u00c7ubuk Boyutlar\u0131<\/h3>\t\t\t\t<\/div>\n\t\t\t\t<\/div>\n\t\t\t\t<div class=\"elementor-element elementor-element-4c59d07 elementor-widget elementor-widget-image\" data-id=\"4c59d07\" data-element_type=\"widget\" data-widget_type=\"image.default\">\n\t\t\t\t<div class=\"elementor-widget-container\">\n\t\t\t\t\t\t\t\t\t\t\t\t\t\t\t<img decoding=\"async\" width=\"283\" height=\"279\" src=\"https:\/\/inaxmetal.com\/wp-content\/uploads\/2024\/06\/Square-Bars.png\" class=\"attachment-large size-large wp-image-2190\" alt=\"\" \/>\t\t\t\t\t\t\t\t\t\t\t\t\t\t\t<\/div>\n\t\t\t\t<\/div>\n\t\t\t\t<div class=\"elementor-element elementor-element-fa0302c elementor-widget elementor-widget-text-editor\" data-id=\"fa0302c\" data-element_type=\"widget\" data-widget_type=\"text-editor.default\">\n\t\t\t\t<div class=\"elementor-widget-container\">\n\t\t\t\t\t\t\t\t\t<table dir=\"ltr\" border=\"1\" cellspacing=\"0\" cellpadding=\"0\" data-sheets-root=\"1\"><colgroup> <col width=\"67\"> <col width=\"60\"> <col width=\"60\"> <col width=\"60\"> <col width=\"60\"> <col width=\"60\"> <col width=\"60\"> <col width=\"60\"><\/colgroup>\n<tbody>\n<tr>\n<th colspan=\"8\" rowspan=\"1\" data-sheets-value=\"{\"1\":2,\"2\":\"Dimension A (mm) Weight (kg\/m)\"}\" data-sheets-textstyleruns=\"{\"1\":0}\uee10{\"1\":131,\"2\":{\"2\":{\"1\":3,\"3\":1},\"3\":\"Calibri\",\"4\":11,\"5\":0}}\">Boyut A (mm) A\u011f\u0131rl\u0131k (kg\/m)<\/th>\n<\/tr>\n<tr>\n<td data-sheets-value=\"{\"1\":3,\"3\":6}\">6<\/td>\n<td data-sheets-value=\"{\"1\":3,\"3\":0.28}\">0,28<\/td>\n<td data-sheets-value=\"{\"1\":3,\"3\":22}\">22<\/td>\n<td data-sheets-value=\"{\"1\":3,\"3\":3.8}\">3,8<\/td>\n<td data-sheets-value=\"{\"1\":3,\"3\":100}\">100<\/td>\n<td data-sheets-value=\"{\"1\":3,\"3\":78.5}\">78,5<\/td>\n<td data-sheets-value=\"{\"1\":3,\"3\":110}\">110<\/td>\n<td data-sheets-value=\"{\"1\":3,\"3\":95}\">95<\/td>\n<\/tr>\n<tr>\n<td data-sheets-value=\"{\"1\":3,\"3\":7}\">7<\/td>\n<td data-sheets-value=\"{\"1\":3,\"3\":0.39}\">0,39<\/td>\n<td data-sheets-value=\"{\"1\":3,\"3\":25}\">25<\/td>\n<td data-sheets-value=\"{\"1\":3,\"3\":4.91}\">4,91<\/td>\n<td data-sheets-value=\"{\"1\":3,\"3\":50}\">50<\/td>\n<td data-sheets-value=\"{\"1\":3,\"3\":19.6}\">19,6<\/td>\n<td data-sheets-value=\"{\"1\":3,\"3\":120}\">120<\/td>\n<td data-sheets-value=\"{\"1\":3,\"3\":113}\">113<\/td>\n<\/tr>\n<tr>\n<td data-sheets-value=\"{\"1\":3,\"3\":8}\">8<\/td>\n<td data-sheets-value=\"{\"1\":3,\"3\":0.5}\" data-sheets-numberformat=\"{\"1\":2,\"2\":\"0.00\",\"3\":1}\">0,50<\/td>\n<td data-sheets-value=\"{\"1\":3,\"3\":28}\">28<\/td>\n<td data-sheets-value=\"{\"1\":3,\"3\":6.15}\">6,15<\/td>\n<td data-sheets-value=\"{\"1\":3,\"3\":52}\">52<\/td>\n<td data-sheets-value=\"{\"1\":3,\"3\":21.2}\">21,2<\/td>\n<td data-sheets-value=\"{\"1\":3,\"3\":130}\">130<\/td>\n<td data-sheets-value=\"{\"1\":3,\"3\":133}\">133<\/td>\n<\/tr>\n<tr>\n<td data-sheets-value=\"{\"1\":3,\"3\":10}\">10<\/td>\n<td data-sheets-value=\"{\"1\":3,\"3\":0.79}\">0,79<\/td>\n<td data-sheets-value=\"{\"1\":3,\"3\":30}\">30<\/td>\n<td data-sheets-value=\"{\"1\":3,\"3\":7.07}\">7,07<\/td>\n<td data-sheets-value=\"{\"1\":3,\"3\":55}\">55<\/td>\n<td data-sheets-value=\"{\"1\":3,\"3\":23.7}\">23,7<\/td>\n<td data-sheets-value=\"{\"1\":3,\"3\":140}\">140<\/td>\n<td data-sheets-value=\"{\"1\":3,\"3\":154}\">154<\/td>\n<\/tr>\n<tr>\n<td data-sheets-value=\"{\"1\":3,\"3\":12}\">12<\/td>\n<td data-sheets-value=\"{\"1\":3,\"3\":1.13}\">1,13<\/td>\n<td data-sheets-value=\"{\"1\":3,\"3\":32}\">32<\/td>\n<td data-sheets-value=\"{\"1\":3,\"3\":8.04}\">8,04<\/td>\n<td data-sheets-value=\"{\"1\":3,\"3\":60}\">60<\/td>\n<td data-sheets-value=\"{\"1\":3,\"3\":28.3}\">28,3<\/td>\n<td data-sheets-value=\"{\"1\":3,\"3\":150}\">150<\/td>\n<td data-sheets-value=\"{\"1\":3,\"3\":177}\">177<\/td>\n<\/tr>\n<tr>\n<td data-sheets-value=\"{\"1\":3,\"3\":14}\">14<\/td>\n<td data-sheets-value=\"{\"1\":3,\"3\":1.54}\">1,54<\/td>\n<td data-sheets-value=\"{\"1\":3,\"3\":35}\">35<\/td>\n<td data-sheets-value=\"{\"1\":3,\"3\":9.62}\">9,62<\/td>\n<td data-sheets-value=\"{\"1\":3,\"3\":65}\">65<\/td>\n<td data-sheets-value=\"{\"1\":3,\"3\":33.2}\">33,2<\/td>\n<td data-sheets-value=\"{\"1\":3,\"3\":160}\">160<\/td>\n<td data-sheets-value=\"{\"1\":3,\"3\":201}\">201<\/td>\n<\/tr>\n<tr>\n<td data-sheets-value=\"{\"1\":3,\"3\":15}\">15<\/td>\n<td data-sheets-value=\"{\"1\":3,\"3\":1.77}\">1,77<\/td>\n<td data-sheets-value=\"{\"1\":3,\"3\":38}\">38<\/td>\n<td data-sheets-value=\"{\"1\":3,\"3\":11.34}\">11,34<\/td>\n<td data-sheets-value=\"{\"1\":3,\"3\":70}\">70<\/td>\n<td data-sheets-value=\"{\"1\":3,\"3\":38.5}\">38,5<\/td>\n<td data-sheets-value=\"{\"1\":3,\"3\":170}\">170<\/td>\n<td data-sheets-value=\"{\"1\":3,\"3\":227}\">227<\/td>\n<\/tr>\n<tr>\n<td data-sheets-value=\"{\"1\":3,\"3\":16}\">16<\/td>\n<td data-sheets-value=\"{\"1\":3,\"3\":2.01}\">2,01<\/td>\n<td data-sheets-value=\"{\"1\":3,\"3\":40}\">40<\/td>\n<td data-sheets-value=\"{\"1\":3,\"3\":12.6}\">12,6<\/td>\n<td data-sheets-value=\"{\"1\":3,\"3\":75}\">75<\/td>\n<td data-sheets-value=\"{\"1\":3,\"3\":44.2}\">44,2<\/td>\n<td data-sheets-value=\"{\"1\":3,\"3\":180}\">180<\/td>\n<td data-sheets-value=\"{\"1\":3,\"3\":254}\">254<\/td>\n<\/tr>\n<tr>\n<td data-sheets-value=\"{\"1\":3,\"3\":18}\">18<\/td>\n<td data-sheets-value=\"{\"1\":3,\"3\":2.54}\">2,54<\/td>\n<td data-sheets-value=\"{\"1\":3,\"3\":42}\">42<\/td>\n<td data-sheets-value=\"{\"1\":3,\"3\":13.8}\">13,8<\/td>\n<td data-sheets-value=\"{\"1\":3,\"3\":80}\">80<\/td>\n<td data-sheets-value=\"{\"1\":3,\"3\":50.2}\">50,2<\/td>\n<td data-sheets-value=\"{\"1\":3,\"3\":190}\">190<\/td>\n<td data-sheets-value=\"{\"1\":3,\"3\":283}\">283<\/td>\n<\/tr>\n<tr>\n<td data-sheets-value=\"{\"1\":3,\"3\":19}\">19<\/td>\n<td data-sheets-value=\"{\"1\":3,\"3\":2.83}\">2,83<\/td>\n<td data-sheets-value=\"{\"1\":3,\"3\":45}\">45<\/td>\n<td data-sheets-value=\"{\"1\":3,\"3\":15.9}\">15,9<\/td>\n<td data-sheets-value=\"{\"1\":3,\"3\":85}\">85<\/td>\n<td data-sheets-value=\"{\"1\":3,\"3\":56.7}\">56,7<\/td>\n<td data-sheets-value=\"{\"1\":3,\"3\":200}\">200<\/td>\n<td data-sheets-value=\"{\"1\":3,\"3\":314}\">314<\/td>\n<\/tr>\n<tr>\n<td data-sheets-value=\"{\"1\":3,\"3\":20}\">20<\/td>\n<td data-sheets-value=\"{\"1\":3,\"3\":3.14}\">3,14<\/td>\n<td data-sheets-value=\"{\"1\":3,\"3\":48}\">48<\/td>\n<td data-sheets-value=\"{\"1\":3,\"3\":18.1}\">18,1<\/td>\n<td data-sheets-value=\"{\"1\":3,\"3\":90}\">90<\/td>\n<td data-sheets-value=\"{\"1\":3,\"3\":63.6}\">63,6<\/td>\n<td><\/td>\n<td><\/td>\n<\/tr>\n<\/tbody>\n<\/table>\t\t\t\t\t\t\t\t<\/div>\n\t\t\t\t<\/div>\n\t\t\t\t<\/div>\n\t\t\t\t\t<\/div>\n\t\t\t\t<\/div>\n\t\t\t\t<\/div>\n\t\t","protected":false},"excerpt":{"rendered":"<p>Kullan\u0131m Alanlar\u0131 Bina \u0130n\u015faatlar\u0131 Makine ve ekipman Otomotiv end\u00fcstrisi Mobilya ve Dekoratif \u00dcr\u00fcnler Korkuluklar Kare \u00c7ubuk Boyutlar\u0131 Boyut A (mm) A\u011f\u0131rl\u0131k (kg\/m) 6 0,28 22 3,8 100 78,5 110 95 7 0,39 25 4,91 50 19,6 120 113 8 0,50 28 6,15 52 21,2 130 133 10 0,79 30 7,07 55 23,7 140 154 12 [&hellip;]<\/p>\n","protected":false},"author":3,"featured_media":2154,"parent":2251,"menu_order":0,"comment_status":"closed","ping_status":"closed","template":"","meta":{"footnotes":""},"class_list":["post-2269","page","type-page","status-publish","has-post-thumbnail","hentry"],"yoast_head":"<!-- This site is optimized with the Yoast SEO plugin v26.7 - https:\/\/yoast.com\/wordpress\/plugins\/seo\/ -->\n<title>Kare \u00c7ubuklar - \u0130nax Metal<\/title>\n<meta name=\"robots\" content=\"index, follow, max-snippet:-1, max-image-preview:large, max-video-preview:-1\" \/>\n<link rel=\"canonical\" href=\"https:\/\/inaxmetal.com\/tr\/urunlerimiz\/celik-konstruksiyon\/uzun-urunler\/kare-cubuklar\/\" \/>\n<meta property=\"og:locale\" content=\"tr_TR\" \/>\n<meta property=\"og:type\" content=\"article\" \/>\n<meta property=\"og:title\" content=\"Kare \u00c7ubuklar - \u0130nax Metal\" \/>\n<meta property=\"og:description\" content=\"Kullan\u0131m Alanlar\u0131 Bina \u0130n\u015faatlar\u0131 Makine ve ekipman Otomotiv end\u00fcstrisi Mobilya ve Dekoratif \u00dcr\u00fcnler Korkuluklar Kare \u00c7ubuk Boyutlar\u0131 Boyut A (mm) A\u011f\u0131rl\u0131k (kg\/m) 6 0,28 22 3,8 100 78,5 110 95 7 0,39 25 4,91 50 19,6 120 113 8 0,50 28 6,15 52 21,2 130 133 10 0,79 30 7,07 55 23,7 140 154 12 [&hellip;]\" \/>\n<meta property=\"og:url\" content=\"https:\/\/inaxmetal.com\/tr\/urunlerimiz\/celik-konstruksiyon\/uzun-urunler\/kare-cubuklar\/\" \/>\n<meta property=\"og:site_name\" content=\"\u0130nax Metal\" \/>\n<meta property=\"article:modified_time\" content=\"2024-07-02T09:01:57+00:00\" \/>\n<meta property=\"og:image\" content=\"https:\/\/inaxmetal.com\/wp-content\/uploads\/2024\/05\/square-bars.webp\" \/>\n\t<meta property=\"og:image:width\" content=\"600\" \/>\n\t<meta property=\"og:image:height\" content=\"600\" \/>\n\t<meta property=\"og:image:type\" content=\"image\/webp\" \/>\n<meta name=\"twitter:card\" content=\"summary_large_image\" \/>\n<script type=\"application\/ld+json\" class=\"yoast-schema-graph\">{\"@context\":\"https:\/\/schema.org\",\"@graph\":[{\"@type\":\"WebPage\",\"@id\":\"https:\/\/inaxmetal.com\/tr\/urunlerimiz\/celik-konstruksiyon\/uzun-urunler\/kare-cubuklar\/\",\"url\":\"https:\/\/inaxmetal.com\/tr\/urunlerimiz\/celik-konstruksiyon\/uzun-urunler\/kare-cubuklar\/\",\"name\":\"Kare \u00c7ubuklar - \u0130nax Metal\",\"isPartOf\":{\"@id\":\"https:\/\/inaxmetal.com\/tr\/#website\"},\"primaryImageOfPage\":{\"@id\":\"https:\/\/inaxmetal.com\/tr\/urunlerimiz\/celik-konstruksiyon\/uzun-urunler\/kare-cubuklar\/#primaryimage\"},\"image\":{\"@id\":\"https:\/\/inaxmetal.com\/tr\/urunlerimiz\/celik-konstruksiyon\/uzun-urunler\/kare-cubuklar\/#primaryimage\"},\"thumbnailUrl\":\"https:\/\/inaxmetal.com\/wp-content\/uploads\/2024\/05\/square-bars.webp\",\"datePublished\":\"2024-06-04T15:32:17+00:00\",\"dateModified\":\"2024-07-02T09:01:57+00:00\",\"breadcrumb\":{\"@id\":\"https:\/\/inaxmetal.com\/tr\/urunlerimiz\/celik-konstruksiyon\/uzun-urunler\/kare-cubuklar\/#breadcrumb\"},\"inLanguage\":\"tr\",\"potentialAction\":[{\"@type\":\"ReadAction\",\"target\":[\"https:\/\/inaxmetal.com\/tr\/urunlerimiz\/celik-konstruksiyon\/uzun-urunler\/kare-cubuklar\/\"]}]},{\"@type\":\"ImageObject\",\"inLanguage\":\"tr\",\"@id\":\"https:\/\/inaxmetal.com\/tr\/urunlerimiz\/celik-konstruksiyon\/uzun-urunler\/kare-cubuklar\/#primaryimage\",\"url\":\"https:\/\/inaxmetal.com\/wp-content\/uploads\/2024\/05\/square-bars.webp\",\"contentUrl\":\"https:\/\/inaxmetal.com\/wp-content\/uploads\/2024\/05\/square-bars.webp\",\"width\":600,\"height\":600},{\"@type\":\"BreadcrumbList\",\"@id\":\"https:\/\/inaxmetal.com\/tr\/urunlerimiz\/celik-konstruksiyon\/uzun-urunler\/kare-cubuklar\/#breadcrumb\",\"itemListElement\":[{\"@type\":\"ListItem\",\"position\":1,\"name\":\"Home\",\"item\":\"https:\/\/inaxmetal.com\/tr\/\"},{\"@type\":\"ListItem\",\"position\":2,\"name\":\"\u00dcr\u00fcnlerimiz\",\"item\":\"https:\/\/inaxmetal.com\/tr\/urunlerimiz\/\"},{\"@type\":\"ListItem\",\"position\":3,\"name\":\"\u00c7elik Konstr\u00fcksiyon\",\"item\":\"https:\/\/inaxmetal.com\/tr\/urunlerimiz\/celik-konstruksiyon\/\"},{\"@type\":\"ListItem\",\"position\":4,\"name\":\"Uzun \u00dcr\u00fcnler\",\"item\":\"https:\/\/inaxmetal.com\/tr\/products\/steel-construction\/long-products\/\"},{\"@type\":\"ListItem\",\"position\":5,\"name\":\"Kare \u00c7ubuklar\"}]},{\"@type\":\"WebSite\",\"@id\":\"https:\/\/inaxmetal.com\/tr\/#website\",\"url\":\"https:\/\/inaxmetal.com\/tr\/\",\"name\":\"\u0130nax Metal\",\"description\":\"\",\"potentialAction\":[{\"@type\":\"SearchAction\",\"target\":{\"@type\":\"EntryPoint\",\"urlTemplate\":\"https:\/\/inaxmetal.com\/tr\/?s={search_term_string}\"},\"query-input\":{\"@type\":\"PropertyValueSpecification\",\"valueRequired\":true,\"valueName\":\"search_term_string\"}}],\"inLanguage\":\"tr\"}]}<\/script>\n<!-- \/ Yoast SEO plugin. -->","yoast_head_json":{"title":"Kare \u00c7ubuklar - \u0130nax Metal","robots":{"index":"index","follow":"follow","max-snippet":"max-snippet:-1","max-image-preview":"max-image-preview:large","max-video-preview":"max-video-preview:-1"},"canonical":"https:\/\/inaxmetal.com\/tr\/urunlerimiz\/celik-konstruksiyon\/uzun-urunler\/kare-cubuklar\/","og_locale":"tr_TR","og_type":"article","og_title":"Kare \u00c7ubuklar - \u0130nax Metal","og_description":"Kullan\u0131m Alanlar\u0131 Bina \u0130n\u015faatlar\u0131 Makine ve ekipman Otomotiv end\u00fcstrisi Mobilya ve Dekoratif \u00dcr\u00fcnler Korkuluklar Kare \u00c7ubuk Boyutlar\u0131 Boyut A (mm) A\u011f\u0131rl\u0131k (kg\/m) 6 0,28 22 3,8 100 78,5 110 95 7 0,39 25 4,91 50 19,6 120 113 8 0,50 28 6,15 52 21,2 130 133 10 0,79 30 7,07 55 23,7 140 154 12 [&hellip;]","og_url":"https:\/\/inaxmetal.com\/tr\/urunlerimiz\/celik-konstruksiyon\/uzun-urunler\/kare-cubuklar\/","og_site_name":"\u0130nax Metal","article_modified_time":"2024-07-02T09:01:57+00:00","og_image":[{"width":600,"height":600,"url":"https:\/\/inaxmetal.com\/wp-content\/uploads\/2024\/05\/square-bars.webp","type":"image\/webp"}],"twitter_card":"summary_large_image","schema":{"@context":"https:\/\/schema.org","@graph":[{"@type":"WebPage","@id":"https:\/\/inaxmetal.com\/tr\/urunlerimiz\/celik-konstruksiyon\/uzun-urunler\/kare-cubuklar\/","url":"https:\/\/inaxmetal.com\/tr\/urunlerimiz\/celik-konstruksiyon\/uzun-urunler\/kare-cubuklar\/","name":"Kare \u00c7ubuklar - \u0130nax Metal","isPartOf":{"@id":"https:\/\/inaxmetal.com\/tr\/#website"},"primaryImageOfPage":{"@id":"https:\/\/inaxmetal.com\/tr\/urunlerimiz\/celik-konstruksiyon\/uzun-urunler\/kare-cubuklar\/#primaryimage"},"image":{"@id":"https:\/\/inaxmetal.com\/tr\/urunlerimiz\/celik-konstruksiyon\/uzun-urunler\/kare-cubuklar\/#primaryimage"},"thumbnailUrl":"https:\/\/inaxmetal.com\/wp-content\/uploads\/2024\/05\/square-bars.webp","datePublished":"2024-06-04T15:32:17+00:00","dateModified":"2024-07-02T09:01:57+00:00","breadcrumb":{"@id":"https:\/\/inaxmetal.com\/tr\/urunlerimiz\/celik-konstruksiyon\/uzun-urunler\/kare-cubuklar\/#breadcrumb"},"inLanguage":"tr","potentialAction":[{"@type":"ReadAction","target":["https:\/\/inaxmetal.com\/tr\/urunlerimiz\/celik-konstruksiyon\/uzun-urunler\/kare-cubuklar\/"]}]},{"@type":"ImageObject","inLanguage":"tr","@id":"https:\/\/inaxmetal.com\/tr\/urunlerimiz\/celik-konstruksiyon\/uzun-urunler\/kare-cubuklar\/#primaryimage","url":"https:\/\/inaxmetal.com\/wp-content\/uploads\/2024\/05\/square-bars.webp","contentUrl":"https:\/\/inaxmetal.com\/wp-content\/uploads\/2024\/05\/square-bars.webp","width":600,"height":600},{"@type":"BreadcrumbList","@id":"https:\/\/inaxmetal.com\/tr\/urunlerimiz\/celik-konstruksiyon\/uzun-urunler\/kare-cubuklar\/#breadcrumb","itemListElement":[{"@type":"ListItem","position":1,"name":"Home","item":"https:\/\/inaxmetal.com\/tr\/"},{"@type":"ListItem","position":2,"name":"\u00dcr\u00fcnlerimiz","item":"https:\/\/inaxmetal.com\/tr\/urunlerimiz\/"},{"@type":"ListItem","position":3,"name":"\u00c7elik Konstr\u00fcksiyon","item":"https:\/\/inaxmetal.com\/tr\/urunlerimiz\/celik-konstruksiyon\/"},{"@type":"ListItem","position":4,"name":"Uzun \u00dcr\u00fcnler","item":"https:\/\/inaxmetal.com\/tr\/products\/steel-construction\/long-products\/"},{"@type":"ListItem","position":5,"name":"Kare \u00c7ubuklar"}]},{"@type":"WebSite","@id":"https:\/\/inaxmetal.com\/tr\/#website","url":"https:\/\/inaxmetal.com\/tr\/","name":"\u0130nax Metal","description":"","potentialAction":[{"@type":"SearchAction","target":{"@type":"EntryPoint","urlTemplate":"https:\/\/inaxmetal.com\/tr\/?s={search_term_string}"},"query-input":{"@type":"PropertyValueSpecification","valueRequired":true,"valueName":"search_term_string"}}],"inLanguage":"tr"}]}},"_links":{"self":[{"href":"https:\/\/inaxmetal.com\/tr\/wp-json\/wp\/v2\/pages\/2269","targetHints":{"allow":["GET"]}}],"collection":[{"href":"https:\/\/inaxmetal.com\/tr\/wp-json\/wp\/v2\/pages"}],"about":[{"href":"https:\/\/inaxmetal.com\/tr\/wp-json\/wp\/v2\/types\/page"}],"author":[{"embeddable":true,"href":"https:\/\/inaxmetal.com\/tr\/wp-json\/wp\/v2\/users\/3"}],"replies":[{"embeddable":true,"href":"https:\/\/inaxmetal.com\/tr\/wp-json\/wp\/v2\/comments?post=2269"}],"version-history":[{"count":1,"href":"https:\/\/inaxmetal.com\/tr\/wp-json\/wp\/v2\/pages\/2269\/revisions"}],"predecessor-version":[{"id":2270,"href":"https:\/\/inaxmetal.com\/tr\/wp-json\/wp\/v2\/pages\/2269\/revisions\/2270"}],"up":[{"embeddable":true,"href":"https:\/\/inaxmetal.com\/tr\/wp-json\/wp\/v2\/pages\/2251"}],"wp:featuredmedia":[{"embeddable":true,"href":"https:\/\/inaxmetal.com\/tr\/wp-json\/wp\/v2\/media\/2154"}],"wp:attachment":[{"href":"https:\/\/inaxmetal.com\/tr\/wp-json\/wp\/v2\/media?parent=2269"}],"curies":[{"name":"wp","href":"https:\/\/api.w.org\/{rel}","templated":true}]}}