{"id":2275,"date":"2024-06-04T14:23:36","date_gmt":"2024-06-04T11:23:36","guid":{"rendered":"https:\/\/inaxmetal.com\/urunlerimiz\/celik-konstruksiyon\/uzun-urunler\/t-cubuklar\/"},"modified":"2024-07-02T12:09:44","modified_gmt":"2024-07-02T09:09:44","slug":"t-cubuklar","status":"publish","type":"page","link":"https:\/\/inaxmetal.com\/tr\/urunlerimiz\/celik-konstruksiyon\/uzun-urunler\/t-cubuklar\/","title":{"rendered":"T \u00c7ubuklar"},"content":{"rendered":"\t\t<div data-elementor-type=\"wp-page\" data-elementor-id=\"2275\" class=\"elementor elementor-2275 elementor-1527\" data-elementor-post-type=\"page\">\n\t\t\t\t<div class=\"elementor-element elementor-element-7753df0 e-flex e-con-boxed e-con e-parent\" data-id=\"7753df0\" data-element_type=\"container\">\n\t\t\t\t\t<div class=\"e-con-inner\">\n\t\t<div class=\"elementor-element elementor-element-ce850e9 e-con-full e-flex e-con e-child\" data-id=\"ce850e9\" data-element_type=\"container\">\n\t\t\t\t<div class=\"elementor-element elementor-element-833c738 elementor-widget elementor-widget-image\" data-id=\"833c738\" data-element_type=\"widget\" data-widget_type=\"image.default\">\n\t\t\t\t<div class=\"elementor-widget-container\">\n\t\t\t\t\t\t\t\t\t\t\t\t\t\t\t<img fetchpriority=\"high\" decoding=\"async\" width=\"600\" height=\"600\" src=\"https:\/\/inaxmetal.com\/wp-content\/uploads\/2024\/05\/t-sections.webp\" class=\"attachment-large size-large wp-image-2158\" alt=\"\" srcset=\"https:\/\/inaxmetal.com\/wp-content\/uploads\/2024\/05\/t-sections.webp 600w, https:\/\/inaxmetal.com\/wp-content\/uploads\/2024\/05\/t-sections-300x300.webp 300w, https:\/\/inaxmetal.com\/wp-content\/uploads\/2024\/05\/t-sections-150x150.webp 150w\" sizes=\"(max-width: 600px) 100vw, 600px\" \/>\t\t\t\t\t\t\t\t\t\t\t\t\t\t\t<\/div>\n\t\t\t\t<\/div>\n\t\t\t\t<\/div>\n\t\t<div class=\"elementor-element elementor-element-31b5a11 e-con-full e-flex e-con e-child\" data-id=\"31b5a11\" data-element_type=\"container\">\n\t\t\t\t<div class=\"elementor-element elementor-element-f1203e9 elementor-widget elementor-widget-heading\" data-id=\"f1203e9\" data-element_type=\"widget\" data-widget_type=\"heading.default\">\n\t\t\t\t<div class=\"elementor-widget-container\">\n\t\t\t\t\t<h2 class=\"elementor-heading-title elementor-size-default\">Kullan\u0131m Alanlar\u0131<\/h2>\t\t\t\t<\/div>\n\t\t\t\t<\/div>\n\t\t\t\t<div class=\"elementor-element elementor-element-571760b elementor-widget elementor-widget-text-editor\" data-id=\"571760b\" data-element_type=\"widget\" data-widget_type=\"text-editor.default\">\n\t\t\t\t<div class=\"elementor-widget-container\">\n\t\t\t\t\t\t\t\t\t<ul>\n<li>Bina \u0130n\u015faatlar\u0131<\/li>\n<li>\u00c7elik \u00c7er\u00e7eve Sistemleri<\/li>\n<li>K\u00f6pr\u00fc \u0130n\u015faat\u0131<\/li>\n<li>End\u00fcstriyel Binalar<\/li>\n<li>Altyap\u0131 Projeleri<\/li>\n<li>Mimari Uygulamalar<\/li>\n<\/ul>\n\t\t\t\t\t\t\t\t<\/div>\n\t\t\t\t<\/div>\n\t\t\t\t<\/div>\n\t\t\t\t\t<\/div>\n\t\t\t\t<\/div>\n\t\t<div class=\"elementor-element elementor-element-7063bfc e-flex e-con-boxed e-con e-parent\" data-id=\"7063bfc\" data-element_type=\"container\">\n\t\t\t\t\t<div class=\"e-con-inner\">\n\t\t<div class=\"elementor-element elementor-element-032528f e-con-full e-flex e-con e-child\" data-id=\"032528f\" data-element_type=\"container\">\n\t\t\t\t<div class=\"elementor-element elementor-element-a138cc1 elementor-widget elementor-widget-heading\" data-id=\"a138cc1\" data-element_type=\"widget\" data-widget_type=\"heading.default\">\n\t\t\t\t<div class=\"elementor-widget-container\">\n\t\t\t\t\t<h3 class=\"elementor-heading-title elementor-size-default\">T \u00c7ubuk Boyutlar\u0131<\/h3>\t\t\t\t<\/div>\n\t\t\t\t<\/div>\n\t\t\t\t<div class=\"elementor-element elementor-element-4c59d07 elementor-widget elementor-widget-image\" data-id=\"4c59d07\" data-element_type=\"widget\" data-widget_type=\"image.default\">\n\t\t\t\t<div class=\"elementor-widget-container\">\n\t\t\t\t\t\t\t\t\t\t\t\t\t\t\t<img decoding=\"async\" width=\"333\" height=\"280\" src=\"https:\/\/inaxmetal.com\/wp-content\/uploads\/2024\/06\/t-bars-dimension.png\" class=\"attachment-large size-large wp-image-2174\" alt=\"\" srcset=\"https:\/\/inaxmetal.com\/wp-content\/uploads\/2024\/06\/t-bars-dimension.png 333w, https:\/\/inaxmetal.com\/wp-content\/uploads\/2024\/06\/t-bars-dimension-300x252.png 300w\" sizes=\"(max-width: 333px) 100vw, 333px\" \/>\t\t\t\t\t\t\t\t\t\t\t\t\t\t\t<\/div>\n\t\t\t\t<\/div>\n\t\t\t\t<div class=\"elementor-element elementor-element-fa0302c elementor-widget elementor-widget-text-editor\" data-id=\"fa0302c\" data-element_type=\"widget\" data-widget_type=\"text-editor.default\">\n\t\t\t\t<div class=\"elementor-widget-container\">\n\t\t\t\t\t\t\t\t\t<table dir=\"ltr\" border=\"1\" cellspacing=\"0\" cellpadding=\"0\" data-sheets-root=\"1\"><colgroup><col width=\"60\"><col width=\"60\"><col width=\"60\"><col width=\"60\"><\/colgroup>\n<tbody>\n<tr>\n<th colspan=\"4\" rowspan=\"1\" data-sheets-value=\"{\"1\":2,\"2\":\"T - Bar Dimensions\"}\">T &#8211; \u00c7ubuk Boyutlar\u0131<\/th>\n<\/tr>\n<tr>\n<td data-sheets-value=\"{\"1\":2,\"2\":\"mm\"}\">mm<\/td>\n<td data-sheets-value=\"{\"1\":2,\"2\":\"(kg\/m)\"}\">(kg\/m)<\/td>\n<td data-sheets-value=\"{\"1\":2,\"2\":\"h (mm)\"}\">h (mm)<\/td>\n<td data-sheets-value=\"{\"1\":2,\"2\":\"b (mm)\"}\">b (mm)<\/td>\n<\/tr>\n<tr>\n<td data-sheets-value=\"{\"1\":2,\"2\":\"T 25\"}\">T 25<\/td>\n<td data-sheets-value=\"{\"1\":3,\"3\":1.28}\">1,28<\/td>\n<td data-sheets-value=\"{\"1\":3,\"3\":25}\">25<\/td>\n<td data-sheets-value=\"{\"1\":3,\"3\":25}\">25<\/td>\n<\/tr>\n<tr>\n<td data-sheets-value=\"{\"1\":2,\"2\":\"T 30\"}\">T 30<\/td>\n<td data-sheets-value=\"{\"1\":3,\"3\":1.77}\">1,77<\/td>\n<td data-sheets-value=\"{\"1\":3,\"3\":30}\">30<\/td>\n<td data-sheets-value=\"{\"1\":3,\"3\":30}\">30<\/td>\n<\/tr>\n<tr>\n<td data-sheets-value=\"{\"1\":2,\"2\":\"T 35\"}\">T 35<\/td>\n<td data-sheets-value=\"{\"1\":3,\"3\":2.33}\">2,33<\/td>\n<td data-sheets-value=\"{\"1\":3,\"3\":35}\">35<\/td>\n<td data-sheets-value=\"{\"1\":3,\"3\":35}\">35<\/td>\n<\/tr>\n<tr>\n<td data-sheets-value=\"{\"1\":2,\"2\":\"T 40\"}\">T 40<\/td>\n<td data-sheets-value=\"{\"1\":3,\"3\":2.96}\">2,96<\/td>\n<td data-sheets-value=\"{\"1\":3,\"3\":40}\">40<\/td>\n<td data-sheets-value=\"{\"1\":3,\"3\":40}\">40<\/td>\n<\/tr>\n<tr>\n<td data-sheets-value=\"{\"1\":2,\"2\":\"T 50\"}\">T 50<\/td>\n<td data-sheets-value=\"{\"1\":3,\"3\":4.44}\">4,44<\/td>\n<td data-sheets-value=\"{\"1\":3,\"3\":50}\">50<\/td>\n<td data-sheets-value=\"{\"1\":3,\"3\":50}\">50<\/td>\n<\/tr>\n<\/tbody>\n<\/table>\t\t\t\t\t\t\t\t<\/div>\n\t\t\t\t<\/div>\n\t\t\t\t<\/div>\n\t\t\t\t\t<\/div>\n\t\t\t\t<\/div>\n\t\t\t\t<\/div>\n\t\t","protected":false},"excerpt":{"rendered":"<p>Kullan\u0131m Alanlar\u0131 Bina \u0130n\u015faatlar\u0131 \u00c7elik \u00c7er\u00e7eve Sistemleri K\u00f6pr\u00fc \u0130n\u015faat\u0131 End\u00fcstriyel Binalar Altyap\u0131 Projeleri Mimari Uygulamalar T \u00c7ubuk Boyutlar\u0131 T &#8211; \u00c7ubuk Boyutlar\u0131 mm (kg\/m) h (mm) b (mm) T 25 1,28 25 25 T 30 1,77 30 30 T 35 2,33 35 35 T 40 2,96 40 40 T 50 4,44 50 50<\/p>\n","protected":false},"author":3,"featured_media":2158,"parent":2251,"menu_order":0,"comment_status":"closed","ping_status":"closed","template":"","meta":{"footnotes":""},"class_list":["post-2275","page","type-page","status-publish","has-post-thumbnail","hentry"],"yoast_head":"<!-- This site is optimized with the Yoast SEO plugin v26.7 - https:\/\/yoast.com\/wordpress\/plugins\/seo\/ -->\n<title>T \u00c7ubuklar - \u0130nax Metal<\/title>\n<meta name=\"robots\" content=\"index, follow, max-snippet:-1, max-image-preview:large, max-video-preview:-1\" \/>\n<link rel=\"canonical\" href=\"https:\/\/inaxmetal.com\/tr\/urunlerimiz\/celik-konstruksiyon\/uzun-urunler\/t-cubuklar\/\" \/>\n<meta property=\"og:locale\" content=\"tr_TR\" \/>\n<meta property=\"og:type\" content=\"article\" \/>\n<meta property=\"og:title\" content=\"T \u00c7ubuklar - \u0130nax Metal\" \/>\n<meta property=\"og:description\" content=\"Kullan\u0131m Alanlar\u0131 Bina \u0130n\u015faatlar\u0131 \u00c7elik \u00c7er\u00e7eve Sistemleri K\u00f6pr\u00fc \u0130n\u015faat\u0131 End\u00fcstriyel Binalar Altyap\u0131 Projeleri Mimari Uygulamalar T \u00c7ubuk Boyutlar\u0131 T &#8211; \u00c7ubuk Boyutlar\u0131 mm (kg\/m) h (mm) b (mm) T 25 1,28 25 25 T 30 1,77 30 30 T 35 2,33 35 35 T 40 2,96 40 40 T 50 4,44 50 50\" \/>\n<meta property=\"og:url\" content=\"https:\/\/inaxmetal.com\/tr\/urunlerimiz\/celik-konstruksiyon\/uzun-urunler\/t-cubuklar\/\" \/>\n<meta property=\"og:site_name\" content=\"\u0130nax Metal\" \/>\n<meta property=\"article:modified_time\" content=\"2024-07-02T09:09:44+00:00\" \/>\n<meta property=\"og:image\" content=\"https:\/\/inaxmetal.com\/wp-content\/uploads\/2024\/05\/t-sections.webp\" \/>\n\t<meta property=\"og:image:width\" content=\"600\" \/>\n\t<meta property=\"og:image:height\" content=\"600\" \/>\n\t<meta property=\"og:image:type\" content=\"image\/webp\" \/>\n<meta name=\"twitter:card\" content=\"summary_large_image\" \/>\n<script type=\"application\/ld+json\" class=\"yoast-schema-graph\">{\"@context\":\"https:\/\/schema.org\",\"@graph\":[{\"@type\":\"WebPage\",\"@id\":\"https:\/\/inaxmetal.com\/tr\/urunlerimiz\/celik-konstruksiyon\/uzun-urunler\/t-cubuklar\/\",\"url\":\"https:\/\/inaxmetal.com\/tr\/urunlerimiz\/celik-konstruksiyon\/uzun-urunler\/t-cubuklar\/\",\"name\":\"T \u00c7ubuklar - \u0130nax Metal\",\"isPartOf\":{\"@id\":\"https:\/\/inaxmetal.com\/tr\/#website\"},\"primaryImageOfPage\":{\"@id\":\"https:\/\/inaxmetal.com\/tr\/urunlerimiz\/celik-konstruksiyon\/uzun-urunler\/t-cubuklar\/#primaryimage\"},\"image\":{\"@id\":\"https:\/\/inaxmetal.com\/tr\/urunlerimiz\/celik-konstruksiyon\/uzun-urunler\/t-cubuklar\/#primaryimage\"},\"thumbnailUrl\":\"https:\/\/inaxmetal.com\/wp-content\/uploads\/2024\/05\/t-sections.webp\",\"datePublished\":\"2024-06-04T11:23:36+00:00\",\"dateModified\":\"2024-07-02T09:09:44+00:00\",\"breadcrumb\":{\"@id\":\"https:\/\/inaxmetal.com\/tr\/urunlerimiz\/celik-konstruksiyon\/uzun-urunler\/t-cubuklar\/#breadcrumb\"},\"inLanguage\":\"tr\",\"potentialAction\":[{\"@type\":\"ReadAction\",\"target\":[\"https:\/\/inaxmetal.com\/tr\/urunlerimiz\/celik-konstruksiyon\/uzun-urunler\/t-cubuklar\/\"]}]},{\"@type\":\"ImageObject\",\"inLanguage\":\"tr\",\"@id\":\"https:\/\/inaxmetal.com\/tr\/urunlerimiz\/celik-konstruksiyon\/uzun-urunler\/t-cubuklar\/#primaryimage\",\"url\":\"https:\/\/inaxmetal.com\/wp-content\/uploads\/2024\/05\/t-sections.webp\",\"contentUrl\":\"https:\/\/inaxmetal.com\/wp-content\/uploads\/2024\/05\/t-sections.webp\",\"width\":600,\"height\":600},{\"@type\":\"BreadcrumbList\",\"@id\":\"https:\/\/inaxmetal.com\/tr\/urunlerimiz\/celik-konstruksiyon\/uzun-urunler\/t-cubuklar\/#breadcrumb\",\"itemListElement\":[{\"@type\":\"ListItem\",\"position\":1,\"name\":\"Home\",\"item\":\"https:\/\/inaxmetal.com\/tr\/\"},{\"@type\":\"ListItem\",\"position\":2,\"name\":\"\u00dcr\u00fcnlerimiz\",\"item\":\"https:\/\/inaxmetal.com\/tr\/urunlerimiz\/\"},{\"@type\":\"ListItem\",\"position\":3,\"name\":\"\u00c7elik Konstr\u00fcksiyon\",\"item\":\"https:\/\/inaxmetal.com\/tr\/urunlerimiz\/celik-konstruksiyon\/\"},{\"@type\":\"ListItem\",\"position\":4,\"name\":\"Uzun \u00dcr\u00fcnler\",\"item\":\"https:\/\/inaxmetal.com\/tr\/products\/steel-construction\/long-products\/\"},{\"@type\":\"ListItem\",\"position\":5,\"name\":\"T \u00c7ubuklar\"}]},{\"@type\":\"WebSite\",\"@id\":\"https:\/\/inaxmetal.com\/tr\/#website\",\"url\":\"https:\/\/inaxmetal.com\/tr\/\",\"name\":\"\u0130nax Metal\",\"description\":\"\",\"potentialAction\":[{\"@type\":\"SearchAction\",\"target\":{\"@type\":\"EntryPoint\",\"urlTemplate\":\"https:\/\/inaxmetal.com\/tr\/?s={search_term_string}\"},\"query-input\":{\"@type\":\"PropertyValueSpecification\",\"valueRequired\":true,\"valueName\":\"search_term_string\"}}],\"inLanguage\":\"tr\"}]}<\/script>\n<!-- \/ Yoast SEO plugin. -->","yoast_head_json":{"title":"T \u00c7ubuklar - \u0130nax Metal","robots":{"index":"index","follow":"follow","max-snippet":"max-snippet:-1","max-image-preview":"max-image-preview:large","max-video-preview":"max-video-preview:-1"},"canonical":"https:\/\/inaxmetal.com\/tr\/urunlerimiz\/celik-konstruksiyon\/uzun-urunler\/t-cubuklar\/","og_locale":"tr_TR","og_type":"article","og_title":"T \u00c7ubuklar - \u0130nax Metal","og_description":"Kullan\u0131m Alanlar\u0131 Bina \u0130n\u015faatlar\u0131 \u00c7elik \u00c7er\u00e7eve Sistemleri K\u00f6pr\u00fc \u0130n\u015faat\u0131 End\u00fcstriyel Binalar Altyap\u0131 Projeleri Mimari Uygulamalar T \u00c7ubuk Boyutlar\u0131 T &#8211; \u00c7ubuk Boyutlar\u0131 mm (kg\/m) h (mm) b (mm) T 25 1,28 25 25 T 30 1,77 30 30 T 35 2,33 35 35 T 40 2,96 40 40 T 50 4,44 50 50","og_url":"https:\/\/inaxmetal.com\/tr\/urunlerimiz\/celik-konstruksiyon\/uzun-urunler\/t-cubuklar\/","og_site_name":"\u0130nax Metal","article_modified_time":"2024-07-02T09:09:44+00:00","og_image":[{"width":600,"height":600,"url":"https:\/\/inaxmetal.com\/wp-content\/uploads\/2024\/05\/t-sections.webp","type":"image\/webp"}],"twitter_card":"summary_large_image","schema":{"@context":"https:\/\/schema.org","@graph":[{"@type":"WebPage","@id":"https:\/\/inaxmetal.com\/tr\/urunlerimiz\/celik-konstruksiyon\/uzun-urunler\/t-cubuklar\/","url":"https:\/\/inaxmetal.com\/tr\/urunlerimiz\/celik-konstruksiyon\/uzun-urunler\/t-cubuklar\/","name":"T \u00c7ubuklar - \u0130nax Metal","isPartOf":{"@id":"https:\/\/inaxmetal.com\/tr\/#website"},"primaryImageOfPage":{"@id":"https:\/\/inaxmetal.com\/tr\/urunlerimiz\/celik-konstruksiyon\/uzun-urunler\/t-cubuklar\/#primaryimage"},"image":{"@id":"https:\/\/inaxmetal.com\/tr\/urunlerimiz\/celik-konstruksiyon\/uzun-urunler\/t-cubuklar\/#primaryimage"},"thumbnailUrl":"https:\/\/inaxmetal.com\/wp-content\/uploads\/2024\/05\/t-sections.webp","datePublished":"2024-06-04T11:23:36+00:00","dateModified":"2024-07-02T09:09:44+00:00","breadcrumb":{"@id":"https:\/\/inaxmetal.com\/tr\/urunlerimiz\/celik-konstruksiyon\/uzun-urunler\/t-cubuklar\/#breadcrumb"},"inLanguage":"tr","potentialAction":[{"@type":"ReadAction","target":["https:\/\/inaxmetal.com\/tr\/urunlerimiz\/celik-konstruksiyon\/uzun-urunler\/t-cubuklar\/"]}]},{"@type":"ImageObject","inLanguage":"tr","@id":"https:\/\/inaxmetal.com\/tr\/urunlerimiz\/celik-konstruksiyon\/uzun-urunler\/t-cubuklar\/#primaryimage","url":"https:\/\/inaxmetal.com\/wp-content\/uploads\/2024\/05\/t-sections.webp","contentUrl":"https:\/\/inaxmetal.com\/wp-content\/uploads\/2024\/05\/t-sections.webp","width":600,"height":600},{"@type":"BreadcrumbList","@id":"https:\/\/inaxmetal.com\/tr\/urunlerimiz\/celik-konstruksiyon\/uzun-urunler\/t-cubuklar\/#breadcrumb","itemListElement":[{"@type":"ListItem","position":1,"name":"Home","item":"https:\/\/inaxmetal.com\/tr\/"},{"@type":"ListItem","position":2,"name":"\u00dcr\u00fcnlerimiz","item":"https:\/\/inaxmetal.com\/tr\/urunlerimiz\/"},{"@type":"ListItem","position":3,"name":"\u00c7elik Konstr\u00fcksiyon","item":"https:\/\/inaxmetal.com\/tr\/urunlerimiz\/celik-konstruksiyon\/"},{"@type":"ListItem","position":4,"name":"Uzun \u00dcr\u00fcnler","item":"https:\/\/inaxmetal.com\/tr\/products\/steel-construction\/long-products\/"},{"@type":"ListItem","position":5,"name":"T \u00c7ubuklar"}]},{"@type":"WebSite","@id":"https:\/\/inaxmetal.com\/tr\/#website","url":"https:\/\/inaxmetal.com\/tr\/","name":"\u0130nax Metal","description":"","potentialAction":[{"@type":"SearchAction","target":{"@type":"EntryPoint","urlTemplate":"https:\/\/inaxmetal.com\/tr\/?s={search_term_string}"},"query-input":{"@type":"PropertyValueSpecification","valueRequired":true,"valueName":"search_term_string"}}],"inLanguage":"tr"}]}},"_links":{"self":[{"href":"https:\/\/inaxmetal.com\/tr\/wp-json\/wp\/v2\/pages\/2275","targetHints":{"allow":["GET"]}}],"collection":[{"href":"https:\/\/inaxmetal.com\/tr\/wp-json\/wp\/v2\/pages"}],"about":[{"href":"https:\/\/inaxmetal.com\/tr\/wp-json\/wp\/v2\/types\/page"}],"author":[{"embeddable":true,"href":"https:\/\/inaxmetal.com\/tr\/wp-json\/wp\/v2\/users\/3"}],"replies":[{"embeddable":true,"href":"https:\/\/inaxmetal.com\/tr\/wp-json\/wp\/v2\/comments?post=2275"}],"version-history":[{"count":1,"href":"https:\/\/inaxmetal.com\/tr\/wp-json\/wp\/v2\/pages\/2275\/revisions"}],"predecessor-version":[{"id":2276,"href":"https:\/\/inaxmetal.com\/tr\/wp-json\/wp\/v2\/pages\/2275\/revisions\/2276"}],"up":[{"embeddable":true,"href":"https:\/\/inaxmetal.com\/tr\/wp-json\/wp\/v2\/pages\/2251"}],"wp:featuredmedia":[{"embeddable":true,"href":"https:\/\/inaxmetal.com\/tr\/wp-json\/wp\/v2\/media\/2158"}],"wp:attachment":[{"href":"https:\/\/inaxmetal.com\/tr\/wp-json\/wp\/v2\/media?parent=2275"}],"curies":[{"name":"wp","href":"https:\/\/api.w.org\/{rel}","templated":true}]}}